{"id":905,"date":"2023-01-17T21:57:39","date_gmt":"2023-01-17T21:57:39","guid":{"rendered":"https:\/\/magison.si\/?page_id=905"},"modified":"2023-04-03T20:02:34","modified_gmt":"2023-04-03T20:02:34","slug":"analiza-in-postavitev-financnih-ciljev-in-oblikovanje-financne-strategije-podjetja","status":"publish","type":"page","link":"https:\/\/magison.si\/?page_id=905","title":{"rendered":"Analiza in postavitev finan\u010dnih ciljev in oblikovanje finan\u010dne strategije podjetja"},"content":{"rendered":"\n<h3 class=\"wp-block-heading has-text-align-center has-text-color\" style=\"color:#1583dd\"><strong>Analiza in postavitev finan\u010dnih ciljev in oblikovanje finan\u010dne strategije podjetja <\/strong><\/h3>\n\n\n\n<div class=\"wp-block-group justify has-text-color is-layout-constrained wp-block-group-is-layout-constrained\" style=\"color:#000066\">\n<p class=\"justify\">Opredelitev klju\u010dnih finan\u010dnih elementov in politik podjetja je na\u010deloma stvar lastnikov podjetja. Klju\u010dni elementi so predvsem <strong>obseg investiranja, obseg in struktura financiranja <\/strong>investicij<strong>, dividendna politika <\/strong>in obseg ter na\u010dini<strong> pove\u010devanja vrednosti <\/strong>nalo\u017ebe v podjetje. Gre torej za klju\u010dna vpra\u0161anja, vezana na nalo\u017ebo lastnikov \u2013 obseg, likvidnost in vrednost njihove nalo\u017ebe.<\/p>\n\n\n\n<p class=\"justify\">Poslovodstvo pa je zadol\u017eeno za izvajanje namer lastnikov, pri \u010demer mora s finan\u010dnega vidika skrbeti, da so namere lastnikov in posamezne <strong>politike usklajene<\/strong> in v <strong>skladu z zahtevami ZFPPIPP,<\/strong> predvsem v zvezi s pla\u010dilno sposobnostjo in kapitalsko ustreznostjo.<\/p>\n\n\n\n<p class=\"justify\">Gre torej za dvosmeren proces, kjer imajo tako lastniki kot poslovodstvo vsak svojo vlogo. V praksi navadno poslovodstvo <strong>pripravi predlog, ki je osnova za nadaljnje odlo\u010danje<\/strong>. V predlogu je potrebno izhajati iz obstoje\u010dega stanja, poskrbeti, da so cilji visoki, a ne previsoki, medsebojno usklajeni in da ustrezajo zakonskim zahtevam v zvezi s finan\u010dnim poslovanjem podjetij.<\/p>\n<\/div>\n\n\n\n<div class=\"wp-block-group is-layout-constrained wp-block-group-is-layout-constrained\">\n<ul class=\"justify has-text-color wp-block-list\" style=\"color:#000066\">\n<li><em>Potrebujete na\u0161o pomo\u010d, ko kot poslovodja razmi\u0161ljate, da bi <strong>lastnikom predlagali naj sprejmejo odlo\u010ditve glede osnovnih finan\u010dnih ciljev<\/strong> podjetja?<\/em><\/li>\n\n\n\n<li><em>Razmi\u0161ljate, da je napo\u010dil \u010das, da <strong>oblikujete osnovne finan\u010dne cilje in strategije<\/strong> za va\u0161e podjetje?<\/em><\/li>\n\n\n\n<li><em>Vam primanjkuje strokovnih znanj, da bi postavili osnovne finan\u010dne cilje v zvezi z <strong>obsegom in strukturo dolgoro\u010dnega financiranja<\/strong>, glede <strong>optimalne dividendne politike<\/strong> in <strong>pove\u010devanja vrednosti<\/strong> podjetja?<\/em><\/li>\n<\/ul>\n\n\n\n<p class=\"justify has-text-color\" style=\"color:#7030a0\">Ker imamo z analizo finan\u010dnega polo\u017eaja in oblikovanjem finan\u010dnih strategij obse\u017eno strokovno znanje in bogate izku\u0161nje, <strong>smo pravi naslov za izvedbo tovrstnih svetovanj in analiz<\/strong>.<\/p>\n<\/div>\n\n\n\n<div class=\"wp-block-group has-text-color is-layout-constrained wp-block-group-is-layout-constrained\" style=\"color:#000066\">\n<p class=\"justify has-text-color\" style=\"color:#000066\"><strong>Namen <\/strong><strong>analize<\/strong> je, da poslovodstvu, nadzornemu svetu ali lastnikom prika\u017ee celovito in poglobljeno sliko v zvezi s klju\u010dnimi finan\u010dnimi cilji in politikami\/strategijami v podjetju. Na osnovi tega bodo akterji sprejeli klju\u010dne strate\u0161ke odlo\u010ditve glede finan\u010dne strategije v podjetju.<\/p>\n\n\n\n<figure class=\"wp-block-image alignleft size-large is-resized\"><img loading=\"lazy\" decoding=\"async\" src=\"https:\/\/magison.si\/wp-content\/uploads\/2023\/01\/0200-23-1024x682.jpg\" alt=\"\" class=\"wp-image-814\" width=\"331\" height=\"220\" srcset=\"https:\/\/magison.si\/wp-content\/uploads\/2023\/01\/0200-23-1024x682.jpg 1024w, https:\/\/magison.si\/wp-content\/uploads\/2023\/01\/0200-23-300x200.jpg 300w, https:\/\/magison.si\/wp-content\/uploads\/2023\/01\/0200-23-768x512.jpg 768w, https:\/\/magison.si\/wp-content\/uploads\/2023\/01\/0200-23.jpg 1069w\" sizes=\"auto, (max-width: 331px) 100vw, 331px\" \/><\/figure>\n\n\n\n<p class=\"justify\"><strong>Vsebina analize <\/strong>&nbsp;v zvezi z dolo\u010danjem finan\u010dnih ciljev in oblikovanjem finan\u010dne strategije temelji na zaklju\u010dkih Skrbnega pregleda finan\u010dnega polo\u017eaja podjetja. V kolikor slednja ni izvedena, je potrebno pred procesom oblikovanja finan\u010dnih ciljev in strategije opraviti tudi analizo obstoje\u010dega stanja. \u0160tudija je prilagojena posebnostim konkretnega podjetja, na\u010deloma pa pokriva vsaj naslednja podro\u010dja:<\/p>\n<\/div>\n\n\n\n<div class=\"wp-block-group is-layout-constrained wp-block-group-is-layout-constrained\">\n<ol class=\"has-text-color wp-block-list\" style=\"color:#7030a0\">\n<li><strong>Analiza trenutnega finan\u010dnega polo\u017eaja podjetja<\/strong><\/li>\n\n\n\n<li><strong>Analiza trenutnih ciljev finan\u010dnega poslovanja, finan\u010dne strategije in organizacije finan\u010dne funkcije<\/strong><\/li>\n\n\n\n<li><strong>Analiza predvidenega poslovanja podjetja<br><\/strong>3.1. Analiza Na\u010drta poslovanja podjetja (Izhodi\u0161\u010da, Osnovni elementi, Ra\u010dunovodski izkazi, Kazalniki)<\/li>\n\n\n\n<li><strong>Analiza predvidenega finan\u010dnega polo\u017eaja podjetja<br><\/strong>4.1. Ocena investicijskih na\u010drtov in finan\u010dnih virov<br>4.2. Ocena potrebnih dolgoro\u010dnih virov in njihove strukture<br>4.3. Ocena potrebnega obratnega kapitala, kvalitete obratnega kapitala, kapitalske ustreznosti in pla\u010dilne sposobnosti<br>4.4. Ocena tveganj in potrebne rezerve obratnega kapitala<br>4.5. Ocena predvidene kapitalske ustreznosti in pla\u010dilne sposobnosti<br>4.6. Ocena predvidene dividendne politike<br>4.7. Ocena ob\u010dutljivosti finan\u010dnih politik<\/li>\n\n\n\n<li><strong>Na\u010drt finan\u010dnega polo\u017eaja podjetja<br><\/strong>5.1. Predlagani finan\u010dni cilji<br>5.2. Predlagane finan\u010dne strategije<br>5.3. Ocena finan\u010dnih politik glede ZFPPIPP in Kodeksa poslovnofinan\u010dnih na\u010del<br>5.4. Na\u010drt ra\u010dunovodskih izkazov<\/li>\n<\/ol>\n\n\n\n<p class=\"justify has-text-color\" style=\"color:#000066\"><strong>Na\u010din dela. <\/strong>Skupaj definiramo namen in cilje naloge, izdelamo vpra\u0161alnik za nabor podatkov, ki jih pripravite v podjetju, nato pa skozi nekaj intervjujev raz\u010distimo morebitne nejasnosti. Na koncu pripravimo <strong>Poro\u010dilo o analizi<\/strong>, ki vam ga tudi predstavimo.&nbsp;<\/p>\n\n\n\n<p class=\"justify has-text-color\" style=\"color:#000066\">Glede na obseg problematike lahko <strong>priprava take analize traja<\/strong> od 10 do 30 dni po prejemu zahtevanih podatkov.<\/p>\n<\/div>\n\n\n\n<div class=\"wp-block-group is-layout-constrained wp-block-group-is-layout-constrained\">\n<p class=\"has-text-color\" style=\"color:#7030a0\"><strong><em>Pi\u0161ite nam, pokli\u010dite nas, povpra\u0161ajte za ponudbo.<\/em><\/strong><\/p>\n\n\n\n<div style=\"height:100px\" aria-hidden=\"true\" class=\"wp-block-spacer\"><\/div>\n<\/div>\n","protected":false},"excerpt":{"rendered":"<p>Analiza in postavitev finan\u010dnih ciljev in oblikovanje finan\u010dne strategije podjetja Opredelitev klju\u010dnih finan\u010dnih elementov in [&hellip;]<\/p>\n","protected":false},"author":1,"featured_media":0,"parent":878,"menu_order":4,"comment_status":"closed","ping_status":"closed","template":"","meta":{"_uag_custom_page_level_css":"","footnotes":""},"class_list":["post-905","page","type-page","status-publish","hentry"],"yoast_head":"<!-- This site is optimized with the Yoast SEO plugin v20.4 - https:\/\/yoast.com\/wordpress\/plugins\/seo\/ -->\n<title>Analiza in postavitev finan\u010dnih ciljev in oblikovanje finan\u010dne strategije podjetja - Magison Svetovanje<\/title>\n<meta name=\"robots\" content=\"index, follow, max-snippet:-1, max-image-preview:large, max-video-preview:-1\" \/>\n<link rel=\"canonical\" href=\"https:\/\/magison.si\/?page_id=905\" \/>\n<meta property=\"og:locale\" content=\"en_US\" \/>\n<meta property=\"og:type\" content=\"article\" \/>\n<meta property=\"og:title\" content=\"Analiza in postavitev finan\u010dnih ciljev in oblikovanje finan\u010dne strategije podjetja - Magison Svetovanje\" \/>\n<meta property=\"og:description\" content=\"Analiza in postavitev finan\u010dnih ciljev in oblikovanje finan\u010dne strategije podjetja Opredelitev klju\u010dnih finan\u010dnih elementov in [&hellip;]\" \/>\n<meta property=\"og:url\" content=\"https:\/\/magison.si\/?page_id=905\" \/>\n<meta property=\"og:site_name\" content=\"Magison Svetovanje\" \/>\n<meta property=\"article:modified_time\" content=\"2023-04-03T20:02:34+00:00\" \/>\n<meta property=\"og:image\" content=\"https:\/\/magison.si\/wp-content\/uploads\/2023\/01\/0200-23-1024x682.jpg\" \/>\n<meta name=\"twitter:card\" content=\"summary_large_image\" \/>\n<meta name=\"twitter:label1\" content=\"Est. reading time\" \/>\n\t<meta name=\"twitter:data1\" content=\"3 minutes\" \/>\n<script type=\"application\/ld+json\" class=\"yoast-schema-graph\">{\"@context\":\"https:\/\/schema.org\",\"@graph\":[{\"@type\":\"WebPage\",\"@id\":\"https:\/\/magison.si\/?page_id=905\",\"url\":\"https:\/\/magison.si\/?page_id=905\",\"name\":\"Analiza in postavitev finan\u010dnih ciljev in oblikovanje finan\u010dne strategije podjetja - Magison Svetovanje\",\"isPartOf\":{\"@id\":\"https:\/\/magison.si\/#website\"},\"datePublished\":\"2023-01-17T21:57:39+00:00\",\"dateModified\":\"2023-04-03T20:02:34+00:00\",\"breadcrumb\":{\"@id\":\"https:\/\/magison.si\/?page_id=905#breadcrumb\"},\"inLanguage\":\"en-US\",\"potentialAction\":[{\"@type\":\"ReadAction\",\"target\":[\"https:\/\/magison.si\/?page_id=905\"]}]},{\"@type\":\"BreadcrumbList\",\"@id\":\"https:\/\/magison.si\/?page_id=905#breadcrumb\",\"itemListElement\":[{\"@type\":\"ListItem\",\"position\":1,\"name\":\"Home\",\"item\":\"https:\/\/magison.si\/\"},{\"@type\":\"ListItem\",\"position\":2,\"name\":\"Poslovno-finan\u010dno svetovanje &#8211; storitve\",\"item\":\"https:\/\/magison.si\/?page_id=866\"},{\"@type\":\"ListItem\",\"position\":3,\"name\":\"Poslovno-finan\u010dne \u0161tudije, analize in na\u010drti\",\"item\":\"https:\/\/magison.si\/?page_id=878\"},{\"@type\":\"ListItem\",\"position\":4,\"name\":\"Analiza in postavitev finan\u010dnih ciljev in oblikovanje finan\u010dne strategije podjetja\"}]},{\"@type\":\"WebSite\",\"@id\":\"https:\/\/magison.si\/#website\",\"url\":\"https:\/\/magison.si\/\",\"name\":\"Magison Svetovanje\",\"description\":\"\",\"publisher\":{\"@id\":\"https:\/\/magison.si\/#organization\"},\"potentialAction\":[{\"@type\":\"SearchAction\",\"target\":{\"@type\":\"EntryPoint\",\"urlTemplate\":\"https:\/\/magison.si\/?s={search_term_string}\"},\"query-input\":\"required name=search_term_string\"}],\"inLanguage\":\"en-US\"},{\"@type\":\"Organization\",\"@id\":\"https:\/\/magison.si\/#organization\",\"name\":\"Magison Svetovanje\",\"url\":\"https:\/\/magison.si\/\",\"logo\":{\"@type\":\"ImageObject\",\"inLanguage\":\"en-US\",\"@id\":\"https:\/\/magison.si\/#\/schema\/logo\/image\/\",\"url\":\"https:\/\/magison.si\/wp-content\/uploads\/2023\/01\/ZNAK-MAGISON.jpg\",\"contentUrl\":\"https:\/\/magison.si\/wp-content\/uploads\/2023\/01\/ZNAK-MAGISON.jpg\",\"width\":1634,\"height\":542,\"caption\":\"Magison Svetovanje\"},\"image\":{\"@id\":\"https:\/\/magison.si\/#\/schema\/logo\/image\/\"}}]}<\/script>\n<!-- \/ Yoast SEO plugin. -->","yoast_head_json":{"title":"Analiza in postavitev finan\u010dnih ciljev in oblikovanje finan\u010dne strategije podjetja - Magison Svetovanje","robots":{"index":"index","follow":"follow","max-snippet":"max-snippet:-1","max-image-preview":"max-image-preview:large","max-video-preview":"max-video-preview:-1"},"canonical":"https:\/\/magison.si\/?page_id=905","og_locale":"en_US","og_type":"article","og_title":"Analiza in postavitev finan\u010dnih ciljev in oblikovanje finan\u010dne strategije podjetja - Magison Svetovanje","og_description":"Analiza in postavitev finan\u010dnih ciljev in oblikovanje finan\u010dne strategije podjetja Opredelitev klju\u010dnih finan\u010dnih elementov in [&hellip;]","og_url":"https:\/\/magison.si\/?page_id=905","og_site_name":"Magison Svetovanje","article_modified_time":"2023-04-03T20:02:34+00:00","og_image":[{"url":"https:\/\/magison.si\/wp-content\/uploads\/2023\/01\/0200-23-1024x682.jpg"}],"twitter_card":"summary_large_image","twitter_misc":{"Est. reading time":"3 minutes"},"schema":{"@context":"https:\/\/schema.org","@graph":[{"@type":"WebPage","@id":"https:\/\/magison.si\/?page_id=905","url":"https:\/\/magison.si\/?page_id=905","name":"Analiza in postavitev finan\u010dnih ciljev in oblikovanje finan\u010dne strategije podjetja - Magison Svetovanje","isPartOf":{"@id":"https:\/\/magison.si\/#website"},"datePublished":"2023-01-17T21:57:39+00:00","dateModified":"2023-04-03T20:02:34+00:00","breadcrumb":{"@id":"https:\/\/magison.si\/?page_id=905#breadcrumb"},"inLanguage":"en-US","potentialAction":[{"@type":"ReadAction","target":["https:\/\/magison.si\/?page_id=905"]}]},{"@type":"BreadcrumbList","@id":"https:\/\/magison.si\/?page_id=905#breadcrumb","itemListElement":[{"@type":"ListItem","position":1,"name":"Home","item":"https:\/\/magison.si\/"},{"@type":"ListItem","position":2,"name":"Poslovno-finan\u010dno svetovanje &#8211; storitve","item":"https:\/\/magison.si\/?page_id=866"},{"@type":"ListItem","position":3,"name":"Poslovno-finan\u010dne \u0161tudije, analize in na\u010drti","item":"https:\/\/magison.si\/?page_id=878"},{"@type":"ListItem","position":4,"name":"Analiza in postavitev finan\u010dnih ciljev in oblikovanje finan\u010dne strategije podjetja"}]},{"@type":"WebSite","@id":"https:\/\/magison.si\/#website","url":"https:\/\/magison.si\/","name":"Magison Svetovanje","description":"","publisher":{"@id":"https:\/\/magison.si\/#organization"},"potentialAction":[{"@type":"SearchAction","target":{"@type":"EntryPoint","urlTemplate":"https:\/\/magison.si\/?s={search_term_string}"},"query-input":"required name=search_term_string"}],"inLanguage":"en-US"},{"@type":"Organization","@id":"https:\/\/magison.si\/#organization","name":"Magison Svetovanje","url":"https:\/\/magison.si\/","logo":{"@type":"ImageObject","inLanguage":"en-US","@id":"https:\/\/magison.si\/#\/schema\/logo\/image\/","url":"https:\/\/magison.si\/wp-content\/uploads\/2023\/01\/ZNAK-MAGISON.jpg","contentUrl":"https:\/\/magison.si\/wp-content\/uploads\/2023\/01\/ZNAK-MAGISON.jpg","width":1634,"height":542,"caption":"Magison Svetovanje"},"image":{"@id":"https:\/\/magison.si\/#\/schema\/logo\/image\/"}}]}},"uagb_featured_image_src":{"full":false,"thumbnail":false,"medium":false,"medium_large":false,"large":false,"1536x1536":false,"2048x2048":false},"uagb_author_info":{"display_name":"admin","author_link":"https:\/\/magison.si\/?author=1"},"uagb_comment_info":0,"uagb_excerpt":"Analiza in postavitev finan\u010dnih ciljev in oblikovanje finan\u010dne strategije podjetja Opredelitev klju\u010dnih finan\u010dnih elementov in [&hellip;]","_links":{"self":[{"href":"https:\/\/magison.si\/index.php?rest_route=\/wp\/v2\/pages\/905","targetHints":{"allow":["GET"]}}],"collection":[{"href":"https:\/\/magison.si\/index.php?rest_route=\/wp\/v2\/pages"}],"about":[{"href":"https:\/\/magison.si\/index.php?rest_route=\/wp\/v2\/types\/page"}],"author":[{"embeddable":true,"href":"https:\/\/magison.si\/index.php?rest_route=\/wp\/v2\/users\/1"}],"replies":[{"embeddable":true,"href":"https:\/\/magison.si\/index.php?rest_route=%2Fwp%2Fv2%2Fcomments&post=905"}],"version-history":[{"count":9,"href":"https:\/\/magison.si\/index.php?rest_route=\/wp\/v2\/pages\/905\/revisions"}],"predecessor-version":[{"id":1864,"href":"https:\/\/magison.si\/index.php?rest_route=\/wp\/v2\/pages\/905\/revisions\/1864"}],"up":[{"embeddable":true,"href":"https:\/\/magison.si\/index.php?rest_route=\/wp\/v2\/pages\/878"}],"wp:attachment":[{"href":"https:\/\/magison.si\/index.php?rest_route=%2Fwp%2Fv2%2Fmedia&parent=905"}],"curies":[{"name":"wp","href":"https:\/\/api.w.org\/{rel}","templated":true}]}}