{"id":903,"date":"2023-01-17T21:57:23","date_gmt":"2023-01-17T21:57:23","guid":{"rendered":"https:\/\/magison.si\/?page_id=903"},"modified":"2023-04-03T20:02:21","modified_gmt":"2023-04-03T20:02:21","slug":"analiza-obratnega-kapitala-in-ukrepi-upravljanja-obratnega-kapitala","status":"publish","type":"page","link":"https:\/\/magison.si\/?page_id=903","title":{"rendered":"Analiza obratnega kapitala in ukrepi upravljanja obratnega kapitala"},"content":{"rendered":"\n<h3 class=\"wp-block-heading has-text-align-center has-text-color\" style=\"color:#1583dd\"><strong>Analiza obratnega kapitala in ukrepi upravljanja obratnega kapitala<\/strong><\/h3>\n\n\n\n<div class=\"wp-block-group is-layout-constrained wp-block-group-is-layout-constrained\">\n<ul class=\"justify has-text-color wp-block-list\" style=\"color:#000066\">\n<li><em>Se spra\u0161ujete, <strong>zakaj imate probleme s pla\u010dilno sposobnostjo<\/strong>, \u010deprav vam obseg poslovanja raste in poslujete visoko pozitivno?<\/em><\/li>\n\n\n\n<li><em>Vam ni jasno, <strong>kak\u0161en obratni kapital v podjetju potrebujete<\/strong>, da boste lahko normalno poslovali? <\/em><em><\/em><\/li>\n\n\n\n<li><em>Vas zanima, kako kvaliteta in <strong>obseg obratnega kapitala vplivata na pla\u010dilno sposobnost<\/strong> v va\u0161em podjetju?<\/em><\/li>\n\n\n\n<li><em>\u017delite vedeti, \u010de imate v podjetju <strong>primanjkljaj ali prese\u017eek obratnega kapitala<\/strong>?<\/em><\/li>\n\n\n\n<li><em>Se spra\u0161ujete,<strong> kako z upravljanjem zalog<\/strong>, <strong>terjatev in poslovnih obveznosti<\/strong> izbolj\u0161ati pla\u010dilno sposobnost in kapitalsko ustreznost?<\/em><\/li>\n\n\n\n<li><em>Se vam poslab\u0161uje poslovanje, pa niste prepri\u010dani, \u010de <strong>\u0161e dosegate zahtevane standarde<\/strong>&nbsp; v zvezi z obratnim kapitalom in pla\u010dilno sposobnostjo?<\/em><\/li>\n\n\n\n<li><em>Vas zanima, kateri so <strong>klju\u010dni ukrepi<\/strong> upravljanja obratnega kapitala in kapitalske ustreznosti v va\u0161em podjetju?<\/em><\/li>\n\n\n\n<li><strong><em>\u017delite vedeti ve\u010d o obratnem kapitalu<\/em><\/strong><em> v podjetju, da boste to lahko v prihodnje sami spremljali in analizirali?<\/em><\/li>\n<\/ul>\n\n\n\n<p class=\"justify has-text-color\" style=\"color:#7030a0\">Ker imamo z analizo finan\u010dnega polo\u017eaja in obratnega kapitala podjetij obse\u017eno strokovno znanje in bogate izku\u0161nje, <strong>smo pravi naslov za izvedbo tovrstnih analiz<\/strong>.<\/p>\n<\/div>\n\n\n\n<div class=\"wp-block-group is-layout-constrained wp-block-group-is-layout-constrained\">\n<figure class=\"wp-block-image aligncenter size-full is-resized\"><img loading=\"lazy\" decoding=\"async\" src=\"https:\/\/magison.si\/wp-content\/uploads\/2023\/01\/0200-22.jpg\" alt=\"\" class=\"wp-image-813\" width=\"595\" height=\"318\" srcset=\"https:\/\/magison.si\/wp-content\/uploads\/2023\/01\/0200-22.jpg 996w, https:\/\/magison.si\/wp-content\/uploads\/2023\/01\/0200-22-300x161.jpg 300w, https:\/\/magison.si\/wp-content\/uploads\/2023\/01\/0200-22-768x411.jpg 768w\" sizes=\"auto, (max-width: 595px) 100vw, 595px\" \/><\/figure>\n\n\n\n<p class=\"justify has-text-color\" style=\"color:#000066\"><strong>Namen analize<\/strong> je, da poslovodstvu in\/ali nadzornemu svetu&nbsp; prika\u017ee celovito in poglobljeno sliko o obratnem kapitalu in kapitalski&nbsp; ustreznosti ter klju\u010dne elemente, ki z vidika obratnega kapitala vplivajo na stanje in razvoj kapitalske&nbsp; ustreznosti v va\u0161em podjetju.<\/p>\n<\/div>\n\n\n\n<div class=\"wp-block-group is-layout-constrained wp-block-group-is-layout-constrained\">\n<p class=\"justify has-text-color\" style=\"color:#000066\"><strong>Vsebina analize <\/strong>obratnega kapitala je prilagojena posebnostim konkretnega podjetja, na\u010deloma pa pokriva vsaj naslednja podro\u010dja:<\/p>\n\n\n\n<ol class=\"has-text-color wp-block-list\" style=\"color:#7030a0\">\n<li><strong>Opredelitev obratnega kapitala in kapitalske ustreznosti<\/strong><br>1.1. Kapitalska ustreznost in obratni kapital po ZFPPIPP in Kodeksu poslovnofinan\u010dnih na\u010del<br>1.2. Klju\u010dni kazalci glede obratnega kapitala<br>1.3. Dol\u017enosti poslovodstva in nadzornega sveta glede obratnega kapitala in kapitalske ustreznosti<br>1.4. Vrste ukrepov za zagotavljanje potrebnega obratnega kapitala<\/li>\n\n\n\n<li><strong>Temeljni dejavniki kapitalske ustreznosti v podjetju<\/strong><\/li>\n\n\n\n<li><strong>Analiza obratnega kapitala podjetja<\/strong><br>3.1. Analiza ra\u010dunovodskih postavk in potrebne korekcije z vidika finan\u010dne analize<br>3.2. Dejanski obratni kapital podjetja<br>3.3. Potrebni obratni kapital podjetja<br>3.4. Klju\u010dna tveganja (poslovna in druga) in potrebni rezervni obratni kapital podjetja<br>3.5. Prese\u017eek\/primanjkljaj obratnega kapitala podjetja<br>3.6. Analiza obratnega kapitala za panogo in primerjave<br>3.7. Analiza kvalitete obratnega kapitala podjetja<br>3.8. Obratni kapital podjetja in stro\u0161ki financiranja<br>3.9. Obratni kapital podjetja in klju\u010dni finan\u010dni kazalci<br>3.10. Obratni kapital podjetja in ZFPPIPP<br>3.11. Obratni kapital podjetja in Kodeks poslovnofinan\u010dnih na\u010del<\/li>\n\n\n\n<li><strong>Analiza mo\u017enih in priporo\u010dljivih ukrepov za izbolj\u0161anje stanja glede obratnega kapitala<\/strong><\/li>\n\n\n\n<li><strong>Ugotovitve in predlagani ukrepi<\/strong><br>5.1. Ugotovitve<br>5.2. Predlagani ukrepi<\/li>\n<\/ol>\n\n\n\n<p class=\"justify has-text-color\" style=\"color:#000066\"><strong>Na\u010din dela. <\/strong>Skupaj definiramo namen in cilje naloge, izdelamo vpra\u0161alnik za nabor podatkov, ki jih pripravite v podjetju, nato pa skozi nekaj intervjujev raz\u010distimo morebitne nejasnosti. Na koncu pripravimo <strong>Poro\u010dilo o analizi<\/strong>, ki vam ga tudi predstavimo.<\/p>\n\n\n\n<p class=\"justify has-text-color\" style=\"color:#000066\">Glede na obseg problematike lahko <strong>priprava take analize traja<\/strong> od 10 do 20 dni po prejemu zahtevanih podatkov.<\/p>\n<\/div>\n\n\n\n<div class=\"wp-block-group is-layout-constrained wp-block-group-is-layout-constrained\">\n<p class=\"has-text-color\" style=\"color:#7030a0\"><strong><em>Pi\u0161ite nam, pokli\u010dite nas, povpra\u0161ajte za ponudbo.<\/em><\/strong><\/p>\n\n\n\n<div style=\"height:100px\" aria-hidden=\"true\" class=\"wp-block-spacer\"><\/div>\n<\/div>\n","protected":false},"excerpt":{"rendered":"<p>Analiza obratnega kapitala in ukrepi upravljanja obratnega kapitala Ker imamo z analizo finan\u010dnega polo\u017eaja in [&hellip;]<\/p>\n","protected":false},"author":1,"featured_media":0,"parent":878,"menu_order":3,"comment_status":"closed","ping_status":"closed","template":"","meta":{"_uag_custom_page_level_css":"","footnotes":""},"class_list":["post-903","page","type-page","status-publish","hentry"],"yoast_head":"<!-- This site is optimized with the Yoast SEO plugin v20.4 - https:\/\/yoast.com\/wordpress\/plugins\/seo\/ -->\n<title>Analiza obratnega kapitala in ukrepi upravljanja obratnega kapitala - Magison Svetovanje<\/title>\n<meta name=\"robots\" content=\"index, follow, max-snippet:-1, max-image-preview:large, max-video-preview:-1\" \/>\n<link rel=\"canonical\" href=\"https:\/\/magison.si\/?page_id=903\" \/>\n<meta property=\"og:locale\" content=\"en_US\" \/>\n<meta property=\"og:type\" content=\"article\" \/>\n<meta property=\"og:title\" content=\"Analiza obratnega kapitala in ukrepi upravljanja obratnega kapitala - Magison Svetovanje\" \/>\n<meta property=\"og:description\" content=\"Analiza obratnega kapitala in ukrepi upravljanja obratnega kapitala Ker imamo z analizo finan\u010dnega polo\u017eaja in [&hellip;]\" \/>\n<meta property=\"og:url\" content=\"https:\/\/magison.si\/?page_id=903\" \/>\n<meta property=\"og:site_name\" content=\"Magison Svetovanje\" \/>\n<meta property=\"article:modified_time\" content=\"2023-04-03T20:02:21+00:00\" \/>\n<meta property=\"og:image\" content=\"https:\/\/magison.si\/wp-content\/uploads\/2023\/01\/0200-22.jpg\" \/>\n<meta name=\"twitter:card\" content=\"summary_large_image\" \/>\n<meta name=\"twitter:label1\" content=\"Est. reading time\" \/>\n\t<meta name=\"twitter:data1\" content=\"3 minutes\" \/>\n<script type=\"application\/ld+json\" class=\"yoast-schema-graph\">{\"@context\":\"https:\/\/schema.org\",\"@graph\":[{\"@type\":\"WebPage\",\"@id\":\"https:\/\/magison.si\/?page_id=903\",\"url\":\"https:\/\/magison.si\/?page_id=903\",\"name\":\"Analiza obratnega kapitala in ukrepi upravljanja obratnega kapitala - Magison Svetovanje\",\"isPartOf\":{\"@id\":\"https:\/\/magison.si\/#website\"},\"datePublished\":\"2023-01-17T21:57:23+00:00\",\"dateModified\":\"2023-04-03T20:02:21+00:00\",\"breadcrumb\":{\"@id\":\"https:\/\/magison.si\/?page_id=903#breadcrumb\"},\"inLanguage\":\"en-US\",\"potentialAction\":[{\"@type\":\"ReadAction\",\"target\":[\"https:\/\/magison.si\/?page_id=903\"]}]},{\"@type\":\"BreadcrumbList\",\"@id\":\"https:\/\/magison.si\/?page_id=903#breadcrumb\",\"itemListElement\":[{\"@type\":\"ListItem\",\"position\":1,\"name\":\"Home\",\"item\":\"https:\/\/magison.si\/\"},{\"@type\":\"ListItem\",\"position\":2,\"name\":\"Poslovno-finan\u010dno svetovanje &#8211; storitve\",\"item\":\"https:\/\/magison.si\/?page_id=866\"},{\"@type\":\"ListItem\",\"position\":3,\"name\":\"Poslovno-finan\u010dne \u0161tudije, analize in na\u010drti\",\"item\":\"https:\/\/magison.si\/?page_id=878\"},{\"@type\":\"ListItem\",\"position\":4,\"name\":\"Analiza obratnega kapitala in ukrepi upravljanja obratnega kapitala\"}]},{\"@type\":\"WebSite\",\"@id\":\"https:\/\/magison.si\/#website\",\"url\":\"https:\/\/magison.si\/\",\"name\":\"Magison Svetovanje\",\"description\":\"\",\"publisher\":{\"@id\":\"https:\/\/magison.si\/#organization\"},\"potentialAction\":[{\"@type\":\"SearchAction\",\"target\":{\"@type\":\"EntryPoint\",\"urlTemplate\":\"https:\/\/magison.si\/?s={search_term_string}\"},\"query-input\":\"required name=search_term_string\"}],\"inLanguage\":\"en-US\"},{\"@type\":\"Organization\",\"@id\":\"https:\/\/magison.si\/#organization\",\"name\":\"Magison Svetovanje\",\"url\":\"https:\/\/magison.si\/\",\"logo\":{\"@type\":\"ImageObject\",\"inLanguage\":\"en-US\",\"@id\":\"https:\/\/magison.si\/#\/schema\/logo\/image\/\",\"url\":\"https:\/\/magison.si\/wp-content\/uploads\/2023\/01\/ZNAK-MAGISON.jpg\",\"contentUrl\":\"https:\/\/magison.si\/wp-content\/uploads\/2023\/01\/ZNAK-MAGISON.jpg\",\"width\":1634,\"height\":542,\"caption\":\"Magison Svetovanje\"},\"image\":{\"@id\":\"https:\/\/magison.si\/#\/schema\/logo\/image\/\"}}]}<\/script>\n<!-- \/ Yoast SEO plugin. -->","yoast_head_json":{"title":"Analiza obratnega kapitala in ukrepi upravljanja obratnega kapitala - Magison Svetovanje","robots":{"index":"index","follow":"follow","max-snippet":"max-snippet:-1","max-image-preview":"max-image-preview:large","max-video-preview":"max-video-preview:-1"},"canonical":"https:\/\/magison.si\/?page_id=903","og_locale":"en_US","og_type":"article","og_title":"Analiza obratnega kapitala in ukrepi upravljanja obratnega kapitala - Magison Svetovanje","og_description":"Analiza obratnega kapitala in ukrepi upravljanja obratnega kapitala Ker imamo z analizo finan\u010dnega polo\u017eaja in [&hellip;]","og_url":"https:\/\/magison.si\/?page_id=903","og_site_name":"Magison Svetovanje","article_modified_time":"2023-04-03T20:02:21+00:00","og_image":[{"url":"https:\/\/magison.si\/wp-content\/uploads\/2023\/01\/0200-22.jpg"}],"twitter_card":"summary_large_image","twitter_misc":{"Est. reading time":"3 minutes"},"schema":{"@context":"https:\/\/schema.org","@graph":[{"@type":"WebPage","@id":"https:\/\/magison.si\/?page_id=903","url":"https:\/\/magison.si\/?page_id=903","name":"Analiza obratnega kapitala in ukrepi upravljanja obratnega kapitala - Magison Svetovanje","isPartOf":{"@id":"https:\/\/magison.si\/#website"},"datePublished":"2023-01-17T21:57:23+00:00","dateModified":"2023-04-03T20:02:21+00:00","breadcrumb":{"@id":"https:\/\/magison.si\/?page_id=903#breadcrumb"},"inLanguage":"en-US","potentialAction":[{"@type":"ReadAction","target":["https:\/\/magison.si\/?page_id=903"]}]},{"@type":"BreadcrumbList","@id":"https:\/\/magison.si\/?page_id=903#breadcrumb","itemListElement":[{"@type":"ListItem","position":1,"name":"Home","item":"https:\/\/magison.si\/"},{"@type":"ListItem","position":2,"name":"Poslovno-finan\u010dno svetovanje &#8211; storitve","item":"https:\/\/magison.si\/?page_id=866"},{"@type":"ListItem","position":3,"name":"Poslovno-finan\u010dne \u0161tudije, analize in na\u010drti","item":"https:\/\/magison.si\/?page_id=878"},{"@type":"ListItem","position":4,"name":"Analiza obratnega kapitala in ukrepi upravljanja obratnega kapitala"}]},{"@type":"WebSite","@id":"https:\/\/magison.si\/#website","url":"https:\/\/magison.si\/","name":"Magison Svetovanje","description":"","publisher":{"@id":"https:\/\/magison.si\/#organization"},"potentialAction":[{"@type":"SearchAction","target":{"@type":"EntryPoint","urlTemplate":"https:\/\/magison.si\/?s={search_term_string}"},"query-input":"required name=search_term_string"}],"inLanguage":"en-US"},{"@type":"Organization","@id":"https:\/\/magison.si\/#organization","name":"Magison Svetovanje","url":"https:\/\/magison.si\/","logo":{"@type":"ImageObject","inLanguage":"en-US","@id":"https:\/\/magison.si\/#\/schema\/logo\/image\/","url":"https:\/\/magison.si\/wp-content\/uploads\/2023\/01\/ZNAK-MAGISON.jpg","contentUrl":"https:\/\/magison.si\/wp-content\/uploads\/2023\/01\/ZNAK-MAGISON.jpg","width":1634,"height":542,"caption":"Magison Svetovanje"},"image":{"@id":"https:\/\/magison.si\/#\/schema\/logo\/image\/"}}]}},"uagb_featured_image_src":{"full":false,"thumbnail":false,"medium":false,"medium_large":false,"large":false,"1536x1536":false,"2048x2048":false},"uagb_author_info":{"display_name":"admin","author_link":"https:\/\/magison.si\/?author=1"},"uagb_comment_info":0,"uagb_excerpt":"Analiza obratnega kapitala in ukrepi upravljanja obratnega kapitala Ker imamo z analizo finan\u010dnega polo\u017eaja in [&hellip;]","_links":{"self":[{"href":"https:\/\/magison.si\/index.php?rest_route=\/wp\/v2\/pages\/903","targetHints":{"allow":["GET"]}}],"collection":[{"href":"https:\/\/magison.si\/index.php?rest_route=\/wp\/v2\/pages"}],"about":[{"href":"https:\/\/magison.si\/index.php?rest_route=\/wp\/v2\/types\/page"}],"author":[{"embeddable":true,"href":"https:\/\/magison.si\/index.php?rest_route=\/wp\/v2\/users\/1"}],"replies":[{"embeddable":true,"href":"https:\/\/magison.si\/index.php?rest_route=%2Fwp%2Fv2%2Fcomments&post=903"}],"version-history":[{"count":5,"href":"https:\/\/magison.si\/index.php?rest_route=\/wp\/v2\/pages\/903\/revisions"}],"predecessor-version":[{"id":1863,"href":"https:\/\/magison.si\/index.php?rest_route=\/wp\/v2\/pages\/903\/revisions\/1863"}],"up":[{"embeddable":true,"href":"https:\/\/magison.si\/index.php?rest_route=\/wp\/v2\/pages\/878"}],"wp:attachment":[{"href":"https:\/\/magison.si\/index.php?rest_route=%2Fwp%2Fv2%2Fmedia&parent=903"}],"curies":[{"name":"wp","href":"https:\/\/api.w.org\/{rel}","templated":true}]}}