{"id":901,"date":"2023-01-17T21:57:05","date_gmt":"2023-01-17T21:57:05","guid":{"rendered":"https:\/\/magison.si\/?page_id=901"},"modified":"2023-04-03T20:02:09","modified_gmt":"2023-04-03T20:02:09","slug":"studija-o-kapitalski-ustreznosti-in-dolgorocni-placilni-sposobnosti","status":"publish","type":"page","link":"https:\/\/magison.si\/?page_id=901","title":{"rendered":"\u0160tudija o kapitalski ustreznosti in dolgoro\u010dni pla\u010dilni sposobnosti"},"content":{"rendered":"\n<h3 class=\"wp-block-heading has-text-align-center has-text-color\" style=\"color:#1583dd\"><strong>\u0160tudija o kapitalski ustreznosti in pla\u010dilni sposobnosti podjetja ter potrebnih in mo\u017enih ukrepih<\/strong><\/h3>\n\n\n\n<div class=\"wp-block-group is-layout-constrained wp-block-group-is-layout-constrained\">\n<ul class=\"justify has-text-color wp-block-list\" style=\"color:#000066\">\n<li><em>\u017delite kot poslovodja preveriti, <strong>v kak\u0161ni kondiciji je glede pla\u010dilne sposobnosti va\u0161e podjetje<\/strong> in kaj najbolj vpliva na to? <\/em><\/li>\n\n\n\n<li><em>Nadzorni svet od vas zahteva<strong> neodvisen zunanji pogled<\/strong> izku\u0161enega strokovnjaka na temo kapitalske ustreznosti in pla\u010dilne sposobnosti?<\/em><\/li>\n\n\n\n<li><em>Ali ob poslab\u0161evanju poslovanja in poslovnih rezultatov <strong>\u0161e dosegate minimalne zahtevane finan\u010dne standarde<\/strong>&nbsp; po ZFPPIPP?<\/em><\/li>\n\n\n\n<li><em>Veste,<strong> kako izbolj\u0161ati kapitalsko ustreznost<\/strong> v podjetju in kak\u0161ni naj bodo <strong>ukrepi za to<\/strong>?<\/em><\/li>\n\n\n\n<li><em>Se zavedate va\u0161ih <strong>obveznosti glede pla\u010dilne sposobnosti<\/strong> in kapitalske ustreznosti, ki vam jih nalaga ZFPPIPP? <\/em><\/li>\n\n\n\n<li><strong><em>\u017delite vedeti ve\u010d<\/em><\/strong><em> o va\u0161i kapitalski ustreznosti in pla\u010dilni sposobnosti ter tveganjih, da boste v prihodnje to lahko sami spremljali in analizirali?<\/em><\/li>\n<\/ul>\n\n\n\n<p class=\"justify has-text-color\" style=\"color:#7030a0\">Z analizo pla\u010dilne sposobnosti, kapitalske ustreznosti in z ugotavljanjem insolventnosti imamo&nbsp; obse\u017eno strokovno znanje in bogate izku\u0161nje, zato <strong>smo pravi naslov za tovrstne \u0161tudije in svetovanje<\/strong>.<\/p>\n<\/div>\n\n\n\n<div class=\"wp-block-group is-layout-constrained wp-block-group-is-layout-constrained\">\n<figure class=\"wp-block-image alignleft size-full is-resized\"><img loading=\"lazy\" decoding=\"async\" src=\"https:\/\/magison.si\/wp-content\/uploads\/2023\/01\/0200-21.jpg\" alt=\"\" class=\"wp-image-812\" width=\"312\" height=\"234\" srcset=\"https:\/\/magison.si\/wp-content\/uploads\/2023\/01\/0200-21.jpg 846w, https:\/\/magison.si\/wp-content\/uploads\/2023\/01\/0200-21-300x225.jpg 300w, https:\/\/magison.si\/wp-content\/uploads\/2023\/01\/0200-21-768x576.jpg 768w\" sizes=\"auto, (max-width: 312px) 100vw, 312px\" \/><\/figure>\n\n\n\n<p class=\"justify has-text-color\" style=\"color:#000066\"><strong>Namen \u0161tudije<\/strong> je, da poslovodstvu ali nadzornemu svetu&nbsp; prika\u017ee celovito ter poglobljeno sliko o kapitalski&nbsp; ustreznosti in pla\u010dilni sposobnosti ter klju\u010dne elemente, ki vplivajo na njuno stanje in razvoj v podjetju.<\/p>\n<\/div>\n\n\n\n<p class=\"justify has-text-color\" style=\"color:#000066\"><strong>Vsebina \u0161tudije <\/strong>&nbsp;je prilagojena posebnostim konkretnega podjetja, na\u010deloma pa pokriva vsaj naslednja podro\u010dja:<\/p>\n\n\n\n<div class=\"wp-block-group is-layout-constrained wp-block-group-is-layout-constrained\">\n<div style=\"height:32px\" aria-hidden=\"true\" class=\"wp-block-spacer\"><\/div>\n\n\n\n<ol class=\"has-text-color wp-block-list\" style=\"color:#7030a0\">\n<li><strong>Opredelitev kapitalske ustreznosti in dolgoro\u010dne pla\u010dilne sposobnosti<\/strong><br>1.1. Kapitalska ustreznost in dolgoro\u010dna pla\u010dilna sposobnost po ZFPPIPP in Kodeksu poslovno finan\u010dnih na\u010del<br>1.2. Klju\u010dni kazalci kapitalske ustreznosti in dolgoro\u010dne pla\u010dilne sposobnostii<br>1.3. Dol\u017enosti poslovodstva in nadzornega sveta glede kapitalske ustreznosti in pla\u010dilne sposobnosti<br>1.4. Vrste ukrepov za zagotavljanje kapitalske ustreznosti in pla\u010dilne sposobnosti<\/li>\n\n\n\n<li><strong>Temeljni dejavniki kapitalske ustreznosti in pla\u010dilne sposobnosti podjetja<\/strong><\/li>\n\n\n\n<li><strong>Analiza trenutnega finan\u010dnega polo\u017eaja podjetja<\/strong><br>3.1. Vplivi temeljnih dejavnikov na finan\u010dni polo\u017eaj podjetja<br>3.2. Klju\u010dna tveganja (poslovna in druga tveganja)<br>3.3. Analiza ra\u010dunovodskih izkazov (BS, IPI) in finan\u010dnih kazalcev podjetja<br>3.4. Analiza finan\u010dnih kazalcev za panogo<br>3.5. Ocena pla\u010dilne sposobnosti in kapitalske ustreznosti<\/li>\n\n\n\n<li><strong>Analiza predvidenega finan\u010dnega polo\u017eaja podjetja<\/strong><br>4.1. Analiza Na\u010drta poslovanja podjetja (Izhodi\u0161\u010da, Osnovni elementi, Ra\u010dunovodski izkazi, Kazalniki)<br>4.2. Analiza ob\u010dutljivosti<br>4.3. Ocena kapitalske ustreznosti in pla\u010dilne sposobnosti<\/li>\n\n\n\n<li><strong>Ugotovitve in predlagani ukrepi<\/strong><br>5.1. Mo\u017eni in potrebni ukrepi<br>5.2. Predlagani ukrepi<\/li>\n<\/ol>\n\n\n\n<p class=\"justify has-text-color\" style=\"color:#000066\"><strong>Na\u010din dela. <\/strong>Skupaj definiramo namen in cilje naloge, izdelamo vpra\u0161alnik za nabor podatkov, ki jih pripravite v podjetju, nato pa skozi nekaj intervjujev raz\u010distimo morebitne nejasnosti. Na koncu pripravimo <strong>Poro\u010dilo o \u0161tudiji<\/strong>, ki vam ga tudi predstavimo.<\/p>\n\n\n\n<p class=\"justify has-text-color\" style=\"color:#000066\">Glede na obseg problematike lahko <strong>priprava \u0161tudije traja<\/strong> od 10 do 20 dni po prejemu zahtevanih podatkov.<\/p>\n<\/div>\n\n\n\n<div class=\"wp-block-group is-layout-constrained wp-block-group-is-layout-constrained\">\n<p class=\"has-text-color\" style=\"color:#7030a0\"><strong><em>Pi\u0161ite nam, pokli\u010dite nas, povpra\u0161ajte za ponudbo.<\/em><\/strong><\/p>\n\n\n\n<div style=\"height:94px\" aria-hidden=\"true\" class=\"wp-block-spacer\"><\/div>\n<\/div>\n","protected":false},"excerpt":{"rendered":"<p>\u0160tudija o kapitalski ustreznosti in pla\u010dilni sposobnosti podjetja ter potrebnih in mo\u017enih ukrepih Z analizo [&hellip;]<\/p>\n","protected":false},"author":1,"featured_media":0,"parent":878,"menu_order":2,"comment_status":"closed","ping_status":"closed","template":"","meta":{"_uag_custom_page_level_css":"","footnotes":""},"class_list":["post-901","page","type-page","status-publish","hentry"],"yoast_head":"<!-- This site is optimized with the Yoast SEO plugin v20.4 - https:\/\/yoast.com\/wordpress\/plugins\/seo\/ -->\n<title>\u0160tudija o kapitalski ustreznosti in dolgoro\u010dni pla\u010dilni sposobnosti - Magison Svetovanje<\/title>\n<meta name=\"robots\" content=\"index, follow, max-snippet:-1, max-image-preview:large, max-video-preview:-1\" \/>\n<link rel=\"canonical\" href=\"https:\/\/magison.si\/?page_id=901\" \/>\n<meta property=\"og:locale\" content=\"en_US\" \/>\n<meta property=\"og:type\" content=\"article\" \/>\n<meta property=\"og:title\" content=\"\u0160tudija o kapitalski ustreznosti in dolgoro\u010dni pla\u010dilni sposobnosti - Magison Svetovanje\" \/>\n<meta property=\"og:description\" content=\"\u0160tudija o kapitalski ustreznosti in pla\u010dilni sposobnosti podjetja ter potrebnih in mo\u017enih ukrepih Z analizo [&hellip;]\" \/>\n<meta property=\"og:url\" content=\"https:\/\/magison.si\/?page_id=901\" \/>\n<meta property=\"og:site_name\" content=\"Magison Svetovanje\" \/>\n<meta property=\"article:modified_time\" content=\"2023-04-03T20:02:09+00:00\" \/>\n<meta property=\"og:image\" content=\"https:\/\/magison.si\/wp-content\/uploads\/2023\/01\/0200-21.jpg\" \/>\n<meta name=\"twitter:card\" content=\"summary_large_image\" \/>\n<meta name=\"twitter:label1\" content=\"Est. reading time\" \/>\n\t<meta name=\"twitter:data1\" content=\"2 minutes\" \/>\n<script type=\"application\/ld+json\" class=\"yoast-schema-graph\">{\"@context\":\"https:\/\/schema.org\",\"@graph\":[{\"@type\":\"WebPage\",\"@id\":\"https:\/\/magison.si\/?page_id=901\",\"url\":\"https:\/\/magison.si\/?page_id=901\",\"name\":\"\u0160tudija o kapitalski ustreznosti in dolgoro\u010dni pla\u010dilni sposobnosti - Magison Svetovanje\",\"isPartOf\":{\"@id\":\"https:\/\/magison.si\/#website\"},\"datePublished\":\"2023-01-17T21:57:05+00:00\",\"dateModified\":\"2023-04-03T20:02:09+00:00\",\"breadcrumb\":{\"@id\":\"https:\/\/magison.si\/?page_id=901#breadcrumb\"},\"inLanguage\":\"en-US\",\"potentialAction\":[{\"@type\":\"ReadAction\",\"target\":[\"https:\/\/magison.si\/?page_id=901\"]}]},{\"@type\":\"BreadcrumbList\",\"@id\":\"https:\/\/magison.si\/?page_id=901#breadcrumb\",\"itemListElement\":[{\"@type\":\"ListItem\",\"position\":1,\"name\":\"Home\",\"item\":\"https:\/\/magison.si\/\"},{\"@type\":\"ListItem\",\"position\":2,\"name\":\"Poslovno-finan\u010dno svetovanje &#8211; storitve\",\"item\":\"https:\/\/magison.si\/?page_id=866\"},{\"@type\":\"ListItem\",\"position\":3,\"name\":\"Poslovno-finan\u010dne \u0161tudije, analize in na\u010drti\",\"item\":\"https:\/\/magison.si\/?page_id=878\"},{\"@type\":\"ListItem\",\"position\":4,\"name\":\"\u0160tudija o kapitalski ustreznosti in dolgoro\u010dni pla\u010dilni sposobnosti\"}]},{\"@type\":\"WebSite\",\"@id\":\"https:\/\/magison.si\/#website\",\"url\":\"https:\/\/magison.si\/\",\"name\":\"Magison Svetovanje\",\"description\":\"\",\"publisher\":{\"@id\":\"https:\/\/magison.si\/#organization\"},\"potentialAction\":[{\"@type\":\"SearchAction\",\"target\":{\"@type\":\"EntryPoint\",\"urlTemplate\":\"https:\/\/magison.si\/?s={search_term_string}\"},\"query-input\":\"required name=search_term_string\"}],\"inLanguage\":\"en-US\"},{\"@type\":\"Organization\",\"@id\":\"https:\/\/magison.si\/#organization\",\"name\":\"Magison Svetovanje\",\"url\":\"https:\/\/magison.si\/\",\"logo\":{\"@type\":\"ImageObject\",\"inLanguage\":\"en-US\",\"@id\":\"https:\/\/magison.si\/#\/schema\/logo\/image\/\",\"url\":\"https:\/\/magison.si\/wp-content\/uploads\/2023\/01\/ZNAK-MAGISON.jpg\",\"contentUrl\":\"https:\/\/magison.si\/wp-content\/uploads\/2023\/01\/ZNAK-MAGISON.jpg\",\"width\":1634,\"height\":542,\"caption\":\"Magison Svetovanje\"},\"image\":{\"@id\":\"https:\/\/magison.si\/#\/schema\/logo\/image\/\"}}]}<\/script>\n<!-- \/ Yoast SEO plugin. -->","yoast_head_json":{"title":"\u0160tudija o kapitalski ustreznosti in dolgoro\u010dni pla\u010dilni sposobnosti - Magison Svetovanje","robots":{"index":"index","follow":"follow","max-snippet":"max-snippet:-1","max-image-preview":"max-image-preview:large","max-video-preview":"max-video-preview:-1"},"canonical":"https:\/\/magison.si\/?page_id=901","og_locale":"en_US","og_type":"article","og_title":"\u0160tudija o kapitalski ustreznosti in dolgoro\u010dni pla\u010dilni sposobnosti - Magison Svetovanje","og_description":"\u0160tudija o kapitalski ustreznosti in pla\u010dilni sposobnosti podjetja ter potrebnih in mo\u017enih ukrepih Z analizo [&hellip;]","og_url":"https:\/\/magison.si\/?page_id=901","og_site_name":"Magison Svetovanje","article_modified_time":"2023-04-03T20:02:09+00:00","og_image":[{"url":"https:\/\/magison.si\/wp-content\/uploads\/2023\/01\/0200-21.jpg"}],"twitter_card":"summary_large_image","twitter_misc":{"Est. reading time":"2 minutes"},"schema":{"@context":"https:\/\/schema.org","@graph":[{"@type":"WebPage","@id":"https:\/\/magison.si\/?page_id=901","url":"https:\/\/magison.si\/?page_id=901","name":"\u0160tudija o kapitalski ustreznosti in dolgoro\u010dni pla\u010dilni sposobnosti - Magison Svetovanje","isPartOf":{"@id":"https:\/\/magison.si\/#website"},"datePublished":"2023-01-17T21:57:05+00:00","dateModified":"2023-04-03T20:02:09+00:00","breadcrumb":{"@id":"https:\/\/magison.si\/?page_id=901#breadcrumb"},"inLanguage":"en-US","potentialAction":[{"@type":"ReadAction","target":["https:\/\/magison.si\/?page_id=901"]}]},{"@type":"BreadcrumbList","@id":"https:\/\/magison.si\/?page_id=901#breadcrumb","itemListElement":[{"@type":"ListItem","position":1,"name":"Home","item":"https:\/\/magison.si\/"},{"@type":"ListItem","position":2,"name":"Poslovno-finan\u010dno svetovanje &#8211; storitve","item":"https:\/\/magison.si\/?page_id=866"},{"@type":"ListItem","position":3,"name":"Poslovno-finan\u010dne \u0161tudije, analize in na\u010drti","item":"https:\/\/magison.si\/?page_id=878"},{"@type":"ListItem","position":4,"name":"\u0160tudija o kapitalski ustreznosti in dolgoro\u010dni pla\u010dilni sposobnosti"}]},{"@type":"WebSite","@id":"https:\/\/magison.si\/#website","url":"https:\/\/magison.si\/","name":"Magison Svetovanje","description":"","publisher":{"@id":"https:\/\/magison.si\/#organization"},"potentialAction":[{"@type":"SearchAction","target":{"@type":"EntryPoint","urlTemplate":"https:\/\/magison.si\/?s={search_term_string}"},"query-input":"required name=search_term_string"}],"inLanguage":"en-US"},{"@type":"Organization","@id":"https:\/\/magison.si\/#organization","name":"Magison Svetovanje","url":"https:\/\/magison.si\/","logo":{"@type":"ImageObject","inLanguage":"en-US","@id":"https:\/\/magison.si\/#\/schema\/logo\/image\/","url":"https:\/\/magison.si\/wp-content\/uploads\/2023\/01\/ZNAK-MAGISON.jpg","contentUrl":"https:\/\/magison.si\/wp-content\/uploads\/2023\/01\/ZNAK-MAGISON.jpg","width":1634,"height":542,"caption":"Magison Svetovanje"},"image":{"@id":"https:\/\/magison.si\/#\/schema\/logo\/image\/"}}]}},"uagb_featured_image_src":{"full":false,"thumbnail":false,"medium":false,"medium_large":false,"large":false,"1536x1536":false,"2048x2048":false},"uagb_author_info":{"display_name":"admin","author_link":"https:\/\/magison.si\/?author=1"},"uagb_comment_info":0,"uagb_excerpt":"\u0160tudija o kapitalski ustreznosti in pla\u010dilni sposobnosti podjetja ter potrebnih in mo\u017enih ukrepih Z analizo [&hellip;]","_links":{"self":[{"href":"https:\/\/magison.si\/index.php?rest_route=\/wp\/v2\/pages\/901","targetHints":{"allow":["GET"]}}],"collection":[{"href":"https:\/\/magison.si\/index.php?rest_route=\/wp\/v2\/pages"}],"about":[{"href":"https:\/\/magison.si\/index.php?rest_route=\/wp\/v2\/types\/page"}],"author":[{"embeddable":true,"href":"https:\/\/magison.si\/index.php?rest_route=\/wp\/v2\/users\/1"}],"replies":[{"embeddable":true,"href":"https:\/\/magison.si\/index.php?rest_route=%2Fwp%2Fv2%2Fcomments&post=901"}],"version-history":[{"count":11,"href":"https:\/\/magison.si\/index.php?rest_route=\/wp\/v2\/pages\/901\/revisions"}],"predecessor-version":[{"id":1862,"href":"https:\/\/magison.si\/index.php?rest_route=\/wp\/v2\/pages\/901\/revisions\/1862"}],"up":[{"embeddable":true,"href":"https:\/\/magison.si\/index.php?rest_route=\/wp\/v2\/pages\/878"}],"wp:attachment":[{"href":"https:\/\/magison.si\/index.php?rest_route=%2Fwp%2Fv2%2Fmedia&parent=901"}],"curies":[{"name":"wp","href":"https:\/\/api.w.org\/{rel}","templated":true}]}}