{"id":889,"date":"2023-01-17T21:54:43","date_gmt":"2023-01-17T21:54:43","guid":{"rendered":"https:\/\/magison.si\/?page_id=889"},"modified":"2023-11-11T15:47:11","modified_gmt":"2023-11-11T15:47:11","slug":"predavanja-in-seminarji-financno-poslovanje-podjetij-in-naloge-ter-odgovornost-poslovodstev-ter-nadzornih-svetov","status":"publish","type":"page","link":"https:\/\/magison.si\/?page_id=889","title":{"rendered":"Predavanja in seminarji: Finan\u010dno poslovanje podjetij in naloge ter odgovornost poslovodstev ter nadzornih svetov"},"content":{"rendered":"\n<h3 class=\"wp-block-heading has-text-align-center has-text-color\" style=\"color:#1583dd\"><strong>Predavanja\/seminarji: Finan\u010dno poslovanje podjetij in naloge ter odgovornost poslovodstev ter nadzornih svetov<\/strong><\/h3>\n\n\n\n<div class=\"wp-block-group is-layout-constrained wp-block-group-is-layout-constrained\">\n<figure class=\"wp-block-image aligncenter size-large is-resized\"><img loading=\"lazy\" decoding=\"async\" width=\"1024\" height=\"683\" src=\"https:\/\/magison.si\/wp-content\/uploads\/2023\/01\/0200-13-1024x683.jpg\" alt=\"\" class=\"wp-image-804\" style=\"width:557px;height:371px\" srcset=\"https:\/\/magison.si\/wp-content\/uploads\/2023\/01\/0200-13-1024x683.jpg 1024w, https:\/\/magison.si\/wp-content\/uploads\/2023\/01\/0200-13-300x200.jpg 300w, https:\/\/magison.si\/wp-content\/uploads\/2023\/01\/0200-13-768x512.jpg 768w, https:\/\/magison.si\/wp-content\/uploads\/2023\/01\/0200-13.jpg 1134w\" sizes=\"auto, (max-width: 1024px) 100vw, 1024px\" \/><\/figure>\n\n\n\n<p class=\"has-text-color\" style=\"color:#000066\"><strong>Vsebina predavanj\/seminarjev<\/strong> pokriva naslednja podro\u010dja:<\/p>\n\n\n\n<ol style=\"color:#7030a0\" class=\"justify has-text-color wp-block-list\">\n<li><strong>Finan\u010dno poslovanje podjetij<\/strong>: Finan\u010dna funkcija; Organizacija finan\u010dne funkcije.<\/li>\n\n\n\n<li><strong>Zakonski okviri finan\u010dnega poslovanja (ZGD, ZFPPIPP, OZ)<\/strong>.<\/li>\n\n\n\n<li><strong>Pravila poslovnofinan\u010dne stroke<\/strong>: Kodeks poslovnofinan\u010dnih na\u010del; Kodeks poklicne etike poslovnega finan\u010dnika.<\/li>\n\n\n\n<li><strong>Zakonske zahteve glede finan\u010dnega poslovanja<\/strong>: Stanje podjetja &#8211; pla\u010dilna sposobnost; Ravnanje poslovodstva (vrsta in obseg); Na\u010din ravnanja poslovodstva (profesionalna skrbnost poslovnofinan\u010dne stroke).<\/li>\n\n\n\n<li><strong>Temeljne obveznosti poslovodstva<\/strong>.<\/li>\n\n\n\n<li><strong>Upravljanje likvidnostnih tveganj<\/strong>; <strong>Zagotavljanje kapitalske ustreznosti<\/strong>: Kreditno, tr\u017eno, operativno tveganje.<\/li>\n\n\n\n<li><strong>Profesionalna skrbnost; Dober in skrben gospodar.<\/strong><\/li>\n\n\n\n<li><strong>Kratkoro\u010dna in dolgoro\u010dna pla\u010dilna sposobnost<\/strong>: Kapitalska ustreznost; Dolgoro\u010dni viri financiranja; Na\u010delo likvidnega poslovanja.<\/li>\n\n\n\n<li><strong>Na\u010dini zagotavljanja kratkoro\u010dne in dolgoro\u010dne pla\u010dilne sposobnosti<\/strong>: Dolgoro\u010dno in kratkoro\u010dno finan\u010dno na\u010drtovanje, spremljanje in analiziranje; Gospodarjenje z nalo\u017ebami in obveznostmi; Dolgoro\u010dno in kratkoro\u010dno (de)investiranje in (de)financiranje; Redno spremljanje likvidnosti; Upravljanje tveganj.<\/li>\n\n\n\n<li><strong>Kapitalska ustreznost: <\/strong>Obseg kapitala; Obratni kapital; Dejanski obseg obratnega kapitala; Rezerva obratnega kapitala; Potrebni obseg obratnega kapitala; Ukrepi za zagotavljanje kapitalske ustreznosti.<\/li>\n\n\n\n<li><strong>Od\u0161kodninska odgovornost<\/strong> (vrste in obseg): Profesionalna skrbnost poslovnofinan\u010dne stroke; Razbremenitev od\u0161kodninske odgovornosti.<\/li>\n\n\n\n<li><strong>Sodna praksa.<\/strong><\/li>\n\n\n\n<li>Narava, obse\u017enost in zaznavanje <strong>poslovno-finan\u010dnih te\u017eav in tveganj po ZFPPIPP.<\/strong><\/li>\n\n\n\n<li><strong>Groze\u010da insolventnost, insolventnost in finan\u010dno poslovanje.<\/strong><\/li>\n<\/ol>\n<\/div>\n\n\n\n<div class=\"wp-block-group justify has-text-color is-layout-constrained wp-block-group-is-layout-constrained\" style=\"color:#000066\">\n<figure class=\"wp-block-image aligncenter size-large is-resized\"><img loading=\"lazy\" decoding=\"async\" width=\"1024\" height=\"532\" src=\"https:\/\/magison.si\/wp-content\/uploads\/2023\/01\/0200-14-1024x532.jpg\" alt=\"\" class=\"wp-image-805\" style=\"width:503px;height:261px\" srcset=\"https:\/\/magison.si\/wp-content\/uploads\/2023\/01\/0200-14-1024x532.jpg 1024w, https:\/\/magison.si\/wp-content\/uploads\/2023\/01\/0200-14-300x156.jpg 300w, https:\/\/magison.si\/wp-content\/uploads\/2023\/01\/0200-14-768x399.jpg 768w, https:\/\/magison.si\/wp-content\/uploads\/2023\/01\/0200-14.jpg 1433w\" sizes=\"auto, (max-width: 1024px) 100vw, 1024px\" \/><\/figure>\n\n\n\n<p class=\"justify\"><strong>Namen predavanj\/seminarjev<\/strong> je, da v ve\u010djih skupinah zagotovimo \u010dim ve\u010dji obseg prenosa tematike in obenem razumevanje problematike ter bolj\u0161o preto\u010dnost zakonskih in teoreti\u010dnih izhodi\u0161\u010d v prakti\u010dno uporabo.<\/p>\n\n\n\n<p class=\"justify\"><strong>Tematika <\/strong>predavanj in seminarjev je lahko zastavljena \u0161iroko in pokriva celotno finan\u010dno poslovanje (v tem primeru predlagamo dalj\u0161e trajanje), lahko pa je ciljno usmerjena v dolo\u010dena podro\u010dja, ki so z va\u0161ega vidika bolj pomembna. O tem se predhodno dogovorimo.<\/p>\n\n\n\n<p class=\"justify\"><strong>Dnevno trajanje<\/strong> predavanj in seminarjev je do 5 pedago\u0161kih ur (45 minut) s 15 minutnim premorom. Glede na obseg problematike in globino obravnave pa ponujamo <strong>1 ali 2 dnevne <\/strong>predavanja in seminarje.<\/p>\n\n\n\n<p>Mo\u017ene <strong>lokacije<\/strong> predavanj in seminarjev so:<\/p>\n\n\n\n<ul class=\"justify wp-block-list\">\n<li>va\u0161a sejna soba ali kak drug primeren prostor na lokaciji va\u0161ega podjetja;<\/li>\n\n\n\n<li>hotel v Bohinju, kjer lahko, ob seznanjanju z tematiko finan\u010dnega poslovanja, izvedete tudi program team-buildinga;<\/li>\n\n\n\n<li>lokacija po va\u0161i izbiri;<\/li>\n\n\n\n<li>internetni ZOOM seminar;<\/li>\n\n\n\n<li>lokacija, skladna z razpisom seminarja.<\/li>\n<\/ul>\n\n\n\n<p class=\"justify\"><strong>\u0160tevilo udele\u017eencev<\/strong> predavanj in seminarjev je odvisno od va\u0161ih \u017eelja, \u010de je predavanje\/seminar pripravljeno posebej za va\u0161e podjetje.<\/p>\n\n\n\n<p class=\"justify\">Udele\u017eenci so lahko iz ve\u010d podjetij hkrati \u2013 direktorji, lastniki, \u010dlani nadzornih svetov, vodje prodaje, nabave, proizvodnje, financ\u2026<\/p>\n\n\n\n<p class=\"justify\">Predavanja in seminarji na navedene teme bodo nekajkrat letno tudi javno razpisani.<\/p>\n<\/div>\n\n\n\n<div class=\"wp-block-group has-text-color is-layout-constrained wp-block-group-is-layout-constrained\" style=\"color:#7030a0\">\n<p><em style=\"font-weight: bold;\">Imate dodatna vpra\u0161anja? Vas zanima ve\u010d?<\/em><\/p>\n\n\n\n<p><strong><em>Pi\u0161ite nam, pokli\u010dite nas in potrudili se bomo najti ustrezne odgovore.<\/em><\/strong><\/p>\n\n\n\n<p><strong><em>Povpra\u0161ajte za ponudbo.<\/em><\/strong><\/p>\n<\/div>\n\n\n\n<div style=\"height:100px\" aria-hidden=\"true\" class=\"wp-block-spacer\"><\/div>\n","protected":false},"excerpt":{"rendered":"<p>Predavanja\/seminarji: Finan\u010dno poslovanje podjetij in naloge ter odgovornost poslovodstev ter nadzornih svetov Vsebina predavanj\/seminarjev pokriva [&hellip;]<\/p>\n","protected":false},"author":1,"featured_media":0,"parent":875,"menu_order":1,"comment_status":"closed","ping_status":"closed","template":"","meta":{"_uag_custom_page_level_css":"","footnotes":""},"class_list":["post-889","page","type-page","status-publish","hentry"],"yoast_head":"<!-- This site is optimized with the Yoast SEO plugin v20.4 - https:\/\/yoast.com\/wordpress\/plugins\/seo\/ -->\n<title>Predavanja in seminarji: Finan\u010dno poslovanje podjetij in naloge ter odgovornost poslovodstev ter nadzornih svetov - Magison Svetovanje<\/title>\n<meta name=\"robots\" content=\"index, follow, max-snippet:-1, max-image-preview:large, max-video-preview:-1\" \/>\n<link rel=\"canonical\" href=\"https:\/\/magison.si\/?page_id=889\" \/>\n<meta property=\"og:locale\" content=\"en_US\" \/>\n<meta property=\"og:type\" content=\"article\" \/>\n<meta property=\"og:title\" content=\"Predavanja in seminarji: Finan\u010dno poslovanje podjetij in naloge ter odgovornost poslovodstev ter nadzornih svetov - Magison Svetovanje\" \/>\n<meta property=\"og:description\" content=\"Predavanja\/seminarji: Finan\u010dno poslovanje podjetij in naloge ter odgovornost poslovodstev ter nadzornih svetov Vsebina predavanj\/seminarjev pokriva [&hellip;]\" \/>\n<meta property=\"og:url\" content=\"https:\/\/magison.si\/?page_id=889\" \/>\n<meta property=\"og:site_name\" content=\"Magison Svetovanje\" \/>\n<meta property=\"article:modified_time\" content=\"2023-11-11T15:47:11+00:00\" \/>\n<meta property=\"og:image\" content=\"https:\/\/magison.si\/wp-content\/uploads\/2023\/01\/0200-13-1024x683.jpg\" \/>\n<meta name=\"twitter:card\" content=\"summary_large_image\" \/>\n<meta name=\"twitter:label1\" content=\"Est. reading time\" \/>\n\t<meta name=\"twitter:data1\" content=\"3 minutes\" \/>\n<script type=\"application\/ld+json\" class=\"yoast-schema-graph\">{\"@context\":\"https:\/\/schema.org\",\"@graph\":[{\"@type\":\"WebPage\",\"@id\":\"https:\/\/magison.si\/?page_id=889\",\"url\":\"https:\/\/magison.si\/?page_id=889\",\"name\":\"Predavanja in seminarji: Finan\u010dno poslovanje podjetij in naloge ter odgovornost poslovodstev ter nadzornih svetov - Magison Svetovanje\",\"isPartOf\":{\"@id\":\"https:\/\/magison.si\/#website\"},\"datePublished\":\"2023-01-17T21:54:43+00:00\",\"dateModified\":\"2023-11-11T15:47:11+00:00\",\"breadcrumb\":{\"@id\":\"https:\/\/magison.si\/?page_id=889#breadcrumb\"},\"inLanguage\":\"en-US\",\"potentialAction\":[{\"@type\":\"ReadAction\",\"target\":[\"https:\/\/magison.si\/?page_id=889\"]}]},{\"@type\":\"BreadcrumbList\",\"@id\":\"https:\/\/magison.si\/?page_id=889#breadcrumb\",\"itemListElement\":[{\"@type\":\"ListItem\",\"position\":1,\"name\":\"Home\",\"item\":\"https:\/\/magison.si\/\"},{\"@type\":\"ListItem\",\"position\":2,\"name\":\"Poslovno-finan\u010dno svetovanje &#8211; storitve\",\"item\":\"https:\/\/magison.si\/?page_id=866\"},{\"@type\":\"ListItem\",\"position\":3,\"name\":\"Poslovodstvo, nadzorni svet in finan\u010dno poslovanje\",\"item\":\"https:\/\/magison.si\/?page_id=875\"},{\"@type\":\"ListItem\",\"position\":4,\"name\":\"Predavanja in seminarji: Finan\u010dno poslovanje podjetij in naloge ter odgovornost poslovodstev ter nadzornih svetov\"}]},{\"@type\":\"WebSite\",\"@id\":\"https:\/\/magison.si\/#website\",\"url\":\"https:\/\/magison.si\/\",\"name\":\"Magison Svetovanje\",\"description\":\"\",\"publisher\":{\"@id\":\"https:\/\/magison.si\/#organization\"},\"potentialAction\":[{\"@type\":\"SearchAction\",\"target\":{\"@type\":\"EntryPoint\",\"urlTemplate\":\"https:\/\/magison.si\/?s={search_term_string}\"},\"query-input\":\"required name=search_term_string\"}],\"inLanguage\":\"en-US\"},{\"@type\":\"Organization\",\"@id\":\"https:\/\/magison.si\/#organization\",\"name\":\"Magison Svetovanje\",\"url\":\"https:\/\/magison.si\/\",\"logo\":{\"@type\":\"ImageObject\",\"inLanguage\":\"en-US\",\"@id\":\"https:\/\/magison.si\/#\/schema\/logo\/image\/\",\"url\":\"https:\/\/magison.si\/wp-content\/uploads\/2023\/01\/ZNAK-MAGISON.jpg\",\"contentUrl\":\"https:\/\/magison.si\/wp-content\/uploads\/2023\/01\/ZNAK-MAGISON.jpg\",\"width\":1634,\"height\":542,\"caption\":\"Magison Svetovanje\"},\"image\":{\"@id\":\"https:\/\/magison.si\/#\/schema\/logo\/image\/\"}}]}<\/script>\n<!-- \/ Yoast SEO plugin. -->","yoast_head_json":{"title":"Predavanja in seminarji: Finan\u010dno poslovanje podjetij in naloge ter odgovornost poslovodstev ter nadzornih svetov - Magison Svetovanje","robots":{"index":"index","follow":"follow","max-snippet":"max-snippet:-1","max-image-preview":"max-image-preview:large","max-video-preview":"max-video-preview:-1"},"canonical":"https:\/\/magison.si\/?page_id=889","og_locale":"en_US","og_type":"article","og_title":"Predavanja in seminarji: Finan\u010dno poslovanje podjetij in naloge ter odgovornost poslovodstev ter nadzornih svetov - Magison Svetovanje","og_description":"Predavanja\/seminarji: Finan\u010dno poslovanje podjetij in naloge ter odgovornost poslovodstev ter nadzornih svetov Vsebina predavanj\/seminarjev pokriva [&hellip;]","og_url":"https:\/\/magison.si\/?page_id=889","og_site_name":"Magison Svetovanje","article_modified_time":"2023-11-11T15:47:11+00:00","og_image":[{"url":"https:\/\/magison.si\/wp-content\/uploads\/2023\/01\/0200-13-1024x683.jpg"}],"twitter_card":"summary_large_image","twitter_misc":{"Est. reading time":"3 minutes"},"schema":{"@context":"https:\/\/schema.org","@graph":[{"@type":"WebPage","@id":"https:\/\/magison.si\/?page_id=889","url":"https:\/\/magison.si\/?page_id=889","name":"Predavanja in seminarji: Finan\u010dno poslovanje podjetij in naloge ter odgovornost poslovodstev ter nadzornih svetov - Magison Svetovanje","isPartOf":{"@id":"https:\/\/magison.si\/#website"},"datePublished":"2023-01-17T21:54:43+00:00","dateModified":"2023-11-11T15:47:11+00:00","breadcrumb":{"@id":"https:\/\/magison.si\/?page_id=889#breadcrumb"},"inLanguage":"en-US","potentialAction":[{"@type":"ReadAction","target":["https:\/\/magison.si\/?page_id=889"]}]},{"@type":"BreadcrumbList","@id":"https:\/\/magison.si\/?page_id=889#breadcrumb","itemListElement":[{"@type":"ListItem","position":1,"name":"Home","item":"https:\/\/magison.si\/"},{"@type":"ListItem","position":2,"name":"Poslovno-finan\u010dno svetovanje &#8211; storitve","item":"https:\/\/magison.si\/?page_id=866"},{"@type":"ListItem","position":3,"name":"Poslovodstvo, nadzorni svet in finan\u010dno poslovanje","item":"https:\/\/magison.si\/?page_id=875"},{"@type":"ListItem","position":4,"name":"Predavanja in seminarji: Finan\u010dno poslovanje podjetij in naloge ter odgovornost poslovodstev ter nadzornih svetov"}]},{"@type":"WebSite","@id":"https:\/\/magison.si\/#website","url":"https:\/\/magison.si\/","name":"Magison Svetovanje","description":"","publisher":{"@id":"https:\/\/magison.si\/#organization"},"potentialAction":[{"@type":"SearchAction","target":{"@type":"EntryPoint","urlTemplate":"https:\/\/magison.si\/?s={search_term_string}"},"query-input":"required name=search_term_string"}],"inLanguage":"en-US"},{"@type":"Organization","@id":"https:\/\/magison.si\/#organization","name":"Magison Svetovanje","url":"https:\/\/magison.si\/","logo":{"@type":"ImageObject","inLanguage":"en-US","@id":"https:\/\/magison.si\/#\/schema\/logo\/image\/","url":"https:\/\/magison.si\/wp-content\/uploads\/2023\/01\/ZNAK-MAGISON.jpg","contentUrl":"https:\/\/magison.si\/wp-content\/uploads\/2023\/01\/ZNAK-MAGISON.jpg","width":1634,"height":542,"caption":"Magison Svetovanje"},"image":{"@id":"https:\/\/magison.si\/#\/schema\/logo\/image\/"}}]}},"uagb_featured_image_src":{"full":false,"thumbnail":false,"medium":false,"medium_large":false,"large":false,"1536x1536":false,"2048x2048":false},"uagb_author_info":{"display_name":"admin","author_link":"https:\/\/magison.si\/?author=1"},"uagb_comment_info":0,"uagb_excerpt":"Predavanja\/seminarji: Finan\u010dno poslovanje podjetij in naloge ter odgovornost poslovodstev ter nadzornih svetov Vsebina predavanj\/seminarjev pokriva [&hellip;]","_links":{"self":[{"href":"https:\/\/magison.si\/index.php?rest_route=\/wp\/v2\/pages\/889","targetHints":{"allow":["GET"]}}],"collection":[{"href":"https:\/\/magison.si\/index.php?rest_route=\/wp\/v2\/pages"}],"about":[{"href":"https:\/\/magison.si\/index.php?rest_route=\/wp\/v2\/types\/page"}],"author":[{"embeddable":true,"href":"https:\/\/magison.si\/index.php?rest_route=\/wp\/v2\/users\/1"}],"replies":[{"embeddable":true,"href":"https:\/\/magison.si\/index.php?rest_route=%2Fwp%2Fv2%2Fcomments&post=889"}],"version-history":[{"count":13,"href":"https:\/\/magison.si\/index.php?rest_route=\/wp\/v2\/pages\/889\/revisions"}],"predecessor-version":[{"id":1911,"href":"https:\/\/magison.si\/index.php?rest_route=\/wp\/v2\/pages\/889\/revisions\/1911"}],"up":[{"embeddable":true,"href":"https:\/\/magison.si\/index.php?rest_route=\/wp\/v2\/pages\/875"}],"wp:attachment":[{"href":"https:\/\/magison.si\/index.php?rest_route=%2Fwp%2Fv2%2Fmedia&parent=889"}],"curies":[{"name":"wp","href":"https:\/\/api.w.org\/{rel}","templated":true}]}}