{"id":878,"date":"2023-01-17T21:52:34","date_gmt":"2023-01-17T21:52:34","guid":{"rendered":"https:\/\/magison.si\/?page_id=878"},"modified":"2023-03-31T15:36:15","modified_gmt":"2023-03-31T15:36:15","slug":"poslovno-financne-studije-analize-in-nacrti","status":"publish","type":"page","link":"https:\/\/magison.si\/?page_id=878","title":{"rendered":"Poslovno-finan\u010dne \u0161tudije, analize in na\u010drti"},"content":{"rendered":"\n<figure class=\"wp-block-image aligncenter size-full is-resized\"><img decoding=\"async\" src=\"https:\/\/magison.si\/wp-content\/uploads\/2023\/03\/PentljaT.png\" alt=\"\" class=\"wp-image-1797\" width=\"170\"\/><\/figure>\n\n\n\n<h2 class=\"wp-block-heading has-text-align-center has-text-color\" style=\"color:#7030a0\"><strong>Poslovno-finan\u010dne \u0161tudije, analize in na\u010drti<\/strong><\/h2>\n\n\n\n<style>\n.sidenav {\nbackground:#ffff;  \n  z-index:0;\n  margin:0 auto;\n  \/*border:1px solid red;*\/\n  width:20%;\npadding-right:3em;\n  position:fixed;  \n  right:0;\n  top: 35%;\n}\n\nli a{color: #1583DD}\nli a:hover {\n  color: #000066 !important;\n}\nul.check {\n  list-style: none;\n}\nul.check li:before {\n  content: '\\2714\\0020';\n}\n\n@media screen and (max-width: 1200px)  \n{     \n.sidenav { display: none; }  \n}\n<\/style>\n<div class=\"sidenav\">\n<ul class=\"Bcheck\">\n<li><a href=\"https:\/\/magison.si\/?page_id=897\">Analiza\/Skrbni pregled finan\u010dnega polo\u017eaja podjetja \u2013 Due dilligence<\/a><\/li>\n<li><a href=\"https:\/\/magison.si\/?page_id=899\">Poslovni na\u010drt, Razvojni na\u010drt, Investicijski na\u010drt, Sanacijski na\u010drt poslovnega prestrukturiranja<\/a><\/li>\n<li><a href=\"https:\/\/magison.si\/?page_id=901\">\u0160tudija o kapitalski ustreznosti in dolgoro\u010dni pla\u010dilni sposobnosti<\/a><\/li>\n<li><a href=\"https:\/\/magison.si\/?page_id=903\">Analiza obratnega kapitala in ukrepi upravljanja obratnega kapitala<\/a><\/li>\n<li><a href=\"https:\/\/magison.si\/?page_id=905\">Analiza in postavitev finan\u010dnih ciljev in oblikovanje finan\u010dne strategije podjetja<\/a><\/li>\n<\/ul>\n<\/div>\n\n\n\n<div class=\"wp-block-group justify has-text-color is-layout-constrained wp-block-group-is-layout-constrained\" style=\"color:#000066\">\n<p class=\"justify\">Dobro <strong>poznavanje finan\u010dnega polo\u017eaja in finan\u010dnega poslovanja podjetja<\/strong> je klju\u010dnega pomena predvsem v \u0161tevilnih prelomnih poslovnih situacijah. Bodisi pri ve\u010djih investicijah, nakupu ali pridru\u017eitvi podjetja, pri razvoju poslovne strategije ali v obdobjih te\u017eavnej\u0161ega poslovanja. Na osnovi obdobnega strokovnega diagnosti\u010dnega pregleda finan\u010dnega polo\u017eaja in poslovanja poslovodstvo ali lastniki pridobijo informacije in razumejo, kje se podjetje v finan\u010dnem smislu nahaja, \u010de izpolnjuje predpostavke poslovnofinan\u010dnih standardov&nbsp; in kak\u0161no finan\u010dno strategijo naj oblikujejo. Za razli\u010dne poslovne situacije in scenarije morajo tovrstne analize poslovodstvu med drugim razkriti tudi, kak\u0161no bo v bodo\u010de stanje kratkoro\u010dne in dolgoro\u010dne pla\u010dilne sposobnosti (vklju\u010dno s tveganji) in kaj dolo\u010dene odlo\u010ditve\/ukrepi\/scenariji pomenijo za poslovodstvo v lu\u010di skrbnega gospodarja po ZFPPIPP in ZGD.<\/p>\n\n\n\n<div class=\"wp-block-group is-layout-constrained wp-block-group-is-layout-constrained\">\n<figure class=\"wp-block-image alignleft size-large is-resized\"><img loading=\"lazy\" decoding=\"async\" src=\"https:\/\/magison.si\/wp-content\/uploads\/2023\/01\/0200-18-1024x683.jpg\" alt=\"\" class=\"wp-image-809\" width=\"373\" height=\"248\" srcset=\"https:\/\/magison.si\/wp-content\/uploads\/2023\/01\/0200-18-1024x683.jpg 1024w, https:\/\/magison.si\/wp-content\/uploads\/2023\/01\/0200-18-300x200.jpg 300w, https:\/\/magison.si\/wp-content\/uploads\/2023\/01\/0200-18-768x513.jpg 768w, https:\/\/magison.si\/wp-content\/uploads\/2023\/01\/0200-18.jpg 1251w\" sizes=\"auto, (max-width: 373px) 100vw, 373px\" \/><\/figure>\n\n\n\n<p class=\"justify\">Tovrstne analize ali <strong>\u0161tudije morajo vsebinsko mo\u010dno presegati preprost nivo komentarja ra\u010dunovodskih podatkov<\/strong> in kazalcev. Ker so po navadi namenjene lastnikom, bankam, investitorjem ali skrbnim poslovodjem, ki in ko odlo\u010dajo o klju\u010dnih finan\u010dnih vpra\u0161anjih podjetja, je pomembno, da uporabnikom vlivajo zaupanje v predstavljene zaklju\u010dke analiz, saj bodo na njihovih osnovah sprejemali pomembne odlo\u010ditve. Zato je klju\u010dnega pomena strokovno ustrezno podprta predstavitev zaklju\u010dkov ter nevtralnost in usposobljenost izvajalca.<\/p>\n\n\n\n<p class=\"justify\">Pri ve\u010dini analiz je obi\u010dajno najprej potrebno opraviti poglobljen vpogled v razli\u010dne elemente finan\u010dnega polo\u017eaja (vrednost, ro\u010dnost in dejanska izterljivost sredstev, dejanska vi\u0161ina in ro\u010dnost obveznosti, struktura kapitala, vpliv izvenbilan\u010dnih obveznosti \/garancij, poro\u0161tev, sporov\u2026\/ na finan\u010dni polo\u017eaj podjetja, prihodkovne in&nbsp; stro\u0161kovne analize, analize denarnih tokov, pla\u010dilna sposobnost, kapitalska ustreznost, donosnost, u\u010dinkovitost, primerjave s konkurenco, pregled klju\u010dnih poslovnih elementov, ki vplivajo na finan\u010dni polo\u017eaj dru\u017ebe ipd.) ter predviden in verjeten razvoj teh elementov v prihodnje. Poglobljen vpogled v elemente finan\u010dnega polo\u017eaja se lahko nana\u0161a tudi na nove poslovne in razvojne ideje ter investicije, lahko pa tudi na elemente sanacije\/prestrukturiranja. Tovrstni vpogled v elemente finan\u010dnega polo\u017eaja in njihove medsebojne povezave omogo\u010dajo postavitev diagnoz in spoznanj o finan\u010dnem polo\u017eaju ter oblikovanje najustreznej\u0161ih ukrepov in strategij za izbolj\u0161anje stanja.<\/p>\n<\/div>\n<\/div>\n\n\n\n<div class=\"wp-block-group is-layout-constrained wp-block-group-is-layout-constrained\">\n<p class=\"has-text-color\" style=\"color:#000066\">Ponudimo vam lahko naslednje vrste \u0161tudij:<\/p>\n\n\n\n<ul class=\"check justify has-text-color wp-block-list\" style=\"color:#7030a0\">\n<li>Skrbni pregled finan\u010dnega polo\u017eaja podjetja \u2013 Due dilligence<\/li>\n\n\n\n<li>Poslovni na\u010drti<\/li>\n\n\n\n<li>Razvojni na\u010drti<\/li>\n\n\n\n<li>Investicijski na\u010drti<\/li>\n\n\n\n<li>Sanacijski na\u010drti poslovnega prestrukturiranja<\/li>\n\n\n\n<li>\u0160tudije o kapitalski ustreznosti in pla\u010dilni sposobnosti<\/li>\n\n\n\n<li>Analize obratnega kapitala in ukrepov upravljanja obratnega kapitala<\/li>\n\n\n\n<li>Analize finan\u010dnega polo\u017eaja podjetja<\/li>\n\n\n\n<li>Analize in postavitev finan\u010dnih ciljev in oblikovanje finan\u010dne strategije podjetja<\/li>\n\n\n\n<li>Strokovna\/izvedenska in neodvisna mnenja s podro\u010dja finan\u010dnega poslovanja.<\/li>\n<\/ul>\n\n\n\n<p class=\"justify has-text-color\" style=\"color:#000066\">Poleg same <strong>priprave<\/strong> navedenih in drugih podobnih \u0161tudij, lahko sodelujemo tudi pri <strong>predstavitvah \u0161tudij <\/strong>(organi upravljanja, banke, ministrstva, investitorji, poslovni partnerji \u2026)<strong> in pogajanjih<\/strong> v zvezi s tem.<\/p>\n<\/div>\n\n\n\n<div class=\"wp-block-group has-text-color is-layout-constrained wp-block-group-is-layout-constrained\" style=\"color:#7030a0\">\n<p><strong><em>Imate dodatna vpra\u0161anja? Vas zanima ve\u010d?<\/em><\/strong><\/p>\n\n\n\n<p><strong><em>Pi\u0161ite nam, pokli\u010dite nas in potrudili se bomo najti ustrezne strokovne re\u0161itve za vas.<\/em><\/strong><\/p>\n\n\n\n<div style=\"height:69px\" aria-hidden=\"true\" class=\"wp-block-spacer\"><\/div>\n<\/div>\n","protected":false},"excerpt":{"rendered":"<p>Poslovno-finan\u010dne \u0161tudije, analize in na\u010drti Analiza\/Skrbni pregled finan\u010dnega polo\u017eaja podjetja \u2013 Due dilligence Poslovni na\u010drt, [&hellip;]<\/p>\n","protected":false},"author":1,"featured_media":0,"parent":866,"menu_order":1,"comment_status":"closed","ping_status":"closed","template":"","meta":{"_uag_custom_page_level_css":"","footnotes":""},"class_list":["post-878","page","type-page","status-publish","hentry"],"yoast_head":"<!-- This site is optimized with the Yoast SEO plugin v20.4 - https:\/\/yoast.com\/wordpress\/plugins\/seo\/ -->\n<title>Poslovno-finan\u010dne \u0161tudije, analize in na\u010drti - Magison Svetovanje<\/title>\n<meta name=\"robots\" content=\"index, follow, max-snippet:-1, max-image-preview:large, max-video-preview:-1\" \/>\n<link rel=\"canonical\" href=\"https:\/\/magison.si\/?page_id=878\" \/>\n<meta property=\"og:locale\" content=\"en_US\" \/>\n<meta property=\"og:type\" content=\"article\" \/>\n<meta property=\"og:title\" content=\"Poslovno-finan\u010dne \u0161tudije, analize in na\u010drti - Magison Svetovanje\" \/>\n<meta property=\"og:description\" content=\"Poslovno-finan\u010dne \u0161tudije, analize in na\u010drti Analiza\/Skrbni pregled finan\u010dnega polo\u017eaja podjetja \u2013 Due dilligence Poslovni na\u010drt, [&hellip;]\" \/>\n<meta property=\"og:url\" content=\"https:\/\/magison.si\/?page_id=878\" \/>\n<meta property=\"og:site_name\" content=\"Magison Svetovanje\" \/>\n<meta property=\"article:modified_time\" content=\"2023-03-31T15:36:15+00:00\" \/>\n<meta property=\"og:image\" content=\"https:\/\/magison.si\/wp-content\/uploads\/2023\/03\/PentljaT.png\" \/>\n<meta name=\"twitter:card\" content=\"summary_large_image\" \/>\n<meta name=\"twitter:label1\" content=\"Est. reading time\" \/>\n\t<meta name=\"twitter:data1\" content=\"3 minutes\" \/>\n<script type=\"application\/ld+json\" class=\"yoast-schema-graph\">{\"@context\":\"https:\/\/schema.org\",\"@graph\":[{\"@type\":\"WebPage\",\"@id\":\"https:\/\/magison.si\/?page_id=878\",\"url\":\"https:\/\/magison.si\/?page_id=878\",\"name\":\"Poslovno-finan\u010dne \u0161tudije, analize in na\u010drti - Magison Svetovanje\",\"isPartOf\":{\"@id\":\"https:\/\/magison.si\/#website\"},\"datePublished\":\"2023-01-17T21:52:34+00:00\",\"dateModified\":\"2023-03-31T15:36:15+00:00\",\"breadcrumb\":{\"@id\":\"https:\/\/magison.si\/?page_id=878#breadcrumb\"},\"inLanguage\":\"en-US\",\"potentialAction\":[{\"@type\":\"ReadAction\",\"target\":[\"https:\/\/magison.si\/?page_id=878\"]}]},{\"@type\":\"BreadcrumbList\",\"@id\":\"https:\/\/magison.si\/?page_id=878#breadcrumb\",\"itemListElement\":[{\"@type\":\"ListItem\",\"position\":1,\"name\":\"Home\",\"item\":\"https:\/\/magison.si\/\"},{\"@type\":\"ListItem\",\"position\":2,\"name\":\"Poslovno-finan\u010dno svetovanje &#8211; storitve\",\"item\":\"https:\/\/magison.si\/?page_id=866\"},{\"@type\":\"ListItem\",\"position\":3,\"name\":\"Poslovno-finan\u010dne \u0161tudije, analize in na\u010drti\"}]},{\"@type\":\"WebSite\",\"@id\":\"https:\/\/magison.si\/#website\",\"url\":\"https:\/\/magison.si\/\",\"name\":\"Magison Svetovanje\",\"description\":\"\",\"publisher\":{\"@id\":\"https:\/\/magison.si\/#organization\"},\"potentialAction\":[{\"@type\":\"SearchAction\",\"target\":{\"@type\":\"EntryPoint\",\"urlTemplate\":\"https:\/\/magison.si\/?s={search_term_string}\"},\"query-input\":\"required name=search_term_string\"}],\"inLanguage\":\"en-US\"},{\"@type\":\"Organization\",\"@id\":\"https:\/\/magison.si\/#organization\",\"name\":\"Magison Svetovanje\",\"url\":\"https:\/\/magison.si\/\",\"logo\":{\"@type\":\"ImageObject\",\"inLanguage\":\"en-US\",\"@id\":\"https:\/\/magison.si\/#\/schema\/logo\/image\/\",\"url\":\"https:\/\/magison.si\/wp-content\/uploads\/2023\/01\/ZNAK-MAGISON.jpg\",\"contentUrl\":\"https:\/\/magison.si\/wp-content\/uploads\/2023\/01\/ZNAK-MAGISON.jpg\",\"width\":1634,\"height\":542,\"caption\":\"Magison Svetovanje\"},\"image\":{\"@id\":\"https:\/\/magison.si\/#\/schema\/logo\/image\/\"}}]}<\/script>\n<!-- \/ Yoast SEO plugin. -->","yoast_head_json":{"title":"Poslovno-finan\u010dne \u0161tudije, analize in na\u010drti - Magison Svetovanje","robots":{"index":"index","follow":"follow","max-snippet":"max-snippet:-1","max-image-preview":"max-image-preview:large","max-video-preview":"max-video-preview:-1"},"canonical":"https:\/\/magison.si\/?page_id=878","og_locale":"en_US","og_type":"article","og_title":"Poslovno-finan\u010dne \u0161tudije, analize in na\u010drti - Magison Svetovanje","og_description":"Poslovno-finan\u010dne \u0161tudije, analize in na\u010drti Analiza\/Skrbni pregled finan\u010dnega polo\u017eaja podjetja \u2013 Due dilligence Poslovni na\u010drt, [&hellip;]","og_url":"https:\/\/magison.si\/?page_id=878","og_site_name":"Magison Svetovanje","article_modified_time":"2023-03-31T15:36:15+00:00","og_image":[{"url":"https:\/\/magison.si\/wp-content\/uploads\/2023\/03\/PentljaT.png"}],"twitter_card":"summary_large_image","twitter_misc":{"Est. reading time":"3 minutes"},"schema":{"@context":"https:\/\/schema.org","@graph":[{"@type":"WebPage","@id":"https:\/\/magison.si\/?page_id=878","url":"https:\/\/magison.si\/?page_id=878","name":"Poslovno-finan\u010dne \u0161tudije, analize in na\u010drti - Magison Svetovanje","isPartOf":{"@id":"https:\/\/magison.si\/#website"},"datePublished":"2023-01-17T21:52:34+00:00","dateModified":"2023-03-31T15:36:15+00:00","breadcrumb":{"@id":"https:\/\/magison.si\/?page_id=878#breadcrumb"},"inLanguage":"en-US","potentialAction":[{"@type":"ReadAction","target":["https:\/\/magison.si\/?page_id=878"]}]},{"@type":"BreadcrumbList","@id":"https:\/\/magison.si\/?page_id=878#breadcrumb","itemListElement":[{"@type":"ListItem","position":1,"name":"Home","item":"https:\/\/magison.si\/"},{"@type":"ListItem","position":2,"name":"Poslovno-finan\u010dno svetovanje &#8211; storitve","item":"https:\/\/magison.si\/?page_id=866"},{"@type":"ListItem","position":3,"name":"Poslovno-finan\u010dne \u0161tudije, analize in na\u010drti"}]},{"@type":"WebSite","@id":"https:\/\/magison.si\/#website","url":"https:\/\/magison.si\/","name":"Magison Svetovanje","description":"","publisher":{"@id":"https:\/\/magison.si\/#organization"},"potentialAction":[{"@type":"SearchAction","target":{"@type":"EntryPoint","urlTemplate":"https:\/\/magison.si\/?s={search_term_string}"},"query-input":"required name=search_term_string"}],"inLanguage":"en-US"},{"@type":"Organization","@id":"https:\/\/magison.si\/#organization","name":"Magison Svetovanje","url":"https:\/\/magison.si\/","logo":{"@type":"ImageObject","inLanguage":"en-US","@id":"https:\/\/magison.si\/#\/schema\/logo\/image\/","url":"https:\/\/magison.si\/wp-content\/uploads\/2023\/01\/ZNAK-MAGISON.jpg","contentUrl":"https:\/\/magison.si\/wp-content\/uploads\/2023\/01\/ZNAK-MAGISON.jpg","width":1634,"height":542,"caption":"Magison Svetovanje"},"image":{"@id":"https:\/\/magison.si\/#\/schema\/logo\/image\/"}}]}},"uagb_featured_image_src":{"full":false,"thumbnail":false,"medium":false,"medium_large":false,"large":false,"1536x1536":false,"2048x2048":false},"uagb_author_info":{"display_name":"admin","author_link":"https:\/\/magison.si\/?author=1"},"uagb_comment_info":0,"uagb_excerpt":"Poslovno-finan\u010dne \u0161tudije, analize in na\u010drti Analiza\/Skrbni pregled finan\u010dnega polo\u017eaja podjetja \u2013 Due dilligence Poslovni na\u010drt, [&hellip;]","_links":{"self":[{"href":"https:\/\/magison.si\/index.php?rest_route=\/wp\/v2\/pages\/878","targetHints":{"allow":["GET"]}}],"collection":[{"href":"https:\/\/magison.si\/index.php?rest_route=\/wp\/v2\/pages"}],"about":[{"href":"https:\/\/magison.si\/index.php?rest_route=\/wp\/v2\/types\/page"}],"author":[{"embeddable":true,"href":"https:\/\/magison.si\/index.php?rest_route=\/wp\/v2\/users\/1"}],"replies":[{"embeddable":true,"href":"https:\/\/magison.si\/index.php?rest_route=%2Fwp%2Fv2%2Fcomments&post=878"}],"version-history":[{"count":16,"href":"https:\/\/magison.si\/index.php?rest_route=\/wp\/v2\/pages\/878\/revisions"}],"predecessor-version":[{"id":1834,"href":"https:\/\/magison.si\/index.php?rest_route=\/wp\/v2\/pages\/878\/revisions\/1834"}],"up":[{"embeddable":true,"href":"https:\/\/magison.si\/index.php?rest_route=\/wp\/v2\/pages\/866"}],"wp:attachment":[{"href":"https:\/\/magison.si\/index.php?rest_route=%2Fwp%2Fv2%2Fmedia&parent=878"}],"curies":[{"name":"wp","href":"https:\/\/api.w.org\/{rel}","templated":true}]}}