{"id":866,"date":"2023-01-17T21:13:44","date_gmt":"2023-01-17T21:13:44","guid":{"rendered":"https:\/\/magison.si\/?page_id=866"},"modified":"2023-03-31T15:35:30","modified_gmt":"2023-03-31T15:35:30","slug":"poslovodstvo-nadzorni-svet-in-financno-poslovanje","status":"publish","type":"page","link":"https:\/\/magison.si\/?page_id=866","title":{"rendered":"Poslovno-finan\u010dno svetovanje &#8211; storitve"},"content":{"rendered":"\n<div class=\"wp-block-group alignfull has-text-color has-background is-layout-flow wp-block-group-is-layout-flow\" style=\"color:#000000;background-color:#fffefc\">\n<figure class=\"wp-block-image aligncenter size-full is-resized\"><img decoding=\"async\" src=\"https:\/\/magison.si\/wp-content\/uploads\/2023\/03\/PentljaT.png\" alt=\"\" class=\"wp-image-1797\" width=\"170\"\/><\/figure>\n\n\n\n<h2 class=\"wp-block-heading has-text-align-center has-text-color has-extra-large-font-size\" id=\"schedule-a-visit\" style=\"color:#7030a0;line-height:1.15\"><strong>POSLOVNO-FINAN\u010cNO SVETOVANJE IN STORITVE<\/strong><\/h2>\n\n\n\n<style>\n.sidenav {\nbackground:#ffff;  \n  z-index:0;\n  margin:0 auto;\n  \/*border:1px solid red;*\/\n  width:20%;\n  padding-right:3em;\n  position:fixed;  \n  right:0;\n  top: 35%; \n}\n\nli a{color:#7030A0}\nli a:hover {\n  color: #000066 !important;\n}\n\n@media screen and (max-width: 1200px)  \n{     \n.sidenav { display: none; }  \n}\n<\/style>\n<div class=\"sidenav\">\n<ul style=\"list-style-type: none; font-weight:bold;\">\n<li><a href=\"https:\/\/magison.si\/?page_id=875\">Poslovodstvo, nadzorni svet in finan\u010dno poslovanje<\/a><\/li>\n<li><a href=\"https:\/\/magison.si\/?page_id=878\">Poslovno-finan\u010dne \u0161tudije, analize in na\u010drti<\/a><\/li>\n<li><a href=\"https:\/\/magison.si\/?page_id=880\">Kontroling<\/a><\/li>\n<li><a href=\"https:\/\/magison.si\/?page_id=882\">Svetovanje in sodelovanje pri vodenju podjetja<\/a><\/li>\n<\/ul>\n<\/div>\n<\/div>\n\n\n\n<div class=\"wp-block-group justify has-text-color is-layout-constrained wp-block-group-is-layout-constrained\" style=\"color:#000066\">\n<p class=\"justify\">Zagotavljanje finan\u010dnih sredstev in upravljanje le-teh (finan\u010dno poslovanje) je osnovni pogoj za delovanje ostalih poslovnih funkcij in celotnega podjetja. Obenem imajo vse poslovne in finan\u010dne odlo\u010ditve ter aktivnosti v podjetju tudi finan\u010dne posledice. Zato je poznavanje in upravljanje finan\u010dnega polo\u017eaja in finan\u010dnega poslovanja podjetja ena od klju\u010dnih nalog vsakega poslovodstva. Finan\u010dni polo\u017eaj in finan\u010dno poslovanje pa sta klju\u010dna pokazatelja stanja poslovnega sistema \u2013 podjetja.<\/p>\n\n\n\n<figure class=\"wp-block-image size-large\"><img loading=\"lazy\" decoding=\"async\" width=\"1024\" height=\"312\" src=\"https:\/\/magison.si\/wp-content\/uploads\/2023\/01\/0200-1-1-1024x312.jpg\" alt=\"\" class=\"wp-image-908\" srcset=\"https:\/\/magison.si\/wp-content\/uploads\/2023\/01\/0200-1-1-1024x312.jpg 1024w, https:\/\/magison.si\/wp-content\/uploads\/2023\/01\/0200-1-1-300x91.jpg 300w, https:\/\/magison.si\/wp-content\/uploads\/2023\/01\/0200-1-1-768x234.jpg 768w, https:\/\/magison.si\/wp-content\/uploads\/2023\/01\/0200-1-1.jpg 1425w\" sizes=\"auto, (max-width: 1024px) 100vw, 1024px\" \/><\/figure>\n\n\n\n<p class=\"justify\"><strong>Podro\u010dje finan\u010dnega poslovanja<\/strong> je v Sloveniji zakonsko urejeno z <strong>Zakonom<\/strong> <strong>o finan\u010dnem poslovanju, postopkih zaradi insolventnosti in prisilnem prenehanju (ZFPPIPP)<\/strong>, ki podjetjem nalaga, da so <strong>vedno pla\u010dilno sposobna<\/strong>, poslovodstvom pa <strong>dol\u017ena ravnanja<\/strong>, ki bodo zagotovila pla\u010dilno sposobnost podjetja. Vsak poslovodja mora zato nujno poznati tematiko finan\u010dnega poslovanja in izvajati dol\u017ene aktivnosti, kot jih predvidevata ZFPPIPP in pravila poslovnofinan\u010dne stroke, saj zakon predvideva tudi in\u0161titut osebne od\u0161kodninske odgovornosti poslovodstva, \u010de le-to ravna v nasprotju z dolo\u010dili ZFPPIPP in pravili poslovnofinan\u010dne stroke. Zato morata biti tako vsakodnevno poslovanje kot tudi strate\u0161ko odlo\u010danje v podjetju pre\u017eeta z upo\u0161tevanjem logike finan\u010dnega poslovanja, poslovnofinan\u010dnih sodil in vplivov na kratkoro\u010dno in dolgoro\u010dno pla\u010dilno sposobnost, opredeljenih z ZFPPIPP. Finan\u010dna funkcija v podjetju mora zato nedvomno imeti mesto, ki mu ga zakonodaja narekuje.  <strong><a href=\"https:\/\/magison.si\/?page_id=875\" data-type=\"page\" data-id=\"875\">Ve\u010d \u2026<\/a><\/strong><\/p>\n<\/div>\n\n\n\n<div class=\"wp-block-group has-text-color is-layout-constrained wp-block-group-is-layout-constrained\" style=\"color:#000066\">\n<p class=\"justify\">Vse <strong>pomembnej\u0161e odlo\u010ditve v podjetju<\/strong> (ve\u010dje investicije, nakup podjetja, izbira poslovne in finan\u010dne strategije ipd.) <strong>imajo znatne finan\u010dne posledice.<\/strong><\/p>\n\n\n\n<figure class=\"wp-block-image alignleft\"><img loading=\"lazy\" decoding=\"async\" width=\"300\" height=\"200\" src=\"https:\/\/magison.si\/wp-content\/uploads\/2023\/01\/0200-2-300x200.jpg\" alt=\"\" class=\"wp-image-818\" srcset=\"https:\/\/magison.si\/wp-content\/uploads\/2023\/01\/0200-2-300x200.jpg 300w, https:\/\/magison.si\/wp-content\/uploads\/2023\/01\/0200-2.jpg 725w\" sizes=\"auto, (max-width: 300px) 100vw, 300px\" \/><\/figure>\n\n\n\n<p class=\"justify\">Po eni strani vplivajo na kratkoro\u010dno in dolgoro\u010dno pla\u010dilno sposobnost ter kapitalsko ustreznost, po drugi strani pa na donosnost, strukturo in obseg kapitala, stro\u0161ke financiranja in druge pomembne finan\u010dne kategorije, tudi na vrednost podjetja. Zato jih je potrebno sprejemati previdno in preudarno, v maniri profesionalne skrbnosti, kot dober in skrben gospodar &#8211; bodisi v vlogi poslovodje, investitorja, lastnika ali drugega odlo\u010devalca. Temu so namenjeni poslovni na\u010drti, investicijski na\u010drti, sanacijski na\u010drti, analize finan\u010dnega polo\u017eaja in finan\u010dnih strategij ter druge podobne \u0161tudije. Te naj \u010dim bolj skrbno in pregledno odgovorijo na vsa klju\u010dna vpra\u0161anja o teko\u010di in prihodnji pla\u010dilni sposobnosti in kapitalski ustreznosti, donosnosti in drugih pomembnej\u0161ih elementih finan\u010dnega polo\u017eaja podjetja, ki imajo pomemben vpliv na doseganje finan\u010dnih ciljev podjetja. Le tako bo poslovodja izpolnil zahteve ZFPPIPP po skrbnem ravnanju glede pla\u010dilne sposobnosti, obenem pa naredil velik korak pri doseganju finan\u010dnih ciljev podjetja. <strong><a href=\"https:\/\/magison.si\/?page_id=878\" data-type=\"page\" data-id=\"878\">Ve\u010d \u2026<\/a><\/strong><\/p>\n<\/div>\n\n\n\n<div class=\"wp-block-group has-text-color is-layout-constrained wp-block-group-is-layout-constrained\" style=\"color:#000066\">\n<p class=\"justify\"><strong>Teko\u010de spremljanje in na\u010drtovanje finan\u010dnega polo\u017eaja ter poslovanja <\/strong>sta izjemnega pomena za uspe\u0161no vodenje podjetja in zagotavljanje dnevne pla\u010dilne sposobnosti. Sprotne informacije in na\u010drti morajo biti kratki in jedrnati, predvsem pa morajo zaznati poslovne probleme, nevarnosti za pla\u010dilno sposobnost in odstopanja od na\u010drtovanega.<\/p>\n\n\n\n<figure class=\"wp-block-image alignright is-resized\"><img loading=\"lazy\" decoding=\"async\" src=\"https:\/\/magison.si\/wp-content\/uploads\/2023\/01\/0200-3-300x161.jpg\" alt=\"\" class=\"wp-image-819\" width=\"378\" height=\"203\" srcset=\"https:\/\/magison.si\/wp-content\/uploads\/2023\/01\/0200-3-300x161.jpg 300w, https:\/\/magison.si\/wp-content\/uploads\/2023\/01\/0200-3-768x413.jpg 768w, https:\/\/magison.si\/wp-content\/uploads\/2023\/01\/0200-3.jpg 958w\" sizes=\"auto, (max-width: 378px) 100vw, 378px\" \/><\/figure>\n\n\n\n<p class=\"justify\">Na osnovi dolgoletnih izku\u0161enj vam lahko z <em>analizo va\u0161ih teko\u010dih ra\u010dunovodskih podatkov<\/em> ponudimo strokoven pogled na vsa klju\u010dna podro\u010dja (finan\u010dnega) poslovanja, vklju\u010dno z nasveti za potrebne ukrepe in izbolj\u0161ave.<\/p>\n\n\n\n<p class=\"justify\">Lahko pa tudi vzpostavimo <em>sistem klju\u010dnih finan\u010dnih podatkov<\/em>, da bo va\u0161e vodenje (finan\u010dnega) poslovanja podjetja la\u017eje, odgovornej\u0161e in uspe\u0161nej\u0161e. <strong><a href=\"https:\/\/magison.si\/?page_id=880\" data-type=\"page\" data-id=\"880\">Ve\u010d \u2026<\/a><\/strong><\/p>\n<\/div>\n\n\n\n<div class=\"wp-block-group has-text-color is-layout-constrained wp-block-group-is-layout-constrained\" style=\"color:#000066\">\n<p class=\"justify\"><strong>Vodenje podjetij<\/strong> je kompleksno in odgovorno opravilo. Zato so poleg strokovnega znanja, klju\u010dnega pomena tudi \u017eivljenjske in poslovne izku\u0161nje. Dostikrat je pri poslovni odlo\u010ditvi potrebno podrobno analizirati zapletena finan\u010dna stanja in priti do ustrezne re\u0161itve, v\u010dasih pa je dovolj \u017ee pogovor, izmenjava mnenj, vpogled, izku\u0161nja ali nasvet nekoga, ki se je s podobnimi situacijami \u017ee sre\u010dal in mu lahko strokovno ter osebno zaupate. &nbsp;<\/p>\n\n\n\n<p class=\"justify\">Imamo bogato znanje in izku\u0161nje tako pri <em>svetovanju poslovodjem kot tudi pri samem vodenju podjetij<\/em>, zato vam lahko pomagamo s prakti\u010dnimi in obenem strokovnimi nasveti. Sodelujemo lahko pri vodenju podjetja, pripravi strokovnih podlag za odlo\u010danje uprave in nadzornega sveta, pri pogajanjih s poslovnimi partnerji in \u0161e mnogo ve\u010d. <strong><a href=\"https:\/\/magison.si\/?page_id=882\" data-type=\"page\" data-id=\"882\">Ve\u010d \u2026<\/a><\/strong><\/p>\n<\/div>\n\n\n\n<figure class=\"wp-block-image aligncenter size-full is-resized\"><img decoding=\"async\" src=\"https:\/\/magison.si\/wp-content\/uploads\/2023\/03\/PentljaT.png\" alt=\"\" class=\"wp-image-1797\" width=\"170\"\/><\/figure>\n\n\n\n<p class=\"justify has-text-color\" style=\"color:#000066\">Ne glede na to, \u010de ste samostojni podjetnik, direktor manj\u0161ega ali srednje velikega podjetja, predsednik uprave ali pa \u010dlan nadzornega sveta, ste \u017ee oziroma \u0161e boste naleteli na situacijo, ko boste v zvezi s finan\u010dnim poslovanjem potrebovali neodvisno, nepristransko, visoko strokovno in celovito podlago za svojo odlo\u010ditev ali pa materiale, ki jih boste potrebovali na banki, ministrstvu, pri poslovnem partnerju\u2026.<\/p>\n\n\n\n<figure class=\"wp-block-image aligncenter size-large is-resized\"><img loading=\"lazy\" decoding=\"async\" src=\"https:\/\/magison.si\/wp-content\/uploads\/2023\/01\/0200-4-1024x684.jpg\" alt=\"\" class=\"wp-image-820\" width=\"368\" height=\"245\" srcset=\"https:\/\/magison.si\/wp-content\/uploads\/2023\/01\/0200-4-1024x684.jpg 1024w, https:\/\/magison.si\/wp-content\/uploads\/2023\/01\/0200-4-300x200.jpg 300w, https:\/\/magison.si\/wp-content\/uploads\/2023\/01\/0200-4-768x513.jpg 768w, https:\/\/magison.si\/wp-content\/uploads\/2023\/01\/0200-4.jpg 1186w\" sizes=\"auto, (max-width: 368px) 100vw, 368px\" \/><\/figure>\n\n\n\n<div class=\"wp-block-group has-text-color is-layout-constrained wp-block-group-is-layout-constrained\" style=\"color:#000066\">\n<h3 class=\"wp-block-heading has-text-align-center has-text-color\" style=\"color:#000066\"><strong><em>Kdaj se poslovodja kot skrbni gospodar obrne na izku\u0161enega finan\u010dnega svetovalca?<\/em><\/strong><\/h3>\n\n\n\n<ul class=\"check wp-block-list\">\n<li>Vam <strong>primanjkuje znanja o finan\u010dnem poslovanju<\/strong> in zakonodaji na tem podro\u010dju, finan\u010dni funkciji in njeni vlogi v poslovanju ter elementih finan\u010dnega odlo\u010danja?<\/li>\n\n\n\n<li>Niste prepri\u010dani, \u010de pri finan\u010dnem poslovanju <strong>ustrezno izvajate dol\u017ene aktivnosti<\/strong> skrbnega gospodarja?<\/li>\n\n\n\n<li>Ne poznate svojih <strong>odgovornosti <\/strong>na podro\u010dju finan\u010dnega poslovanja?<\/li>\n\n\n\n<li>Nameravate <strong>kupiti podjetje<\/strong>, pa \u017eelite poglobljen pogled v finan\u010dno in poslovno stanje podjetja?<\/li>\n\n\n\n<li>Imate <strong>razvojno idejo<\/strong> in \u017eelite podrobnej\u0161e finan\u010dno analiti\u010dne podlage o tem, kako bodo razli\u010dni dejavniki razvoja v prihodnje vplivali na poslovno-finan\u010dni polo\u017eaj va\u0161ega podjetja in kak\u0161na so bodo\u010da tveganja?<\/li>\n\n\n\n<li><strong>Nameravate investirati<\/strong> znatna sredstva v kapacitete podjetja, a se \u017eelite prepri\u010dati, da vas investicije ne bodo finan\u010dno iz\u010drpale?<\/li>\n\n\n\n<li>\u017delite del investicij pokriti iz nepovratnih sredstev ali kreditov, pa banka in ministrstvo od vas zahtevata <strong>finan\u010dno investicijsko dokumentacijo<\/strong>?<\/li>\n\n\n\n<li>Va\u0161e podjetje raste, ste uspe\u0161ni, a vam kljub vsemu kar naprej <strong>primanjkuje likvidnih sredstev<\/strong> za popla\u010dilo obveznosti? Ne veste, zakaj in kako to re\u0161iti?<\/li>\n\n\n\n<li>Vam na dolo\u010denem programu <strong>padajo prihodki<\/strong> in le ste\u017eka pokrivate stro\u0161ke pla\u010d in dobaviteljev?<\/li>\n\n\n\n<li>Na\u010drtujete <strong>sanacijske ukrepe<\/strong> in \u017eelite preveriti njihov vpliv na poslovanje in finan\u010dni polo\u017eaj podjetja v prihodnje?<\/li>\n\n\n\n<li>Kot lastnik ali poslovodja podjetja \u017eelite <strong>neodvisno mnenje<\/strong> o finan\u010dnem polo\u017eaju podjetja?<\/li>\n\n\n\n<li>Ste v dilemi, kak\u0161na naj bo <strong>finan\u010dna strategija<\/strong> v bodo\u010de?<\/li>\n\n\n\n<li>Ste v poslovnem sporu in potrebujete <strong>strokovno\/izvedensko mnenje<\/strong> glede ekonomsko-finan\u010dnih vpra\u0161anj?<\/li>\n\n\n\n<li>Ne veste, kako organizirati <strong>redno analizo in plan<\/strong> poslovanja ter finan\u010dnega polo\u017eaja?<\/li>\n\n\n\n<li>Potrebujete&nbsp; redne <strong>kvalitetne informacije in interpretacije<\/strong> o ekonomsko-finan\u010dnem polo\u017eaju v podjetju?<\/li>\n\n\n\n<li>\u017delite redne strokovne informacije in <strong>neodvisno oceno o poslovanju<\/strong> ter finan\u010dnem polo\u017eaju va\u0161ega podjetja, \u010deprav nimate slu\u017ebe za kontroling?<\/li>\n\n\n\n<li>Potrebujete ob\u010dasno <strong>strokovno pomo\u010d<\/strong> pri spremljanju poslovanja, finan\u010dnem na\u010drtovanju ali pri sprejemanju poslovnih odlo\u010ditev?<\/li>\n<\/ul>\n\n\n\n<p class=\"has-text-color\" style=\"color:#7030a0\"><strong>STROKOVNOST, NEPRISTRANSKOST, ZANESLJIVOST, ZAUPNOST<\/strong> <strong>IN IZKU\u0160NJE iz ve\u010d kot 100 projektov poslovno-finan\u010dnih&nbsp; \u0161tudij, analiz in poslovnega svetovanja<\/strong> so temelji, zaradi katerih lahko pri vpra\u0161anjih finan\u010dnega poslovanja <strong><em>ZAUPATE RAVNO NAM<\/em><\/strong>.<\/p>\n\n\n\n<p class=\"has-text-color\" style=\"color:#7030a0\"><strong><em>Imate dodatna vpra\u0161anja? Vas zanima ve\u010d?<\/em><\/strong><\/p>\n\n\n\n<p class=\"has-text-color\" style=\"color:#7030a0\"><strong><em>Pi\u0161ite nam, pokli\u010dite nas, povpra\u0161ajte za ponudbo.<\/em><\/strong><\/p>\n\n\n\n<p class=\"has-text-color\" style=\"color:#7030a0\"><strong><em>Potrudili se bomo najti ustrezne strokovne re\u0161itve za vas.<\/em><\/strong><\/p>\n<\/div>\n\n\n\n<div style=\"height:134px\" aria-hidden=\"true\" class=\"wp-block-spacer\"><\/div>\n","protected":false},"excerpt":{"rendered":"<p>POSLOVNO-FINAN\u010cNO SVETOVANJE IN STORITVE Poslovodstvo, nadzorni svet in finan\u010dno poslovanje Poslovno-finan\u010dne \u0161tudije, analize in na\u010drti [&hellip;]<\/p>\n","protected":false},"author":1,"featured_media":0,"parent":0,"menu_order":0,"comment_status":"closed","ping_status":"closed","template":"","meta":{"_uag_custom_page_level_css":"","footnotes":""},"class_list":["post-866","page","type-page","status-publish","hentry"],"yoast_head":"<!-- This site is optimized with the Yoast SEO plugin v20.4 - https:\/\/yoast.com\/wordpress\/plugins\/seo\/ -->\n<title>Poslovno-finan\u010dno svetovanje - storitve - Magison Svetovanje<\/title>\n<meta name=\"robots\" content=\"index, follow, max-snippet:-1, max-image-preview:large, max-video-preview:-1\" \/>\n<link rel=\"canonical\" href=\"https:\/\/magison.si\/?page_id=866\" \/>\n<meta property=\"og:locale\" content=\"en_US\" \/>\n<meta property=\"og:type\" content=\"article\" \/>\n<meta property=\"og:title\" content=\"Poslovno-finan\u010dno svetovanje - storitve - Magison Svetovanje\" \/>\n<meta property=\"og:description\" content=\"POSLOVNO-FINAN\u010cNO SVETOVANJE IN STORITVE Poslovodstvo, nadzorni svet in finan\u010dno poslovanje Poslovno-finan\u010dne \u0161tudije, analize in na\u010drti [&hellip;]\" \/>\n<meta property=\"og:url\" content=\"https:\/\/magison.si\/?page_id=866\" \/>\n<meta property=\"og:site_name\" content=\"Magison Svetovanje\" \/>\n<meta property=\"article:modified_time\" content=\"2023-03-31T15:35:30+00:00\" \/>\n<meta property=\"og:image\" content=\"https:\/\/magison.si\/wp-content\/uploads\/2023\/03\/PentljaT.png\" \/>\n<meta name=\"twitter:card\" content=\"summary_large_image\" \/>\n<meta name=\"twitter:label1\" content=\"Est. reading time\" \/>\n\t<meta name=\"twitter:data1\" content=\"6 minutes\" \/>\n<script type=\"application\/ld+json\" class=\"yoast-schema-graph\">{\"@context\":\"https:\/\/schema.org\",\"@graph\":[{\"@type\":\"WebPage\",\"@id\":\"https:\/\/magison.si\/?page_id=866\",\"url\":\"https:\/\/magison.si\/?page_id=866\",\"name\":\"Poslovno-finan\u010dno svetovanje - storitve - Magison Svetovanje\",\"isPartOf\":{\"@id\":\"https:\/\/magison.si\/#website\"},\"datePublished\":\"2023-01-17T21:13:44+00:00\",\"dateModified\":\"2023-03-31T15:35:30+00:00\",\"breadcrumb\":{\"@id\":\"https:\/\/magison.si\/?page_id=866#breadcrumb\"},\"inLanguage\":\"en-US\",\"potentialAction\":[{\"@type\":\"ReadAction\",\"target\":[\"https:\/\/magison.si\/?page_id=866\"]}]},{\"@type\":\"BreadcrumbList\",\"@id\":\"https:\/\/magison.si\/?page_id=866#breadcrumb\",\"itemListElement\":[{\"@type\":\"ListItem\",\"position\":1,\"name\":\"Home\",\"item\":\"https:\/\/magison.si\/\"},{\"@type\":\"ListItem\",\"position\":2,\"name\":\"Poslovno-finan\u010dno svetovanje &#8211; storitve\"}]},{\"@type\":\"WebSite\",\"@id\":\"https:\/\/magison.si\/#website\",\"url\":\"https:\/\/magison.si\/\",\"name\":\"Magison Svetovanje\",\"description\":\"\",\"publisher\":{\"@id\":\"https:\/\/magison.si\/#organization\"},\"potentialAction\":[{\"@type\":\"SearchAction\",\"target\":{\"@type\":\"EntryPoint\",\"urlTemplate\":\"https:\/\/magison.si\/?s={search_term_string}\"},\"query-input\":\"required name=search_term_string\"}],\"inLanguage\":\"en-US\"},{\"@type\":\"Organization\",\"@id\":\"https:\/\/magison.si\/#organization\",\"name\":\"Magison Svetovanje\",\"url\":\"https:\/\/magison.si\/\",\"logo\":{\"@type\":\"ImageObject\",\"inLanguage\":\"en-US\",\"@id\":\"https:\/\/magison.si\/#\/schema\/logo\/image\/\",\"url\":\"https:\/\/magison.si\/wp-content\/uploads\/2023\/01\/ZNAK-MAGISON.jpg\",\"contentUrl\":\"https:\/\/magison.si\/wp-content\/uploads\/2023\/01\/ZNAK-MAGISON.jpg\",\"width\":1634,\"height\":542,\"caption\":\"Magison Svetovanje\"},\"image\":{\"@id\":\"https:\/\/magison.si\/#\/schema\/logo\/image\/\"}}]}<\/script>\n<!-- \/ Yoast SEO plugin. -->","yoast_head_json":{"title":"Poslovno-finan\u010dno svetovanje - storitve - Magison Svetovanje","robots":{"index":"index","follow":"follow","max-snippet":"max-snippet:-1","max-image-preview":"max-image-preview:large","max-video-preview":"max-video-preview:-1"},"canonical":"https:\/\/magison.si\/?page_id=866","og_locale":"en_US","og_type":"article","og_title":"Poslovno-finan\u010dno svetovanje - storitve - Magison Svetovanje","og_description":"POSLOVNO-FINAN\u010cNO SVETOVANJE IN STORITVE Poslovodstvo, nadzorni svet in finan\u010dno poslovanje Poslovno-finan\u010dne \u0161tudije, analize in na\u010drti [&hellip;]","og_url":"https:\/\/magison.si\/?page_id=866","og_site_name":"Magison Svetovanje","article_modified_time":"2023-03-31T15:35:30+00:00","og_image":[{"url":"https:\/\/magison.si\/wp-content\/uploads\/2023\/03\/PentljaT.png"}],"twitter_card":"summary_large_image","twitter_misc":{"Est. reading time":"6 minutes"},"schema":{"@context":"https:\/\/schema.org","@graph":[{"@type":"WebPage","@id":"https:\/\/magison.si\/?page_id=866","url":"https:\/\/magison.si\/?page_id=866","name":"Poslovno-finan\u010dno svetovanje - storitve - Magison Svetovanje","isPartOf":{"@id":"https:\/\/magison.si\/#website"},"datePublished":"2023-01-17T21:13:44+00:00","dateModified":"2023-03-31T15:35:30+00:00","breadcrumb":{"@id":"https:\/\/magison.si\/?page_id=866#breadcrumb"},"inLanguage":"en-US","potentialAction":[{"@type":"ReadAction","target":["https:\/\/magison.si\/?page_id=866"]}]},{"@type":"BreadcrumbList","@id":"https:\/\/magison.si\/?page_id=866#breadcrumb","itemListElement":[{"@type":"ListItem","position":1,"name":"Home","item":"https:\/\/magison.si\/"},{"@type":"ListItem","position":2,"name":"Poslovno-finan\u010dno svetovanje &#8211; storitve"}]},{"@type":"WebSite","@id":"https:\/\/magison.si\/#website","url":"https:\/\/magison.si\/","name":"Magison Svetovanje","description":"","publisher":{"@id":"https:\/\/magison.si\/#organization"},"potentialAction":[{"@type":"SearchAction","target":{"@type":"EntryPoint","urlTemplate":"https:\/\/magison.si\/?s={search_term_string}"},"query-input":"required name=search_term_string"}],"inLanguage":"en-US"},{"@type":"Organization","@id":"https:\/\/magison.si\/#organization","name":"Magison Svetovanje","url":"https:\/\/magison.si\/","logo":{"@type":"ImageObject","inLanguage":"en-US","@id":"https:\/\/magison.si\/#\/schema\/logo\/image\/","url":"https:\/\/magison.si\/wp-content\/uploads\/2023\/01\/ZNAK-MAGISON.jpg","contentUrl":"https:\/\/magison.si\/wp-content\/uploads\/2023\/01\/ZNAK-MAGISON.jpg","width":1634,"height":542,"caption":"Magison Svetovanje"},"image":{"@id":"https:\/\/magison.si\/#\/schema\/logo\/image\/"}}]}},"uagb_featured_image_src":{"full":false,"thumbnail":false,"medium":false,"medium_large":false,"large":false,"1536x1536":false,"2048x2048":false},"uagb_author_info":{"display_name":"admin","author_link":"https:\/\/magison.si\/?author=1"},"uagb_comment_info":0,"uagb_excerpt":"POSLOVNO-FINAN\u010cNO SVETOVANJE IN STORITVE Poslovodstvo, nadzorni svet in finan\u010dno poslovanje Poslovno-finan\u010dne \u0161tudije, analize in na\u010drti [&hellip;]","_links":{"self":[{"href":"https:\/\/magison.si\/index.php?rest_route=\/wp\/v2\/pages\/866","targetHints":{"allow":["GET"]}}],"collection":[{"href":"https:\/\/magison.si\/index.php?rest_route=\/wp\/v2\/pages"}],"about":[{"href":"https:\/\/magison.si\/index.php?rest_route=\/wp\/v2\/types\/page"}],"author":[{"embeddable":true,"href":"https:\/\/magison.si\/index.php?rest_route=\/wp\/v2\/users\/1"}],"replies":[{"embeddable":true,"href":"https:\/\/magison.si\/index.php?rest_route=%2Fwp%2Fv2%2Fcomments&post=866"}],"version-history":[{"count":77,"href":"https:\/\/magison.si\/index.php?rest_route=\/wp\/v2\/pages\/866\/revisions"}],"predecessor-version":[{"id":1832,"href":"https:\/\/magison.si\/index.php?rest_route=\/wp\/v2\/pages\/866\/revisions\/1832"}],"wp:attachment":[{"href":"https:\/\/magison.si\/index.php?rest_route=%2Fwp%2Fv2%2Fmedia&parent=866"}],"curies":[{"name":"wp","href":"https:\/\/api.w.org\/{rel}","templated":true}]}}