{"id":835,"date":"2023-01-12T16:36:45","date_gmt":"2023-01-12T16:36:45","guid":{"rendered":"https:\/\/magison.si\/?page_id=835"},"modified":"2023-12-05T18:30:23","modified_gmt":"2023-12-05T18:30:23","slug":"podjetje-v-financnih-tezavah-svetovanje-in-storitve","status":"publish","type":"page","link":"https:\/\/magison.si\/?page_id=835","title":{"rendered":"Podjetje v finan\u010dnih te\u017eavah \u2013 svetovanje in storitve"},"content":{"rendered":"\n<figure class=\"wp-block-image aligncenter size-full is-resized\"><img loading=\"lazy\" decoding=\"async\" width=\"210\" height=\"49\" src=\"https:\/\/magison.si\/wp-content\/uploads\/2023\/03\/PentljaT.png\" alt=\"\" class=\"wp-image-1797\"\/><\/figure>\n\n\n\n<h2 class=\"wp-block-heading has-text-align-center has-text-color\" style=\"color:#7030a0\"><strong>PODJETJE V FINAN\u010cNIH TE\u017dAVAH \u2013 SVETOVANJE IN STORITVE<\/strong><\/h2>\n\n\n\n<style>\n.sidenav {\nbackground:#ffff;  \n  z-index:0;\n  margin:0 auto;\n  \/*border:1px solid red;*\/\n  width:20%;\n  padding-right:3em;\n  position:fixed;  \n  right:0;\n  top: 35%; \n}\n\nli a{color:#7030A0}\nli a:hover {\n  color: #000066 !important;\n}\n\n@media screen and (max-width: 1200px)  \n{     \n.sidenav { display: none; }  \n}\n<\/style>\n<div class=\"sidenav\">\n<ul style=\"list-style-type: none; font-weight:bold;\">\n<li><a href=\"https:\/\/magison.si\/?page_id=1364\">Poslovodstvo, nadzorni svet in insolventnost<\/a><\/li>\n<li><a href=\"https:\/\/magison.si\/?page_id=1366\">Analize, poro\u010dila in ukrepi pri (groze\u010di) insolventnosti<\/a><\/li>\n<li><a href=\"https:\/\/magison.si\/?page_id=1368\">Postopek prisilne poravnave<\/a><\/li>\n<li><a href=\"https:\/\/magison.si\/?page_id=1370\">Postopek preventivnega prestrukturiranja<\/a><\/li>\n<li><a href=\"https:\/\/magison.si\/?page_id=1952\">Postopek sodnega prestrukturiranja<\/a><\/li>\n<li><a href=\"https:\/\/magison.si\/?page_id=1378\">Svetovanje pri vodenju insolventnega podjetja<\/a><\/li><\/li>\n<\/ul>\n<\/div>\n\n\n\n<p><style> .sidenav {&lt;br \/> background:#ffff;&lt;br \/>   z-index:0;&lt;br \/>   margin:0 auto;&lt;br \/>   border:1px solid red;&lt;br \/>   width:20%;&lt;br \/>   padding-right:3em;&lt;br \/>   position:fixed;&lt;br \/>   right:0;&lt;br \/>   top: 35%;&lt;br \/> }&lt;\/p> &lt;p>li a{color:#7030A0}&lt;br \/> li a:hover {&lt;br \/>   color: #000066 !important;&lt;br \/> }&lt;\/p> &lt;p>@media screen and (max-width: 1200px)&lt;br \/> {&lt;br \/> .sidenav { display: none; }&lt;br \/> }&lt;br \/> <\/style><\/p>\n\n\n\n<div class=\"wp-block-group has-text-color is-layout-constrained wp-block-group-is-layout-constrained\" style=\"color:#000066\">\n<p class=\"justify\">Te\u017eave so sestavni del \u017eivljenja, tudi poslovnega. Obi\u010dajno pridejo nepri\u010dakovano, zato njihovega prihoda ne moremo niti prepre\u010diti niti se jim v celoti izogniti. Kako se bomo odzvali na izzive, ki nam jih te\u017eave prinesejo, pa je v celoti odvisno od nas. Od na\u0161ega odziva in ravnanja bo ve\u010dinoma odvisno, kako uspe\u0161no se jim bomo zoperstavili, kar velja tudi za <strong>finan\u010dne te\u017eave in insolventnost<\/strong>.<\/p>\n\n\n\n<figure class=\"wp-block-image size-large\"><img loading=\"lazy\" decoding=\"async\" width=\"1024\" height=\"529\" src=\"https:\/\/magison.si\/wp-content\/uploads\/2023\/03\/400-1-1024x529.jpg\" alt=\"\" class=\"wp-image-1431\" srcset=\"https:\/\/magison.si\/wp-content\/uploads\/2023\/03\/400-1-1024x529.jpg 1024w, https:\/\/magison.si\/wp-content\/uploads\/2023\/03\/400-1-300x155.jpg 300w, https:\/\/magison.si\/wp-content\/uploads\/2023\/03\/400-1-768x397.jpg 768w, https:\/\/magison.si\/wp-content\/uploads\/2023\/03\/400-1.jpg 1220w\" sizes=\"auto, (max-width: 1024px) 100vw, 1024px\" \/><\/figure>\n\n\n\n<p class=\"justify\">Pomembno je, da <strong>poslovodstvo \u017ee pred nastopom resnih poslovno-finan\u010dnih te\u017eav deluje preventivno<\/strong>. To pomeni, da sku\u0161a v \u010dim ve\u010dji meri prepre\u010devati njihov nastop po eni strani, po drugi pa bo skrbno poslovodstvo podjetje na morebitne huj\u0161e te\u017eave \u017ee vnaprej optimalno pripravilo. Klju\u010dna podro\u010dja preventivnega delovanja poslovodstva pred insolventnostjo, ki bodo bistveno pove\u010dala mo\u017enosti za pre\u017eivetje podjetja ob morebitnem nastopu insolventnosti, so: delovanje v smeri tako krepitve kot tudi prepre\u010devanja poslab\u0161anja pla\u010dilne sposobnosti; izobra\u017eevanja o te\u017eavah in insolventnosti; spremljanje pokazateljev te\u017eav\/insolventnosti ter hitro ugotavljanje morebitne (groze\u010de) insolventnosti. <strong><a href=\"https:\/\/magison.si\/?page_id=1364\" data-type=\"page\" data-id=\"1364\">Ve\u010d \u2026<\/a><\/strong><\/p>\n\n\n\n<p class=\"justify\">Zato tudi ZFPPIPP nalaga poslovodstvu, da <strong>nenehno spremlja dogajanja, ki bi lahko ogrozila nadaljnji obstoj dru\u017ebe<\/strong>. In, \u010de zazna tak razvoj dogodkov, ki bo verjetno bistveno vplival tudi na prihodnjo pla\u010dilno sposobnost dru\u017ebe, <strong>sprejme ustrezne ukrepe<\/strong> finan\u010dnega prestrukturiranja s ciljem odprave vzrokov groze\u010de insolventnosti. O tem poslovodstvo nemudoma <strong>poro\u010da<\/strong> organom nadzora. V kolikor dru\u017ebi grozi insolventnost, je poslovodstvo tudi <strong>omejeno v svojih ravnanjih<\/strong>, saj mora zagotoviti enakopravno obravnavo upnikov, upo\u0161tevati interese upnikov, lastnikov in drugih ter se izogibati ravnanjem, ki bi zmanj\u0161evala premo\u017eenje dru\u017ebe ali ogro\u017eala pre\u017eivetje dru\u017ebe. V primeru, da poslovno-finan\u010dni ukrepi, ki so v pristojnosti poslovodstva ali organov dru\u017ebe, ne zadostujejo za odpravo vzrokov groze\u010de insolventnosti, lahko dru\u017eba uporabi tudi dva sodna postopka, ki jih zakonodaja omogo\u010da dru\u017ebam v stanju, ko insolventnost \u0161e ni nastopila, ji pa verjetno grozi v enem letu. To sta <strong><a href=\"https:\/\/magison.si\/?page_id=1370\">Postopek preventivnega prestrukturiranja<\/a><\/strong> in <strong><a href=\"https:\/\/magison.si\/?page_id=1952\">Postopek sodnega prestrukturiranja zaradi odprave groze\u010de insolventnosti<\/a><\/strong> (uporaba slednjega bo mogo\u010da po 1.1.2025).  Te\u017ei\u0161\u010de aktivnosti poslovodstva glede finan\u010dnih te\u017eav podjetij mora tako biti v spremljanju dogajanja v podjetju,  zgodnjem predvidevanju te\u017eav ter v odpravljanju vzrokov te\u017eav v smislu, da do resnih finan\u010dnih te\u017eav sploh ne pride. Klju\u010dno orodje pri tem so analize finan\u010dnega polo\u017eaja in poslovanja ter finan\u010dno na\u010drtovanje, katerim je potrebno v podjetjih nameniti ustrezno pozornost.  <strong><a data-type=\"page\" data-id=\"1366\" href=\"https:\/\/magison.si\/?page_id=1366\">Ve\u010d \u2026<\/a><\/strong><\/p>\n\n\n\n<p class=\"justify\">\u010ce pa te\u017eave nastopijo nepredvideno in\/ali v takem obsegu, da povzro\u010dijo resne finan\u010dne te\u017eave in insolventnost, jih nikakor ne ignorirajmo in pometajmo pod preprogo, ampak se z njimi takoj soo\u010dimo in ukrepajmo. <strong>Takoj\u0161nja ugotovitev insolventnosti, upo\u0161tevanje prepovedi v poslovanju, izvajanje dol\u017enih ravnanj ter sprejetje klju\u010dnih odlo\u010ditev<\/strong> o mo\u017enostih, na\u010dinih in ukrepih za odpravo insolventnosti, so osnovne aktivnosti, katerim mora biti poslovodstvo popolnoma predano ob nastanku insolventnosti. V nasprotnem primeru lahko tako upniki kot podjetje samo <strong>uveljavljajo od\u0161kodninske zahtevke zoper poslovodstvo<\/strong>.  <\/p>\n\n\n\n<figure class=\"wp-block-image size-large\"><img loading=\"lazy\" decoding=\"async\" width=\"1024\" height=\"576\" src=\"https:\/\/magison.si\/wp-content\/uploads\/2023\/03\/400-2-1024x576.jpg\" alt=\"\" class=\"wp-image-1432\" srcset=\"https:\/\/magison.si\/wp-content\/uploads\/2023\/03\/400-2-1024x576.jpg 1024w, https:\/\/magison.si\/wp-content\/uploads\/2023\/03\/400-2-300x169.jpg 300w, https:\/\/magison.si\/wp-content\/uploads\/2023\/03\/400-2-768x432.jpg 768w, https:\/\/magison.si\/wp-content\/uploads\/2023\/03\/400-2.jpg 1507w\" sizes=\"auto, (max-width: 1024px) 100vw, 1024px\" \/><\/figure>\n\n\n\n<p class=\"justify\">Poslovodstvo ima <strong>\u010dasa zgolj 30 dni od nastanka insolventnosti<\/strong>, da oceni mo\u017enosti za ponovno zagotovitev pla\u010dilne sposobnosti in kapitalske ustreznosti, da oblikuje primerne ukrepe finan\u010dnega prestrukturiranja ter, da jih izvede. Tako tiste, ki so v pristojnosti same uprave, kot tiste, ki so v pristojnost skup\u0161\u010dine. \u010ce nabor tovrstnih &#8220;internih&#8221; ukrepov ne zadostuje za odpravo vzrokov insolventnosti, mora poslovodstvo oceniti \u0161e izvedljivost prisilne poravnave. V primeru ocenjene izvedljivosti prisilne poravnave mora poslovodstvo v 30 dneh od nastanka insolventnosti vlo\u017eiti predlog za za\u010detek postopka prisilne poravnave. V kolikor pa oceni, da prisilna poravnava ni izvedljiva,  mora v istem roku vlo\u017eiti predlog za za\u010detek ste\u010dajnega postopka.  <\/p>\n\n\n\n<p class=\"justify\">Podro\u010dje insolventnosti je zelo natan\u010dno urejeno v ZFPPIPP, vklju\u010dno s kratkimi roki za izvedbo dol\u017enih aktivnosti in je obenem strokovno (pravno in ekonomsko) zahtevno, zato je potrebno ukrepati  izjemno hitro in premi\u0161ljeno, saj je odgovornost poslovodstva v tovrstnih stresnih situacijah izjemno velika.<\/p>\n\n\n\n<p class=\"justify\"><strong>Postopek prisilne<\/strong> <strong>poravnave<\/strong> je z ZFPPIPP natan\u010dno predpisan sodni postopek, namenjen <strong>podjetjem, ki so \u017ee v stanju insolventnosti<\/strong>, da z zmanj\u0161anjem in odlogom svojih obveznosti lahko ponovno zagotovijo pla\u010dilno sposobnost in kapitalsko ustreznost podjetja. <strong><a data-type=\"page\" data-id=\"1368\" href=\"https:\/\/magison.si\/?page_id=1368\">Ve\u010d \u2026<\/a><\/strong><\/p>\n\n\n\n<p class=\"justify\"><strong>Postopek preventivnega prestrukturiranja<\/strong> je z ZFPPIPP natan\u010dno predpisan sodni postopek, namenjen <strong>podjetjem, ki jim v enem letu grozi stanje insolventnosti<\/strong>, da s prestrukturiranjem svojih <strong>finan\u010dnih obveznosti (do bank in drugih finan\u010dnih upnikov)<\/strong> odpravijo vzroke, zaradi katerih bi lahko postali insolventni. <strong><a href=\"https:\/\/magison.si\/?page_id=1370\">Ve\u010d \u2026<\/a><\/strong><\/p>\n\n\n\n<p class=\"justify\"><strong>Postopek sodnega prestrukturiranja zaradi odprave groze\u010de insolventnosti<\/strong> je z ZFPPIPP natan\u010dno predpisan sodni postopek, namenjen <strong>podjetjem, ki jim v enem letu grozi stanje insolventnosti<\/strong>, da s prestrukturiranjem <strong>vseh svojih obveznosti (finan\u010dnih in poslovnih) <\/strong>odpravijo vzroke, zaradi katerih bi lahko postali insolventni. Ta postopek bo mogo\u010de uporabiti po 1.1.2025. <strong><a href=\"https:\/\/magison.si\/?page_id=1952\">Ve\u010d \u2026<\/a><\/strong><\/p>\n\n\n\n<p class=\"justify\"><strong>Vodenje insolventnega podjetja<\/strong> je posebej zahtevno opravilo. Po eni strani zaradi poznavanja insolven\u010dne zakonodaje, postopkov, omejitev in logike, po drugi strani pa z vidika potrebnega \u010dasa. Marsikateri poslovodja zaradi najrazli\u010dnej\u0161ih razlogov velikokrat nima \u010dasa niti za redne poslovne aktivnosti (kupci, dobavitelji, zaposleni, banke, strokovni nadzor), zato se te\u017eko s potrebno zavzetostjo posveti \u0161e problemom, povezanim z insolventnostjo. Napa\u010dne ali prepozne odlo\u010ditve poslovodje v stanju insolventnosti podjetja lahko zaradi nepoznavanja zakonodaje in postopkov ali zaradi povsem nepotrebnih napak pomenijo&nbsp; prekinitev postopka prisilne poravnave in za\u010detek ste\u010dajnega postopka. To je velik stresni dejavnik za poslovodstvo pri vodenju insolventnega podjetja, zato se bo odgovorni poslovodja ustrezno pripravil. <strong><a data-type=\"page\" data-id=\"1378\" href=\"https:\/\/magison.si\/?page_id=1378\">Ve\u010d \u2026<\/a><\/strong><\/p>\n\n\n\n<figure class=\"wp-block-image size-full\"><img loading=\"lazy\" decoding=\"async\" width=\"985\" height=\"656\" src=\"https:\/\/magison.si\/wp-content\/uploads\/2023\/03\/400-3.jpg\" alt=\"\" class=\"wp-image-1433\" srcset=\"https:\/\/magison.si\/wp-content\/uploads\/2023\/03\/400-3.jpg 985w, https:\/\/magison.si\/wp-content\/uploads\/2023\/03\/400-3-300x200.jpg 300w, https:\/\/magison.si\/wp-content\/uploads\/2023\/03\/400-3-768x511.jpg 768w\" sizes=\"auto, (max-width: 985px) 100vw, 985px\" \/><\/figure>\n\n\n\n<p class=\"justify\">\u010ce se je va\u0161e podjetje zna\u0161lo v stanju (groze\u010de) pla\u010dilne nesposobnosti ali kapitalske neustreznosti oziroma <strong>insolventnosti<\/strong>, ni pomembno, \u010de ste samostojni podjetnik, direktor manj\u0161ega ali srednje velikega podjetja, predsednik uprave ali pa \u010dlan nadzornega sveta. Kot odgovorna oseba se boste morali v vsakem primeru odlo\u010dati hitro, preudarno, <strong>izvesti zakonsko predvidene postopke in ravnanja<\/strong>, obenem pa boste morali skrbeti \u0161e za to, da bo podjetje \u010dim bolj <strong>normalno poslovalo tudi v stanju&nbsp;(groze\u010de) insolventnosti<\/strong>. Zato boste verjetno potrebovali pomo\u010d izku\u0161enega strokovnjaka s podro\u010dja insolven\u010dnih postopkov. Poznavanje postopkov, omejitev in dol\u017enih ravnanj, njihova pravo\u010dasna izvedba, obenem pa vsebinsko kvalitetna analiza te\u017eav in vzrokov, kakor tudi mo\u017enih ukrepov za re\u0161itev stanja, so mnogokrat prehud zalogaj za kader znotraj podjetij, saj s tako situacijo in kompleksno zakonodajo nimajo ustreznih izku\u0161enj, \u0161e pogosteje pa takega kadra v podjetju preprosto ni.<\/p>\n<\/div>\n\n\n\n<div class=\"wp-block-group has-text-color is-layout-constrained wp-block-group-is-layout-constrained\" style=\"color:#000066\">\n<p class=\"justify\"><strong><em>Kdaj se kot skrbni gospodar obrnete na izku\u0161enega strokovnjaka s podro\u010dja insolven\u010dne zakonodaje in postopkov?<\/em><\/strong><\/p>\n\n\n\n<ul class=\"check wp-block-list\">\n<li>Ne veste, katere poslovne parametre spremljati, da <strong>ne<\/strong> <strong>zamudite ugotovitve<\/strong> (groze\u010de) insolventnosti?<\/li>\n\n\n\n<li>Grozi vam insolventnost, pa <strong>niste prepri\u010dani o obsegu in vrsti potrebnih in mo\u017enih ukrepov<\/strong>. <\/li>\n\n\n\n<li>V stanju (groze\u010de) insolventnosti <strong>nimate niti kadra niti izku\u0161enj<\/strong>, da bi pripravili kvalitetno analizo stanja in predvideli ukrepe finan\u010dnega prestrukturiranja?<\/li>\n\n\n\n<li>V podjetju se ne strinjate o tem, <strong>kaj je pravi vzrok<\/strong> za pla\u010dilno nesposobnost.<\/li>\n\n\n\n<li>Podjetju <strong>grozi insolventnost &#8211; kaj pa zdaj?<\/strong><\/li>\n\n\n\n<li>Ugotovili ste, da je <strong>podjetje postalo<\/strong> <strong>insolventno &#8211; kaj pa zdaj<\/strong>?<\/li>\n\n\n\n<li><strong>Ne poznate klju\u010dnih zna\u010dilnosti sodnih postopkov<\/strong> v zvezi z groze\u010do insolventnostjo in v zvezi z insolventnostjo. <\/li>\n\n\n\n<li><strong>Ne \u017eelite sami sprejeti odlo\u010ditev <\/strong>o ukrepih finan\u010dnega prestrukturiranja?<\/li>\n\n\n\n<li>Niste prepri\u010dani, da se va\u0161e <strong>podjetje sploh da re\u0161iti iz finan\u010dnih te\u017eav<\/strong>?<\/li>\n\n\n\n<li>Je <strong>prisilna poravnava prava re\u0161itev<\/strong> za podjetje?<\/li>\n\n\n\n<li>Ne veste, <strong>kako v praksi izgleda prisilna poravnava<\/strong> in ali ste jo sposobni sami izpeljati?<\/li>\n\n\n\n<li>Nimate kadra, ki bi vam izdelal <strong>vlogo za za\u010detek postopka<\/strong> prisilne poravnave?<\/li>\n\n\n\n<li>Ste \u017ee v postopku prisilne poravnave, pa <strong>se ne znajdete med vsemi potrebnimi opravili, postopki, roki<\/strong>?<\/li>\n<\/ul>\n<\/div>\n\n\n\n<div class=\"wp-block-group has-text-color is-layout-constrained wp-block-group-is-layout-constrained\" style=\"color:#7030a0\">\n<p class=\"justify\"><strong>STROKOVNOST, NEPRISTRANSKOST, ZANESLJIVOST, ZAUPNOST<\/strong> <strong>IN IZKU\u0160ENJE <\/strong><strong>iz ve\u010d kot 170 projektov prisilnih poravnav<\/strong> so temelji, zaradi katerih lahko pri vpra\u0161anjih v zvezi z insolventnostjo&nbsp; <strong><em>ZAUPATE RAVNO NAM<\/em><\/strong>.<\/p>\n\n\n\n<p><strong><em>Imate dodatna vpra\u0161anja? Vas zanima ve\u010d?<\/em><\/strong><\/p>\n\n\n\n<p><strong><em>Pi\u0161ite nam, pokli\u010dite nas, povpra\u0161ajte za ponudbo.<\/em><\/strong><\/p>\n\n\n\n<p><strong><em>Potrudili se bomo najti ustrezne strokovne re\u0161itve za vas.<\/em><\/strong><\/p>\n<\/div>\n\n\n\n<div style=\"height:100px\" aria-hidden=\"true\" class=\"wp-block-spacer\"><\/div>\n","protected":false},"excerpt":{"rendered":"<p>PODJETJE V FINAN\u010cNIH TE\u017dAVAH \u2013 SVETOVANJE IN STORITVE Poslovodstvo, nadzorni svet in insolventnost Analize, poro\u010dila [&hellip;]<\/p>\n","protected":false},"author":1,"featured_media":0,"parent":0,"menu_order":0,"comment_status":"closed","ping_status":"closed","template":"","meta":{"_uag_custom_page_level_css":"","footnotes":""},"class_list":["post-835","page","type-page","status-publish","hentry"],"yoast_head":"<!-- This site is optimized with the Yoast SEO plugin v20.4 - https:\/\/yoast.com\/wordpress\/plugins\/seo\/ -->\n<title>Podjetje v finan\u010dnih te\u017eavah \u2013 svetovanje in storitve - Magison Svetovanje<\/title>\n<meta name=\"robots\" content=\"index, follow, max-snippet:-1, max-image-preview:large, max-video-preview:-1\" \/>\n<link rel=\"canonical\" href=\"https:\/\/magison.si\/?page_id=835\" \/>\n<meta property=\"og:locale\" content=\"en_US\" \/>\n<meta property=\"og:type\" content=\"article\" \/>\n<meta property=\"og:title\" content=\"Podjetje v finan\u010dnih te\u017eavah \u2013 svetovanje in storitve - Magison Svetovanje\" \/>\n<meta property=\"og:description\" content=\"PODJETJE V FINAN\u010cNIH TE\u017dAVAH \u2013 SVETOVANJE IN STORITVE Poslovodstvo, nadzorni svet in insolventnost Analize, poro\u010dila [&hellip;]\" \/>\n<meta property=\"og:url\" content=\"https:\/\/magison.si\/?page_id=835\" \/>\n<meta property=\"og:site_name\" content=\"Magison Svetovanje\" \/>\n<meta property=\"article:modified_time\" content=\"2023-12-05T18:30:23+00:00\" \/>\n<meta property=\"og:image\" content=\"https:\/\/magison.si\/wp-content\/uploads\/2023\/03\/PentljaT.png\" \/>\n<meta name=\"twitter:card\" content=\"summary_large_image\" \/>\n<meta name=\"twitter:label1\" content=\"Est. reading time\" \/>\n\t<meta name=\"twitter:data1\" content=\"7 minutes\" \/>\n<script type=\"application\/ld+json\" class=\"yoast-schema-graph\">{\"@context\":\"https:\/\/schema.org\",\"@graph\":[{\"@type\":\"WebPage\",\"@id\":\"https:\/\/magison.si\/?page_id=835\",\"url\":\"https:\/\/magison.si\/?page_id=835\",\"name\":\"Podjetje v finan\u010dnih te\u017eavah \u2013 svetovanje in storitve - Magison Svetovanje\",\"isPartOf\":{\"@id\":\"https:\/\/magison.si\/#website\"},\"datePublished\":\"2023-01-12T16:36:45+00:00\",\"dateModified\":\"2023-12-05T18:30:23+00:00\",\"breadcrumb\":{\"@id\":\"https:\/\/magison.si\/?page_id=835#breadcrumb\"},\"inLanguage\":\"en-US\",\"potentialAction\":[{\"@type\":\"ReadAction\",\"target\":[\"https:\/\/magison.si\/?page_id=835\"]}]},{\"@type\":\"BreadcrumbList\",\"@id\":\"https:\/\/magison.si\/?page_id=835#breadcrumb\",\"itemListElement\":[{\"@type\":\"ListItem\",\"position\":1,\"name\":\"Home\",\"item\":\"https:\/\/magison.si\/\"},{\"@type\":\"ListItem\",\"position\":2,\"name\":\"Podjetje v finan\u010dnih te\u017eavah \u2013 svetovanje in storitve\"}]},{\"@type\":\"WebSite\",\"@id\":\"https:\/\/magison.si\/#website\",\"url\":\"https:\/\/magison.si\/\",\"name\":\"Magison Svetovanje\",\"description\":\"\",\"publisher\":{\"@id\":\"https:\/\/magison.si\/#organization\"},\"potentialAction\":[{\"@type\":\"SearchAction\",\"target\":{\"@type\":\"EntryPoint\",\"urlTemplate\":\"https:\/\/magison.si\/?s={search_term_string}\"},\"query-input\":\"required name=search_term_string\"}],\"inLanguage\":\"en-US\"},{\"@type\":\"Organization\",\"@id\":\"https:\/\/magison.si\/#organization\",\"name\":\"Magison Svetovanje\",\"url\":\"https:\/\/magison.si\/\",\"logo\":{\"@type\":\"ImageObject\",\"inLanguage\":\"en-US\",\"@id\":\"https:\/\/magison.si\/#\/schema\/logo\/image\/\",\"url\":\"https:\/\/magison.si\/wp-content\/uploads\/2023\/01\/ZNAK-MAGISON.jpg\",\"contentUrl\":\"https:\/\/magison.si\/wp-content\/uploads\/2023\/01\/ZNAK-MAGISON.jpg\",\"width\":1634,\"height\":542,\"caption\":\"Magison Svetovanje\"},\"image\":{\"@id\":\"https:\/\/magison.si\/#\/schema\/logo\/image\/\"}}]}<\/script>\n<!-- \/ Yoast SEO plugin. -->","yoast_head_json":{"title":"Podjetje v finan\u010dnih te\u017eavah \u2013 svetovanje in storitve - Magison Svetovanje","robots":{"index":"index","follow":"follow","max-snippet":"max-snippet:-1","max-image-preview":"max-image-preview:large","max-video-preview":"max-video-preview:-1"},"canonical":"https:\/\/magison.si\/?page_id=835","og_locale":"en_US","og_type":"article","og_title":"Podjetje v finan\u010dnih te\u017eavah \u2013 svetovanje in storitve - Magison Svetovanje","og_description":"PODJETJE V FINAN\u010cNIH TE\u017dAVAH \u2013 SVETOVANJE IN STORITVE Poslovodstvo, nadzorni svet in insolventnost Analize, poro\u010dila [&hellip;]","og_url":"https:\/\/magison.si\/?page_id=835","og_site_name":"Magison Svetovanje","article_modified_time":"2023-12-05T18:30:23+00:00","og_image":[{"url":"https:\/\/magison.si\/wp-content\/uploads\/2023\/03\/PentljaT.png"}],"twitter_card":"summary_large_image","twitter_misc":{"Est. reading time":"7 minutes"},"schema":{"@context":"https:\/\/schema.org","@graph":[{"@type":"WebPage","@id":"https:\/\/magison.si\/?page_id=835","url":"https:\/\/magison.si\/?page_id=835","name":"Podjetje v finan\u010dnih te\u017eavah \u2013 svetovanje in storitve - Magison Svetovanje","isPartOf":{"@id":"https:\/\/magison.si\/#website"},"datePublished":"2023-01-12T16:36:45+00:00","dateModified":"2023-12-05T18:30:23+00:00","breadcrumb":{"@id":"https:\/\/magison.si\/?page_id=835#breadcrumb"},"inLanguage":"en-US","potentialAction":[{"@type":"ReadAction","target":["https:\/\/magison.si\/?page_id=835"]}]},{"@type":"BreadcrumbList","@id":"https:\/\/magison.si\/?page_id=835#breadcrumb","itemListElement":[{"@type":"ListItem","position":1,"name":"Home","item":"https:\/\/magison.si\/"},{"@type":"ListItem","position":2,"name":"Podjetje v finan\u010dnih te\u017eavah \u2013 svetovanje in storitve"}]},{"@type":"WebSite","@id":"https:\/\/magison.si\/#website","url":"https:\/\/magison.si\/","name":"Magison Svetovanje","description":"","publisher":{"@id":"https:\/\/magison.si\/#organization"},"potentialAction":[{"@type":"SearchAction","target":{"@type":"EntryPoint","urlTemplate":"https:\/\/magison.si\/?s={search_term_string}"},"query-input":"required name=search_term_string"}],"inLanguage":"en-US"},{"@type":"Organization","@id":"https:\/\/magison.si\/#organization","name":"Magison Svetovanje","url":"https:\/\/magison.si\/","logo":{"@type":"ImageObject","inLanguage":"en-US","@id":"https:\/\/magison.si\/#\/schema\/logo\/image\/","url":"https:\/\/magison.si\/wp-content\/uploads\/2023\/01\/ZNAK-MAGISON.jpg","contentUrl":"https:\/\/magison.si\/wp-content\/uploads\/2023\/01\/ZNAK-MAGISON.jpg","width":1634,"height":542,"caption":"Magison Svetovanje"},"image":{"@id":"https:\/\/magison.si\/#\/schema\/logo\/image\/"}}]}},"uagb_featured_image_src":{"full":false,"thumbnail":false,"medium":false,"medium_large":false,"large":false,"1536x1536":false,"2048x2048":false},"uagb_author_info":{"display_name":"admin","author_link":"https:\/\/magison.si\/?author=1"},"uagb_comment_info":0,"uagb_excerpt":"PODJETJE V FINAN\u010cNIH TE\u017dAVAH \u2013 SVETOVANJE IN STORITVE Poslovodstvo, nadzorni svet in insolventnost Analize, poro\u010dila [&hellip;]","_links":{"self":[{"href":"https:\/\/magison.si\/index.php?rest_route=\/wp\/v2\/pages\/835","targetHints":{"allow":["GET"]}}],"collection":[{"href":"https:\/\/magison.si\/index.php?rest_route=\/wp\/v2\/pages"}],"about":[{"href":"https:\/\/magison.si\/index.php?rest_route=\/wp\/v2\/types\/page"}],"author":[{"embeddable":true,"href":"https:\/\/magison.si\/index.php?rest_route=\/wp\/v2\/users\/1"}],"replies":[{"embeddable":true,"href":"https:\/\/magison.si\/index.php?rest_route=%2Fwp%2Fv2%2Fcomments&post=835"}],"version-history":[{"count":35,"href":"https:\/\/magison.si\/index.php?rest_route=\/wp\/v2\/pages\/835\/revisions"}],"predecessor-version":[{"id":2098,"href":"https:\/\/magison.si\/index.php?rest_route=\/wp\/v2\/pages\/835\/revisions\/2098"}],"wp:attachment":[{"href":"https:\/\/magison.si\/index.php?rest_route=%2Fwp%2Fv2%2Fmedia&parent=835"}],"curies":[{"name":"wp","href":"https:\/\/api.w.org\/{rel}","templated":true}]}}