{"id":833,"date":"2023-01-12T16:36:22","date_gmt":"2023-01-12T16:36:22","guid":{"rendered":"https:\/\/magison.si\/?page_id=833"},"modified":"2023-03-31T15:36:31","modified_gmt":"2023-03-31T15:36:31","slug":"ocenitev-vrednosti-podjetja","status":"publish","type":"page","link":"https:\/\/magison.si\/?page_id=833","title":{"rendered":"Ocenitev vrednosti podjetja"},"content":{"rendered":"\n<figure class=\"wp-block-image aligncenter size-full is-resized\"><img decoding=\"async\" src=\"https:\/\/magison.si\/wp-content\/uploads\/2023\/03\/PentljaT.png\" alt=\"\" class=\"wp-image-1797\" width=\"170\"\/><\/figure>\n\n\n\n<h2 class=\"wp-block-heading has-text-align-center has-text-color\" style=\"color:#7030a0\"><strong>OCENITEV VREDNOSTI PODJETJA<\/strong><\/h2>\n\n\n\n<div class=\"wp-block-group is-layout-constrained wp-block-group-is-layout-constrained\">\n<style>\n.sidenav {\nbackground:#ffff;  \n  z-index:0;\n  margin:0 auto;\n  \/*border:1px solid red;*\/\n  width:20%;\n  padding-right:3em;\n  position:fixed;  \n  right:0;\n  top: 35%; \n}\n\nli a{color:#7030A0}\nli a:hover {\n  color: #000066 !important;\n}\n\n@media screen and (max-width: 1200px)  \n{     \n.sidenav { display: none; }  \n}\n<\/style>\n<div class=\"sidenav\">\n<ul style=\"list-style-type: none; font-weight:bold;\">\n<li><a href=\"https:\/\/magison.si\/?page_id=1265\">Ocenitev vrednosti podjetja za razli\u010dne namene<\/a><\/li>\n<li><a href=\"https:\/\/magison.si\/?page_id=1269\">Ocenitev izgubljenega dobi\u010dka &#8211; poslovne \u0161kode<\/a><\/li>\n<li><a href=\"https:\/\/magison.si\/?page_id=1272\">Ocenitev vrednosti neopredmetenih sredstev <\/a><\/li>\n<li><a href=\"https:\/\/magison.si\/?page_id=1275\">Oblikovanje strategije pove\u010devanja vrednosti podjetja<\/a><\/li>\n<\/ul>\n<\/div>\n\n\n\n<figure class=\"wp-block-image aligncenter size-large is-resized\"><img loading=\"lazy\" decoding=\"async\" src=\"https:\/\/magison.si\/wp-content\/uploads\/2023\/03\/300-1-1024x482.jpg\" alt=\"\" class=\"wp-image-1314\" width=\"591\" height=\"278\" srcset=\"https:\/\/magison.si\/wp-content\/uploads\/2023\/03\/300-1-1024x482.jpg 1024w, https:\/\/magison.si\/wp-content\/uploads\/2023\/03\/300-1-300x141.jpg 300w, https:\/\/magison.si\/wp-content\/uploads\/2023\/03\/300-1-768x362.jpg 768w, https:\/\/magison.si\/wp-content\/uploads\/2023\/03\/300-1.jpg 1089w\" sizes=\"auto, (max-width: 591px) 100vw, 591px\" \/><\/figure>\n\n\n\n<p class=\"justify has-text-color\" style=\"color:#000066\">Trg podjetij, delnic, dele\u017eev in drugih vrst kapitala se od privatizacije podjetij v 90-tih letih razvija tudi v Sloveniji. Privatna podjetja vseh velikosti se prodajajo, zdru\u017eujejo, kupujejo, prevrednotujejo, dokapitalizirajo, dedujejo, obdav\u010dujejo, o\u0161kodujejo\u2026. Te in mnoge druge situacije narekujejo <strong>potrebo po nepristranski in strokovni oceni vrednosti podjetja ali poslovne \u0161kode<\/strong>. Zato je dejavnost ocenjevanja vrednosti podjetij pomemben del trga&nbsp; kapitala podjetij. Ocenitve vrednosti namre\u010d postavljajo vrednostna izhodi\u0161\u010da za dogovor med udele\u017eenci tovrstnih poslovnih transakcij. To visoko strokovno in neodvisno dejavnost, ki se odvija pod okriljem Slovenskega in\u0161tituta za revizijo, opredeljuje Zakon o revidiranju in Mednarodni standardi ocenjevanja vrednosti (podjetij).<\/p>\n\n\n\n<p class=\"justify has-text-color\" style=\"color:#000066\">Na osnovi veljavnega <strong>Dovoljenja za opravljanje nalog<\/strong> <strong>poobla\u0161\u010denega ocenjevalca vrednosti podjetij (DOP-1\/22-181)<\/strong>, bogatih izku\u0161enj z vrednotenjem in vodenjem podjetij, vas lahko na najvi\u0161jem strokovnem nivoju seznanimo s problematiko ocenjevanja vrednosti podjetja, vam svetujemo o odprtih dilemah ocenjevanja vrednosti ter zagotovimo ustrezna <strong>cenitvena poro\u010dila<\/strong>, skladno z veljavno zakonodajo in standardi ocenjevanja vrednosti. Lahko vam tudi svetujemo, <strong>kako pristopiti k strategiji pove\u010danja vrednosti<\/strong> va\u0161ega podjetja.<\/p>\n\n\n\n<figure class=\"wp-block-image aligncenter size-large is-resized\"><img loading=\"lazy\" decoding=\"async\" src=\"https:\/\/magison.si\/wp-content\/uploads\/2023\/03\/300-2-1024x494.jpg\" alt=\"\" class=\"wp-image-1315\" width=\"684\" height=\"329\" srcset=\"https:\/\/magison.si\/wp-content\/uploads\/2023\/03\/300-2-1024x494.jpg 1024w, https:\/\/magison.si\/wp-content\/uploads\/2023\/03\/300-2-300x145.jpg 300w, https:\/\/magison.si\/wp-content\/uploads\/2023\/03\/300-2-768x370.jpg 768w, https:\/\/magison.si\/wp-content\/uploads\/2023\/03\/300-2.jpg 1359w\" sizes=\"auto, (max-width: 684px) 100vw, 684px\" \/><\/figure>\n<\/div>\n\n\n\n<div class=\"wp-block-group has-text-color is-layout-constrained wp-block-group-is-layout-constrained\" style=\"color:#000066\">\n<p class=\"has-text-color\" style=\"color:#000066\"><strong><em>Kdaj se poslovodja\/dru\u017ebenik\/delni\u010dar\/samostojni podjetnik obrne na izku\u0161enega ocenjevalca vrednosti podjetij?<\/em><\/strong><\/p>\n\n\n\n<ul class=\"check justify wp-block-list\">\n<li><strong><em>Kupujete\/prodajate<\/em><\/strong><em> podjetje ali njegov dele\u017e, a ne veste, kak\u0161na je vrednost podjetja?<\/em><\/li>\n\n\n\n<li><strong><em>Ste eden od dedi\u010dev pokojnega lastnika podjetja<\/em><\/strong><em>, pa se z ostalimi ne morete dogovoriti o vrednosti dele\u017eev podjetja?<\/em><\/li>\n\n\n\n<li><em>Va\u0161 <strong>revizor zahteva ocenitev po\u0161tene vrednosti <\/strong>h\u010derinske dru\u017ebe zaradi morebitnih slabitev?<\/em><\/li>\n\n\n\n<li><strong><em>Kupiti in pridru\u017eiti nameravate konkuren\u010dno podjetje<\/em><\/strong><em>, pa vas zanima, kako bo to vplivalo na vrednost va\u0161ega \u00bbnovonastalega\u00ab podjetja?<\/em><\/li>\n\n\n\n<li><strong><em>\u0160li ste v pokoj oziroma iz dru\u017ebe izstopate kot dru\u017ebenik<\/em><\/strong><em>, pa potrebujete iz\u010drpne informacije o vrednostnem vidiku urejanja odnosov z ostalimi dru\u017ebeniki?<\/em><\/li>\n\n\n\n<li><strong><em>Nameravate dokapitalizirati podjetje in z investicijo uvesti nov program<\/em><\/strong><em> ter dru\u017ebenikom in investitorjem predstaviti, kako bo to vplivalo na vrednost njihovih dele\u017eev?<\/em><\/li>\n\n\n\n<li><em>Ho\u010dete vedeti, <strong>kak\u0161en bi bil va\u0161 izkupi\u010dek ob morebitni odlo\u010ditvi, da prostovoljno likvidirate podjetje<\/strong>?<\/em><\/li>\n\n\n\n<li><strong><em>Vas zanima obseg poslovne \u0161kode<\/em><\/strong><em> \u2013 izgubljenih dobi\u010dkov zaradi ravnanja poslovnega partnerja?<\/em><\/li>\n\n\n\n<li><em>\u017delite <strong>oblikovati strategijo za pove\u010devanje vrednosti<\/strong> va\u0161ega podjetja?<\/em><em><\/em><\/li>\n<\/ul>\n<\/div>\n\n\n\n<div class=\"wp-block-group has-text-color is-layout-constrained wp-block-group-is-layout-constrained\" style=\"color:#7030a0\">\n<p class=\"justify\"><strong>STROKOVNOST, NEPRISTRANSKOST, ZANESLJIVOST, ZAUPNOST<\/strong> <strong>IN IZKU\u0160NJE <\/strong><strong>iz ve\u010d kot 140 projektov ocenitev vrednosti podjetja<\/strong> so temelji, zaradi katerih lahko pri vpra\u0161anjih o vrednosti podjetja &nbsp;<strong><em>ZAUPATE RAVNO NAM<\/em><\/strong>.<\/p>\n\n\n\n<p><strong><em>Imate dodatna vpra\u0161anja? Vas zanima ve\u010d?<\/em><\/strong><\/p>\n\n\n\n<p><strong><em>Pi\u0161ite nam, pokli\u010dite nas, povpra\u0161ajte za ponudbo.<\/em><\/strong><\/p>\n\n\n\n<p><strong><em>Potrudili se bomo najti ustrezne strokovne re\u0161itve za vas.<\/em><\/strong><\/p>\n<\/div>\n\n\n\n<div style=\"height:56px\" aria-hidden=\"true\" class=\"wp-block-spacer\"><\/div>\n","protected":false},"excerpt":{"rendered":"<p>OCENITEV VREDNOSTI PODJETJA Ocenitev vrednosti podjetja za razli\u010dne namene Ocenitev izgubljenega dobi\u010dka &#8211; poslovne \u0161kode [&hellip;]<\/p>\n","protected":false},"author":1,"featured_media":0,"parent":0,"menu_order":0,"comment_status":"closed","ping_status":"closed","template":"","meta":{"_uag_custom_page_level_css":"","footnotes":""},"class_list":["post-833","page","type-page","status-publish","hentry"],"yoast_head":"<!-- This site is optimized with the Yoast SEO plugin v20.4 - https:\/\/yoast.com\/wordpress\/plugins\/seo\/ -->\n<title>Ocenitev vrednosti podjetja - Magison Svetovanje<\/title>\n<meta name=\"robots\" content=\"index, follow, max-snippet:-1, max-image-preview:large, max-video-preview:-1\" \/>\n<link rel=\"canonical\" href=\"https:\/\/magison.si\/?page_id=833\" \/>\n<meta property=\"og:locale\" content=\"en_US\" \/>\n<meta property=\"og:type\" content=\"article\" \/>\n<meta property=\"og:title\" content=\"Ocenitev vrednosti podjetja - Magison Svetovanje\" \/>\n<meta property=\"og:description\" content=\"OCENITEV VREDNOSTI PODJETJA Ocenitev vrednosti podjetja za razli\u010dne namene Ocenitev izgubljenega dobi\u010dka &#8211; poslovne \u0161kode [&hellip;]\" \/>\n<meta property=\"og:url\" content=\"https:\/\/magison.si\/?page_id=833\" \/>\n<meta property=\"og:site_name\" content=\"Magison Svetovanje\" \/>\n<meta property=\"article:modified_time\" content=\"2023-03-31T15:36:31+00:00\" \/>\n<meta property=\"og:image\" content=\"https:\/\/magison.si\/wp-content\/uploads\/2023\/03\/PentljaT.png\" \/>\n<meta name=\"twitter:card\" content=\"summary_large_image\" \/>\n<meta name=\"twitter:label1\" content=\"Est. reading time\" \/>\n\t<meta name=\"twitter:data1\" content=\"3 minutes\" \/>\n<script type=\"application\/ld+json\" class=\"yoast-schema-graph\">{\"@context\":\"https:\/\/schema.org\",\"@graph\":[{\"@type\":\"WebPage\",\"@id\":\"https:\/\/magison.si\/?page_id=833\",\"url\":\"https:\/\/magison.si\/?page_id=833\",\"name\":\"Ocenitev vrednosti podjetja - Magison Svetovanje\",\"isPartOf\":{\"@id\":\"https:\/\/magison.si\/#website\"},\"datePublished\":\"2023-01-12T16:36:22+00:00\",\"dateModified\":\"2023-03-31T15:36:31+00:00\",\"breadcrumb\":{\"@id\":\"https:\/\/magison.si\/?page_id=833#breadcrumb\"},\"inLanguage\":\"en-US\",\"potentialAction\":[{\"@type\":\"ReadAction\",\"target\":[\"https:\/\/magison.si\/?page_id=833\"]}]},{\"@type\":\"BreadcrumbList\",\"@id\":\"https:\/\/magison.si\/?page_id=833#breadcrumb\",\"itemListElement\":[{\"@type\":\"ListItem\",\"position\":1,\"name\":\"Home\",\"item\":\"https:\/\/magison.si\/\"},{\"@type\":\"ListItem\",\"position\":2,\"name\":\"Ocenitev vrednosti podjetja\"}]},{\"@type\":\"WebSite\",\"@id\":\"https:\/\/magison.si\/#website\",\"url\":\"https:\/\/magison.si\/\",\"name\":\"Magison Svetovanje\",\"description\":\"\",\"publisher\":{\"@id\":\"https:\/\/magison.si\/#organization\"},\"potentialAction\":[{\"@type\":\"SearchAction\",\"target\":{\"@type\":\"EntryPoint\",\"urlTemplate\":\"https:\/\/magison.si\/?s={search_term_string}\"},\"query-input\":\"required name=search_term_string\"}],\"inLanguage\":\"en-US\"},{\"@type\":\"Organization\",\"@id\":\"https:\/\/magison.si\/#organization\",\"name\":\"Magison Svetovanje\",\"url\":\"https:\/\/magison.si\/\",\"logo\":{\"@type\":\"ImageObject\",\"inLanguage\":\"en-US\",\"@id\":\"https:\/\/magison.si\/#\/schema\/logo\/image\/\",\"url\":\"https:\/\/magison.si\/wp-content\/uploads\/2023\/01\/ZNAK-MAGISON.jpg\",\"contentUrl\":\"https:\/\/magison.si\/wp-content\/uploads\/2023\/01\/ZNAK-MAGISON.jpg\",\"width\":1634,\"height\":542,\"caption\":\"Magison Svetovanje\"},\"image\":{\"@id\":\"https:\/\/magison.si\/#\/schema\/logo\/image\/\"}}]}<\/script>\n<!-- \/ Yoast SEO plugin. -->","yoast_head_json":{"title":"Ocenitev vrednosti podjetja - Magison Svetovanje","robots":{"index":"index","follow":"follow","max-snippet":"max-snippet:-1","max-image-preview":"max-image-preview:large","max-video-preview":"max-video-preview:-1"},"canonical":"https:\/\/magison.si\/?page_id=833","og_locale":"en_US","og_type":"article","og_title":"Ocenitev vrednosti podjetja - Magison Svetovanje","og_description":"OCENITEV VREDNOSTI PODJETJA Ocenitev vrednosti podjetja za razli\u010dne namene Ocenitev izgubljenega dobi\u010dka &#8211; poslovne \u0161kode [&hellip;]","og_url":"https:\/\/magison.si\/?page_id=833","og_site_name":"Magison Svetovanje","article_modified_time":"2023-03-31T15:36:31+00:00","og_image":[{"url":"https:\/\/magison.si\/wp-content\/uploads\/2023\/03\/PentljaT.png"}],"twitter_card":"summary_large_image","twitter_misc":{"Est. reading time":"3 minutes"},"schema":{"@context":"https:\/\/schema.org","@graph":[{"@type":"WebPage","@id":"https:\/\/magison.si\/?page_id=833","url":"https:\/\/magison.si\/?page_id=833","name":"Ocenitev vrednosti podjetja - Magison Svetovanje","isPartOf":{"@id":"https:\/\/magison.si\/#website"},"datePublished":"2023-01-12T16:36:22+00:00","dateModified":"2023-03-31T15:36:31+00:00","breadcrumb":{"@id":"https:\/\/magison.si\/?page_id=833#breadcrumb"},"inLanguage":"en-US","potentialAction":[{"@type":"ReadAction","target":["https:\/\/magison.si\/?page_id=833"]}]},{"@type":"BreadcrumbList","@id":"https:\/\/magison.si\/?page_id=833#breadcrumb","itemListElement":[{"@type":"ListItem","position":1,"name":"Home","item":"https:\/\/magison.si\/"},{"@type":"ListItem","position":2,"name":"Ocenitev vrednosti podjetja"}]},{"@type":"WebSite","@id":"https:\/\/magison.si\/#website","url":"https:\/\/magison.si\/","name":"Magison Svetovanje","description":"","publisher":{"@id":"https:\/\/magison.si\/#organization"},"potentialAction":[{"@type":"SearchAction","target":{"@type":"EntryPoint","urlTemplate":"https:\/\/magison.si\/?s={search_term_string}"},"query-input":"required name=search_term_string"}],"inLanguage":"en-US"},{"@type":"Organization","@id":"https:\/\/magison.si\/#organization","name":"Magison Svetovanje","url":"https:\/\/magison.si\/","logo":{"@type":"ImageObject","inLanguage":"en-US","@id":"https:\/\/magison.si\/#\/schema\/logo\/image\/","url":"https:\/\/magison.si\/wp-content\/uploads\/2023\/01\/ZNAK-MAGISON.jpg","contentUrl":"https:\/\/magison.si\/wp-content\/uploads\/2023\/01\/ZNAK-MAGISON.jpg","width":1634,"height":542,"caption":"Magison Svetovanje"},"image":{"@id":"https:\/\/magison.si\/#\/schema\/logo\/image\/"}}]}},"uagb_featured_image_src":{"full":false,"thumbnail":false,"medium":false,"medium_large":false,"large":false,"1536x1536":false,"2048x2048":false},"uagb_author_info":{"display_name":"admin","author_link":"https:\/\/magison.si\/?author=1"},"uagb_comment_info":0,"uagb_excerpt":"OCENITEV VREDNOSTI PODJETJA Ocenitev vrednosti podjetja za razli\u010dne namene Ocenitev izgubljenega dobi\u010dka &#8211; poslovne \u0161kode [&hellip;]","_links":{"self":[{"href":"https:\/\/magison.si\/index.php?rest_route=\/wp\/v2\/pages\/833","targetHints":{"allow":["GET"]}}],"collection":[{"href":"https:\/\/magison.si\/index.php?rest_route=\/wp\/v2\/pages"}],"about":[{"href":"https:\/\/magison.si\/index.php?rest_route=\/wp\/v2\/types\/page"}],"author":[{"embeddable":true,"href":"https:\/\/magison.si\/index.php?rest_route=\/wp\/v2\/users\/1"}],"replies":[{"embeddable":true,"href":"https:\/\/magison.si\/index.php?rest_route=%2Fwp%2Fv2%2Fcomments&post=833"}],"version-history":[{"count":18,"href":"https:\/\/magison.si\/index.php?rest_route=\/wp\/v2\/pages\/833\/revisions"}],"predecessor-version":[{"id":1835,"href":"https:\/\/magison.si\/index.php?rest_route=\/wp\/v2\/pages\/833\/revisions\/1835"}],"wp:attachment":[{"href":"https:\/\/magison.si\/index.php?rest_route=%2Fwp%2Fv2%2Fmedia&parent=833"}],"curies":[{"name":"wp","href":"https:\/\/api.w.org\/{rel}","templated":true}]}}