{"id":1967,"date":"2023-11-18T18:11:17","date_gmt":"2023-11-18T18:11:17","guid":{"rendered":"https:\/\/magison.si\/?page_id=1967"},"modified":"2023-12-04T10:34:39","modified_gmt":"2023-12-04T10:34:39","slug":"svetovanje-poslovodstvu-v-postopku-sodnega-prestrukturiranja","status":"publish","type":"page","link":"https:\/\/magison.si\/?page_id=1967","title":{"rendered":"Svetovanje poslovodstvu v postopku sodnega prestrukturiranja"},"content":{"rendered":"\n<div class=\"wp-block-group has-text-color is-layout-constrained wp-block-group-is-layout-constrained\" style=\"color:#000066\">\n<h3 class=\"wp-block-heading has-text-align-center has-text-color\" style=\"color:#1583dd\"><strong>Svetovanje <\/strong>poslovodstvu v<strong> postopku sodnega prestrukturiranja<\/strong> zaradi odprave groze\u010de insolventnosti<\/h3>\n\n\n\n<p class=\"justify\">Ste v Postopku<em> sodnega prestrukturiranja zaradi odprave groze\u010de insolventnosti in se vam v tem postopku porajajo \u0161tevilna vpra\u0161anja.<\/em><\/p>\n\n\n\n<figure class=\"wp-block-image size-large\"><img loading=\"lazy\" decoding=\"async\" width=\"1024\" height=\"405\" src=\"https:\/\/magison.si\/wp-content\/uploads\/2023\/12\/2400-business-consulting-meeting-working-and-brainstorming-new-business-project-finance-investment-concept-1-1-1024x405.jpg\" alt=\"\" class=\"wp-image-2093\" srcset=\"https:\/\/magison.si\/wp-content\/uploads\/2023\/12\/2400-business-consulting-meeting-working-and-brainstorming-new-business-project-finance-investment-concept-1-1-1024x405.jpg 1024w, https:\/\/magison.si\/wp-content\/uploads\/2023\/12\/2400-business-consulting-meeting-working-and-brainstorming-new-business-project-finance-investment-concept-1-1-300x119.jpg 300w, https:\/\/magison.si\/wp-content\/uploads\/2023\/12\/2400-business-consulting-meeting-working-and-brainstorming-new-business-project-finance-investment-concept-1-1-768x304.jpg 768w, https:\/\/magison.si\/wp-content\/uploads\/2023\/12\/2400-business-consulting-meeting-working-and-brainstorming-new-business-project-finance-investment-concept-1-1-1536x607.jpg 1536w, https:\/\/magison.si\/wp-content\/uploads\/2023\/12\/2400-business-consulting-meeting-working-and-brainstorming-new-business-project-finance-investment-concept-1-1-2048x810.jpg 2048w\" sizes=\"auto, (max-width: 1024px) 100vw, 1024px\" \/><\/figure>\n\n\n\n<ul class=\"justify wp-block-list\">\n<li><em><em>S<\/em>te v Postopku sodnega prestrukturiranja zaradi odprave groze\u010de insolventnosti&nbsp;<strong>v dilemah glede postopkovnih vpra\u0161anj<\/strong>?<\/em><\/li>\n\n\n\n<li><strong><em>Se ne znajdete ve\u010d med vsemi odprtimi zadevami<\/em><\/strong><em>&nbsp;z upniki, upraviteljem, bankami, sodi\u0161\u010dem?<\/em><\/li>\n\n\n\n<li><em><em>Potrebujete&nbsp;<strong>pomo\u010d pri razgovorih<\/strong>&nbsp;\u2013 pogajanjih?<\/em><\/em><\/li>\n\n\n\n<li><em>Naj vam&nbsp;<strong>svetujemo pri odprtih vpra\u0161anjih<\/strong>&nbsp;glede&nbsp;Postopka sodnega prestrukturiranja zaradi odprave groze\u010de insolventnosti?<\/em><\/li>\n<\/ul>\n\n\n\n<p class=\"justify has-text-color\" style=\"color:#7030a0\">Na\u0161e<strong> izku\u0161nje v zvezi z sodnimi postopki <\/strong>za sanacijo (groze\u010de) insolventnosti &nbsp;po ZFPPIPP<strong> so celovite in med najobse\u017enej\u0161imi <\/strong>v Sloveniji, saj smo v 170-ih postopkih v zvezi s insolventnostjo pripravljali vloge, potrebno dokumentacijo, svetovali upravam, sodelovali z upravitelji prisilne poravnave, poro\u010dali upni\u0161kemu odboru, pripravljali Izjave dol\u017enika v primeru Ugovora upnika\/upravitelja, sodelovali na razli\u010dnih narokih v zvezi z postopki zaradi insolventnosti na sodi\u0161\u010dih \u2026<strong>&nbsp;&nbsp;Zato smo pravi naslov za odgovore na va\u0161e dileme in vpra\u0161anja.<\/strong><\/p>\n<\/div>\n\n\n\n<div class=\"wp-block-group has-text-color is-layout-constrained wp-block-group-is-layout-constrained\" style=\"color:#7030a0\">\n<p><strong><em>Pi\u0161ite nam, pokli\u010dite nas, povpra\u0161ajte za ponudbo.<\/em><\/strong><\/p>\n\n\n\n<div style=\"height:100px\" aria-hidden=\"true\" class=\"wp-block-spacer\"><\/div>\n<\/div>\n","protected":false},"excerpt":{"rendered":"<p>Svetovanje poslovodstvu v postopku sodnega prestrukturiranja zaradi odprave groze\u010de insolventnosti Ste v Postopku sodnega prestrukturiranja [&hellip;]<\/p>\n","protected":false},"author":1,"featured_media":0,"parent":835,"menu_order":3,"comment_status":"closed","ping_status":"closed","template":"","meta":{"_uag_custom_page_level_css":"","footnotes":""},"class_list":["post-1967","page","type-page","status-publish","hentry"],"yoast_head":"<!-- This site is optimized with the Yoast SEO plugin v20.4 - https:\/\/yoast.com\/wordpress\/plugins\/seo\/ -->\n<title>Svetovanje poslovodstvu v postopku sodnega prestrukturiranja - Magison Svetovanje<\/title>\n<meta name=\"robots\" content=\"index, follow, max-snippet:-1, max-image-preview:large, max-video-preview:-1\" \/>\n<link rel=\"canonical\" href=\"https:\/\/magison.si\/?page_id=1967\" \/>\n<meta property=\"og:locale\" content=\"en_US\" \/>\n<meta property=\"og:type\" content=\"article\" \/>\n<meta property=\"og:title\" content=\"Svetovanje poslovodstvu v postopku sodnega prestrukturiranja - Magison Svetovanje\" \/>\n<meta property=\"og:description\" content=\"Svetovanje poslovodstvu v postopku sodnega prestrukturiranja zaradi odprave groze\u010de insolventnosti Ste v Postopku sodnega prestrukturiranja [&hellip;]\" \/>\n<meta property=\"og:url\" content=\"https:\/\/magison.si\/?page_id=1967\" \/>\n<meta property=\"og:site_name\" content=\"Magison Svetovanje\" \/>\n<meta property=\"article:modified_time\" content=\"2023-12-04T10:34:39+00:00\" \/>\n<meta property=\"og:image\" content=\"https:\/\/magison.si\/wp-content\/uploads\/2023\/12\/2400-business-consulting-meeting-working-and-brainstorming-new-business-project-finance-investment-concept-1-1-1024x405.jpg\" \/>\n<meta name=\"twitter:card\" content=\"summary_large_image\" \/>\n<meta name=\"twitter:label1\" content=\"Est. reading time\" \/>\n\t<meta name=\"twitter:data1\" content=\"1 minute\" \/>\n<script type=\"application\/ld+json\" class=\"yoast-schema-graph\">{\"@context\":\"https:\/\/schema.org\",\"@graph\":[{\"@type\":\"WebPage\",\"@id\":\"https:\/\/magison.si\/?page_id=1967\",\"url\":\"https:\/\/magison.si\/?page_id=1967\",\"name\":\"Svetovanje poslovodstvu v postopku sodnega prestrukturiranja - Magison Svetovanje\",\"isPartOf\":{\"@id\":\"https:\/\/magison.si\/#website\"},\"datePublished\":\"2023-11-18T18:11:17+00:00\",\"dateModified\":\"2023-12-04T10:34:39+00:00\",\"breadcrumb\":{\"@id\":\"https:\/\/magison.si\/?page_id=1967#breadcrumb\"},\"inLanguage\":\"en-US\",\"potentialAction\":[{\"@type\":\"ReadAction\",\"target\":[\"https:\/\/magison.si\/?page_id=1967\"]}]},{\"@type\":\"BreadcrumbList\",\"@id\":\"https:\/\/magison.si\/?page_id=1967#breadcrumb\",\"itemListElement\":[{\"@type\":\"ListItem\",\"position\":1,\"name\":\"Home\",\"item\":\"https:\/\/magison.si\/\"},{\"@type\":\"ListItem\",\"position\":2,\"name\":\"Podjetje v finan\u010dnih te\u017eavah \u2013 svetovanje in storitve\",\"item\":\"https:\/\/magison.si\/?page_id=835\"},{\"@type\":\"ListItem\",\"position\":3,\"name\":\"Svetovanje poslovodstvu v postopku sodnega prestrukturiranja\"}]},{\"@type\":\"WebSite\",\"@id\":\"https:\/\/magison.si\/#website\",\"url\":\"https:\/\/magison.si\/\",\"name\":\"Magison Svetovanje\",\"description\":\"\",\"publisher\":{\"@id\":\"https:\/\/magison.si\/#organization\"},\"potentialAction\":[{\"@type\":\"SearchAction\",\"target\":{\"@type\":\"EntryPoint\",\"urlTemplate\":\"https:\/\/magison.si\/?s={search_term_string}\"},\"query-input\":\"required name=search_term_string\"}],\"inLanguage\":\"en-US\"},{\"@type\":\"Organization\",\"@id\":\"https:\/\/magison.si\/#organization\",\"name\":\"Magison Svetovanje\",\"url\":\"https:\/\/magison.si\/\",\"logo\":{\"@type\":\"ImageObject\",\"inLanguage\":\"en-US\",\"@id\":\"https:\/\/magison.si\/#\/schema\/logo\/image\/\",\"url\":\"https:\/\/magison.si\/wp-content\/uploads\/2023\/01\/ZNAK-MAGISON.jpg\",\"contentUrl\":\"https:\/\/magison.si\/wp-content\/uploads\/2023\/01\/ZNAK-MAGISON.jpg\",\"width\":1634,\"height\":542,\"caption\":\"Magison Svetovanje\"},\"image\":{\"@id\":\"https:\/\/magison.si\/#\/schema\/logo\/image\/\"}}]}<\/script>\n<!-- \/ Yoast SEO plugin. -->","yoast_head_json":{"title":"Svetovanje poslovodstvu v postopku sodnega prestrukturiranja - Magison Svetovanje","robots":{"index":"index","follow":"follow","max-snippet":"max-snippet:-1","max-image-preview":"max-image-preview:large","max-video-preview":"max-video-preview:-1"},"canonical":"https:\/\/magison.si\/?page_id=1967","og_locale":"en_US","og_type":"article","og_title":"Svetovanje poslovodstvu v postopku sodnega prestrukturiranja - Magison Svetovanje","og_description":"Svetovanje poslovodstvu v postopku sodnega prestrukturiranja zaradi odprave groze\u010de insolventnosti Ste v Postopku sodnega prestrukturiranja [&hellip;]","og_url":"https:\/\/magison.si\/?page_id=1967","og_site_name":"Magison Svetovanje","article_modified_time":"2023-12-04T10:34:39+00:00","og_image":[{"url":"https:\/\/magison.si\/wp-content\/uploads\/2023\/12\/2400-business-consulting-meeting-working-and-brainstorming-new-business-project-finance-investment-concept-1-1-1024x405.jpg"}],"twitter_card":"summary_large_image","twitter_misc":{"Est. reading time":"1 minute"},"schema":{"@context":"https:\/\/schema.org","@graph":[{"@type":"WebPage","@id":"https:\/\/magison.si\/?page_id=1967","url":"https:\/\/magison.si\/?page_id=1967","name":"Svetovanje poslovodstvu v postopku sodnega prestrukturiranja - Magison Svetovanje","isPartOf":{"@id":"https:\/\/magison.si\/#website"},"datePublished":"2023-11-18T18:11:17+00:00","dateModified":"2023-12-04T10:34:39+00:00","breadcrumb":{"@id":"https:\/\/magison.si\/?page_id=1967#breadcrumb"},"inLanguage":"en-US","potentialAction":[{"@type":"ReadAction","target":["https:\/\/magison.si\/?page_id=1967"]}]},{"@type":"BreadcrumbList","@id":"https:\/\/magison.si\/?page_id=1967#breadcrumb","itemListElement":[{"@type":"ListItem","position":1,"name":"Home","item":"https:\/\/magison.si\/"},{"@type":"ListItem","position":2,"name":"Podjetje v finan\u010dnih te\u017eavah \u2013 svetovanje in storitve","item":"https:\/\/magison.si\/?page_id=835"},{"@type":"ListItem","position":3,"name":"Svetovanje poslovodstvu v postopku sodnega prestrukturiranja"}]},{"@type":"WebSite","@id":"https:\/\/magison.si\/#website","url":"https:\/\/magison.si\/","name":"Magison Svetovanje","description":"","publisher":{"@id":"https:\/\/magison.si\/#organization"},"potentialAction":[{"@type":"SearchAction","target":{"@type":"EntryPoint","urlTemplate":"https:\/\/magison.si\/?s={search_term_string}"},"query-input":"required name=search_term_string"}],"inLanguage":"en-US"},{"@type":"Organization","@id":"https:\/\/magison.si\/#organization","name":"Magison Svetovanje","url":"https:\/\/magison.si\/","logo":{"@type":"ImageObject","inLanguage":"en-US","@id":"https:\/\/magison.si\/#\/schema\/logo\/image\/","url":"https:\/\/magison.si\/wp-content\/uploads\/2023\/01\/ZNAK-MAGISON.jpg","contentUrl":"https:\/\/magison.si\/wp-content\/uploads\/2023\/01\/ZNAK-MAGISON.jpg","width":1634,"height":542,"caption":"Magison Svetovanje"},"image":{"@id":"https:\/\/magison.si\/#\/schema\/logo\/image\/"}}]}},"uagb_featured_image_src":{"full":false,"thumbnail":false,"medium":false,"medium_large":false,"large":false,"1536x1536":false,"2048x2048":false},"uagb_author_info":{"display_name":"admin","author_link":"https:\/\/magison.si\/?author=1"},"uagb_comment_info":0,"uagb_excerpt":"Svetovanje poslovodstvu v postopku sodnega prestrukturiranja zaradi odprave groze\u010de insolventnosti Ste v Postopku sodnega prestrukturiranja [&hellip;]","_links":{"self":[{"href":"https:\/\/magison.si\/index.php?rest_route=\/wp\/v2\/pages\/1967","targetHints":{"allow":["GET"]}}],"collection":[{"href":"https:\/\/magison.si\/index.php?rest_route=\/wp\/v2\/pages"}],"about":[{"href":"https:\/\/magison.si\/index.php?rest_route=\/wp\/v2\/types\/page"}],"author":[{"embeddable":true,"href":"https:\/\/magison.si\/index.php?rest_route=\/wp\/v2\/users\/1"}],"replies":[{"embeddable":true,"href":"https:\/\/magison.si\/index.php?rest_route=%2Fwp%2Fv2%2Fcomments&post=1967"}],"version-history":[{"count":8,"href":"https:\/\/magison.si\/index.php?rest_route=\/wp\/v2\/pages\/1967\/revisions"}],"predecessor-version":[{"id":2095,"href":"https:\/\/magison.si\/index.php?rest_route=\/wp\/v2\/pages\/1967\/revisions\/2095"}],"up":[{"embeddable":true,"href":"https:\/\/magison.si\/index.php?rest_route=\/wp\/v2\/pages\/835"}],"wp:attachment":[{"href":"https:\/\/magison.si\/index.php?rest_route=%2Fwp%2Fv2%2Fmedia&parent=1967"}],"curies":[{"name":"wp","href":"https:\/\/api.w.org\/{rel}","templated":true}]}}