{"id":1603,"date":"2023-03-06T17:32:08","date_gmt":"2023-03-06T17:32:08","guid":{"rendered":"https:\/\/magison.si\/?page_id=1603"},"modified":"2023-03-06T18:06:32","modified_gmt":"2023-03-06T18:06:32","slug":"strokovne-reference","status":"publish","type":"page","link":"https:\/\/magison.si\/?page_id=1603","title":{"rendered":"Strokovne reference"},"content":{"rendered":"\n<h2 class=\"has-text-align-center has-text-color wp-block-heading\" style=\"color:#7030a0\">Strokovne reference<\/h2>\n\n\n\n<div class=\"wp-block-group is-layout-constrained wp-block-group-is-layout-constrained\">\n<figure class=\"wp-block-image aligncenter size-full is-resized\"><img loading=\"lazy\" decoding=\"async\" src=\"https:\/\/magison.si\/wp-content\/uploads\/2023\/03\/001-3.jpg\" alt=\"\" class=\"wp-image-1613\" width=\"374\" height=\"499\" srcset=\"https:\/\/magison.si\/wp-content\/uploads\/2023\/03\/001-3.jpg 624w, https:\/\/magison.si\/wp-content\/uploads\/2023\/03\/001-3-225x300.jpg 225w\" sizes=\"auto, (max-width: 374px) 100vw, 374px\" \/><\/figure>\n\n\n\n<ul class=\"check has-text-color wp-block-list\" style=\"color:#7030a0\">\n<li><strong>Poslovni, investicijski in sanacijski na\u010drti, analize poslovno finan\u010dnega polo\u017eaja podjetij, ekonomsko finan\u010dne \u0161tudije<\/strong> &#8211; okoli <strong>100 projektov<\/strong>, med drugim:<\/li>\n<\/ul>\n\n\n\n<p class=\"justify has-text-color\" style=\"color:#000066\"><em>SODO sistemski operater distribucijskega omre\u017eja z elektri\u010dno energijo, d.o.o., Maribor; Galeb Gradbeni\u0161tvo d.o.o., Izola; Kograd IGEM d.o.o., Dravograd; \u00a0Skupina ekstra olje d.o.o., Maribor; Ko\u0161aki TMI d.d., Maribor; Aerodrom Maribor d.o.o., Maribor; Sigmanova d.o.o., \u017dalec; LIP Pohi\u0161tvo d.o.o., Bohinjska Bistrica; Gradnje \u017dveplan d.o.o., \u0160tore; Omaplast s.p., Grosuplje; PIVARA Skopje d.d., Skopje; VEGA d.o.o., Ljubljana; Ministrstvo za okolje in prostor, Ljubljana; Dru\u017eba za dr\u017eavne ceste d.o.o., Ljubljana; Zavod RS za blagovne rezerve, Ljubljana; RS Ministrstvo za ekonomske odnose in razvoj, Ljubljana; MFC MASHFRIG COMPLET, Chisinau, Moldova; MUTA &#8211; KOVA\u010cIJA, Muta;\u2026 <\/em><\/p>\n<\/div>\n\n\n\n<div class=\"wp-block-group is-layout-constrained wp-block-group-is-layout-constrained\">\n<ul class=\"check has-text-color wp-block-list\" style=\"color:#7030a0\">\n<li><strong>Ocenitev vrednosti podjetja<\/strong> &#8211; okoli <strong>140 projektov<\/strong>, med drugim:<\/li>\n<\/ul>\n\n\n\n<p class=\"justify has-text-color\" style=\"color:#000066\"><em>IMP-LIVAR d.d., Ivan\u010dna gorica; CESTNO PODJETJE Koper d.o.o., Koper; SGP POMGRAD d.o.o., Murska Sobota; TEHNOMETAL VARDAR, Skopje, Makedonija; MARINA Koper d.o.o., Koper; ISTRAGAS d.o.o., Koper; INSTALACIJA d.o.o., Koper; ISTRABENZ d.d., Koper; REPLEK d.d., Skopje, Makedonija; INTERIMPEKS d.d., Skopje, Makedonija; AERODROM d.d., Brnik; CP \u2013 KRANJ d.o.o., Kranj; MEDEX d.d., Ljubljana; PODJETJE ZA UREJANJE HUDOURNIKOV d.o.o., Ljubljana; FER\u0160PED d.d., Skopje, Makedonija; SAVA d.d. Kranj; STILLES d.o.o., Sevnica; DELAMARIS d.d., Izola; JELOVICA d.o.o., \u0160kofja Loka; KOLPA d.d., Metlika; LAMA d.d., Dekani;&#8230;<\/em><\/p>\n<\/div>\n\n\n\n<div class=\"wp-block-group is-layout-constrained wp-block-group-is-layout-constrained\">\n<ul class=\"check has-text-color wp-block-list\" style=\"color:#7030a0\">\n<li><strong>Postopki prisilnih poravnav<\/strong>\u00a0 &#8211; okoli <strong>170 projektov<\/strong>, med drugim:<\/li>\n<\/ul>\n\n\n\n<p class=\"justify has-text-color\" style=\"color:#000066\"><em>Finander d.o.o., Murska Sobota; Galeb Grup d.o.o., Izola; Sermin&#8217;g d.o.o., Koper; Ko\u0161aki TMI d.d., Maribor; FC Koper, Koper; Energoplan d.d., Ljubljana; Slovenija projekt d.o.o., Ljubljana; IP Obala d.o.o., Ljubljana; Vvibau d.o.o., Ljubljana; SGP Kograd-IGEM d.d., Dravograd; Handte-Ost d.o.o., Kr\u0161ko; Kograd IGEM d.o.o., Dravograd; AHA Plastik d.o.o., Kanal; AHA-EMMI d.o.o., Slovenska Bistrica; Agis Plastificirnica d.o.o., Ptuj; Litostroj Ravne d.o.o., Ravne na Koro\u0161kem; Hosting d.o.o., Ptuj; Agencija Imelda d.o.o., Ljubljana; Pinus TKI d.d., Ra\u010de; Sigmanova d.o.o., \u017dalec; Almont d.o.o., Slovenska Bistrica; Inkos d.o.o., Krmelj; SCT d.d., Ljubljana; Gradi\u0161\u010de d.o.o., Cerknica; KG-EKO d.o.o., \u0160marje Sap; Arka d.o.o., \u017dalec; Geaprodukt d.o.o., Ljubljana; Prevent NGR d.o.o., Ho\u010de; Ilirija Trgovina d.d., Ilirska Bistrica; Titan d.d., Kamnik; IMP-LIVAR d.d., Ivan\u010dna Gorica; Lesnina Trgovina d.o.o., Ljubljana; \u2026<\/em><\/p>\n<\/div>\n\n\n\n<div class=\"wp-block-group is-layout-constrained wp-block-group-is-layout-constrained\">\n<div style=\"height:100px\" aria-hidden=\"true\" class=\"wp-block-spacer\"><\/div>\n<\/div>\n","protected":false},"excerpt":{"rendered":"<p>Strokovne reference SODO sistemski operater distribucijskega omre\u017eja z elektri\u010dno energijo, d.o.o., Maribor; Galeb Gradbeni\u0161tvo d.o.o., [&hellip;]<\/p>\n","protected":false},"author":1,"featured_media":0,"parent":1599,"menu_order":1,"comment_status":"closed","ping_status":"closed","template":"","meta":{"_uag_custom_page_level_css":"","footnotes":""},"class_list":["post-1603","page","type-page","status-publish","hentry"],"yoast_head":"<!-- This site is optimized with the Yoast SEO plugin v20.4 - https:\/\/yoast.com\/wordpress\/plugins\/seo\/ -->\n<title>Strokovne reference - Magison Svetovanje<\/title>\n<meta name=\"robots\" content=\"index, follow, max-snippet:-1, max-image-preview:large, max-video-preview:-1\" \/>\n<link rel=\"canonical\" href=\"https:\/\/magison.si\/?page_id=1603\" \/>\n<meta property=\"og:locale\" content=\"en_US\" \/>\n<meta property=\"og:type\" content=\"article\" \/>\n<meta property=\"og:title\" content=\"Strokovne reference - Magison Svetovanje\" \/>\n<meta property=\"og:description\" content=\"Strokovne reference SODO sistemski operater distribucijskega omre\u017eja z elektri\u010dno energijo, d.o.o., Maribor; Galeb Gradbeni\u0161tvo d.o.o., [&hellip;]\" \/>\n<meta property=\"og:url\" content=\"https:\/\/magison.si\/?page_id=1603\" \/>\n<meta property=\"og:site_name\" content=\"Magison Svetovanje\" \/>\n<meta property=\"article:modified_time\" content=\"2023-03-06T18:06:32+00:00\" \/>\n<meta property=\"og:image\" content=\"https:\/\/magison.si\/wp-content\/uploads\/2023\/03\/001-3.jpg\" \/>\n<meta name=\"twitter:card\" content=\"summary_large_image\" \/>\n<meta name=\"twitter:label1\" content=\"Est. reading time\" \/>\n\t<meta name=\"twitter:data1\" content=\"2 minutes\" \/>\n<script type=\"application\/ld+json\" class=\"yoast-schema-graph\">{\"@context\":\"https:\/\/schema.org\",\"@graph\":[{\"@type\":\"WebPage\",\"@id\":\"https:\/\/magison.si\/?page_id=1603\",\"url\":\"https:\/\/magison.si\/?page_id=1603\",\"name\":\"Strokovne reference - Magison Svetovanje\",\"isPartOf\":{\"@id\":\"https:\/\/magison.si\/#website\"},\"datePublished\":\"2023-03-06T17:32:08+00:00\",\"dateModified\":\"2023-03-06T18:06:32+00:00\",\"breadcrumb\":{\"@id\":\"https:\/\/magison.si\/?page_id=1603#breadcrumb\"},\"inLanguage\":\"en-US\",\"potentialAction\":[{\"@type\":\"ReadAction\",\"target\":[\"https:\/\/magison.si\/?page_id=1603\"]}]},{\"@type\":\"BreadcrumbList\",\"@id\":\"https:\/\/magison.si\/?page_id=1603#breadcrumb\",\"itemListElement\":[{\"@type\":\"ListItem\",\"position\":1,\"name\":\"Home\",\"item\":\"https:\/\/magison.si\/\"},{\"@type\":\"ListItem\",\"position\":2,\"name\":\"O podjetju\",\"item\":\"https:\/\/magison.si\/?page_id=1599\"},{\"@type\":\"ListItem\",\"position\":3,\"name\":\"Strokovne reference\"}]},{\"@type\":\"WebSite\",\"@id\":\"https:\/\/magison.si\/#website\",\"url\":\"https:\/\/magison.si\/\",\"name\":\"Magison Svetovanje\",\"description\":\"\",\"publisher\":{\"@id\":\"https:\/\/magison.si\/#organization\"},\"potentialAction\":[{\"@type\":\"SearchAction\",\"target\":{\"@type\":\"EntryPoint\",\"urlTemplate\":\"https:\/\/magison.si\/?s={search_term_string}\"},\"query-input\":\"required name=search_term_string\"}],\"inLanguage\":\"en-US\"},{\"@type\":\"Organization\",\"@id\":\"https:\/\/magison.si\/#organization\",\"name\":\"Magison Svetovanje\",\"url\":\"https:\/\/magison.si\/\",\"logo\":{\"@type\":\"ImageObject\",\"inLanguage\":\"en-US\",\"@id\":\"https:\/\/magison.si\/#\/schema\/logo\/image\/\",\"url\":\"https:\/\/magison.si\/wp-content\/uploads\/2023\/01\/ZNAK-MAGISON.jpg\",\"contentUrl\":\"https:\/\/magison.si\/wp-content\/uploads\/2023\/01\/ZNAK-MAGISON.jpg\",\"width\":1634,\"height\":542,\"caption\":\"Magison Svetovanje\"},\"image\":{\"@id\":\"https:\/\/magison.si\/#\/schema\/logo\/image\/\"}}]}<\/script>\n<!-- \/ Yoast SEO plugin. -->","yoast_head_json":{"title":"Strokovne reference - Magison Svetovanje","robots":{"index":"index","follow":"follow","max-snippet":"max-snippet:-1","max-image-preview":"max-image-preview:large","max-video-preview":"max-video-preview:-1"},"canonical":"https:\/\/magison.si\/?page_id=1603","og_locale":"en_US","og_type":"article","og_title":"Strokovne reference - Magison Svetovanje","og_description":"Strokovne reference SODO sistemski operater distribucijskega omre\u017eja z elektri\u010dno energijo, d.o.o., Maribor; Galeb Gradbeni\u0161tvo d.o.o., [&hellip;]","og_url":"https:\/\/magison.si\/?page_id=1603","og_site_name":"Magison Svetovanje","article_modified_time":"2023-03-06T18:06:32+00:00","og_image":[{"url":"https:\/\/magison.si\/wp-content\/uploads\/2023\/03\/001-3.jpg"}],"twitter_card":"summary_large_image","twitter_misc":{"Est. reading time":"2 minutes"},"schema":{"@context":"https:\/\/schema.org","@graph":[{"@type":"WebPage","@id":"https:\/\/magison.si\/?page_id=1603","url":"https:\/\/magison.si\/?page_id=1603","name":"Strokovne reference - Magison Svetovanje","isPartOf":{"@id":"https:\/\/magison.si\/#website"},"datePublished":"2023-03-06T17:32:08+00:00","dateModified":"2023-03-06T18:06:32+00:00","breadcrumb":{"@id":"https:\/\/magison.si\/?page_id=1603#breadcrumb"},"inLanguage":"en-US","potentialAction":[{"@type":"ReadAction","target":["https:\/\/magison.si\/?page_id=1603"]}]},{"@type":"BreadcrumbList","@id":"https:\/\/magison.si\/?page_id=1603#breadcrumb","itemListElement":[{"@type":"ListItem","position":1,"name":"Home","item":"https:\/\/magison.si\/"},{"@type":"ListItem","position":2,"name":"O podjetju","item":"https:\/\/magison.si\/?page_id=1599"},{"@type":"ListItem","position":3,"name":"Strokovne reference"}]},{"@type":"WebSite","@id":"https:\/\/magison.si\/#website","url":"https:\/\/magison.si\/","name":"Magison Svetovanje","description":"","publisher":{"@id":"https:\/\/magison.si\/#organization"},"potentialAction":[{"@type":"SearchAction","target":{"@type":"EntryPoint","urlTemplate":"https:\/\/magison.si\/?s={search_term_string}"},"query-input":"required name=search_term_string"}],"inLanguage":"en-US"},{"@type":"Organization","@id":"https:\/\/magison.si\/#organization","name":"Magison Svetovanje","url":"https:\/\/magison.si\/","logo":{"@type":"ImageObject","inLanguage":"en-US","@id":"https:\/\/magison.si\/#\/schema\/logo\/image\/","url":"https:\/\/magison.si\/wp-content\/uploads\/2023\/01\/ZNAK-MAGISON.jpg","contentUrl":"https:\/\/magison.si\/wp-content\/uploads\/2023\/01\/ZNAK-MAGISON.jpg","width":1634,"height":542,"caption":"Magison Svetovanje"},"image":{"@id":"https:\/\/magison.si\/#\/schema\/logo\/image\/"}}]}},"uagb_featured_image_src":{"full":false,"thumbnail":false,"medium":false,"medium_large":false,"large":false,"1536x1536":false,"2048x2048":false},"uagb_author_info":{"display_name":"admin","author_link":"https:\/\/magison.si\/?author=1"},"uagb_comment_info":0,"uagb_excerpt":"Strokovne reference SODO sistemski operater distribucijskega omre\u017eja z elektri\u010dno energijo, d.o.o., Maribor; Galeb Gradbeni\u0161tvo d.o.o., [&hellip;]","_links":{"self":[{"href":"https:\/\/magison.si\/index.php?rest_route=\/wp\/v2\/pages\/1603","targetHints":{"allow":["GET"]}}],"collection":[{"href":"https:\/\/magison.si\/index.php?rest_route=\/wp\/v2\/pages"}],"about":[{"href":"https:\/\/magison.si\/index.php?rest_route=\/wp\/v2\/types\/page"}],"author":[{"embeddable":true,"href":"https:\/\/magison.si\/index.php?rest_route=\/wp\/v2\/users\/1"}],"replies":[{"embeddable":true,"href":"https:\/\/magison.si\/index.php?rest_route=%2Fwp%2Fv2%2Fcomments&post=1603"}],"version-history":[{"count":5,"href":"https:\/\/magison.si\/index.php?rest_route=\/wp\/v2\/pages\/1603\/revisions"}],"predecessor-version":[{"id":1640,"href":"https:\/\/magison.si\/index.php?rest_route=\/wp\/v2\/pages\/1603\/revisions\/1640"}],"up":[{"embeddable":true,"href":"https:\/\/magison.si\/index.php?rest_route=\/wp\/v2\/pages\/1599"}],"wp:attachment":[{"href":"https:\/\/magison.si\/index.php?rest_route=%2Fwp%2Fv2%2Fmedia&parent=1603"}],"curies":[{"name":"wp","href":"https:\/\/api.w.org\/{rel}","templated":true}]}}