{"id":1601,"date":"2023-03-06T17:31:55","date_gmt":"2023-03-06T17:31:55","guid":{"rendered":"https:\/\/magison.si\/?page_id=1601"},"modified":"2023-11-16T17:26:47","modified_gmt":"2023-11-16T17:26:47","slug":"mag-milan-skof","status":"publish","type":"page","link":"https:\/\/magison.si\/?page_id=1601","title":{"rendered":"Mag. Milan \u0160kof"},"content":{"rendered":"\n<h2 class=\"wp-block-heading has-text-align-center has-text-color\" style=\"color:#7030a0\">Mag. Milan \u0160kof, direktor<\/h2>\n\n\n\n<div class=\"wp-block-group is-layout-constrained wp-block-group-is-layout-constrained\">\n<figure class=\"wp-block-image aligncenter size-large is-resized\"><img loading=\"lazy\" decoding=\"async\" width=\"1024\" height=\"700\" src=\"https:\/\/magison.si\/wp-content\/uploads\/2023\/03\/001-1-1024x700.jpg\" alt=\"\" class=\"wp-image-1611\" style=\"width:534px;height:364px\" srcset=\"https:\/\/magison.si\/wp-content\/uploads\/2023\/03\/001-1-1024x700.jpg 1024w, https:\/\/magison.si\/wp-content\/uploads\/2023\/03\/001-1-300x205.jpg 300w, https:\/\/magison.si\/wp-content\/uploads\/2023\/03\/001-1-768x525.jpg 768w, https:\/\/magison.si\/wp-content\/uploads\/2023\/03\/001-1.jpg 1282w\" sizes=\"auto, (max-width: 1024px) 100vw, 1024px\" \/><\/figure>\n\n\n\n<h6 class=\"wp-block-heading has-text-color has-system-font-family\" style=\"color:#7030a0\"><u><span style=\"text-decoration: underline;\">Izobrazba<\/span><\/u><\/h6>\n\n\n\n<ul style=\"color:#000066\" class=\"check justify has-text-color wp-block-list\">\n<li>Univerzitetni diplomirani ekonomist (1988, tema diplomskega dela \u201cSistem analize poslovanja\u201d)<\/li>\n\n\n\n<li>Magister poslovnoorganizacijskih znanosti (1994, tema magistrskega dela \u201cVrednotenje podjetij\u00ab)<\/li>\n<\/ul>\n<\/div>\n\n\n\n<div class=\"wp-block-group is-layout-constrained wp-block-group-is-layout-constrained\">\n<h6 class=\"wp-block-heading has-text-color has-system-font-family\" style=\"color:#7030a0\"><span style=\"text-decoration: underline;\">Dose\u017eeni strokovni nazivi<\/span><\/h6>\n\n\n\n<ul style=\"color:#000066\" class=\"check justify has-text-color wp-block-list\">\n<li>Licenca za vrednotenje podjetij L0004, z dne 14.5.1991 pri Agenciji RS za prestrukturiranje in privatizacijo<\/li>\n\n\n\n<li>Sodni cenilec in izvedenec ekonomsko finan\u010dne stroke (Su 7\/79 z dne 5.9.1991). Status sodnega cenilca in izvedenca je prenehal v letu 2000 zaradi sprememb zakonodaje na tem podro\u010dju.<\/li>\n\n\n\n<li>Licenca za ocenjevanje vrednosti podjetij v R Makedoniji, 1994<\/li>\n\n\n\n<li><strong>Poobla\u0161\u010deni ocenjevalec vrednosti podjetij<\/strong>; Slovenski in\u0161titut za revizijo; R-OCP-1\/00-049. Dovoljenje za opravljanje nalog poobla\u0161\u010denega ocenjevalca vrednosti podjetij veljavno do 25.03.2025.<\/li>\n<\/ul>\n<\/div>\n\n\n\n<div class=\"wp-block-group has-text-color is-layout-constrained wp-block-group-is-layout-constrained\" style=\"color:#000066\">\n<h6 class=\"wp-block-heading has-text-color has-system-font-family\" style=\"color:#7030a0\"><span style=\"text-decoration: underline;\">Poslovna pot<\/span><\/h6>\n\n\n\n<p class=\"justify\"><strong>Poslovno in strokovno pot <\/strong>sem kot univerzitetni diplomirani ekonomist za\u010del leta 1988 v DONIT Medvode kot analitik-planer, na pot poslovnega svetovanja pa sem stopil leta 1990 v podjetju Center za gospodarsko svetovanje iz Ljubljane. V letu 1991 sem med prvimi v Sloveniji pridobil <strong>Licenco za vrednotenje podjetij<\/strong> s strani Agencije RS za privatizacijo, na osnovi \u010desar sem bil v prvi polovici 90-ih let med <strong>najaktivnej\u0161imi svetovalci na podro\u010dju privatizacije<\/strong> in dejaven pri organiziranju investicijskih skladov. Vodil sem \u0161tevilne projekte ocenitev vrednosti (okoli 140 projektov ocenitev vrednosti) in privatizacije podjetij ter druge svetovalne projekte.&nbsp;<\/p>\n\n\n\n<p class=\"justify\">Projekti so se nana\u0161ali tako na mala kot najve\u010dja podjetja v Sloveniji in v <strong>mednarodnem okolju<\/strong> (Hrva\u0161ka, Makedonija, Moldavija). Naro\u010dniki so bila podjetja iz najrazli\u010dnej\u0161ih poslovnih dejavnosti, kot tudi javni sektor, banke, EBRD, CEEPN in drugi. V svetovalnih projektih&nbsp; sem nastopal kot svetovalec, pripravljalec gradiv, poobla\u0161\u010deni&nbsp; ocenjevalec vrednosti podjetij in sodni izvedenec.<\/p>\n\n\n\n<p class=\"justify\">Kot <strong>strokovni direktor<\/strong> ve\u010djega svetovalnega podjetja (START Svetovalna hi\u0161a d.o.o. iz Ljubljane) sem vodil \u0161tevil\u010dno ekipo svetovalcev in bil mnogim tudi mentor. Sodeloval sem tudi z drugimi svetovalnimi podjetji v Sloveniji, Avstriji in Nem\u010diji. Pri svojem delovanju redno sodelujem s \u0161tevilnimi ocenjevalci, revizorji, sodnimi izvedenci in odvetniki.<\/p>\n\n\n\n<p class=\"justify\"><strong>Managerske izku\u0161nje<\/strong> sem si ve\u010d kot 10 let nabiral kot direktor manj\u0161ih ter srednjih proizvodnih in trgovskih podjetij, kot predsednik uprave ve\u010djega trgovskega podjetja ter kot \u010dlan in predsednik nadzornih svetov. To mi je omogo\u010dilo poglobljen in prakti\u010den vpogled v poslovno problematiko v Sloveniji.<\/p>\n\n\n\n<p class=\"justify\">Aktiven sem tudi kot predavatelj, avtor strokovnih \u010dlankov, vodja delavnic za poslovodstva\u2026.<\/p>\n<\/div>\n\n\n\n<div class=\"wp-block-group has-text-color is-layout-constrained wp-block-group-is-layout-constrained\" style=\"color:#000066\">\n<p class=\"justify\">Skozi <strong>raznovrstno svetovalno in poslovodsko&nbsp;delovanje<\/strong> sem si nabral izku\u0161nje in pridobil \u0161irok vpogled v poslovno problematiko z razli\u010dnih vidikov (bank, sodi\u0161\u010d, dobaviteljev, kupcev, lastnikov, uprave, nadzornikov, zaposlenih, konkurence\u2026).<\/p>\n\n\n\n<p class=\"justify\">Posebej bogate, celovite in ene najobse\u017enej\u0161ih v Sloveniji so moje strokovne izku\u0161nje na podro\u010dju <strong>svetovanja podjetjem v te\u017eavah<\/strong> in <strong>pri prisilnih poravnavah<\/strong>.<\/p>\n\n\n\n<p class=\"justify\">Pri svojem delovanju sku\u0161am z naro\u010dniki \u2013 partnerji vzpostaviti pristen <strong>odnos zaupanja<\/strong>. Zavezan sem k najvi\u0161jim strokovnim in eti\u010dnim standardom ter metodologijam dela, obenem pa \u017eelim ponuditi prakti\u010dne, kvalitetne, konkretne in individualno prilagojene re\u0161itve, ki bodo vodile k doseganju \u017eelenih ciljev.<\/p>\n\n\n\n<p class=\"justify\">Zato se <strong>stalno izobra\u017eujem<\/strong>, tako z udele\u017ebo na razli\u010dnih strokovnih predavanjih, seminarjih in posvetih, kakor tudi s \u0161tudijem novej\u0161e literature, zakonodaje ter sodne prakse.<\/p>\n\n\n\n<p class=\"justify\">V mnogih situacijah vam lahko kvalitetno pomagam pri doseganju va\u0161ih&nbsp; ciljev in poslovnih uspehov.<\/p>\n<\/div>\n\n\n\n<div class=\"wp-block-group is-layout-constrained wp-block-group-is-layout-constrained\">\n<p class=\"has-text-color\" style=\"color:#7030a0\"><strong><em>Veselim se sodelovanja z vami.<\/em><\/strong><\/p>\n\n\n\n<div style=\"height:100px\" aria-hidden=\"true\" class=\"wp-block-spacer\"><\/div>\n<\/div>\n","protected":false},"excerpt":{"rendered":"<p>Mag. Milan \u0160kof, direktor Izobrazba Dose\u017eeni strokovni nazivi Poslovna pot Poslovno in strokovno pot sem [&hellip;]<\/p>\n","protected":false},"author":1,"featured_media":0,"parent":1599,"menu_order":0,"comment_status":"closed","ping_status":"closed","template":"","meta":{"_uag_custom_page_level_css":"","footnotes":""},"class_list":["post-1601","page","type-page","status-publish","hentry"],"yoast_head":"<!-- This site is optimized with the Yoast SEO plugin v20.4 - https:\/\/yoast.com\/wordpress\/plugins\/seo\/ -->\n<title>Mag. Milan \u0160kof - Magison Svetovanje<\/title>\n<meta name=\"robots\" content=\"index, follow, max-snippet:-1, max-image-preview:large, max-video-preview:-1\" \/>\n<link rel=\"canonical\" href=\"https:\/\/magison.si\/?page_id=1601\" \/>\n<meta property=\"og:locale\" content=\"en_US\" \/>\n<meta property=\"og:type\" content=\"article\" \/>\n<meta property=\"og:title\" content=\"Mag. Milan \u0160kof - Magison Svetovanje\" \/>\n<meta property=\"og:description\" content=\"Mag. Milan \u0160kof, direktor Izobrazba Dose\u017eeni strokovni nazivi Poslovna pot Poslovno in strokovno pot sem [&hellip;]\" \/>\n<meta property=\"og:url\" content=\"https:\/\/magison.si\/?page_id=1601\" \/>\n<meta property=\"og:site_name\" content=\"Magison Svetovanje\" \/>\n<meta property=\"article:modified_time\" content=\"2023-11-16T17:26:47+00:00\" \/>\n<meta property=\"og:image\" content=\"https:\/\/magison.si\/wp-content\/uploads\/2023\/03\/001-1-1024x700.jpg\" \/>\n<meta name=\"twitter:card\" content=\"summary_large_image\" \/>\n<meta name=\"twitter:label1\" content=\"Est. reading time\" \/>\n\t<meta name=\"twitter:data1\" content=\"3 minutes\" \/>\n<script type=\"application\/ld+json\" class=\"yoast-schema-graph\">{\"@context\":\"https:\/\/schema.org\",\"@graph\":[{\"@type\":\"WebPage\",\"@id\":\"https:\/\/magison.si\/?page_id=1601\",\"url\":\"https:\/\/magison.si\/?page_id=1601\",\"name\":\"Mag. Milan \u0160kof - Magison Svetovanje\",\"isPartOf\":{\"@id\":\"https:\/\/magison.si\/#website\"},\"datePublished\":\"2023-03-06T17:31:55+00:00\",\"dateModified\":\"2023-11-16T17:26:47+00:00\",\"breadcrumb\":{\"@id\":\"https:\/\/magison.si\/?page_id=1601#breadcrumb\"},\"inLanguage\":\"en-US\",\"potentialAction\":[{\"@type\":\"ReadAction\",\"target\":[\"https:\/\/magison.si\/?page_id=1601\"]}]},{\"@type\":\"BreadcrumbList\",\"@id\":\"https:\/\/magison.si\/?page_id=1601#breadcrumb\",\"itemListElement\":[{\"@type\":\"ListItem\",\"position\":1,\"name\":\"Home\",\"item\":\"https:\/\/magison.si\/\"},{\"@type\":\"ListItem\",\"position\":2,\"name\":\"O podjetju\",\"item\":\"https:\/\/magison.si\/?page_id=1599\"},{\"@type\":\"ListItem\",\"position\":3,\"name\":\"Mag. Milan \u0160kof\"}]},{\"@type\":\"WebSite\",\"@id\":\"https:\/\/magison.si\/#website\",\"url\":\"https:\/\/magison.si\/\",\"name\":\"Magison Svetovanje\",\"description\":\"\",\"publisher\":{\"@id\":\"https:\/\/magison.si\/#organization\"},\"potentialAction\":[{\"@type\":\"SearchAction\",\"target\":{\"@type\":\"EntryPoint\",\"urlTemplate\":\"https:\/\/magison.si\/?s={search_term_string}\"},\"query-input\":\"required name=search_term_string\"}],\"inLanguage\":\"en-US\"},{\"@type\":\"Organization\",\"@id\":\"https:\/\/magison.si\/#organization\",\"name\":\"Magison Svetovanje\",\"url\":\"https:\/\/magison.si\/\",\"logo\":{\"@type\":\"ImageObject\",\"inLanguage\":\"en-US\",\"@id\":\"https:\/\/magison.si\/#\/schema\/logo\/image\/\",\"url\":\"https:\/\/magison.si\/wp-content\/uploads\/2023\/01\/ZNAK-MAGISON.jpg\",\"contentUrl\":\"https:\/\/magison.si\/wp-content\/uploads\/2023\/01\/ZNAK-MAGISON.jpg\",\"width\":1634,\"height\":542,\"caption\":\"Magison Svetovanje\"},\"image\":{\"@id\":\"https:\/\/magison.si\/#\/schema\/logo\/image\/\"}}]}<\/script>\n<!-- \/ Yoast SEO plugin. -->","yoast_head_json":{"title":"Mag. Milan \u0160kof - Magison Svetovanje","robots":{"index":"index","follow":"follow","max-snippet":"max-snippet:-1","max-image-preview":"max-image-preview:large","max-video-preview":"max-video-preview:-1"},"canonical":"https:\/\/magison.si\/?page_id=1601","og_locale":"en_US","og_type":"article","og_title":"Mag. Milan \u0160kof - Magison Svetovanje","og_description":"Mag. Milan \u0160kof, direktor Izobrazba Dose\u017eeni strokovni nazivi Poslovna pot Poslovno in strokovno pot sem [&hellip;]","og_url":"https:\/\/magison.si\/?page_id=1601","og_site_name":"Magison Svetovanje","article_modified_time":"2023-11-16T17:26:47+00:00","og_image":[{"url":"https:\/\/magison.si\/wp-content\/uploads\/2023\/03\/001-1-1024x700.jpg"}],"twitter_card":"summary_large_image","twitter_misc":{"Est. reading time":"3 minutes"},"schema":{"@context":"https:\/\/schema.org","@graph":[{"@type":"WebPage","@id":"https:\/\/magison.si\/?page_id=1601","url":"https:\/\/magison.si\/?page_id=1601","name":"Mag. Milan \u0160kof - Magison Svetovanje","isPartOf":{"@id":"https:\/\/magison.si\/#website"},"datePublished":"2023-03-06T17:31:55+00:00","dateModified":"2023-11-16T17:26:47+00:00","breadcrumb":{"@id":"https:\/\/magison.si\/?page_id=1601#breadcrumb"},"inLanguage":"en-US","potentialAction":[{"@type":"ReadAction","target":["https:\/\/magison.si\/?page_id=1601"]}]},{"@type":"BreadcrumbList","@id":"https:\/\/magison.si\/?page_id=1601#breadcrumb","itemListElement":[{"@type":"ListItem","position":1,"name":"Home","item":"https:\/\/magison.si\/"},{"@type":"ListItem","position":2,"name":"O podjetju","item":"https:\/\/magison.si\/?page_id=1599"},{"@type":"ListItem","position":3,"name":"Mag. Milan \u0160kof"}]},{"@type":"WebSite","@id":"https:\/\/magison.si\/#website","url":"https:\/\/magison.si\/","name":"Magison Svetovanje","description":"","publisher":{"@id":"https:\/\/magison.si\/#organization"},"potentialAction":[{"@type":"SearchAction","target":{"@type":"EntryPoint","urlTemplate":"https:\/\/magison.si\/?s={search_term_string}"},"query-input":"required name=search_term_string"}],"inLanguage":"en-US"},{"@type":"Organization","@id":"https:\/\/magison.si\/#organization","name":"Magison Svetovanje","url":"https:\/\/magison.si\/","logo":{"@type":"ImageObject","inLanguage":"en-US","@id":"https:\/\/magison.si\/#\/schema\/logo\/image\/","url":"https:\/\/magison.si\/wp-content\/uploads\/2023\/01\/ZNAK-MAGISON.jpg","contentUrl":"https:\/\/magison.si\/wp-content\/uploads\/2023\/01\/ZNAK-MAGISON.jpg","width":1634,"height":542,"caption":"Magison Svetovanje"},"image":{"@id":"https:\/\/magison.si\/#\/schema\/logo\/image\/"}}]}},"uagb_featured_image_src":{"full":false,"thumbnail":false,"medium":false,"medium_large":false,"large":false,"1536x1536":false,"2048x2048":false},"uagb_author_info":{"display_name":"admin","author_link":"https:\/\/magison.si\/?author=1"},"uagb_comment_info":0,"uagb_excerpt":"Mag. Milan \u0160kof, direktor Izobrazba Dose\u017eeni strokovni nazivi Poslovna pot Poslovno in strokovno pot sem [&hellip;]","_links":{"self":[{"href":"https:\/\/magison.si\/index.php?rest_route=\/wp\/v2\/pages\/1601","targetHints":{"allow":["GET"]}}],"collection":[{"href":"https:\/\/magison.si\/index.php?rest_route=\/wp\/v2\/pages"}],"about":[{"href":"https:\/\/magison.si\/index.php?rest_route=\/wp\/v2\/types\/page"}],"author":[{"embeddable":true,"href":"https:\/\/magison.si\/index.php?rest_route=\/wp\/v2\/users\/1"}],"replies":[{"embeddable":true,"href":"https:\/\/magison.si\/index.php?rest_route=%2Fwp%2Fv2%2Fcomments&post=1601"}],"version-history":[{"count":15,"href":"https:\/\/magison.si\/index.php?rest_route=\/wp\/v2\/pages\/1601\/revisions"}],"predecessor-version":[{"id":1946,"href":"https:\/\/magison.si\/index.php?rest_route=\/wp\/v2\/pages\/1601\/revisions\/1946"}],"up":[{"embeddable":true,"href":"https:\/\/magison.si\/index.php?rest_route=\/wp\/v2\/pages\/1599"}],"wp:attachment":[{"href":"https:\/\/magison.si\/index.php?rest_route=%2Fwp%2Fv2%2Fmedia&parent=1601"}],"curies":[{"name":"wp","href":"https:\/\/api.w.org\/{rel}","templated":true}]}}