{"id":1599,"date":"2023-03-06T17:31:29","date_gmt":"2023-03-06T17:31:29","guid":{"rendered":"https:\/\/magison.si\/?page_id=1599"},"modified":"2024-01-09T13:00:10","modified_gmt":"2024-01-09T13:00:10","slug":"o-podjetju","status":"publish","type":"page","link":"https:\/\/magison.si\/?page_id=1599","title":{"rendered":"O podjetju"},"content":{"rendered":"\n<h2 class=\"wp-block-heading has-text-align-center has-text-color\" style=\"color:#7030a0\">O podjetju<\/h2>\n\n\n\n<style>\n.sidenav {\nbackground:#ffff;  \n  z-index:999;\n  margin:0 auto;\n  \/*border:1px solid red;*\/\n  width:20%;\n  position:fixed;  \n  right:0;\n  top: 35%; \n}\n\nli a{color:#7030A0}\nli a:hover {\n  color: #000066 !important;\n}\n\n@media screen and (max-width: 1200px)  \n{     \n.sidenav { display: none; }  \n}\n<\/style>\n<div class=\"sidenav\">\n<ul style=\"list-style-type: none; font-weight:bold;\">\n<li><a href=\"https:\/\/magison.si\/?page_id=1601\">Mag. Milan \u0160kof<\/a><\/li>\n<li><a href=\"https:\/\/magison.si\/?page_id=1603\">Strokovne reference<\/a><\/li>\n<li><a href=\"https:\/\/magison.si\/?page_id=1605\">Vizitka podjetja<\/a><\/li>\n<li><a href=\"https:\/\/magison.si\/?page_id=1607\">Kje smo<\/a><\/li>\n<\/ul>\n<\/div>\n\n\n\n<div class=\"wp-block-group has-text-color is-layout-constrained wp-block-group-is-layout-constrained\" style=\"color:#000066\">\n<figure class=\"wp-block-image aligncenter size-full is-resized\"><img loading=\"lazy\" decoding=\"async\" width=\"950\" height=\"713\" src=\"https:\/\/magison.si\/wp-content\/uploads\/2023\/01\/Picture1.jpg\" alt=\"\" class=\"wp-image-89\" style=\"width:527px;height:395px\" srcset=\"https:\/\/magison.si\/wp-content\/uploads\/2023\/01\/Picture1.jpg 950w, https:\/\/magison.si\/wp-content\/uploads\/2023\/01\/Picture1-300x225.jpg 300w, https:\/\/magison.si\/wp-content\/uploads\/2023\/01\/Picture1-768x576.jpg 768w\" sizes=\"auto, (max-width: 950px) 100vw, 950px\" \/><\/figure>\n\n\n\n<p class=\"justify has-text-color\" style=\"color:#000066\"><strong style=\"color:#7030A0\">MAGISON SVETOVANJE d.o.o.<\/strong> je podjetje, ustanovljeno leta 2013 na osnovi strokovnih kvalifikacij, znanja ter svetovalnih in poslovodnih izku\u0161enj ustanovitelja in direktorja mag. Milana \u0160kofa. Podjetje opravlja dejavnost na <strong>podro\u010dju poslovno-finan\u010dnega svetovanja, ocenjevanja vrednosti podjetij in pomo\u010di podjetjem v finan\u010dnih te\u017eavah<\/strong>.<\/p>\n\n\n\n<p class=\"justify\">Storitve podjetja <strong style=\"color:#7030A0\">MAGISON SVETOVANJE d.o.o.<\/strong> &nbsp;so namenjene <strong>samostojnim podjetnikom, poslovodstvom, nadzornim&nbsp; svetom in lastnikom<\/strong>\/<strong>delni\u010darjem\/dru\u017ebenikom<\/strong> podjetij.<\/p>\n\n\n\n<p class=\"justify\">Na\u0161e delovanje temelji na <strong>strokovnosti in bogatih, ve\u010d kot 30-letnih poslovno-svetovalnih izku\u0161njah ter visokih eti\u010dnih standardih<\/strong>. Poslovnemu problemu se posvetimo individualno. Poglobimo se v poslovanje podjetja, postavimo realno diagnozo problemov, poi\u0161\u010demo najugodnej\u0161o re\u0161itev in predvidimo, kako bo re\u0161itev vplivala na poslovanje podjetja v prihodnje. Cilj na\u0161ega delovanja je dobrobit poslovnega partnerja. Pri sodelovanju \u017eelimo vzpostaviti pristne odnose zaupanja in dolgoro\u010dnega sodelovanja.<\/p>\n\n\n\n<p class=\"justify\">Kot <strong>zunanji sodelavci <\/strong>poslovodstev in lastnikov podjetij nismo obremenjeni z vsakodnevnim dogajanjem in rutino&nbsp; znotraj podjetij. V svetovalnih in poslovodnih projektih smo sodelovali z mnogimi podjetji iz razli\u010dnih bran\u017e, z bankami ter v postopkih pred sodi\u0161\u010di in dr\u017eavnimi organi, zato imamo <strong>\u0161irok, nepristranski in neobremenjen pogled<\/strong> na poslovni polo\u017eaj va\u0161ega podjetja in njegova morebitna tveganja. V ve\u010d desetletnem delovanju smo sodelovali z mnogimi strokovnjaki (odvetniki, revizorji, ocenjevalci, izvedenci\u2026), zato &nbsp;lahko koordiniramo tudi \u0161ir\u0161o ekipo kvalitetnih strokovnjakov, \u010de je potreben <strong>multidisciplinaren pristop<\/strong>. To lahko pripomore tako h kvalitetnej\u0161im poslovnim odlo\u010ditvam v podjetju kot tudi k la\u017ejemu doseganju poslovnih ciljev.<\/p>\n\n\n\n<p class=\"justify\">Bogate izku\u0161nje pri re\u0161evanju poslovnih problemov so neprecenljiv vir dobrih re\u0161itev, saj je direktor mag. Milan \u0160kof v ve\u010d kot 30-ih letih svetovalnega delovanja <strong>vodil in izvedel preko 400 razli\u010dnih svetovalnih projektov<\/strong>.<\/p>\n\n\n\n<p class=\"justify\">Posebej dragocene so njegove izku\u0161nje <strong>pri <em>prisilnih poravnavah<\/em><\/strong>, ki so med <strong>najobse\u017enej\u0161imi in najcelovitej\u0161imi v Sloveniji<\/strong>. Pridobljene so v okoli 170-ih primerih prisilnih poravnav od leta 1998 naprej. Nana\u0161ajo se na pripravo dokumentacije v zvezi z raznovrstnimi postopki prisilne poravnave (na\u010drti, izjave, vloge, strokovna\/izvedenska mnenja \u2026), na sodelovanje z upravitelji prisilnih poravnav in na upni\u0161kih odborih, sodelovanje in pogajanja z upniki (bankami, dobavitelji\u2026), sodelovanje na narokih pred sodi\u0161\u010di in na spremljanje sodne prakse.<\/p>\n\n\n\n<p class=\"justify\">Dolgoletne bogate izku\u0161nje ima tudi pri <strong>razli\u010dnih svetovalnih projektih<\/strong> (vrednotenja podjetij, poslovni-investicijski-sanacijski in drugi na\u010drti,&nbsp; analize finan\u010dnega stanja ipd.) in <strong>v poslovodenju<\/strong> malih, srednjih in velikih podjetij v razli\u010dnih panogah gospodarstva.<\/p>\n<\/div>\n\n\n\n<div class=\"wp-block-group is-layout-constrained wp-block-group-is-layout-constrained\">\n<div style=\"height:100px\" aria-hidden=\"true\" class=\"wp-block-spacer\"><\/div>\n<\/div>\n","protected":false},"excerpt":{"rendered":"<p>O podjetju Mag. Milan \u0160kof Strokovne reference Vizitka podjetja Kje smo MAGISON SVETOVANJE d.o.o. je [&hellip;]<\/p>\n","protected":false},"author":1,"featured_media":0,"parent":0,"menu_order":0,"comment_status":"closed","ping_status":"closed","template":"","meta":{"_uag_custom_page_level_css":"","footnotes":""},"class_list":["post-1599","page","type-page","status-publish","hentry"],"yoast_head":"<!-- This site is optimized with the Yoast SEO plugin v20.4 - https:\/\/yoast.com\/wordpress\/plugins\/seo\/ -->\n<title>O podjetju - Magison Svetovanje<\/title>\n<meta name=\"robots\" content=\"index, follow, max-snippet:-1, max-image-preview:large, max-video-preview:-1\" \/>\n<link rel=\"canonical\" href=\"https:\/\/magison.si\/?page_id=1599\" \/>\n<meta property=\"og:locale\" content=\"en_US\" \/>\n<meta property=\"og:type\" content=\"article\" \/>\n<meta property=\"og:title\" content=\"O podjetju - Magison Svetovanje\" \/>\n<meta property=\"og:description\" content=\"O podjetju Mag. Milan \u0160kof Strokovne reference Vizitka podjetja Kje smo MAGISON SVETOVANJE d.o.o. je [&hellip;]\" \/>\n<meta property=\"og:url\" content=\"https:\/\/magison.si\/?page_id=1599\" \/>\n<meta property=\"og:site_name\" content=\"Magison Svetovanje\" \/>\n<meta property=\"article:modified_time\" content=\"2024-01-09T13:00:10+00:00\" \/>\n<meta property=\"og:image\" content=\"https:\/\/magison.si\/wp-content\/uploads\/2023\/01\/Picture1.jpg\" \/>\n<meta name=\"twitter:card\" content=\"summary_large_image\" \/>\n<meta name=\"twitter:label1\" content=\"Est. reading time\" \/>\n\t<meta name=\"twitter:data1\" content=\"2 minutes\" \/>\n<script type=\"application\/ld+json\" class=\"yoast-schema-graph\">{\"@context\":\"https:\/\/schema.org\",\"@graph\":[{\"@type\":\"WebPage\",\"@id\":\"https:\/\/magison.si\/?page_id=1599\",\"url\":\"https:\/\/magison.si\/?page_id=1599\",\"name\":\"O podjetju - Magison Svetovanje\",\"isPartOf\":{\"@id\":\"https:\/\/magison.si\/#website\"},\"datePublished\":\"2023-03-06T17:31:29+00:00\",\"dateModified\":\"2024-01-09T13:00:10+00:00\",\"breadcrumb\":{\"@id\":\"https:\/\/magison.si\/?page_id=1599#breadcrumb\"},\"inLanguage\":\"en-US\",\"potentialAction\":[{\"@type\":\"ReadAction\",\"target\":[\"https:\/\/magison.si\/?page_id=1599\"]}]},{\"@type\":\"BreadcrumbList\",\"@id\":\"https:\/\/magison.si\/?page_id=1599#breadcrumb\",\"itemListElement\":[{\"@type\":\"ListItem\",\"position\":1,\"name\":\"Home\",\"item\":\"https:\/\/magison.si\/\"},{\"@type\":\"ListItem\",\"position\":2,\"name\":\"O podjetju\"}]},{\"@type\":\"WebSite\",\"@id\":\"https:\/\/magison.si\/#website\",\"url\":\"https:\/\/magison.si\/\",\"name\":\"Magison Svetovanje\",\"description\":\"\",\"publisher\":{\"@id\":\"https:\/\/magison.si\/#organization\"},\"potentialAction\":[{\"@type\":\"SearchAction\",\"target\":{\"@type\":\"EntryPoint\",\"urlTemplate\":\"https:\/\/magison.si\/?s={search_term_string}\"},\"query-input\":\"required name=search_term_string\"}],\"inLanguage\":\"en-US\"},{\"@type\":\"Organization\",\"@id\":\"https:\/\/magison.si\/#organization\",\"name\":\"Magison Svetovanje\",\"url\":\"https:\/\/magison.si\/\",\"logo\":{\"@type\":\"ImageObject\",\"inLanguage\":\"en-US\",\"@id\":\"https:\/\/magison.si\/#\/schema\/logo\/image\/\",\"url\":\"https:\/\/magison.si\/wp-content\/uploads\/2023\/01\/ZNAK-MAGISON.jpg\",\"contentUrl\":\"https:\/\/magison.si\/wp-content\/uploads\/2023\/01\/ZNAK-MAGISON.jpg\",\"width\":1634,\"height\":542,\"caption\":\"Magison Svetovanje\"},\"image\":{\"@id\":\"https:\/\/magison.si\/#\/schema\/logo\/image\/\"}}]}<\/script>\n<!-- \/ Yoast SEO plugin. -->","yoast_head_json":{"title":"O podjetju - Magison Svetovanje","robots":{"index":"index","follow":"follow","max-snippet":"max-snippet:-1","max-image-preview":"max-image-preview:large","max-video-preview":"max-video-preview:-1"},"canonical":"https:\/\/magison.si\/?page_id=1599","og_locale":"en_US","og_type":"article","og_title":"O podjetju - Magison Svetovanje","og_description":"O podjetju Mag. Milan \u0160kof Strokovne reference Vizitka podjetja Kje smo MAGISON SVETOVANJE d.o.o. je [&hellip;]","og_url":"https:\/\/magison.si\/?page_id=1599","og_site_name":"Magison Svetovanje","article_modified_time":"2024-01-09T13:00:10+00:00","og_image":[{"url":"https:\/\/magison.si\/wp-content\/uploads\/2023\/01\/Picture1.jpg"}],"twitter_card":"summary_large_image","twitter_misc":{"Est. reading time":"2 minutes"},"schema":{"@context":"https:\/\/schema.org","@graph":[{"@type":"WebPage","@id":"https:\/\/magison.si\/?page_id=1599","url":"https:\/\/magison.si\/?page_id=1599","name":"O podjetju - Magison Svetovanje","isPartOf":{"@id":"https:\/\/magison.si\/#website"},"datePublished":"2023-03-06T17:31:29+00:00","dateModified":"2024-01-09T13:00:10+00:00","breadcrumb":{"@id":"https:\/\/magison.si\/?page_id=1599#breadcrumb"},"inLanguage":"en-US","potentialAction":[{"@type":"ReadAction","target":["https:\/\/magison.si\/?page_id=1599"]}]},{"@type":"BreadcrumbList","@id":"https:\/\/magison.si\/?page_id=1599#breadcrumb","itemListElement":[{"@type":"ListItem","position":1,"name":"Home","item":"https:\/\/magison.si\/"},{"@type":"ListItem","position":2,"name":"O podjetju"}]},{"@type":"WebSite","@id":"https:\/\/magison.si\/#website","url":"https:\/\/magison.si\/","name":"Magison Svetovanje","description":"","publisher":{"@id":"https:\/\/magison.si\/#organization"},"potentialAction":[{"@type":"SearchAction","target":{"@type":"EntryPoint","urlTemplate":"https:\/\/magison.si\/?s={search_term_string}"},"query-input":"required name=search_term_string"}],"inLanguage":"en-US"},{"@type":"Organization","@id":"https:\/\/magison.si\/#organization","name":"Magison Svetovanje","url":"https:\/\/magison.si\/","logo":{"@type":"ImageObject","inLanguage":"en-US","@id":"https:\/\/magison.si\/#\/schema\/logo\/image\/","url":"https:\/\/magison.si\/wp-content\/uploads\/2023\/01\/ZNAK-MAGISON.jpg","contentUrl":"https:\/\/magison.si\/wp-content\/uploads\/2023\/01\/ZNAK-MAGISON.jpg","width":1634,"height":542,"caption":"Magison Svetovanje"},"image":{"@id":"https:\/\/magison.si\/#\/schema\/logo\/image\/"}}]}},"uagb_featured_image_src":{"full":false,"thumbnail":false,"medium":false,"medium_large":false,"large":false,"1536x1536":false,"2048x2048":false},"uagb_author_info":{"display_name":"admin","author_link":"https:\/\/magison.si\/?author=1"},"uagb_comment_info":0,"uagb_excerpt":"O podjetju Mag. Milan \u0160kof Strokovne reference Vizitka podjetja Kje smo MAGISON SVETOVANJE d.o.o. je [&hellip;]","_links":{"self":[{"href":"https:\/\/magison.si\/index.php?rest_route=\/wp\/v2\/pages\/1599","targetHints":{"allow":["GET"]}}],"collection":[{"href":"https:\/\/magison.si\/index.php?rest_route=\/wp\/v2\/pages"}],"about":[{"href":"https:\/\/magison.si\/index.php?rest_route=\/wp\/v2\/types\/page"}],"author":[{"embeddable":true,"href":"https:\/\/magison.si\/index.php?rest_route=\/wp\/v2\/users\/1"}],"replies":[{"embeddable":true,"href":"https:\/\/magison.si\/index.php?rest_route=%2Fwp%2Fv2%2Fcomments&post=1599"}],"version-history":[{"count":8,"href":"https:\/\/magison.si\/index.php?rest_route=\/wp\/v2\/pages\/1599\/revisions"}],"predecessor-version":[{"id":2110,"href":"https:\/\/magison.si\/index.php?rest_route=\/wp\/v2\/pages\/1599\/revisions\/2110"}],"wp:attachment":[{"href":"https:\/\/magison.si\/index.php?rest_route=%2Fwp%2Fv2%2Fmedia&parent=1599"}],"curies":[{"name":"wp","href":"https:\/\/api.w.org\/{rel}","templated":true}]}}