{"id":1424,"date":"2023-03-02T20:50:16","date_gmt":"2023-03-02T20:50:16","guid":{"rendered":"https:\/\/magison.si\/?page_id=1424"},"modified":"2023-11-15T11:42:18","modified_gmt":"2023-11-15T11:42:18","slug":"delavnice-predavanja-in-seminarji-poslovodstvo-nadzorni-svet-in-insolventnost","status":"publish","type":"page","link":"https:\/\/magison.si\/?page_id=1424","title":{"rendered":"Delavnice, predavanja in seminarji: Poslovodstvo, nadzorni svet in insolventnost"},"content":{"rendered":"\n<h3 class=\"wp-block-heading has-text-align-center has-text-color\" style=\"color:#1583dd\"><strong>Delavnice, predavanja in seminarji: Poslovodstvo, nadzorni svet in insolventnost<\/strong><\/h3>\n\n\n\n<div class=\"wp-block-group is-layout-constrained wp-block-group-is-layout-constrained\">\n<figure class=\"wp-block-image size-large\"><img loading=\"lazy\" decoding=\"async\" width=\"1024\" height=\"595\" src=\"https:\/\/magison.si\/wp-content\/uploads\/2023\/03\/400-8-1024x595.jpg\" alt=\"\" class=\"wp-image-1438\" srcset=\"https:\/\/magison.si\/wp-content\/uploads\/2023\/03\/400-8-1024x595.jpg 1024w, https:\/\/magison.si\/wp-content\/uploads\/2023\/03\/400-8-300x174.jpg 300w, https:\/\/magison.si\/wp-content\/uploads\/2023\/03\/400-8-768x446.jpg 768w, https:\/\/magison.si\/wp-content\/uploads\/2023\/03\/400-8.jpg 1193w\" sizes=\"auto, (max-width: 1024px) 100vw, 1024px\" \/><\/figure>\n\n\n\n<p class=\"has-text-color\" style=\"color:#000066\"><strong>Vsebina delavnic\/predavanj\/seminarjev<\/strong> pokriva naslednja podro\u010dja:<\/p>\n<\/div>\n\n\n\n<div class=\"wp-block-group is-layout-constrained wp-block-group-is-layout-constrained\">\n<ol style=\"color:#7030a0\" class=\"justify has-text-color wp-block-list\">\n<li><strong>Finan\u010dno poslovanje in insolventnost.<\/strong><\/li>\n\n\n\n<li><strong>Narava, vrste in zaznavanje poslovno-finan\u010dnih te\u017eav.<\/strong><\/li>\n\n\n\n<li><strong>Groze\u010da insolventnost in insolventnost<\/strong>: kaj je; kako jo ugotavljamo; kdaj jo je potrebno ugotoviti.<\/li>\n\n\n\n<li><strong>Osnovni pojmi v zvezi insolventnostjo<\/strong>: upniki, dol\u017enik; lo\u010ditveni, izlo\u010ditveni, prednostni, navadni upniki; podrejene terjatve; terjatev, povezana z odlo\u017enim pogojem \u2013 pogojna terjatev; upniki na osnovi vzajemno dvostransko neizpolnjenih pogodb.<\/li>\n\n\n\n<li><strong>Omejitve\/prepovedi poslovodstva<\/strong> <strong>v vodenju podjetja pri (groze\u010di) insolventnosti<\/strong>: (ne)pla\u010dilo obveznosti; redno poslovanje.<\/li>\n\n\n\n<li><strong>Dol\u017ene aktivnosti\/dol\u017enosti poslovodstva<\/strong> <strong>pri <strong>(groze\u010di)<\/strong><\/strong> <strong>insolventnosti in roki<\/strong>: enaka obravnava upnikov; Poro\u010dilo o ukrepih finan\u010dnega prestrukturiranja.<\/li>\n\n\n\n<li><strong>Odnosi z dobavitelji, kupci, bankami, FURS, zaposlenimi, nadzornim svetom in skup\u0161\u010dino pri  <strong>(groze\u010di)<\/strong><\/strong> <strong>insolventnosti<\/strong>.<\/li>\n\n\n\n<li><strong>Izvr\u0161ilni postopki<\/strong> <strong>in <strong>(groze\u010da)<\/strong><\/strong> <strong>insolventnost<\/strong>.<\/li>\n\n\n\n<li><strong>Poro\u010danje o <strong>(groze\u010di) insolventnosti in<\/strong> o ukrepih finan\u010dnega prestrukturiranja<\/strong>: sestavine; obveznosti poslovodstva; komu poro\u010dati in kdaj.<\/li>\n\n\n\n<li><strong>Ukrepi finan\u010dnega prestrukturiranja<\/strong> pri (groze\u010di) insolventnosti.<\/li>\n\n\n\n<li><strong>Predlog poslovodstva za za\u010detek ste\u010dajnega postopka<\/strong>: kdaj, sestavine.<\/li>\n\n\n\n<li><strong>Predlog poslovodstva za za\u010detek postopka prisilne poravnave<\/strong>: ali je to dol\u017enost poslovodstva; v katerih primerih, kdaj, sestavine.<\/li>\n\n\n\n<li><strong>Uveljavljanje insolventnosti s strani upnikov<\/strong>: upnikov predlog za ste\u010daj; upnikov predlog za prisilno poravnavo.<\/li>\n\n\n\n<li><strong>Insolven\u010dni postopk<\/strong>i <strong>prisilne poravnave in prisilne poravnave<\/strong> <strong>za malo  gospodarstvo<\/strong>: kaj so; namen; glavne zna\u010dilnosti; razlike; udele\u017eenci; postopki; roki; stro\u0161ki\u2026.<\/li>\n\n\n\n<li><strong>Izvedba ukrepov finan\u010dnega prestrukturiranja in<\/strong> <strong>trajanje dol\u017enosti in omejitev, vezanih na insolventnost<\/strong>.<\/li>\n\n\n\n<li><strong>Odgovornosti poslovodstva in nadzornega sveta ob insolventnosti<\/strong>: vrste; obseg; razbremenitev odgovornosti.<\/li>\n\n\n\n<li><strong>Od\u0161kodninska odgovornost:<\/strong> vrste in obseg; profesionalna skrbnost poslovnofinan\u010dne stroke; razbremenitev od\u0161kodninske odgovornosti.<\/li>\n\n\n\n<li><strong>Sodna praksa.<\/strong><\/li>\n<\/ol>\n<\/div>\n\n\n\n<div class=\"wp-block-group has-text-color is-layout-constrained wp-block-group-is-layout-constrained\" style=\"color:#000066\">\n<p class=\"justify\"><strong>Namen <\/strong><strong>delavnic\/predavanj\/seminarjev<\/strong> je, da v ve\u010djih skupinah zagotovimo \u010dimve\u010dji obseg prenosa tematike, razumevanje problematike in bolj\u0161o preto\u010dnost zakonskih in teoreti\u010dnih izhodi\u0161\u010d v prakti\u010dno uporabo.<\/p>\n\n\n\n<p class=\"justify\"><strong>Tematika <\/strong>je lahko zastavljena \u0161iroko in pokriva celotno problematiko insolventnosti (v tem primeru predlagamo dalj\u0161e trajanje), lahko pa je ciljno usmerjena v dolo\u010dena podro\u010dja, ki so z va\u0161ega vidika bolj pomembna. O tem se lahko predhodno dogovorimo.<\/p>\n\n\n\n<p class=\"justify\"><strong>Dnevno trajanje<\/strong> je do 5 pedago\u0161kih ur (45 minut) s 15 minutnim premorom. Glede na obseg problematike in globino obravnave pa ponujamo <strong>1 ali 2 dnevne <\/strong>delavnice,predavanja in seminarje.<\/p>\n<\/div>\n\n\n\n<div class=\"wp-block-group has-text-color is-layout-constrained wp-block-group-is-layout-constrained\" style=\"color:#000066\">\n<p class=\"justify\">Mo\u017ene <strong>lokacije<\/strong> so:<\/p>\n\n\n\n<ul class=\"wp-block-list\">\n<li>va\u0161a sejna soba ali kak drug prostor na lokaciji va\u0161ega podjetja;<\/li>\n\n\n\n<li>hotel v Bohinju, kjer lahko, ob seznanjanju s tematiko insolventnosti, izvedete tudi program team-buildinga;<\/li>\n\n\n\n<li>lokacija po va\u0161i izbiri;<\/li>\n\n\n\n<li>ZOOM;<\/li>\n\n\n\n<li>Lokacija, skladna z razpisom seminarja.<\/li>\n<\/ul>\n\n\n\n<p class=\"justify\"><strong>\u0160tevilo udele\u017eencev<\/strong> je odvisno od va\u0161ih \u017eelja, \u010de je posvet\/predavanje\/seminar pripravljen posebej za va\u0161e podjetje.<\/p>\n\n\n\n<p class=\"justify\">Udele\u017eenci so lahko iz ve\u010d podjetij hkrati \u2013 direktorji, lastniki, \u010dlani nadzornih svetov, vodje prodaje, nabave, proizvodnje, financ.<\/p>\n<\/div>\n\n\n\n<div class=\"wp-block-group has-text-color is-layout-constrained wp-block-group-is-layout-constrained\" style=\"color:#7030a0\">\n<p><strong><em>Imate dodatna vpra\u0161anja? Vas zanima ve\u010d?<\/em><\/strong><\/p>\n\n\n\n<p><strong><em>Pi\u0161ite nam, pokli\u010dite nas in potrudili se bomo najti ustrezne odgovore.<\/em><\/strong><\/p>\n\n\n\n<p><strong><em>Povpra\u0161ajte za ponudbo.<\/em><\/strong><\/p>\n<\/div>\n\n\n\n<div style=\"height:100px\" aria-hidden=\"true\" class=\"wp-block-spacer\"><\/div>\n","protected":false},"excerpt":{"rendered":"<p>Delavnice, predavanja in seminarji: Poslovodstvo, nadzorni svet in insolventnost Vsebina delavnic\/predavanj\/seminarjev pokriva naslednja podro\u010dja: Namen [&hellip;]<\/p>\n","protected":false},"author":1,"featured_media":0,"parent":1364,"menu_order":0,"comment_status":"closed","ping_status":"closed","template":"","meta":{"_uag_custom_page_level_css":"","footnotes":""},"class_list":["post-1424","page","type-page","status-publish","hentry"],"yoast_head":"<!-- This site is optimized with the Yoast SEO plugin v20.4 - https:\/\/yoast.com\/wordpress\/plugins\/seo\/ -->\n<title>Delavnice, predavanja in seminarji: Poslovodstvo, nadzorni svet in insolventnost - Magison Svetovanje<\/title>\n<meta name=\"robots\" content=\"index, follow, max-snippet:-1, max-image-preview:large, max-video-preview:-1\" \/>\n<link rel=\"canonical\" href=\"https:\/\/magison.si\/?page_id=1424\" \/>\n<meta property=\"og:locale\" content=\"en_US\" \/>\n<meta property=\"og:type\" content=\"article\" \/>\n<meta property=\"og:title\" content=\"Delavnice, predavanja in seminarji: Poslovodstvo, nadzorni svet in insolventnost - Magison Svetovanje\" \/>\n<meta property=\"og:description\" content=\"Delavnice, predavanja in seminarji: Poslovodstvo, nadzorni svet in insolventnost Vsebina delavnic\/predavanj\/seminarjev pokriva naslednja podro\u010dja: Namen [&hellip;]\" \/>\n<meta property=\"og:url\" content=\"https:\/\/magison.si\/?page_id=1424\" \/>\n<meta property=\"og:site_name\" content=\"Magison Svetovanje\" \/>\n<meta property=\"article:modified_time\" content=\"2023-11-15T11:42:18+00:00\" \/>\n<meta property=\"og:image\" content=\"https:\/\/magison.si\/wp-content\/uploads\/2023\/03\/400-8-1024x595.jpg\" \/>\n<meta name=\"twitter:card\" content=\"summary_large_image\" \/>\n<meta name=\"twitter:label1\" content=\"Est. reading time\" \/>\n\t<meta name=\"twitter:data1\" content=\"2 minutes\" \/>\n<script type=\"application\/ld+json\" class=\"yoast-schema-graph\">{\"@context\":\"https:\/\/schema.org\",\"@graph\":[{\"@type\":\"WebPage\",\"@id\":\"https:\/\/magison.si\/?page_id=1424\",\"url\":\"https:\/\/magison.si\/?page_id=1424\",\"name\":\"Delavnice, predavanja in seminarji: Poslovodstvo, nadzorni svet in insolventnost - Magison Svetovanje\",\"isPartOf\":{\"@id\":\"https:\/\/magison.si\/#website\"},\"datePublished\":\"2023-03-02T20:50:16+00:00\",\"dateModified\":\"2023-11-15T11:42:18+00:00\",\"breadcrumb\":{\"@id\":\"https:\/\/magison.si\/?page_id=1424#breadcrumb\"},\"inLanguage\":\"en-US\",\"potentialAction\":[{\"@type\":\"ReadAction\",\"target\":[\"https:\/\/magison.si\/?page_id=1424\"]}]},{\"@type\":\"BreadcrumbList\",\"@id\":\"https:\/\/magison.si\/?page_id=1424#breadcrumb\",\"itemListElement\":[{\"@type\":\"ListItem\",\"position\":1,\"name\":\"Home\",\"item\":\"https:\/\/magison.si\/\"},{\"@type\":\"ListItem\",\"position\":2,\"name\":\"Podjetje v finan\u010dnih te\u017eavah \u2013 svetovanje in storitve\",\"item\":\"https:\/\/magison.si\/?page_id=835\"},{\"@type\":\"ListItem\",\"position\":3,\"name\":\"Poslovodstvo, nadzorni svet in insolventnost\",\"item\":\"https:\/\/magison.si\/?page_id=1364\"},{\"@type\":\"ListItem\",\"position\":4,\"name\":\"Delavnice, predavanja in seminarji: Poslovodstvo, nadzorni svet in insolventnost\"}]},{\"@type\":\"WebSite\",\"@id\":\"https:\/\/magison.si\/#website\",\"url\":\"https:\/\/magison.si\/\",\"name\":\"Magison Svetovanje\",\"description\":\"\",\"publisher\":{\"@id\":\"https:\/\/magison.si\/#organization\"},\"potentialAction\":[{\"@type\":\"SearchAction\",\"target\":{\"@type\":\"EntryPoint\",\"urlTemplate\":\"https:\/\/magison.si\/?s={search_term_string}\"},\"query-input\":\"required name=search_term_string\"}],\"inLanguage\":\"en-US\"},{\"@type\":\"Organization\",\"@id\":\"https:\/\/magison.si\/#organization\",\"name\":\"Magison Svetovanje\",\"url\":\"https:\/\/magison.si\/\",\"logo\":{\"@type\":\"ImageObject\",\"inLanguage\":\"en-US\",\"@id\":\"https:\/\/magison.si\/#\/schema\/logo\/image\/\",\"url\":\"https:\/\/magison.si\/wp-content\/uploads\/2023\/01\/ZNAK-MAGISON.jpg\",\"contentUrl\":\"https:\/\/magison.si\/wp-content\/uploads\/2023\/01\/ZNAK-MAGISON.jpg\",\"width\":1634,\"height\":542,\"caption\":\"Magison Svetovanje\"},\"image\":{\"@id\":\"https:\/\/magison.si\/#\/schema\/logo\/image\/\"}}]}<\/script>\n<!-- \/ Yoast SEO plugin. -->","yoast_head_json":{"title":"Delavnice, predavanja in seminarji: Poslovodstvo, nadzorni svet in insolventnost - Magison Svetovanje","robots":{"index":"index","follow":"follow","max-snippet":"max-snippet:-1","max-image-preview":"max-image-preview:large","max-video-preview":"max-video-preview:-1"},"canonical":"https:\/\/magison.si\/?page_id=1424","og_locale":"en_US","og_type":"article","og_title":"Delavnice, predavanja in seminarji: Poslovodstvo, nadzorni svet in insolventnost - Magison Svetovanje","og_description":"Delavnice, predavanja in seminarji: Poslovodstvo, nadzorni svet in insolventnost Vsebina delavnic\/predavanj\/seminarjev pokriva naslednja podro\u010dja: Namen [&hellip;]","og_url":"https:\/\/magison.si\/?page_id=1424","og_site_name":"Magison Svetovanje","article_modified_time":"2023-11-15T11:42:18+00:00","og_image":[{"url":"https:\/\/magison.si\/wp-content\/uploads\/2023\/03\/400-8-1024x595.jpg"}],"twitter_card":"summary_large_image","twitter_misc":{"Est. reading time":"2 minutes"},"schema":{"@context":"https:\/\/schema.org","@graph":[{"@type":"WebPage","@id":"https:\/\/magison.si\/?page_id=1424","url":"https:\/\/magison.si\/?page_id=1424","name":"Delavnice, predavanja in seminarji: Poslovodstvo, nadzorni svet in insolventnost - Magison Svetovanje","isPartOf":{"@id":"https:\/\/magison.si\/#website"},"datePublished":"2023-03-02T20:50:16+00:00","dateModified":"2023-11-15T11:42:18+00:00","breadcrumb":{"@id":"https:\/\/magison.si\/?page_id=1424#breadcrumb"},"inLanguage":"en-US","potentialAction":[{"@type":"ReadAction","target":["https:\/\/magison.si\/?page_id=1424"]}]},{"@type":"BreadcrumbList","@id":"https:\/\/magison.si\/?page_id=1424#breadcrumb","itemListElement":[{"@type":"ListItem","position":1,"name":"Home","item":"https:\/\/magison.si\/"},{"@type":"ListItem","position":2,"name":"Podjetje v finan\u010dnih te\u017eavah \u2013 svetovanje in storitve","item":"https:\/\/magison.si\/?page_id=835"},{"@type":"ListItem","position":3,"name":"Poslovodstvo, nadzorni svet in insolventnost","item":"https:\/\/magison.si\/?page_id=1364"},{"@type":"ListItem","position":4,"name":"Delavnice, predavanja in seminarji: Poslovodstvo, nadzorni svet in insolventnost"}]},{"@type":"WebSite","@id":"https:\/\/magison.si\/#website","url":"https:\/\/magison.si\/","name":"Magison Svetovanje","description":"","publisher":{"@id":"https:\/\/magison.si\/#organization"},"potentialAction":[{"@type":"SearchAction","target":{"@type":"EntryPoint","urlTemplate":"https:\/\/magison.si\/?s={search_term_string}"},"query-input":"required name=search_term_string"}],"inLanguage":"en-US"},{"@type":"Organization","@id":"https:\/\/magison.si\/#organization","name":"Magison Svetovanje","url":"https:\/\/magison.si\/","logo":{"@type":"ImageObject","inLanguage":"en-US","@id":"https:\/\/magison.si\/#\/schema\/logo\/image\/","url":"https:\/\/magison.si\/wp-content\/uploads\/2023\/01\/ZNAK-MAGISON.jpg","contentUrl":"https:\/\/magison.si\/wp-content\/uploads\/2023\/01\/ZNAK-MAGISON.jpg","width":1634,"height":542,"caption":"Magison Svetovanje"},"image":{"@id":"https:\/\/magison.si\/#\/schema\/logo\/image\/"}}]}},"uagb_featured_image_src":{"full":false,"thumbnail":false,"medium":false,"medium_large":false,"large":false,"1536x1536":false,"2048x2048":false},"uagb_author_info":{"display_name":"admin","author_link":"https:\/\/magison.si\/?author=1"},"uagb_comment_info":0,"uagb_excerpt":"Delavnice, predavanja in seminarji: Poslovodstvo, nadzorni svet in insolventnost Vsebina delavnic\/predavanj\/seminarjev pokriva naslednja podro\u010dja: Namen [&hellip;]","_links":{"self":[{"href":"https:\/\/magison.si\/index.php?rest_route=\/wp\/v2\/pages\/1424","targetHints":{"allow":["GET"]}}],"collection":[{"href":"https:\/\/magison.si\/index.php?rest_route=\/wp\/v2\/pages"}],"about":[{"href":"https:\/\/magison.si\/index.php?rest_route=\/wp\/v2\/types\/page"}],"author":[{"embeddable":true,"href":"https:\/\/magison.si\/index.php?rest_route=\/wp\/v2\/users\/1"}],"replies":[{"embeddable":true,"href":"https:\/\/magison.si\/index.php?rest_route=%2Fwp%2Fv2%2Fcomments&post=1424"}],"version-history":[{"count":5,"href":"https:\/\/magison.si\/index.php?rest_route=\/wp\/v2\/pages\/1424\/revisions"}],"predecessor-version":[{"id":1918,"href":"https:\/\/magison.si\/index.php?rest_route=\/wp\/v2\/pages\/1424\/revisions\/1918"}],"up":[{"embeddable":true,"href":"https:\/\/magison.si\/index.php?rest_route=\/wp\/v2\/pages\/1364"}],"wp:attachment":[{"href":"https:\/\/magison.si\/index.php?rest_route=%2Fwp%2Fv2%2Fmedia&parent=1424"}],"curies":[{"name":"wp","href":"https:\/\/api.w.org\/{rel}","templated":true}]}}