{"id":1420,"date":"2023-03-02T20:39:21","date_gmt":"2023-03-02T20:39:21","guid":{"rendered":"https:\/\/magison.si\/?page_id=1420"},"modified":"2023-11-20T10:28:44","modified_gmt":"2023-11-20T10:28:44","slug":"svetovanje-poslovodstvu-v-postopku-preventivnega-prestrukturiranja","status":"publish","type":"page","link":"https:\/\/magison.si\/?page_id=1420","title":{"rendered":"Svetovanje poslovodstvu v postopku preventivnega prestrukturiranja"},"content":{"rendered":"\n<h3 class=\"wp-block-heading has-text-align-center has-text-color\" style=\"color:#1583dd\"><strong>Svetovanje poslovodstvu v postopku preventivnega prestrukturiranja<\/strong><\/h3>\n\n\n\n<div class=\"wp-block-group has-text-color is-layout-constrained wp-block-group-is-layout-constrained\" style=\"color:#000066\">\n<p class=\"justify\">Ste v Postopku<em>\u00a0preventivnega prestrukturiranja in se vam v tem postopku porajajo \u0161tevilna vpra\u0161anja.<\/em><\/p>\n\n\n\n<figure class=\"wp-block-image size-large\"><img loading=\"lazy\" decoding=\"async\" width=\"1024\" height=\"379\" src=\"https:\/\/magison.si\/wp-content\/uploads\/2023\/03\/400-35-1024x379.jpg\" alt=\"\" class=\"wp-image-1464\" srcset=\"https:\/\/magison.si\/wp-content\/uploads\/2023\/03\/400-35-1024x379.jpg 1024w, https:\/\/magison.si\/wp-content\/uploads\/2023\/03\/400-35-300x111.jpg 300w, https:\/\/magison.si\/wp-content\/uploads\/2023\/03\/400-35-768x284.jpg 768w, https:\/\/magison.si\/wp-content\/uploads\/2023\/03\/400-35.jpg 1327w\" sizes=\"auto, (max-width: 1024px) 100vw, 1024px\" \/><\/figure>\n\n\n\n<ul class=\"justify wp-block-list\">\n<li><em>Ste v Postopku <\/em>preventivnega<em> prestrukturiranja <strong>v dilemah glede postopkovnih vpra\u0161anj<\/strong>?<\/em><\/li>\n\n\n\n<li><strong><em>Se ne znajdete ve\u010d med vsemi odprtimi zadevami<\/em><\/strong><em>\u00a0s finan\u010dnimi upniki, bankami, notarjem, sodi\u0161\u010dem?<\/em><\/li>\n\n\n\n<li><em>Potrebujete\u00a0<strong>pomo\u010d pri razgovorih<\/strong>\u00a0\u2013 pogajanjih?<\/em><\/li>\n\n\n\n<li><em>Naj vam\u00a0<strong>svetujemo pri odprtih vpra\u0161anjih<\/strong>\u00a0glede\u00a0Postopka preventivnega prestrukturiranja?<\/em><\/li>\n<\/ul>\n\n\n\n<p class=\"justify has-text-color\" style=\"color:#7030a0\">Na\u0161e<strong>\u00a0izku\u0161nje v zvezi z sodnimi postopki\u00a0<\/strong>za sanacijo (groze\u010de) insolventnosti \u00a0po ZFPPIPP<strong>\u00a0so celovite in med najobse\u017enej\u0161imi\u00a0<\/strong>v Sloveniji, saj smo v 170-ih postopkih v zvezi s insolventnostjo pripravljali vloge, potrebno dokumentacijo, svetovali upravam, sodelovali na razli\u010dnih narokih v zvezi z postopki zaradi insolventnosti na sodi\u0161\u010dih \u2026<strong>\u00a0\u00a0Zato smo pravi naslov za odgovore na va\u0161e dileme in vpra\u0161anja.<\/strong><\/p>\n<\/div>\n\n\n\n<div class=\"wp-block-group has-text-color is-layout-constrained wp-block-group-is-layout-constrained\" style=\"color:#7030a0\">\n<p><strong><em>Pi\u0161ite nam, pokli\u010dite nas, povpra\u0161ajte za ponudbo.<\/em><\/strong><\/p>\n\n\n\n<div style=\"height:100px\" aria-hidden=\"true\" class=\"wp-block-spacer\"><\/div>\n<\/div>\n","protected":false},"excerpt":{"rendered":"<p>Svetovanje poslovodstvu v postopku preventivnega prestrukturiranja Ste v Postopku\u00a0preventivnega prestrukturiranja in se vam v tem [&hellip;]<\/p>\n","protected":false},"author":1,"featured_media":0,"parent":1370,"menu_order":2,"comment_status":"closed","ping_status":"closed","template":"","meta":{"_uag_custom_page_level_css":"","footnotes":""},"class_list":["post-1420","page","type-page","status-publish","hentry"],"yoast_head":"<!-- This site is optimized with the Yoast SEO plugin v20.4 - https:\/\/yoast.com\/wordpress\/plugins\/seo\/ -->\n<title>Svetovanje poslovodstvu v postopku preventivnega prestrukturiranja - Magison Svetovanje<\/title>\n<meta name=\"robots\" content=\"index, follow, max-snippet:-1, max-image-preview:large, max-video-preview:-1\" \/>\n<link rel=\"canonical\" href=\"https:\/\/magison.si\/?page_id=1420\" \/>\n<meta property=\"og:locale\" content=\"en_US\" \/>\n<meta property=\"og:type\" content=\"article\" \/>\n<meta property=\"og:title\" content=\"Svetovanje poslovodstvu v postopku preventivnega prestrukturiranja - Magison Svetovanje\" \/>\n<meta property=\"og:description\" content=\"Svetovanje poslovodstvu v postopku preventivnega prestrukturiranja Ste v Postopku\u00a0preventivnega prestrukturiranja in se vam v tem [&hellip;]\" \/>\n<meta property=\"og:url\" content=\"https:\/\/magison.si\/?page_id=1420\" \/>\n<meta property=\"og:site_name\" content=\"Magison Svetovanje\" \/>\n<meta property=\"article:modified_time\" content=\"2023-11-20T10:28:44+00:00\" \/>\n<meta property=\"og:image\" content=\"https:\/\/magison.si\/wp-content\/uploads\/2023\/03\/400-35-1024x379.jpg\" \/>\n<meta name=\"twitter:card\" content=\"summary_large_image\" \/>\n<meta name=\"twitter:label1\" content=\"Est. reading time\" \/>\n\t<meta name=\"twitter:data1\" content=\"1 minute\" \/>\n<script type=\"application\/ld+json\" class=\"yoast-schema-graph\">{\"@context\":\"https:\/\/schema.org\",\"@graph\":[{\"@type\":\"WebPage\",\"@id\":\"https:\/\/magison.si\/?page_id=1420\",\"url\":\"https:\/\/magison.si\/?page_id=1420\",\"name\":\"Svetovanje poslovodstvu v postopku preventivnega prestrukturiranja - Magison Svetovanje\",\"isPartOf\":{\"@id\":\"https:\/\/magison.si\/#website\"},\"datePublished\":\"2023-03-02T20:39:21+00:00\",\"dateModified\":\"2023-11-20T10:28:44+00:00\",\"breadcrumb\":{\"@id\":\"https:\/\/magison.si\/?page_id=1420#breadcrumb\"},\"inLanguage\":\"en-US\",\"potentialAction\":[{\"@type\":\"ReadAction\",\"target\":[\"https:\/\/magison.si\/?page_id=1420\"]}]},{\"@type\":\"BreadcrumbList\",\"@id\":\"https:\/\/magison.si\/?page_id=1420#breadcrumb\",\"itemListElement\":[{\"@type\":\"ListItem\",\"position\":1,\"name\":\"Home\",\"item\":\"https:\/\/magison.si\/\"},{\"@type\":\"ListItem\",\"position\":2,\"name\":\"Podjetje v finan\u010dnih te\u017eavah \u2013 svetovanje in storitve\",\"item\":\"https:\/\/magison.si\/?page_id=835\"},{\"@type\":\"ListItem\",\"position\":3,\"name\":\"Postopek preventivnega prestrukturiranja\",\"item\":\"https:\/\/magison.si\/?page_id=1370\"},{\"@type\":\"ListItem\",\"position\":4,\"name\":\"Svetovanje poslovodstvu v postopku preventivnega prestrukturiranja\"}]},{\"@type\":\"WebSite\",\"@id\":\"https:\/\/magison.si\/#website\",\"url\":\"https:\/\/magison.si\/\",\"name\":\"Magison Svetovanje\",\"description\":\"\",\"publisher\":{\"@id\":\"https:\/\/magison.si\/#organization\"},\"potentialAction\":[{\"@type\":\"SearchAction\",\"target\":{\"@type\":\"EntryPoint\",\"urlTemplate\":\"https:\/\/magison.si\/?s={search_term_string}\"},\"query-input\":\"required name=search_term_string\"}],\"inLanguage\":\"en-US\"},{\"@type\":\"Organization\",\"@id\":\"https:\/\/magison.si\/#organization\",\"name\":\"Magison Svetovanje\",\"url\":\"https:\/\/magison.si\/\",\"logo\":{\"@type\":\"ImageObject\",\"inLanguage\":\"en-US\",\"@id\":\"https:\/\/magison.si\/#\/schema\/logo\/image\/\",\"url\":\"https:\/\/magison.si\/wp-content\/uploads\/2023\/01\/ZNAK-MAGISON.jpg\",\"contentUrl\":\"https:\/\/magison.si\/wp-content\/uploads\/2023\/01\/ZNAK-MAGISON.jpg\",\"width\":1634,\"height\":542,\"caption\":\"Magison Svetovanje\"},\"image\":{\"@id\":\"https:\/\/magison.si\/#\/schema\/logo\/image\/\"}}]}<\/script>\n<!-- \/ Yoast SEO plugin. -->","yoast_head_json":{"title":"Svetovanje poslovodstvu v postopku preventivnega prestrukturiranja - Magison Svetovanje","robots":{"index":"index","follow":"follow","max-snippet":"max-snippet:-1","max-image-preview":"max-image-preview:large","max-video-preview":"max-video-preview:-1"},"canonical":"https:\/\/magison.si\/?page_id=1420","og_locale":"en_US","og_type":"article","og_title":"Svetovanje poslovodstvu v postopku preventivnega prestrukturiranja - Magison Svetovanje","og_description":"Svetovanje poslovodstvu v postopku preventivnega prestrukturiranja Ste v Postopku\u00a0preventivnega prestrukturiranja in se vam v tem [&hellip;]","og_url":"https:\/\/magison.si\/?page_id=1420","og_site_name":"Magison Svetovanje","article_modified_time":"2023-11-20T10:28:44+00:00","og_image":[{"url":"https:\/\/magison.si\/wp-content\/uploads\/2023\/03\/400-35-1024x379.jpg"}],"twitter_card":"summary_large_image","twitter_misc":{"Est. reading time":"1 minute"},"schema":{"@context":"https:\/\/schema.org","@graph":[{"@type":"WebPage","@id":"https:\/\/magison.si\/?page_id=1420","url":"https:\/\/magison.si\/?page_id=1420","name":"Svetovanje poslovodstvu v postopku preventivnega prestrukturiranja - Magison Svetovanje","isPartOf":{"@id":"https:\/\/magison.si\/#website"},"datePublished":"2023-03-02T20:39:21+00:00","dateModified":"2023-11-20T10:28:44+00:00","breadcrumb":{"@id":"https:\/\/magison.si\/?page_id=1420#breadcrumb"},"inLanguage":"en-US","potentialAction":[{"@type":"ReadAction","target":["https:\/\/magison.si\/?page_id=1420"]}]},{"@type":"BreadcrumbList","@id":"https:\/\/magison.si\/?page_id=1420#breadcrumb","itemListElement":[{"@type":"ListItem","position":1,"name":"Home","item":"https:\/\/magison.si\/"},{"@type":"ListItem","position":2,"name":"Podjetje v finan\u010dnih te\u017eavah \u2013 svetovanje in storitve","item":"https:\/\/magison.si\/?page_id=835"},{"@type":"ListItem","position":3,"name":"Postopek preventivnega prestrukturiranja","item":"https:\/\/magison.si\/?page_id=1370"},{"@type":"ListItem","position":4,"name":"Svetovanje poslovodstvu v postopku preventivnega prestrukturiranja"}]},{"@type":"WebSite","@id":"https:\/\/magison.si\/#website","url":"https:\/\/magison.si\/","name":"Magison Svetovanje","description":"","publisher":{"@id":"https:\/\/magison.si\/#organization"},"potentialAction":[{"@type":"SearchAction","target":{"@type":"EntryPoint","urlTemplate":"https:\/\/magison.si\/?s={search_term_string}"},"query-input":"required name=search_term_string"}],"inLanguage":"en-US"},{"@type":"Organization","@id":"https:\/\/magison.si\/#organization","name":"Magison Svetovanje","url":"https:\/\/magison.si\/","logo":{"@type":"ImageObject","inLanguage":"en-US","@id":"https:\/\/magison.si\/#\/schema\/logo\/image\/","url":"https:\/\/magison.si\/wp-content\/uploads\/2023\/01\/ZNAK-MAGISON.jpg","contentUrl":"https:\/\/magison.si\/wp-content\/uploads\/2023\/01\/ZNAK-MAGISON.jpg","width":1634,"height":542,"caption":"Magison Svetovanje"},"image":{"@id":"https:\/\/magison.si\/#\/schema\/logo\/image\/"}}]}},"uagb_featured_image_src":{"full":false,"thumbnail":false,"medium":false,"medium_large":false,"large":false,"1536x1536":false,"2048x2048":false},"uagb_author_info":{"display_name":"admin","author_link":"https:\/\/magison.si\/?author=1"},"uagb_comment_info":0,"uagb_excerpt":"Svetovanje poslovodstvu v postopku preventivnega prestrukturiranja Ste v Postopku\u00a0preventivnega prestrukturiranja in se vam v tem [&hellip;]","_links":{"self":[{"href":"https:\/\/magison.si\/index.php?rest_route=\/wp\/v2\/pages\/1420","targetHints":{"allow":["GET"]}}],"collection":[{"href":"https:\/\/magison.si\/index.php?rest_route=\/wp\/v2\/pages"}],"about":[{"href":"https:\/\/magison.si\/index.php?rest_route=\/wp\/v2\/types\/page"}],"author":[{"embeddable":true,"href":"https:\/\/magison.si\/index.php?rest_route=\/wp\/v2\/users\/1"}],"replies":[{"embeddable":true,"href":"https:\/\/magison.si\/index.php?rest_route=%2Fwp%2Fv2%2Fcomments&post=1420"}],"version-history":[{"count":6,"href":"https:\/\/magison.si\/index.php?rest_route=\/wp\/v2\/pages\/1420\/revisions"}],"predecessor-version":[{"id":2025,"href":"https:\/\/magison.si\/index.php?rest_route=\/wp\/v2\/pages\/1420\/revisions\/2025"}],"up":[{"embeddable":true,"href":"https:\/\/magison.si\/index.php?rest_route=\/wp\/v2\/pages\/1370"}],"wp:attachment":[{"href":"https:\/\/magison.si\/index.php?rest_route=%2Fwp%2Fv2%2Fmedia&parent=1420"}],"curies":[{"name":"wp","href":"https:\/\/api.w.org\/{rel}","templated":true}]}}