{"id":1416,"date":"2023-03-02T20:38:46","date_gmt":"2023-03-02T20:38:46","guid":{"rendered":"https:\/\/magison.si\/?page_id=1416"},"modified":"2023-11-16T17:17:48","modified_gmt":"2023-11-16T17:17:48","slug":"svetovanje-in-analize-pri-odlocanju-o-smotrnosti-in-izvedljivosti-postopka-preventivnega-prestrukturiranja","status":"publish","type":"page","link":"https:\/\/magison.si\/?page_id=1416","title":{"rendered":"Svetovanje in analize pri odlo\u010danju o smotrnosti in izvedljivosti postopka preventivnega prestrukturiranja"},"content":{"rendered":"\n<h3 class=\"wp-block-heading has-text-align-center has-text-color\" style=\"color:#1583dd\"><strong>Svetovanje in analize pri odlo\u010danju o<\/strong> <strong>smotrnosti in izvedljivosti postopka preventivnega prestrukturiranja<\/strong><\/h3>\n\n\n\n<div class=\"wp-block-group has-text-color is-layout-constrained wp-block-group-is-layout-constrained\" style=\"color:#000066\">\n<p class=\"justify\"><em>Obstaja znatna verjetnost, da v roku enega leta va\u0161e podjetje postane insolventno, a je insolventnost mogo\u010de prepre\u010diti s prestrukturiranjem finan\u010dnih obveznosti podjetja. Ocenjujete, da bi bila ve\u010dina finan\u010dnih upnikov pripravljena na dogovor o spremembi finan\u010dnih terjatev.<\/em><\/p>\n\n\n\n<ul class=\"justify wp-block-list\">\n<li><strong><em>Nimate izku\u0161enj<\/em><\/strong><em> s sodnimi postopki finan\u010dnega prestrukturiranja?<\/em><\/li>\n\n\n\n<li><em>Ne znate <strong>oceniti stro\u0161kov sanacije<\/strong> finan\u010dnega polo\u017eaja?<\/em><\/li>\n\n\n\n<li><em>Ne poznate niti <strong>postopkov<\/strong> niti tega, <strong>katere dokumente je potrebno predlo\u017eiti<\/strong> in na kak\u0161en na\u010din jih pripraviti?<\/em><\/li>\n\n\n\n<li><em>Niste prepri\u010dani, \u010de je postopek preventivnega prestrukturiranja <strong>primeren ukrep<\/strong> finan\u010dnega prestrukturiranja za va\u0161e podjetje?<\/em><\/li>\n\n\n\n<li><em>Kak\u0161ne so <strong>alternativne mo\u017ene re\u0161itve<\/strong> nastale situacije?<\/em><\/li>\n\n\n\n<li><em>\u017delite, da vam <strong>svetujemo pri odlo\u010ditvi<\/strong> o smotrnosti in izvedljivosti postopka preventivnega prestrukturiranja?<\/em><em><\/em><\/li>\n<\/ul>\n\n\n\n<p class=\"justify has-text-color\" style=\"color:#7030a0\">Ker imamo s finan\u010dnim prestrukturiranjem in insolven\u010dnimi sodnimi postopki bogate izku\u0161nje, <strong>smo pravi naslov za svetovanje in analize o postopku preventivnega prestrukturiranja.<\/strong><\/p>\n\n\n\n<figure class=\"wp-block-image size-large\"><img loading=\"lazy\" decoding=\"async\" width=\"1024\" height=\"312\" src=\"https:\/\/magison.si\/wp-content\/uploads\/2023\/03\/400-32-1024x312.jpg\" alt=\"\" class=\"wp-image-1462\" srcset=\"https:\/\/magison.si\/wp-content\/uploads\/2023\/03\/400-32-1024x312.jpg 1024w, https:\/\/magison.si\/wp-content\/uploads\/2023\/03\/400-32-300x91.jpg 300w, https:\/\/magison.si\/wp-content\/uploads\/2023\/03\/400-32-768x234.jpg 768w, https:\/\/magison.si\/wp-content\/uploads\/2023\/03\/400-32.jpg 1386w\" sizes=\"auto, (max-width: 1024px) 100vw, 1024px\" \/><\/figure>\n\n\n\n<p class=\"justify\"><strong>Namen svetovanja in <\/strong><strong>analiz<\/strong> je, da poslovodstvu pomagamo sprejeti optimalne odlo\u010ditve glede postopka preventivnega prestrukturiranja, predvsem glede vpra\u0161anj o smotrnosti in izvedljivosti postopka.<\/p>\n\n\n\n<p class=\"justify\">Analiza je namenjena podjetjem, <strong>ki predvidevajo, da bo v roku enega leta nastopilo stanje insolventnosti in se spogledujejo s postopkom preventivnega prestrukturiranja finan\u010dnih terjatev upnikov kot ukrepom za prepre\u010ditev nastanka insolventnosti<\/strong>.<\/p>\n\n\n\n<p class=\"justify\"><strong>Vsebina analize <\/strong>&nbsp;je prilagojena posebnostim konkretnega podjetja, na\u010deloma pa pokriva vsaj naslednja klju\u010dna podro\u010dja:<\/p>\n\n\n\n<ol style=\"color:#7030a0;list-style-type:1\" class=\"has-text-color wp-block-list\">\n<li><strong>Analiza groze\u010de insolventnosti in njenih vzrokov<\/strong><\/li>\n\n\n\n<li><strong>Analiza potrebnih u\u010dinkov preventivnega prestrukturiranja za prepre\u010ditev&nbsp; insolventnosti<\/strong><\/li>\n\n\n\n<li><strong>Analiza mo\u017enih ukrepov&nbsp; v postopku preventivnega prestrukturiranja<\/strong><\/li>\n\n\n\n<li><strong>Analiza faktorjev izvedljivosti postopka preventivnega prestrukturiranja<\/strong><\/li>\n\n\n\n<li><strong>Analiza alternativnih mo\u017enosti za prepre\u010ditev&nbsp; insolventnosti<\/strong><\/li>\n<\/ol>\n\n\n\n<p class=\"justify\"><strong>Na\u010din dela.<\/strong> Skupaj definiramo namen in cilje analize, izdelamo vpra\u0161alnik za nabor podatkov, ki jih v podjetju pripravite, nato pa skozi nekaj intervjujev raz\u010distimo morebitne nejasnosti. Na koncu pripravimo <strong>Poro\u010dilo o analizi<\/strong>, ki vam ga tudi predstavimo. Na va\u0161o \u017eeljo pa lahko poteka taka analiza tudi v obliki razgovora oziroma svetovanja.<\/p>\n\n\n\n<p class=\"justify\">Glede na obseg problematike lahko <strong>priprava take analize traja<\/strong> od 5 do 10 dni po prejemu zahtevanih podatkov.<\/p>\n<\/div>\n\n\n\n<div class=\"wp-block-group has-text-color is-layout-constrained wp-block-group-is-layout-constrained\" style=\"color:#7030a0\">\n<p><strong><em>Pi\u0161ite nam, pokli\u010dite nas, povpra\u0161ajte za ponudbo.<\/em><\/strong><\/p>\n\n\n\n<div style=\"height:100px\" aria-hidden=\"true\" class=\"wp-block-spacer\"><\/div>\n<\/div>\n","protected":false},"excerpt":{"rendered":"<p>Svetovanje in analize pri odlo\u010danju o smotrnosti in izvedljivosti postopka preventivnega prestrukturiranja Obstaja znatna verjetnost, [&hellip;]<\/p>\n","protected":false},"author":1,"featured_media":0,"parent":1370,"menu_order":0,"comment_status":"closed","ping_status":"closed","template":"","meta":{"_uag_custom_page_level_css":"","footnotes":""},"class_list":["post-1416","page","type-page","status-publish","hentry"],"yoast_head":"<!-- This site is optimized with the Yoast SEO plugin v20.4 - https:\/\/yoast.com\/wordpress\/plugins\/seo\/ -->\n<title>Svetovanje in analize pri odlo\u010danju o smotrnosti in izvedljivosti postopka preventivnega prestrukturiranja - Magison Svetovanje<\/title>\n<meta name=\"robots\" content=\"index, follow, max-snippet:-1, max-image-preview:large, max-video-preview:-1\" \/>\n<link rel=\"canonical\" href=\"https:\/\/magison.si\/?page_id=1416\" \/>\n<meta property=\"og:locale\" content=\"en_US\" \/>\n<meta property=\"og:type\" content=\"article\" \/>\n<meta property=\"og:title\" content=\"Svetovanje in analize pri odlo\u010danju o smotrnosti in izvedljivosti postopka preventivnega prestrukturiranja - Magison Svetovanje\" \/>\n<meta property=\"og:description\" content=\"Svetovanje in analize pri odlo\u010danju o smotrnosti in izvedljivosti postopka preventivnega prestrukturiranja Obstaja znatna verjetnost, [&hellip;]\" \/>\n<meta property=\"og:url\" content=\"https:\/\/magison.si\/?page_id=1416\" \/>\n<meta property=\"og:site_name\" content=\"Magison Svetovanje\" \/>\n<meta property=\"article:modified_time\" content=\"2023-11-16T17:17:48+00:00\" \/>\n<meta property=\"og:image\" content=\"https:\/\/magison.si\/wp-content\/uploads\/2023\/03\/400-32-1024x312.jpg\" \/>\n<meta name=\"twitter:card\" content=\"summary_large_image\" \/>\n<meta name=\"twitter:label1\" content=\"Est. reading time\" \/>\n\t<meta name=\"twitter:data1\" content=\"2 minutes\" \/>\n<script type=\"application\/ld+json\" class=\"yoast-schema-graph\">{\"@context\":\"https:\/\/schema.org\",\"@graph\":[{\"@type\":\"WebPage\",\"@id\":\"https:\/\/magison.si\/?page_id=1416\",\"url\":\"https:\/\/magison.si\/?page_id=1416\",\"name\":\"Svetovanje in analize pri odlo\u010danju o smotrnosti in izvedljivosti postopka preventivnega prestrukturiranja - Magison Svetovanje\",\"isPartOf\":{\"@id\":\"https:\/\/magison.si\/#website\"},\"datePublished\":\"2023-03-02T20:38:46+00:00\",\"dateModified\":\"2023-11-16T17:17:48+00:00\",\"breadcrumb\":{\"@id\":\"https:\/\/magison.si\/?page_id=1416#breadcrumb\"},\"inLanguage\":\"en-US\",\"potentialAction\":[{\"@type\":\"ReadAction\",\"target\":[\"https:\/\/magison.si\/?page_id=1416\"]}]},{\"@type\":\"BreadcrumbList\",\"@id\":\"https:\/\/magison.si\/?page_id=1416#breadcrumb\",\"itemListElement\":[{\"@type\":\"ListItem\",\"position\":1,\"name\":\"Home\",\"item\":\"https:\/\/magison.si\/\"},{\"@type\":\"ListItem\",\"position\":2,\"name\":\"Podjetje v finan\u010dnih te\u017eavah \u2013 svetovanje in storitve\",\"item\":\"https:\/\/magison.si\/?page_id=835\"},{\"@type\":\"ListItem\",\"position\":3,\"name\":\"Postopek preventivnega prestrukturiranja\",\"item\":\"https:\/\/magison.si\/?page_id=1370\"},{\"@type\":\"ListItem\",\"position\":4,\"name\":\"Svetovanje in analize pri odlo\u010danju o smotrnosti in izvedljivosti postopka preventivnega prestrukturiranja\"}]},{\"@type\":\"WebSite\",\"@id\":\"https:\/\/magison.si\/#website\",\"url\":\"https:\/\/magison.si\/\",\"name\":\"Magison Svetovanje\",\"description\":\"\",\"publisher\":{\"@id\":\"https:\/\/magison.si\/#organization\"},\"potentialAction\":[{\"@type\":\"SearchAction\",\"target\":{\"@type\":\"EntryPoint\",\"urlTemplate\":\"https:\/\/magison.si\/?s={search_term_string}\"},\"query-input\":\"required name=search_term_string\"}],\"inLanguage\":\"en-US\"},{\"@type\":\"Organization\",\"@id\":\"https:\/\/magison.si\/#organization\",\"name\":\"Magison Svetovanje\",\"url\":\"https:\/\/magison.si\/\",\"logo\":{\"@type\":\"ImageObject\",\"inLanguage\":\"en-US\",\"@id\":\"https:\/\/magison.si\/#\/schema\/logo\/image\/\",\"url\":\"https:\/\/magison.si\/wp-content\/uploads\/2023\/01\/ZNAK-MAGISON.jpg\",\"contentUrl\":\"https:\/\/magison.si\/wp-content\/uploads\/2023\/01\/ZNAK-MAGISON.jpg\",\"width\":1634,\"height\":542,\"caption\":\"Magison Svetovanje\"},\"image\":{\"@id\":\"https:\/\/magison.si\/#\/schema\/logo\/image\/\"}}]}<\/script>\n<!-- \/ Yoast SEO plugin. -->","yoast_head_json":{"title":"Svetovanje in analize pri odlo\u010danju o smotrnosti in izvedljivosti postopka preventivnega prestrukturiranja - Magison Svetovanje","robots":{"index":"index","follow":"follow","max-snippet":"max-snippet:-1","max-image-preview":"max-image-preview:large","max-video-preview":"max-video-preview:-1"},"canonical":"https:\/\/magison.si\/?page_id=1416","og_locale":"en_US","og_type":"article","og_title":"Svetovanje in analize pri odlo\u010danju o smotrnosti in izvedljivosti postopka preventivnega prestrukturiranja - Magison Svetovanje","og_description":"Svetovanje in analize pri odlo\u010danju o smotrnosti in izvedljivosti postopka preventivnega prestrukturiranja Obstaja znatna verjetnost, [&hellip;]","og_url":"https:\/\/magison.si\/?page_id=1416","og_site_name":"Magison Svetovanje","article_modified_time":"2023-11-16T17:17:48+00:00","og_image":[{"url":"https:\/\/magison.si\/wp-content\/uploads\/2023\/03\/400-32-1024x312.jpg"}],"twitter_card":"summary_large_image","twitter_misc":{"Est. reading time":"2 minutes"},"schema":{"@context":"https:\/\/schema.org","@graph":[{"@type":"WebPage","@id":"https:\/\/magison.si\/?page_id=1416","url":"https:\/\/magison.si\/?page_id=1416","name":"Svetovanje in analize pri odlo\u010danju o smotrnosti in izvedljivosti postopka preventivnega prestrukturiranja - Magison Svetovanje","isPartOf":{"@id":"https:\/\/magison.si\/#website"},"datePublished":"2023-03-02T20:38:46+00:00","dateModified":"2023-11-16T17:17:48+00:00","breadcrumb":{"@id":"https:\/\/magison.si\/?page_id=1416#breadcrumb"},"inLanguage":"en-US","potentialAction":[{"@type":"ReadAction","target":["https:\/\/magison.si\/?page_id=1416"]}]},{"@type":"BreadcrumbList","@id":"https:\/\/magison.si\/?page_id=1416#breadcrumb","itemListElement":[{"@type":"ListItem","position":1,"name":"Home","item":"https:\/\/magison.si\/"},{"@type":"ListItem","position":2,"name":"Podjetje v finan\u010dnih te\u017eavah \u2013 svetovanje in storitve","item":"https:\/\/magison.si\/?page_id=835"},{"@type":"ListItem","position":3,"name":"Postopek preventivnega prestrukturiranja","item":"https:\/\/magison.si\/?page_id=1370"},{"@type":"ListItem","position":4,"name":"Svetovanje in analize pri odlo\u010danju o smotrnosti in izvedljivosti postopka preventivnega prestrukturiranja"}]},{"@type":"WebSite","@id":"https:\/\/magison.si\/#website","url":"https:\/\/magison.si\/","name":"Magison Svetovanje","description":"","publisher":{"@id":"https:\/\/magison.si\/#organization"},"potentialAction":[{"@type":"SearchAction","target":{"@type":"EntryPoint","urlTemplate":"https:\/\/magison.si\/?s={search_term_string}"},"query-input":"required name=search_term_string"}],"inLanguage":"en-US"},{"@type":"Organization","@id":"https:\/\/magison.si\/#organization","name":"Magison Svetovanje","url":"https:\/\/magison.si\/","logo":{"@type":"ImageObject","inLanguage":"en-US","@id":"https:\/\/magison.si\/#\/schema\/logo\/image\/","url":"https:\/\/magison.si\/wp-content\/uploads\/2023\/01\/ZNAK-MAGISON.jpg","contentUrl":"https:\/\/magison.si\/wp-content\/uploads\/2023\/01\/ZNAK-MAGISON.jpg","width":1634,"height":542,"caption":"Magison Svetovanje"},"image":{"@id":"https:\/\/magison.si\/#\/schema\/logo\/image\/"}}]}},"uagb_featured_image_src":{"full":false,"thumbnail":false,"medium":false,"medium_large":false,"large":false,"1536x1536":false,"2048x2048":false},"uagb_author_info":{"display_name":"admin","author_link":"https:\/\/magison.si\/?author=1"},"uagb_comment_info":0,"uagb_excerpt":"Svetovanje in analize pri odlo\u010danju o smotrnosti in izvedljivosti postopka preventivnega prestrukturiranja Obstaja znatna verjetnost, [&hellip;]","_links":{"self":[{"href":"https:\/\/magison.si\/index.php?rest_route=\/wp\/v2\/pages\/1416","targetHints":{"allow":["GET"]}}],"collection":[{"href":"https:\/\/magison.si\/index.php?rest_route=\/wp\/v2\/pages"}],"about":[{"href":"https:\/\/magison.si\/index.php?rest_route=\/wp\/v2\/types\/page"}],"author":[{"embeddable":true,"href":"https:\/\/magison.si\/index.php?rest_route=\/wp\/v2\/users\/1"}],"replies":[{"embeddable":true,"href":"https:\/\/magison.si\/index.php?rest_route=%2Fwp%2Fv2%2Fcomments&post=1416"}],"version-history":[{"count":8,"href":"https:\/\/magison.si\/index.php?rest_route=\/wp\/v2\/pages\/1416\/revisions"}],"predecessor-version":[{"id":1944,"href":"https:\/\/magison.si\/index.php?rest_route=\/wp\/v2\/pages\/1416\/revisions\/1944"}],"up":[{"embeddable":true,"href":"https:\/\/magison.si\/index.php?rest_route=\/wp\/v2\/pages\/1370"}],"wp:attachment":[{"href":"https:\/\/magison.si\/index.php?rest_route=%2Fwp%2Fv2%2Fmedia&parent=1416"}],"curies":[{"name":"wp","href":"https:\/\/api.w.org\/{rel}","templated":true}]}}