{"id":1412,"date":"2023-03-02T20:38:01","date_gmt":"2023-03-02T20:38:01","guid":{"rendered":"https:\/\/magison.si\/?page_id=1412"},"modified":"2023-04-03T20:07:54","modified_gmt":"2023-04-03T20:07:54","slug":"priprava-druge-potrebne-dokumentacije-in-strokovnih-mnenj-v-postopku-prisilne-poravnave","status":"publish","type":"page","link":"https:\/\/magison.si\/?page_id=1412","title":{"rendered":"Priprava druge potrebne dokumentacije in strokovnih mnenj v postopku prisilne poravnave"},"content":{"rendered":"\n<h3 class=\"wp-block-heading has-text-align-center has-text-color\" style=\"color:#1583dd\"><strong>Priprava druge potrebne dokumentacije in strokovnih mnenj v postopku prisilne poravnave<\/strong><\/h3>\n\n\n\n<div class=\"wp-block-group has-text-color is-layout-constrained wp-block-group-is-layout-constrained\" style=\"color:#000066\">\n<p class=\"justify\">Postopki prisilne poravnave so v svoji osnovi <strong>konfliktni postopki med dol\u017enikom in upniki<\/strong>, kjer so stali\u0161\u010da velikokrat nasprotna in iskanje re\u0161itev naporno in tudi dolgotrajno.<\/p>\n\n\n\n<p class=\"justify\">V na\u0161i 25-letni praksi v zvezi s prisilnimi poravnavami smo naleteli na vpra\u0161anja, ki jih sama zakonodaja ne re\u0161uje nedvoumno in pri katerih tudi sodniki v dolo\u010denih situacijah niso takoj znali jasno zavzeti stali\u0161\u010da v zvezi s &nbsp;samim postopkom ali z vsebino posameznih odlo\u010ditev.<\/p>\n\n\n\n<p class=\"justify\">Tak\u0161ne situacije kli\u010dejo k pripravi <strong>strokovnih podlag, dokumentov, \u0161tudij, strokovnih mnenj<\/strong> ipd., da bosta nasprotni si strani na njihovi osnovi zbli\u017eali svoja stali\u0161\u010da in dosegli dogovor.<\/p>\n\n\n\n<figure class=\"wp-block-image size-large\"><img loading=\"lazy\" decoding=\"async\" width=\"1024\" height=\"342\" src=\"https:\/\/magison.si\/wp-content\/uploads\/2023\/03\/400-29-1024x342.jpg\" alt=\"\" class=\"wp-image-1459\" srcset=\"https:\/\/magison.si\/wp-content\/uploads\/2023\/03\/400-29-1024x342.jpg 1024w, https:\/\/magison.si\/wp-content\/uploads\/2023\/03\/400-29-300x100.jpg 300w, https:\/\/magison.si\/wp-content\/uploads\/2023\/03\/400-29-768x257.jpg 768w, https:\/\/magison.si\/wp-content\/uploads\/2023\/03\/400-29.jpg 1386w\" sizes=\"auto, (max-width: 1024px) 100vw, 1024px\" \/><\/figure>\n\n\n\n<p class=\"justify has-text-color\" style=\"color:#7030a0\">Imamo veliko izku\u0161enj, poznamo zakonodajo, sodno prakso, zakonitosti finan\u010dnega poslovanja in imamo strokovno znanje z ekonomsko-finan\u010dnega podro\u010dja, zato <strong>smo pravi naslov<\/strong> za tovrstne strokovne izzive.<\/p>\n<\/div>\n\n\n\n<div class=\"wp-block-group has-text-color is-layout-constrained wp-block-group-is-layout-constrained\" style=\"color:#7030a0\">\n<p><strong><em>Pi\u0161ite nam, pokli\u010dite nas, povpra\u0161ajte za ponudbo.<\/em><\/strong><\/p>\n\n\n\n<div style=\"height:100px\" aria-hidden=\"true\" class=\"wp-block-spacer\"><\/div>\n<\/div>\n","protected":false},"excerpt":{"rendered":"<p>Priprava druge potrebne dokumentacije in strokovnih mnenj v postopku prisilne poravnave Postopki prisilne poravnave so [&hellip;]<\/p>\n","protected":false},"author":1,"featured_media":0,"parent":1368,"menu_order":5,"comment_status":"closed","ping_status":"closed","template":"","meta":{"_uag_custom_page_level_css":"","footnotes":""},"class_list":["post-1412","page","type-page","status-publish","hentry"],"yoast_head":"<!-- This site is optimized with the Yoast SEO plugin v20.4 - https:\/\/yoast.com\/wordpress\/plugins\/seo\/ -->\n<title>Priprava druge potrebne dokumentacije in strokovnih mnenj v postopku prisilne poravnave - Magison Svetovanje<\/title>\n<meta name=\"robots\" content=\"index, follow, max-snippet:-1, max-image-preview:large, max-video-preview:-1\" \/>\n<link rel=\"canonical\" href=\"https:\/\/magison.si\/?page_id=1412\" \/>\n<meta property=\"og:locale\" content=\"en_US\" \/>\n<meta property=\"og:type\" content=\"article\" \/>\n<meta property=\"og:title\" content=\"Priprava druge potrebne dokumentacije in strokovnih mnenj v postopku prisilne poravnave - Magison Svetovanje\" \/>\n<meta property=\"og:description\" content=\"Priprava druge potrebne dokumentacije in strokovnih mnenj v postopku prisilne poravnave Postopki prisilne poravnave so [&hellip;]\" \/>\n<meta property=\"og:url\" content=\"https:\/\/magison.si\/?page_id=1412\" \/>\n<meta property=\"og:site_name\" content=\"Magison Svetovanje\" \/>\n<meta property=\"article:modified_time\" content=\"2023-04-03T20:07:54+00:00\" \/>\n<meta property=\"og:image\" content=\"https:\/\/magison.si\/wp-content\/uploads\/2023\/03\/400-29-1024x342.jpg\" \/>\n<meta name=\"twitter:card\" content=\"summary_large_image\" \/>\n<meta name=\"twitter:label1\" content=\"Est. reading time\" \/>\n\t<meta name=\"twitter:data1\" content=\"1 minute\" \/>\n<script type=\"application\/ld+json\" class=\"yoast-schema-graph\">{\"@context\":\"https:\/\/schema.org\",\"@graph\":[{\"@type\":\"WebPage\",\"@id\":\"https:\/\/magison.si\/?page_id=1412\",\"url\":\"https:\/\/magison.si\/?page_id=1412\",\"name\":\"Priprava druge potrebne dokumentacije in strokovnih mnenj v postopku prisilne poravnave - Magison Svetovanje\",\"isPartOf\":{\"@id\":\"https:\/\/magison.si\/#website\"},\"datePublished\":\"2023-03-02T20:38:01+00:00\",\"dateModified\":\"2023-04-03T20:07:54+00:00\",\"breadcrumb\":{\"@id\":\"https:\/\/magison.si\/?page_id=1412#breadcrumb\"},\"inLanguage\":\"en-US\",\"potentialAction\":[{\"@type\":\"ReadAction\",\"target\":[\"https:\/\/magison.si\/?page_id=1412\"]}]},{\"@type\":\"BreadcrumbList\",\"@id\":\"https:\/\/magison.si\/?page_id=1412#breadcrumb\",\"itemListElement\":[{\"@type\":\"ListItem\",\"position\":1,\"name\":\"Home\",\"item\":\"https:\/\/magison.si\/\"},{\"@type\":\"ListItem\",\"position\":2,\"name\":\"Podjetje v finan\u010dnih te\u017eavah \u2013 svetovanje in storitve\",\"item\":\"https:\/\/magison.si\/?page_id=835\"},{\"@type\":\"ListItem\",\"position\":3,\"name\":\"Postopek prisilne poravnave\",\"item\":\"https:\/\/magison.si\/?page_id=1368\"},{\"@type\":\"ListItem\",\"position\":4,\"name\":\"Priprava druge potrebne dokumentacije in strokovnih mnenj v postopku prisilne poravnave\"}]},{\"@type\":\"WebSite\",\"@id\":\"https:\/\/magison.si\/#website\",\"url\":\"https:\/\/magison.si\/\",\"name\":\"Magison Svetovanje\",\"description\":\"\",\"publisher\":{\"@id\":\"https:\/\/magison.si\/#organization\"},\"potentialAction\":[{\"@type\":\"SearchAction\",\"target\":{\"@type\":\"EntryPoint\",\"urlTemplate\":\"https:\/\/magison.si\/?s={search_term_string}\"},\"query-input\":\"required name=search_term_string\"}],\"inLanguage\":\"en-US\"},{\"@type\":\"Organization\",\"@id\":\"https:\/\/magison.si\/#organization\",\"name\":\"Magison Svetovanje\",\"url\":\"https:\/\/magison.si\/\",\"logo\":{\"@type\":\"ImageObject\",\"inLanguage\":\"en-US\",\"@id\":\"https:\/\/magison.si\/#\/schema\/logo\/image\/\",\"url\":\"https:\/\/magison.si\/wp-content\/uploads\/2023\/01\/ZNAK-MAGISON.jpg\",\"contentUrl\":\"https:\/\/magison.si\/wp-content\/uploads\/2023\/01\/ZNAK-MAGISON.jpg\",\"width\":1634,\"height\":542,\"caption\":\"Magison Svetovanje\"},\"image\":{\"@id\":\"https:\/\/magison.si\/#\/schema\/logo\/image\/\"}}]}<\/script>\n<!-- \/ Yoast SEO plugin. -->","yoast_head_json":{"title":"Priprava druge potrebne dokumentacije in strokovnih mnenj v postopku prisilne poravnave - Magison Svetovanje","robots":{"index":"index","follow":"follow","max-snippet":"max-snippet:-1","max-image-preview":"max-image-preview:large","max-video-preview":"max-video-preview:-1"},"canonical":"https:\/\/magison.si\/?page_id=1412","og_locale":"en_US","og_type":"article","og_title":"Priprava druge potrebne dokumentacije in strokovnih mnenj v postopku prisilne poravnave - Magison Svetovanje","og_description":"Priprava druge potrebne dokumentacije in strokovnih mnenj v postopku prisilne poravnave Postopki prisilne poravnave so [&hellip;]","og_url":"https:\/\/magison.si\/?page_id=1412","og_site_name":"Magison Svetovanje","article_modified_time":"2023-04-03T20:07:54+00:00","og_image":[{"url":"https:\/\/magison.si\/wp-content\/uploads\/2023\/03\/400-29-1024x342.jpg"}],"twitter_card":"summary_large_image","twitter_misc":{"Est. reading time":"1 minute"},"schema":{"@context":"https:\/\/schema.org","@graph":[{"@type":"WebPage","@id":"https:\/\/magison.si\/?page_id=1412","url":"https:\/\/magison.si\/?page_id=1412","name":"Priprava druge potrebne dokumentacije in strokovnih mnenj v postopku prisilne poravnave - Magison Svetovanje","isPartOf":{"@id":"https:\/\/magison.si\/#website"},"datePublished":"2023-03-02T20:38:01+00:00","dateModified":"2023-04-03T20:07:54+00:00","breadcrumb":{"@id":"https:\/\/magison.si\/?page_id=1412#breadcrumb"},"inLanguage":"en-US","potentialAction":[{"@type":"ReadAction","target":["https:\/\/magison.si\/?page_id=1412"]}]},{"@type":"BreadcrumbList","@id":"https:\/\/magison.si\/?page_id=1412#breadcrumb","itemListElement":[{"@type":"ListItem","position":1,"name":"Home","item":"https:\/\/magison.si\/"},{"@type":"ListItem","position":2,"name":"Podjetje v finan\u010dnih te\u017eavah \u2013 svetovanje in storitve","item":"https:\/\/magison.si\/?page_id=835"},{"@type":"ListItem","position":3,"name":"Postopek prisilne poravnave","item":"https:\/\/magison.si\/?page_id=1368"},{"@type":"ListItem","position":4,"name":"Priprava druge potrebne dokumentacije in strokovnih mnenj v postopku prisilne poravnave"}]},{"@type":"WebSite","@id":"https:\/\/magison.si\/#website","url":"https:\/\/magison.si\/","name":"Magison Svetovanje","description":"","publisher":{"@id":"https:\/\/magison.si\/#organization"},"potentialAction":[{"@type":"SearchAction","target":{"@type":"EntryPoint","urlTemplate":"https:\/\/magison.si\/?s={search_term_string}"},"query-input":"required name=search_term_string"}],"inLanguage":"en-US"},{"@type":"Organization","@id":"https:\/\/magison.si\/#organization","name":"Magison Svetovanje","url":"https:\/\/magison.si\/","logo":{"@type":"ImageObject","inLanguage":"en-US","@id":"https:\/\/magison.si\/#\/schema\/logo\/image\/","url":"https:\/\/magison.si\/wp-content\/uploads\/2023\/01\/ZNAK-MAGISON.jpg","contentUrl":"https:\/\/magison.si\/wp-content\/uploads\/2023\/01\/ZNAK-MAGISON.jpg","width":1634,"height":542,"caption":"Magison Svetovanje"},"image":{"@id":"https:\/\/magison.si\/#\/schema\/logo\/image\/"}}]}},"uagb_featured_image_src":{"full":false,"thumbnail":false,"medium":false,"medium_large":false,"large":false,"1536x1536":false,"2048x2048":false},"uagb_author_info":{"display_name":"admin","author_link":"https:\/\/magison.si\/?author=1"},"uagb_comment_info":0,"uagb_excerpt":"Priprava druge potrebne dokumentacije in strokovnih mnenj v postopku prisilne poravnave Postopki prisilne poravnave so [&hellip;]","_links":{"self":[{"href":"https:\/\/magison.si\/index.php?rest_route=\/wp\/v2\/pages\/1412","targetHints":{"allow":["GET"]}}],"collection":[{"href":"https:\/\/magison.si\/index.php?rest_route=\/wp\/v2\/pages"}],"about":[{"href":"https:\/\/magison.si\/index.php?rest_route=\/wp\/v2\/types\/page"}],"author":[{"embeddable":true,"href":"https:\/\/magison.si\/index.php?rest_route=\/wp\/v2\/users\/1"}],"replies":[{"embeddable":true,"href":"https:\/\/magison.si\/index.php?rest_route=%2Fwp%2Fv2%2Fcomments&post=1412"}],"version-history":[{"count":3,"href":"https:\/\/magison.si\/index.php?rest_route=\/wp\/v2\/pages\/1412\/revisions"}],"predecessor-version":[{"id":1879,"href":"https:\/\/magison.si\/index.php?rest_route=\/wp\/v2\/pages\/1412\/revisions\/1879"}],"up":[{"embeddable":true,"href":"https:\/\/magison.si\/index.php?rest_route=\/wp\/v2\/pages\/1368"}],"wp:attachment":[{"href":"https:\/\/magison.si\/index.php?rest_route=%2Fwp%2Fv2%2Fmedia&parent=1412"}],"curies":[{"name":"wp","href":"https:\/\/api.w.org\/{rel}","templated":true}]}}