{"id":1408,"date":"2023-03-02T20:37:29","date_gmt":"2023-03-02T20:37:29","guid":{"rendered":"https:\/\/magison.si\/?page_id=1408"},"modified":"2023-04-03T20:06:38","modified_gmt":"2023-04-03T20:06:38","slug":"priprava-izjave-dolznika-v-primeru-ugovora-upnika-proti-vodenju-postopka-prisilne-poravnave-in-pomoc-zastopnikom-dolznika-pri-narokih-pred-sodisci","status":"publish","type":"page","link":"https:\/\/magison.si\/?page_id=1408","title":{"rendered":"Priprava Izjave dol\u017enika v primeru Ugovora upnika proti vodenju postopka prisilne poravnave in pomo\u010d zastopnikom dol\u017enika pri narokih pred sodi\u0161\u010di"},"content":{"rendered":"\n<h3 class=\"wp-block-heading has-text-align-center has-text-color\" style=\"color:#1583dd\"><strong>Priprava Izjave dol\u017enika v primeru Ugovora upnika proti vodenju postopka prisilne poravnave in pomo\u010d zastopnikom dol\u017enika pri narokih pred sodi\u0161\u010di<\/strong><\/h3>\n\n\n\n<div class=\"wp-block-group has-text-color is-layout-constrained wp-block-group-is-layout-constrained\" style=\"color:#000066\">\n<p class=\"justify\"><em>Ste v postopku prisilne poravnave. Eden od upnikov ali upravitelj je podal Ugovor proti vodenju postopka prisilne poravnave. Sodi\u0161\u010de vam je poslalo Poziv dol\u017eniku, v katerem vas obve\u0161\u010da o Ugovoru in vas poziva, da se izre\u010dete&nbsp; v zvezi z Ugovorom, za kar imate zgolj 8 dni \u010dasa..<\/em><\/p>\n\n\n\n<ul class=\"justify wp-block-list\">\n<li><em>Ne veste, <strong>kako bi se tega lotili<\/strong>?<\/em><\/li>\n\n\n\n<li><strong><em>Ne poznate postopka<\/em><\/strong><em> v zvezi z Ugovorom?<\/em><\/li>\n\n\n\n<li><em>Ne zmorete oceniti, kak\u0161ne mo\u017enosti imate za to, da <strong>dose\u017eete umik ali zavrnitev Ugovora<\/strong>?<\/em><\/li>\n\n\n\n<li><em>Va\u0161 pravni zastopnik v va\u0161em imenu pripravlja Izjavo, vendar <strong>nima finan\u010dno-ekonomskega znanja<\/strong>, da bi vsebinsko oporekal Ugovoru?<\/em><\/li>\n\n\n\n<li><em>\u017delite, da vam <strong>svetujemo pri pripravi<\/strong> Izjave insolventnega dol\u017enika o Ugovoru?<\/em><\/li>\n\n\n\n<li><em>Vam <strong>pripravimo ekonomsko-finan\u010dni del Izjave<\/strong> insolventnega dol\u017enika o Ugovoru?<\/em><\/li>\n\n\n\n<li><em>Naj se kot nevtralni pogajalci <strong>sestanemo z upnikom<\/strong>, ki je vlo\u017eil Ugovor, da mu podrobneje pojasnimo situacijo, s ciljem, da Ugovor umakne?<\/em><\/li>\n\n\n\n<li><em>Razpisan je narok, pa va\u0161 pravni zastopnik \u017eeli <strong>strokovno podporo na sodi\u0161\u010du <\/strong>za vsebinsko razlago finan\u010dno-ekonomskih kategorij?<\/em><\/li>\n\n\n\n<li><em>Vam <strong>svetujemo v zvezi z razpisanim narokom<\/strong>?<\/em><\/li>\n<\/ul>\n\n\n\n<p class=\"justify has-text-color\" style=\"color:#7030a0\">Ker imamo s pripravo Izjav dol\u017enika na ugovor upnika bogate izku\u0161nje, <strong>smo pravi naslov za izdelavo Izjave, za svetovanje <\/strong>pri izdelavi, pripravo potrebne dokumentacije, sodelovanje na naroku ali za pogajanja s predlagateljem Ugovora.<\/p>\n<\/div>\n\n\n\n<div class=\"wp-block-group has-text-color is-layout-constrained wp-block-group-is-layout-constrained\" style=\"color:#000066\">\n<figure class=\"wp-block-image size-large\"><img loading=\"lazy\" decoding=\"async\" width=\"1024\" height=\"312\" src=\"https:\/\/magison.si\/wp-content\/uploads\/2023\/03\/400-27-1024x312.jpg\" alt=\"\" class=\"wp-image-1457\" srcset=\"https:\/\/magison.si\/wp-content\/uploads\/2023\/03\/400-27-1024x312.jpg 1024w, https:\/\/magison.si\/wp-content\/uploads\/2023\/03\/400-27-300x91.jpg 300w, https:\/\/magison.si\/wp-content\/uploads\/2023\/03\/400-27-768x234.jpg 768w, https:\/\/magison.si\/wp-content\/uploads\/2023\/03\/400-27.jpg 1413w\" sizes=\"auto, (max-width: 1024px) 100vw, 1024px\" \/><\/figure>\n\n\n\n<p class=\"justify\"><strong>Ugovor proti vodenju postopka prisilne poravnave<\/strong> je obi\u010dajno bodisi na\u010din pogajanja upnika ali posledica njegove zamere nad ravnanjem dol\u017enika bodisi rezultat dolo\u010denih neugodnih dejstev, ki jih je dol\u017ean spremljati upravitelj prisilne poravnave in v primeru neskladij z ZFPPIPP podati Ugovor.<\/p>\n\n\n\n<p class=\"justify\">Glede Ugovora proti vodenju postopka prisilne poravnave je potrebno presoditi, kak\u0161ne mo\u017enosti ima dol\u017enik za svoj uspeh proti Ugovoru, predvideti smer ukrepanja ter izvesti vse potrebne\/planirane aktivnosti, da bodisi sodi\u0161\u010de Ugovor zavrne bodisi predlagatelj svoj Ugovor umakne. Pri tem je seveda potrebno poznati postopek, ki se deloma odvija tudi kot narok na sodi\u0161\u010du, in v katerega morajo biti vklju\u010deni tudi pravni zastopniki.<\/p>\n\n\n\n<p class=\"justify\">Klju\u010dne aktivnosti, vezane na Ugovor, so tako naslednje:<\/p>\n\n\n\n<ul class=\"justify has-text-color wp-block-list\" style=\"color:#7030a0\">\n<li>Priprava Izjave dol\u017enika in morebitne druge potrebne dokumentacije<\/li>\n\n\n\n<li>Pogajanja s predlagateljem Ugovora<\/li>\n\n\n\n<li>Narok&nbsp; za obravnavo ugovora proti vodenju postopka prisilne poravnave<\/li>\n<\/ul>\n<\/div>\n\n\n\n<div class=\"wp-block-group has-text-color is-layout-constrained wp-block-group-is-layout-constrained\" style=\"color:#7030a0\">\n<p><strong><em>Pi\u0161ite nam, pokli\u010dite nas, povpra\u0161ajte za ponudbo.<\/em><\/strong><\/p>\n\n\n\n<div style=\"height:100px\" aria-hidden=\"true\" class=\"wp-block-spacer\"><\/div>\n<\/div>\n","protected":false},"excerpt":{"rendered":"<p>Priprava Izjave dol\u017enika v primeru Ugovora upnika proti vodenju postopka prisilne poravnave in pomo\u010d zastopnikom [&hellip;]<\/p>\n","protected":false},"author":1,"featured_media":0,"parent":1368,"menu_order":3,"comment_status":"closed","ping_status":"closed","template":"","meta":{"_uag_custom_page_level_css":"","footnotes":""},"class_list":["post-1408","page","type-page","status-publish","hentry"],"yoast_head":"<!-- This site is optimized with the Yoast SEO plugin v20.4 - https:\/\/yoast.com\/wordpress\/plugins\/seo\/ -->\n<title>Priprava Izjave dol\u017enika v primeru Ugovora upnika proti vodenju postopka prisilne poravnave in pomo\u010d zastopnikom dol\u017enika pri narokih pred sodi\u0161\u010di - Magison Svetovanje<\/title>\n<meta name=\"robots\" content=\"index, follow, max-snippet:-1, max-image-preview:large, max-video-preview:-1\" \/>\n<link rel=\"canonical\" href=\"https:\/\/magison.si\/?page_id=1408\" \/>\n<meta property=\"og:locale\" content=\"en_US\" \/>\n<meta property=\"og:type\" content=\"article\" \/>\n<meta property=\"og:title\" content=\"Priprava Izjave dol\u017enika v primeru Ugovora upnika proti vodenju postopka prisilne poravnave in pomo\u010d zastopnikom dol\u017enika pri narokih pred sodi\u0161\u010di - Magison Svetovanje\" \/>\n<meta property=\"og:description\" content=\"Priprava Izjave dol\u017enika v primeru Ugovora upnika proti vodenju postopka prisilne poravnave in pomo\u010d zastopnikom [&hellip;]\" \/>\n<meta property=\"og:url\" content=\"https:\/\/magison.si\/?page_id=1408\" \/>\n<meta property=\"og:site_name\" content=\"Magison Svetovanje\" \/>\n<meta property=\"article:modified_time\" content=\"2023-04-03T20:06:38+00:00\" \/>\n<meta property=\"og:image\" content=\"https:\/\/magison.si\/wp-content\/uploads\/2023\/03\/400-27-1024x312.jpg\" \/>\n<meta name=\"twitter:card\" content=\"summary_large_image\" \/>\n<meta name=\"twitter:label1\" content=\"Est. reading time\" \/>\n\t<meta name=\"twitter:data1\" content=\"2 minutes\" \/>\n<script type=\"application\/ld+json\" class=\"yoast-schema-graph\">{\"@context\":\"https:\/\/schema.org\",\"@graph\":[{\"@type\":\"WebPage\",\"@id\":\"https:\/\/magison.si\/?page_id=1408\",\"url\":\"https:\/\/magison.si\/?page_id=1408\",\"name\":\"Priprava Izjave dol\u017enika v primeru Ugovora upnika proti vodenju postopka prisilne poravnave in pomo\u010d zastopnikom dol\u017enika pri narokih pred sodi\u0161\u010di - Magison Svetovanje\",\"isPartOf\":{\"@id\":\"https:\/\/magison.si\/#website\"},\"datePublished\":\"2023-03-02T20:37:29+00:00\",\"dateModified\":\"2023-04-03T20:06:38+00:00\",\"breadcrumb\":{\"@id\":\"https:\/\/magison.si\/?page_id=1408#breadcrumb\"},\"inLanguage\":\"en-US\",\"potentialAction\":[{\"@type\":\"ReadAction\",\"target\":[\"https:\/\/magison.si\/?page_id=1408\"]}]},{\"@type\":\"BreadcrumbList\",\"@id\":\"https:\/\/magison.si\/?page_id=1408#breadcrumb\",\"itemListElement\":[{\"@type\":\"ListItem\",\"position\":1,\"name\":\"Home\",\"item\":\"https:\/\/magison.si\/\"},{\"@type\":\"ListItem\",\"position\":2,\"name\":\"Podjetje v finan\u010dnih te\u017eavah \u2013 svetovanje in storitve\",\"item\":\"https:\/\/magison.si\/?page_id=835\"},{\"@type\":\"ListItem\",\"position\":3,\"name\":\"Postopek prisilne poravnave\",\"item\":\"https:\/\/magison.si\/?page_id=1368\"},{\"@type\":\"ListItem\",\"position\":4,\"name\":\"Priprava Izjave dol\u017enika v primeru Ugovora upnika proti vodenju postopka prisilne poravnave in pomo\u010d zastopnikom dol\u017enika pri narokih pred sodi\u0161\u010di\"}]},{\"@type\":\"WebSite\",\"@id\":\"https:\/\/magison.si\/#website\",\"url\":\"https:\/\/magison.si\/\",\"name\":\"Magison Svetovanje\",\"description\":\"\",\"publisher\":{\"@id\":\"https:\/\/magison.si\/#organization\"},\"potentialAction\":[{\"@type\":\"SearchAction\",\"target\":{\"@type\":\"EntryPoint\",\"urlTemplate\":\"https:\/\/magison.si\/?s={search_term_string}\"},\"query-input\":\"required name=search_term_string\"}],\"inLanguage\":\"en-US\"},{\"@type\":\"Organization\",\"@id\":\"https:\/\/magison.si\/#organization\",\"name\":\"Magison Svetovanje\",\"url\":\"https:\/\/magison.si\/\",\"logo\":{\"@type\":\"ImageObject\",\"inLanguage\":\"en-US\",\"@id\":\"https:\/\/magison.si\/#\/schema\/logo\/image\/\",\"url\":\"https:\/\/magison.si\/wp-content\/uploads\/2023\/01\/ZNAK-MAGISON.jpg\",\"contentUrl\":\"https:\/\/magison.si\/wp-content\/uploads\/2023\/01\/ZNAK-MAGISON.jpg\",\"width\":1634,\"height\":542,\"caption\":\"Magison Svetovanje\"},\"image\":{\"@id\":\"https:\/\/magison.si\/#\/schema\/logo\/image\/\"}}]}<\/script>\n<!-- \/ Yoast SEO plugin. -->","yoast_head_json":{"title":"Priprava Izjave dol\u017enika v primeru Ugovora upnika proti vodenju postopka prisilne poravnave in pomo\u010d zastopnikom dol\u017enika pri narokih pred sodi\u0161\u010di - Magison Svetovanje","robots":{"index":"index","follow":"follow","max-snippet":"max-snippet:-1","max-image-preview":"max-image-preview:large","max-video-preview":"max-video-preview:-1"},"canonical":"https:\/\/magison.si\/?page_id=1408","og_locale":"en_US","og_type":"article","og_title":"Priprava Izjave dol\u017enika v primeru Ugovora upnika proti vodenju postopka prisilne poravnave in pomo\u010d zastopnikom dol\u017enika pri narokih pred sodi\u0161\u010di - Magison Svetovanje","og_description":"Priprava Izjave dol\u017enika v primeru Ugovora upnika proti vodenju postopka prisilne poravnave in pomo\u010d zastopnikom [&hellip;]","og_url":"https:\/\/magison.si\/?page_id=1408","og_site_name":"Magison Svetovanje","article_modified_time":"2023-04-03T20:06:38+00:00","og_image":[{"url":"https:\/\/magison.si\/wp-content\/uploads\/2023\/03\/400-27-1024x312.jpg"}],"twitter_card":"summary_large_image","twitter_misc":{"Est. reading time":"2 minutes"},"schema":{"@context":"https:\/\/schema.org","@graph":[{"@type":"WebPage","@id":"https:\/\/magison.si\/?page_id=1408","url":"https:\/\/magison.si\/?page_id=1408","name":"Priprava Izjave dol\u017enika v primeru Ugovora upnika proti vodenju postopka prisilne poravnave in pomo\u010d zastopnikom dol\u017enika pri narokih pred sodi\u0161\u010di - Magison Svetovanje","isPartOf":{"@id":"https:\/\/magison.si\/#website"},"datePublished":"2023-03-02T20:37:29+00:00","dateModified":"2023-04-03T20:06:38+00:00","breadcrumb":{"@id":"https:\/\/magison.si\/?page_id=1408#breadcrumb"},"inLanguage":"en-US","potentialAction":[{"@type":"ReadAction","target":["https:\/\/magison.si\/?page_id=1408"]}]},{"@type":"BreadcrumbList","@id":"https:\/\/magison.si\/?page_id=1408#breadcrumb","itemListElement":[{"@type":"ListItem","position":1,"name":"Home","item":"https:\/\/magison.si\/"},{"@type":"ListItem","position":2,"name":"Podjetje v finan\u010dnih te\u017eavah \u2013 svetovanje in storitve","item":"https:\/\/magison.si\/?page_id=835"},{"@type":"ListItem","position":3,"name":"Postopek prisilne poravnave","item":"https:\/\/magison.si\/?page_id=1368"},{"@type":"ListItem","position":4,"name":"Priprava Izjave dol\u017enika v primeru Ugovora upnika proti vodenju postopka prisilne poravnave in pomo\u010d zastopnikom dol\u017enika pri narokih pred sodi\u0161\u010di"}]},{"@type":"WebSite","@id":"https:\/\/magison.si\/#website","url":"https:\/\/magison.si\/","name":"Magison Svetovanje","description":"","publisher":{"@id":"https:\/\/magison.si\/#organization"},"potentialAction":[{"@type":"SearchAction","target":{"@type":"EntryPoint","urlTemplate":"https:\/\/magison.si\/?s={search_term_string}"},"query-input":"required name=search_term_string"}],"inLanguage":"en-US"},{"@type":"Organization","@id":"https:\/\/magison.si\/#organization","name":"Magison Svetovanje","url":"https:\/\/magison.si\/","logo":{"@type":"ImageObject","inLanguage":"en-US","@id":"https:\/\/magison.si\/#\/schema\/logo\/image\/","url":"https:\/\/magison.si\/wp-content\/uploads\/2023\/01\/ZNAK-MAGISON.jpg","contentUrl":"https:\/\/magison.si\/wp-content\/uploads\/2023\/01\/ZNAK-MAGISON.jpg","width":1634,"height":542,"caption":"Magison Svetovanje"},"image":{"@id":"https:\/\/magison.si\/#\/schema\/logo\/image\/"}}]}},"uagb_featured_image_src":{"full":false,"thumbnail":false,"medium":false,"medium_large":false,"large":false,"1536x1536":false,"2048x2048":false},"uagb_author_info":{"display_name":"admin","author_link":"https:\/\/magison.si\/?author=1"},"uagb_comment_info":0,"uagb_excerpt":"Priprava Izjave dol\u017enika v primeru Ugovora upnika proti vodenju postopka prisilne poravnave in pomo\u010d zastopnikom [&hellip;]","_links":{"self":[{"href":"https:\/\/magison.si\/index.php?rest_route=\/wp\/v2\/pages\/1408","targetHints":{"allow":["GET"]}}],"collection":[{"href":"https:\/\/magison.si\/index.php?rest_route=\/wp\/v2\/pages"}],"about":[{"href":"https:\/\/magison.si\/index.php?rest_route=\/wp\/v2\/types\/page"}],"author":[{"embeddable":true,"href":"https:\/\/magison.si\/index.php?rest_route=\/wp\/v2\/users\/1"}],"replies":[{"embeddable":true,"href":"https:\/\/magison.si\/index.php?rest_route=%2Fwp%2Fv2%2Fcomments&post=1408"}],"version-history":[{"count":3,"href":"https:\/\/magison.si\/index.php?rest_route=\/wp\/v2\/pages\/1408\/revisions"}],"predecessor-version":[{"id":1877,"href":"https:\/\/magison.si\/index.php?rest_route=\/wp\/v2\/pages\/1408\/revisions\/1877"}],"up":[{"embeddable":true,"href":"https:\/\/magison.si\/index.php?rest_route=\/wp\/v2\/pages\/1368"}],"wp:attachment":[{"href":"https:\/\/magison.si\/index.php?rest_route=%2Fwp%2Fv2%2Fmedia&parent=1408"}],"curies":[{"name":"wp","href":"https:\/\/api.w.org\/{rel}","templated":true}]}}