{"id":1404,"date":"2023-03-02T20:36:56","date_gmt":"2023-03-02T20:36:56","guid":{"rendered":"https:\/\/magison.si\/?page_id=1404"},"modified":"2023-11-16T17:01:27","modified_gmt":"2023-11-16T17:01:27","slug":"priprava-razlicnih-nacrtov-financnega-prestrukturiranja","status":"publish","type":"page","link":"https:\/\/magison.si\/?page_id=1404","title":{"rendered":"Priprava razli\u010dnih Na\u010drtov finan\u010dnega prestrukturiranja"},"content":{"rendered":"\n<h3 class=\"wp-block-heading has-text-align-center has-text-color\" style=\"color:#1583dd\"><strong>Priprava razli\u010dnih Na\u010drtov finan\u010dnega prestrukturiranja<\/strong><\/h3>\n\n\n\n<div class=\"wp-block-group has-text-color is-layout-constrained wp-block-group-is-layout-constrained\" style=\"color:#000066\">\n<figure class=\"wp-block-image alignleft size-full is-resized\"><img loading=\"lazy\" decoding=\"async\" width=\"862\" height=\"646\" src=\"https:\/\/magison.si\/wp-content\/uploads\/2023\/03\/400-25.jpg\" alt=\"\" class=\"wp-image-1455\" style=\"width:339px;height:254px\" srcset=\"https:\/\/magison.si\/wp-content\/uploads\/2023\/03\/400-25.jpg 862w, https:\/\/magison.si\/wp-content\/uploads\/2023\/03\/400-25-300x225.jpg 300w, https:\/\/magison.si\/wp-content\/uploads\/2023\/03\/400-25-768x576.jpg 768w\" sizes=\"auto, (max-width: 862px) 100vw, 862px\" \/><\/figure>\n\n\n\n<p class=\"justify\"><strong>Na\u010drt finan\u010dnega prestrukturiranja<\/strong> <strong>je obvezna priloga k vlogi za za\u010detek postopka<\/strong> prisilne poravnave. Pri prisilni poravnavi mora Na\u010drt finan\u010dnega prestrukturiranja pregledati poobla\u0161\u010deni ocenjevalec vrednosti podjetij in k njemu podati pozitivno mnenje, pri prisilni poravnavi za malo gospodarstvo pa to mnenje ni potrebno.<\/p>\n\n\n\n<p class=\"justify\"><em>Ugotovili ste stanje insolventnosti, <\/em>na osnovi ustreznih analiz <em>ste predvideli izvedbo prisilne poravnave, sedaj pa pripravljate vlogo za za\u010detek postopka prisilne poravnave.<\/em><\/p>\n\n\n\n<ul class=\"justify wp-block-list\">\n<li><strong><em>Nimate ustreznega kadra<\/em><\/strong><em>, ki bi strokovno pripravil Na\u010drt finan\u010dnega prestrukturiranja?<\/em><\/li>\n\n\n\n<li><em>Nimate izku\u0161enj, <strong>kako oblikovati ponudbo upnikom<\/strong> v okviru&nbsp; Na\u010drta finan\u010dnega prestrukturiranja?<\/em><\/li>\n\n\n\n<li><em>Ste v postopku prisilne poravnave, pa nove okoli\u0161\u010dine zahtevajo <strong>spremembo ponudbe upnikom<\/strong> in pripravo Spremenjenega na\u010drta finan\u010dnega prestrukturiranja. Potrebujete pomo\u010d pri pripravi Spremenjenega na\u010drta finan\u010dnega prestrukturiranja?<\/em><\/li>\n\n\n\n<li><em>Upnik je vlo\u017eil predlog za za\u010detek postopka prisilne poravnave po 221.j. \u010dlenu (<strong>upni\u0161ka prisilna poravnava<\/strong>), pa ste se dogovorili\/odlo\u010dili, da boste vi pripravili Na\u010drt finan\u010dnega prestrukturiranja. Kako se lotiti zadeve?<\/em><\/li>\n\n\n\n<li><em>\u017delite, da vam <strong>izdelamo Na\u010drt<\/strong> finan\u010dnega prestrukturiranja oziroma vam <strong>svetujemo pri njegovi pripravi<\/strong>?<\/em><\/li>\n<\/ul>\n\n\n\n<p class=\"justify has-text-color\" style=\"color:#7030a0\">Ker imamo s pripravo razli\u010dnih vrst Na\u010drtov finan\u010dnega prestrukturiranja bogate izku\u0161nje, <strong>smo pravi strokovni naslov za izdelavo ali pa za svetovanje njegovi pri izdelavi<\/strong>.<\/p>\n\n\n\n<p class=\"justify\"><strong>Vsebina <\/strong><strong>Na\u010drta <\/strong>je predpisana z ZFPPIPP in pokriva naslednja klju\u010dna podro\u010dja:<\/p>\n\n\n\n<ol start=\"1\" style=\"color:#7030a0;list-style-type:1\" class=\"justify has-text-color wp-block-list\">\n<li><strong>Opis dejstev in okoli\u0161\u010din, iz katerih izhaja, da je dol\u017enik insolventen<\/strong><\/li>\n\n\n\n<li><strong>Predlog prisilne poravnave<\/strong><\/li>\n\n\n\n<li><strong>Oceno dele\u017ea pla\u010dila nezavarovanih terjatev upnikov in rokov za njihovo pla\u010dilo, \u010de bi bil nad dol\u017enikom za\u010det ste\u010dajni postopek<\/strong><\/li>\n\n\n\n<li><strong>Opis ukrepov finan\u010dnega prestrukturiranja, ki jih bo dol\u017enik izvedel, in za vsakega od teh ukrepov \u010dasovni na\u010drt izvedbe, oceno stro\u0161kov izvedbe in oceno u\u010dinkov izvedbe ukrepa na odpravo vzrokov insolventnosti ter kratkoro\u010dno in dolgoro\u010dno pla\u010dilno sposobnost dol\u017enika<\/strong><\/li>\n\n\n\n<li><strong>Opis dejstev in okoli\u0161\u010din, iz katerih izhaja, da bo dol\u017enik sposoben izpolniti vse svoje obveznosti v skladu s predlagano prisilno poravnavo<\/strong><strong><\/strong><\/li>\n<\/ol>\n\n\n\n<p class=\"justify\">Vsebina in izhodi\u0161\u010da Na\u010drta finan\u010dnega prestrukturiranja se razlikujejo glede na to, za kak\u0161ne vrste Na\u010drta gre (navadna prisilna poravnava, upni\u0161ka prisilna poravnava, spremenjeni Na\u010drt finan\u010dnega prestrukturiranja) in glede na velikost podjetja.<\/p>\n\n\n\n<p class=\"justify\">Na\u010drt finan\u010dnega prestrukturiranja morajo izdelati vsa<strong> podjetja, ki pripravljajo vlogo za za\u010detek postopka prisilne poravnave, ter v nekaterih drugih situacijah <\/strong>(sprememba Na\u010drta finan\u010dnega prestrukturiranja, upni\u0161ki predlog za prisilno poravnavo).<strong><\/strong><\/p>\n\n\n\n<p class=\"justify\"><strong>Na\u010din dela.&nbsp; <\/strong>Skupaj definiramo namen in cilje Na\u010drta, izdelamo vpra\u0161alnik za nabor podatkov, ki jih v podjetju pripravite, nato pa skozi nekaj intervjujev raz\u010distimo morebitne nejasnosti. Na koncu pripravimo <strong>Na\u010drt<\/strong>, ki vam ga tudi predstavimo.<\/p>\n\n\n\n<p class=\"justify\">Glede na obseg problematike lahko <strong>priprava Na\u010drta finan\u010dnega prestrukturiranja<\/strong>\u00a0 <strong>traja<\/strong> od 15 do 20 dni po prejemu zahtevanih podatkov.<\/p>\n<\/div>\n\n\n\n<div class=\"wp-block-group is-layout-constrained wp-block-group-is-layout-constrained\">\n<p class=\"has-text-color\" style=\"color:#7030a0\"><strong><em>Pi\u0161ite nam, pokli\u010dite nas, povpra\u0161ajte za ponudbo.<\/em><\/strong><\/p>\n\n\n\n<div style=\"height:100px\" aria-hidden=\"true\" class=\"wp-block-spacer\"><\/div>\n<\/div>\n","protected":false},"excerpt":{"rendered":"<p>Priprava razli\u010dnih Na\u010drtov finan\u010dnega prestrukturiranja Na\u010drt finan\u010dnega prestrukturiranja je obvezna priloga k vlogi za za\u010detek [&hellip;]<\/p>\n","protected":false},"author":1,"featured_media":0,"parent":1368,"menu_order":1,"comment_status":"closed","ping_status":"closed","template":"","meta":{"_uag_custom_page_level_css":"","footnotes":""},"class_list":["post-1404","page","type-page","status-publish","hentry"],"yoast_head":"<!-- This site is optimized with the Yoast SEO plugin v20.4 - https:\/\/yoast.com\/wordpress\/plugins\/seo\/ -->\n<title>Priprava razli\u010dnih Na\u010drtov finan\u010dnega prestrukturiranja - Magison Svetovanje<\/title>\n<meta name=\"robots\" content=\"index, follow, max-snippet:-1, max-image-preview:large, max-video-preview:-1\" \/>\n<link rel=\"canonical\" href=\"https:\/\/magison.si\/?page_id=1404\" \/>\n<meta property=\"og:locale\" content=\"en_US\" \/>\n<meta property=\"og:type\" content=\"article\" \/>\n<meta property=\"og:title\" content=\"Priprava razli\u010dnih Na\u010drtov finan\u010dnega prestrukturiranja - Magison Svetovanje\" \/>\n<meta property=\"og:description\" content=\"Priprava razli\u010dnih Na\u010drtov finan\u010dnega prestrukturiranja Na\u010drt finan\u010dnega prestrukturiranja je obvezna priloga k vlogi za za\u010detek [&hellip;]\" \/>\n<meta property=\"og:url\" content=\"https:\/\/magison.si\/?page_id=1404\" \/>\n<meta property=\"og:site_name\" content=\"Magison Svetovanje\" \/>\n<meta property=\"article:modified_time\" content=\"2023-11-16T17:01:27+00:00\" \/>\n<meta property=\"og:image\" content=\"https:\/\/magison.si\/wp-content\/uploads\/2023\/03\/400-25.jpg\" \/>\n<meta name=\"twitter:card\" content=\"summary_large_image\" \/>\n<script type=\"application\/ld+json\" class=\"yoast-schema-graph\">{\"@context\":\"https:\/\/schema.org\",\"@graph\":[{\"@type\":\"WebPage\",\"@id\":\"https:\/\/magison.si\/?page_id=1404\",\"url\":\"https:\/\/magison.si\/?page_id=1404\",\"name\":\"Priprava razli\u010dnih Na\u010drtov finan\u010dnega prestrukturiranja - Magison Svetovanje\",\"isPartOf\":{\"@id\":\"https:\/\/magison.si\/#website\"},\"datePublished\":\"2023-03-02T20:36:56+00:00\",\"dateModified\":\"2023-11-16T17:01:27+00:00\",\"breadcrumb\":{\"@id\":\"https:\/\/magison.si\/?page_id=1404#breadcrumb\"},\"inLanguage\":\"en-US\",\"potentialAction\":[{\"@type\":\"ReadAction\",\"target\":[\"https:\/\/magison.si\/?page_id=1404\"]}]},{\"@type\":\"BreadcrumbList\",\"@id\":\"https:\/\/magison.si\/?page_id=1404#breadcrumb\",\"itemListElement\":[{\"@type\":\"ListItem\",\"position\":1,\"name\":\"Home\",\"item\":\"https:\/\/magison.si\/\"},{\"@type\":\"ListItem\",\"position\":2,\"name\":\"Podjetje v finan\u010dnih te\u017eavah \u2013 svetovanje in storitve\",\"item\":\"https:\/\/magison.si\/?page_id=835\"},{\"@type\":\"ListItem\",\"position\":3,\"name\":\"Postopek prisilne poravnave\",\"item\":\"https:\/\/magison.si\/?page_id=1368\"},{\"@type\":\"ListItem\",\"position\":4,\"name\":\"Priprava razli\u010dnih Na\u010drtov finan\u010dnega prestrukturiranja\"}]},{\"@type\":\"WebSite\",\"@id\":\"https:\/\/magison.si\/#website\",\"url\":\"https:\/\/magison.si\/\",\"name\":\"Magison Svetovanje\",\"description\":\"\",\"publisher\":{\"@id\":\"https:\/\/magison.si\/#organization\"},\"potentialAction\":[{\"@type\":\"SearchAction\",\"target\":{\"@type\":\"EntryPoint\",\"urlTemplate\":\"https:\/\/magison.si\/?s={search_term_string}\"},\"query-input\":\"required name=search_term_string\"}],\"inLanguage\":\"en-US\"},{\"@type\":\"Organization\",\"@id\":\"https:\/\/magison.si\/#organization\",\"name\":\"Magison Svetovanje\",\"url\":\"https:\/\/magison.si\/\",\"logo\":{\"@type\":\"ImageObject\",\"inLanguage\":\"en-US\",\"@id\":\"https:\/\/magison.si\/#\/schema\/logo\/image\/\",\"url\":\"https:\/\/magison.si\/wp-content\/uploads\/2023\/01\/ZNAK-MAGISON.jpg\",\"contentUrl\":\"https:\/\/magison.si\/wp-content\/uploads\/2023\/01\/ZNAK-MAGISON.jpg\",\"width\":1634,\"height\":542,\"caption\":\"Magison Svetovanje\"},\"image\":{\"@id\":\"https:\/\/magison.si\/#\/schema\/logo\/image\/\"}}]}<\/script>\n<!-- \/ Yoast SEO plugin. -->","yoast_head_json":{"title":"Priprava razli\u010dnih Na\u010drtov finan\u010dnega prestrukturiranja - Magison Svetovanje","robots":{"index":"index","follow":"follow","max-snippet":"max-snippet:-1","max-image-preview":"max-image-preview:large","max-video-preview":"max-video-preview:-1"},"canonical":"https:\/\/magison.si\/?page_id=1404","og_locale":"en_US","og_type":"article","og_title":"Priprava razli\u010dnih Na\u010drtov finan\u010dnega prestrukturiranja - Magison Svetovanje","og_description":"Priprava razli\u010dnih Na\u010drtov finan\u010dnega prestrukturiranja Na\u010drt finan\u010dnega prestrukturiranja je obvezna priloga k vlogi za za\u010detek [&hellip;]","og_url":"https:\/\/magison.si\/?page_id=1404","og_site_name":"Magison Svetovanje","article_modified_time":"2023-11-16T17:01:27+00:00","og_image":[{"url":"https:\/\/magison.si\/wp-content\/uploads\/2023\/03\/400-25.jpg"}],"twitter_card":"summary_large_image","schema":{"@context":"https:\/\/schema.org","@graph":[{"@type":"WebPage","@id":"https:\/\/magison.si\/?page_id=1404","url":"https:\/\/magison.si\/?page_id=1404","name":"Priprava razli\u010dnih Na\u010drtov finan\u010dnega prestrukturiranja - Magison Svetovanje","isPartOf":{"@id":"https:\/\/magison.si\/#website"},"datePublished":"2023-03-02T20:36:56+00:00","dateModified":"2023-11-16T17:01:27+00:00","breadcrumb":{"@id":"https:\/\/magison.si\/?page_id=1404#breadcrumb"},"inLanguage":"en-US","potentialAction":[{"@type":"ReadAction","target":["https:\/\/magison.si\/?page_id=1404"]}]},{"@type":"BreadcrumbList","@id":"https:\/\/magison.si\/?page_id=1404#breadcrumb","itemListElement":[{"@type":"ListItem","position":1,"name":"Home","item":"https:\/\/magison.si\/"},{"@type":"ListItem","position":2,"name":"Podjetje v finan\u010dnih te\u017eavah \u2013 svetovanje in storitve","item":"https:\/\/magison.si\/?page_id=835"},{"@type":"ListItem","position":3,"name":"Postopek prisilne poravnave","item":"https:\/\/magison.si\/?page_id=1368"},{"@type":"ListItem","position":4,"name":"Priprava razli\u010dnih Na\u010drtov finan\u010dnega prestrukturiranja"}]},{"@type":"WebSite","@id":"https:\/\/magison.si\/#website","url":"https:\/\/magison.si\/","name":"Magison Svetovanje","description":"","publisher":{"@id":"https:\/\/magison.si\/#organization"},"potentialAction":[{"@type":"SearchAction","target":{"@type":"EntryPoint","urlTemplate":"https:\/\/magison.si\/?s={search_term_string}"},"query-input":"required name=search_term_string"}],"inLanguage":"en-US"},{"@type":"Organization","@id":"https:\/\/magison.si\/#organization","name":"Magison Svetovanje","url":"https:\/\/magison.si\/","logo":{"@type":"ImageObject","inLanguage":"en-US","@id":"https:\/\/magison.si\/#\/schema\/logo\/image\/","url":"https:\/\/magison.si\/wp-content\/uploads\/2023\/01\/ZNAK-MAGISON.jpg","contentUrl":"https:\/\/magison.si\/wp-content\/uploads\/2023\/01\/ZNAK-MAGISON.jpg","width":1634,"height":542,"caption":"Magison Svetovanje"},"image":{"@id":"https:\/\/magison.si\/#\/schema\/logo\/image\/"}}]}},"uagb_featured_image_src":{"full":false,"thumbnail":false,"medium":false,"medium_large":false,"large":false,"1536x1536":false,"2048x2048":false},"uagb_author_info":{"display_name":"admin","author_link":"https:\/\/magison.si\/?author=1"},"uagb_comment_info":0,"uagb_excerpt":"Priprava razli\u010dnih Na\u010drtov finan\u010dnega prestrukturiranja Na\u010drt finan\u010dnega prestrukturiranja je obvezna priloga k vlogi za za\u010detek [&hellip;]","_links":{"self":[{"href":"https:\/\/magison.si\/index.php?rest_route=\/wp\/v2\/pages\/1404","targetHints":{"allow":["GET"]}}],"collection":[{"href":"https:\/\/magison.si\/index.php?rest_route=\/wp\/v2\/pages"}],"about":[{"href":"https:\/\/magison.si\/index.php?rest_route=\/wp\/v2\/types\/page"}],"author":[{"embeddable":true,"href":"https:\/\/magison.si\/index.php?rest_route=\/wp\/v2\/users\/1"}],"replies":[{"embeddable":true,"href":"https:\/\/magison.si\/index.php?rest_route=%2Fwp%2Fv2%2Fcomments&post=1404"}],"version-history":[{"count":5,"href":"https:\/\/magison.si\/index.php?rest_route=\/wp\/v2\/pages\/1404\/revisions"}],"predecessor-version":[{"id":1940,"href":"https:\/\/magison.si\/index.php?rest_route=\/wp\/v2\/pages\/1404\/revisions\/1940"}],"up":[{"embeddable":true,"href":"https:\/\/magison.si\/index.php?rest_route=\/wp\/v2\/pages\/1368"}],"wp:attachment":[{"href":"https:\/\/magison.si\/index.php?rest_route=%2Fwp%2Fv2%2Fmedia&parent=1404"}],"curies":[{"name":"wp","href":"https:\/\/api.w.org\/{rel}","templated":true}]}}