{"id":1398,"date":"2023-03-02T20:34:41","date_gmt":"2023-03-02T20:34:41","guid":{"rendered":"https:\/\/magison.si\/?page_id=1398"},"modified":"2023-04-03T20:09:34","modified_gmt":"2023-04-03T20:09:34","slug":"razvojni-nacrt-investicijski-nacrt-in-sanacijski-nacrt-poslovnega-prestrukturiranja","status":"publish","type":"page","link":"https:\/\/magison.si\/?page_id=1398","title":{"rendered":"Razvojni na\u010drt, Investicijski na\u010drt in Sanacijski na\u010drt poslovnega prestrukturiranja"},"content":{"rendered":"\n<h3 class=\"wp-block-heading has-text-align-center has-text-color\" style=\"color:#1583dd\"><strong>Razvojni na\u010drt, Investicijski na\u010drt, Sanacijski na\u010drt poslovnega prestrukturiranja<\/strong><\/h3>\n\n\n\n<div class=\"wp-block-group has-text-color is-layout-constrained wp-block-group-is-layout-constrained\" style=\"color:#000066\">\n<ul class=\"justify wp-block-list\">\n<li><em>Oblikovali ste <strong>razvojni koncept za va\u0161e podjetje<\/strong>. \u017delite, da vam ga celovito finan\u010dno ovrednotimo? Vas zanima, kako bodo razli\u010dni dejavniki razvoja v prihodnje vplivali na poslovno-finan\u010dni polo\u017eaj va\u0161ega podjetja in kak\u0161na so v zvezi s tem prihodnja tveganja? <strong>Kak\u0161ne finan\u010dne cilje postaviti<\/strong> v zvezi z razvojem podjetja?<\/em><\/li>\n\n\n\n<li><em>V kapacitete podjetja nameravate <strong>investirali znatna sredstva<\/strong>. Ste prepri\u010dani, da bodo investicije primerno donosne? Bo pla\u010dilna sposobnost v fazi investicije zadovoljiva? Vra\u010danje kreditov ne bo finan\u010dno iz\u010drpalo podjetja?<\/em><\/li>\n\n\n\n<li><em>Del investicij planirate pokriti iz <strong>nepovratnih in\/ali kreditnih sredstev<\/strong>, zato banke\/skladi od vas zahtevajo&nbsp; <strong>finan\u010dno-investicijsko dokumentacijo<\/strong>. Potrebujete pri tem pomo\u010d izku\u0161enega strokovnjaka?<\/em><\/li>\n\n\n\n<li><em>V podjetju <strong>upadajo prihodki. <\/strong>\u017de ste\u017eka pokrivate stro\u0161ke pla\u010d in dobaviteljev? Snujete <strong>sanacijske ukrepe<\/strong>? Ho\u010dete predvideti vpliv sanacijskih ukrepov na poslovanje in finan\u010dni polo\u017eaj podjetja v prihodnje?<\/em><em><\/em><\/li>\n<\/ul>\n\n\n\n<p class=\"justify has-text-color\" style=\"color:#7030a0\">Ker imamo obse\u017eno strokovno znanje in bogate izku\u0161nje z vseh navedenih podro\u010dij, <strong>smo pravi naslov za izdelavo poslovno-finan\u010dnih na\u010drtov in svetovanje pri tem<\/strong>.<\/p>\n<\/div>\n\n\n\n<div class=\"wp-block-group has-text-color is-layout-constrained wp-block-group-is-layout-constrained\" style=\"color:#000066\">\n<figure class=\"wp-block-image size-large\"><img loading=\"lazy\" decoding=\"async\" width=\"1024\" height=\"534\" src=\"https:\/\/magison.si\/wp-content\/uploads\/2023\/03\/400-20-1024x534.jpg\" alt=\"\" class=\"wp-image-1450\" srcset=\"https:\/\/magison.si\/wp-content\/uploads\/2023\/03\/400-20-1024x534.jpg 1024w, https:\/\/magison.si\/wp-content\/uploads\/2023\/03\/400-20-300x157.jpg 300w, https:\/\/magison.si\/wp-content\/uploads\/2023\/03\/400-20-768x401.jpg 768w, https:\/\/magison.si\/wp-content\/uploads\/2023\/03\/400-20.jpg 1050w\" sizes=\"auto, (max-width: 1024px) 100vw, 1024px\" \/><\/figure>\n\n\n\n<p class=\"justify\"><strong>Namen <\/strong><strong>navedenih na\u010drtov<\/strong> je, da poslovodji prika\u017eejo celovito in poglobljeno sliko finan\u010dno-poslovnega polo\u017eaja podjetja v dolo\u010deni poslovni situaciji.<\/p>\n\n\n\n<p class=\"justify\">Pri <strong>oblikovanju razvojnega koncepta<\/strong> podjetja bomo preverili in ocenili vse klju\u010dne dejavnike razvoja z vidika finan\u010dnega poslovanja, predvideno kapitalsko ustreznost in pla\u010dilno sposobnost, postavitev primernih finan\u010dnih ciljev ter predvidena tveganja. Tako bo <strong>Razvojni na\u010drt<\/strong> z vidika finan\u010dnega poslovanja primeren za izvedbo.<\/p>\n\n\n\n<p class=\"justify\"><strong>Investicije<\/strong> so lahko po svoji vsebini in obsegu zelo razli\u010dne. Ne glede na to pa mora dober gospodar imeti kvalitetne odgovore na vpra\u0161anja o vplivu predvidenih investicij na finan\u010dni polo\u017eaj tako podjetja kot tudi lastnikov podjetja in tistih, ki bodo zagotavljali potrebne finan\u010dne vire investicij. In to tako v fazi izvedbe investicije kot v fazi poslovanja po izvedeni investiciji. Nemalokrat imajo institucije (npr. banke, skladi) predpisane svoje metodologije za <strong>Investicijske na\u010drte<\/strong>, katerih se je potrebno dr\u017eati za njihove namene.&nbsp;<\/p>\n\n\n\n<p class=\"justify\"><strong>Poslovno prestrukturiranje<\/strong>, ki je potrebno zaradi sanacije poslovanja in izbolj\u0161anja poslovno-finan\u010dnega polo\u017eaja podjetja, navadno vsebuje \u0161tevilne ukrepe, ki s svojimi finan\u010dnimi posledicami vplivajo na finan\u010dni polo\u017eaj, kapitalsko ustreznost, pla\u010dilno sposobnost, donosnost in druge elemente finan\u010dnega poslovanja. <strong>Sanacijski na\u010drt<\/strong> poslovnega prestrukturiranja bo najprej definiral vrsto in obse\u017enost poslovno-finan\u010dnih problemov in vzroke zanje, nato&nbsp; pa predvidel sanacijske cilje in ukrepe ter odgovoril na vpra\u0161anja glede vpliva ukrepov na vse pomembne elemente finan\u010dnega poslovanja.<\/p>\n\n\n\n<p class=\"justify\"><strong>Vsebina <\/strong>posameznegana\u010drta bo zato <strong>unikatna in prilagojena konkretni problematiki<\/strong>, pri \u010demer pa mora vsebina v vsakem primeru odgovoriti na vsa klju\u010dna poslovno-finan\u010dna vpra\u0161anja v konkretnem podjetju in konkretni poslovni situaciji.<\/p>\n\n\n\n<p class=\"justify\"><strong>Na\u010din dela.<\/strong> Skupaj definiramo namen in cilje na\u010drta, izdelamo vpra\u0161alnik za nabor podatkov, ki jih pripravite v podjetju, nato pa skozi nekaj intervjujev raz\u010distimo morebitne nejasnosti. Na koncu pripravimo <strong>Poro\u010dilo (na\u010drt)<\/strong>, ki vam ga predstavimo.<\/p>\n\n\n\n<p class=\"justify\">Glede na obseg problematike lahko <strong>priprava takega na\u010drta traja<\/strong> od 10 do 30 dni po prejemu zahtevanih podatkov.<\/p>\n<\/div>\n\n\n\n<div class=\"wp-block-group has-text-color is-layout-constrained wp-block-group-is-layout-constrained\" style=\"color:#7030a0\">\n<p><strong><em>Pi\u0161ite nam, pokli\u010dite nas, povpra\u0161ajte za ponudbo.<\/em><\/strong><\/p>\n\n\n\n<div style=\"height:100px\" aria-hidden=\"true\" class=\"wp-block-spacer\"><\/div>\n<\/div>\n","protected":false},"excerpt":{"rendered":"<p>Razvojni na\u010drt, Investicijski na\u010drt, Sanacijski na\u010drt poslovnega prestrukturiranja Ker imamo obse\u017eno strokovno znanje in bogate [&hellip;]<\/p>\n","protected":false},"author":1,"featured_media":0,"parent":1366,"menu_order":4,"comment_status":"closed","ping_status":"closed","template":"","meta":{"_uag_custom_page_level_css":"","footnotes":""},"class_list":["post-1398","page","type-page","status-publish","hentry"],"yoast_head":"<!-- This site is optimized with the Yoast SEO plugin v20.4 - https:\/\/yoast.com\/wordpress\/plugins\/seo\/ -->\n<title>Razvojni na\u010drt, Investicijski na\u010drt in Sanacijski na\u010drt poslovnega prestrukturiranja - Magison Svetovanje<\/title>\n<meta name=\"robots\" content=\"index, follow, max-snippet:-1, max-image-preview:large, max-video-preview:-1\" \/>\n<link rel=\"canonical\" href=\"https:\/\/magison.si\/?page_id=1398\" \/>\n<meta property=\"og:locale\" content=\"en_US\" \/>\n<meta property=\"og:type\" content=\"article\" \/>\n<meta property=\"og:title\" content=\"Razvojni na\u010drt, Investicijski na\u010drt in Sanacijski na\u010drt poslovnega prestrukturiranja - Magison Svetovanje\" \/>\n<meta property=\"og:description\" content=\"Razvojni na\u010drt, Investicijski na\u010drt, Sanacijski na\u010drt poslovnega prestrukturiranja Ker imamo obse\u017eno strokovno znanje in bogate [&hellip;]\" \/>\n<meta property=\"og:url\" content=\"https:\/\/magison.si\/?page_id=1398\" \/>\n<meta property=\"og:site_name\" content=\"Magison Svetovanje\" \/>\n<meta property=\"article:modified_time\" content=\"2023-04-03T20:09:34+00:00\" \/>\n<meta property=\"og:image\" content=\"https:\/\/magison.si\/wp-content\/uploads\/2023\/03\/400-20-1024x534.jpg\" \/>\n<meta name=\"twitter:card\" content=\"summary_large_image\" \/>\n<meta name=\"twitter:label1\" content=\"Est. reading time\" \/>\n\t<meta name=\"twitter:data1\" content=\"3 minutes\" \/>\n<script type=\"application\/ld+json\" class=\"yoast-schema-graph\">{\"@context\":\"https:\/\/schema.org\",\"@graph\":[{\"@type\":\"WebPage\",\"@id\":\"https:\/\/magison.si\/?page_id=1398\",\"url\":\"https:\/\/magison.si\/?page_id=1398\",\"name\":\"Razvojni na\u010drt, Investicijski na\u010drt in Sanacijski na\u010drt poslovnega prestrukturiranja - Magison Svetovanje\",\"isPartOf\":{\"@id\":\"https:\/\/magison.si\/#website\"},\"datePublished\":\"2023-03-02T20:34:41+00:00\",\"dateModified\":\"2023-04-03T20:09:34+00:00\",\"breadcrumb\":{\"@id\":\"https:\/\/magison.si\/?page_id=1398#breadcrumb\"},\"inLanguage\":\"en-US\",\"potentialAction\":[{\"@type\":\"ReadAction\",\"target\":[\"https:\/\/magison.si\/?page_id=1398\"]}]},{\"@type\":\"BreadcrumbList\",\"@id\":\"https:\/\/magison.si\/?page_id=1398#breadcrumb\",\"itemListElement\":[{\"@type\":\"ListItem\",\"position\":1,\"name\":\"Home\",\"item\":\"https:\/\/magison.si\/\"},{\"@type\":\"ListItem\",\"position\":2,\"name\":\"Podjetje v finan\u010dnih te\u017eavah \u2013 svetovanje in storitve\",\"item\":\"https:\/\/magison.si\/?page_id=835\"},{\"@type\":\"ListItem\",\"position\":3,\"name\":\"Analize, poro\u010dila in ukrepi pri (groze\u010di) insolventnosti\",\"item\":\"https:\/\/magison.si\/?page_id=1366\"},{\"@type\":\"ListItem\",\"position\":4,\"name\":\"Razvojni na\u010drt, Investicijski na\u010drt in Sanacijski na\u010drt poslovnega prestrukturiranja\"}]},{\"@type\":\"WebSite\",\"@id\":\"https:\/\/magison.si\/#website\",\"url\":\"https:\/\/magison.si\/\",\"name\":\"Magison Svetovanje\",\"description\":\"\",\"publisher\":{\"@id\":\"https:\/\/magison.si\/#organization\"},\"potentialAction\":[{\"@type\":\"SearchAction\",\"target\":{\"@type\":\"EntryPoint\",\"urlTemplate\":\"https:\/\/magison.si\/?s={search_term_string}\"},\"query-input\":\"required name=search_term_string\"}],\"inLanguage\":\"en-US\"},{\"@type\":\"Organization\",\"@id\":\"https:\/\/magison.si\/#organization\",\"name\":\"Magison Svetovanje\",\"url\":\"https:\/\/magison.si\/\",\"logo\":{\"@type\":\"ImageObject\",\"inLanguage\":\"en-US\",\"@id\":\"https:\/\/magison.si\/#\/schema\/logo\/image\/\",\"url\":\"https:\/\/magison.si\/wp-content\/uploads\/2023\/01\/ZNAK-MAGISON.jpg\",\"contentUrl\":\"https:\/\/magison.si\/wp-content\/uploads\/2023\/01\/ZNAK-MAGISON.jpg\",\"width\":1634,\"height\":542,\"caption\":\"Magison Svetovanje\"},\"image\":{\"@id\":\"https:\/\/magison.si\/#\/schema\/logo\/image\/\"}}]}<\/script>\n<!-- \/ Yoast SEO plugin. -->","yoast_head_json":{"title":"Razvojni na\u010drt, Investicijski na\u010drt in Sanacijski na\u010drt poslovnega prestrukturiranja - Magison Svetovanje","robots":{"index":"index","follow":"follow","max-snippet":"max-snippet:-1","max-image-preview":"max-image-preview:large","max-video-preview":"max-video-preview:-1"},"canonical":"https:\/\/magison.si\/?page_id=1398","og_locale":"en_US","og_type":"article","og_title":"Razvojni na\u010drt, Investicijski na\u010drt in Sanacijski na\u010drt poslovnega prestrukturiranja - Magison Svetovanje","og_description":"Razvojni na\u010drt, Investicijski na\u010drt, Sanacijski na\u010drt poslovnega prestrukturiranja Ker imamo obse\u017eno strokovno znanje in bogate [&hellip;]","og_url":"https:\/\/magison.si\/?page_id=1398","og_site_name":"Magison Svetovanje","article_modified_time":"2023-04-03T20:09:34+00:00","og_image":[{"url":"https:\/\/magison.si\/wp-content\/uploads\/2023\/03\/400-20-1024x534.jpg"}],"twitter_card":"summary_large_image","twitter_misc":{"Est. reading time":"3 minutes"},"schema":{"@context":"https:\/\/schema.org","@graph":[{"@type":"WebPage","@id":"https:\/\/magison.si\/?page_id=1398","url":"https:\/\/magison.si\/?page_id=1398","name":"Razvojni na\u010drt, Investicijski na\u010drt in Sanacijski na\u010drt poslovnega prestrukturiranja - Magison Svetovanje","isPartOf":{"@id":"https:\/\/magison.si\/#website"},"datePublished":"2023-03-02T20:34:41+00:00","dateModified":"2023-04-03T20:09:34+00:00","breadcrumb":{"@id":"https:\/\/magison.si\/?page_id=1398#breadcrumb"},"inLanguage":"en-US","potentialAction":[{"@type":"ReadAction","target":["https:\/\/magison.si\/?page_id=1398"]}]},{"@type":"BreadcrumbList","@id":"https:\/\/magison.si\/?page_id=1398#breadcrumb","itemListElement":[{"@type":"ListItem","position":1,"name":"Home","item":"https:\/\/magison.si\/"},{"@type":"ListItem","position":2,"name":"Podjetje v finan\u010dnih te\u017eavah \u2013 svetovanje in storitve","item":"https:\/\/magison.si\/?page_id=835"},{"@type":"ListItem","position":3,"name":"Analize, poro\u010dila in ukrepi pri (groze\u010di) insolventnosti","item":"https:\/\/magison.si\/?page_id=1366"},{"@type":"ListItem","position":4,"name":"Razvojni na\u010drt, Investicijski na\u010drt in Sanacijski na\u010drt poslovnega prestrukturiranja"}]},{"@type":"WebSite","@id":"https:\/\/magison.si\/#website","url":"https:\/\/magison.si\/","name":"Magison Svetovanje","description":"","publisher":{"@id":"https:\/\/magison.si\/#organization"},"potentialAction":[{"@type":"SearchAction","target":{"@type":"EntryPoint","urlTemplate":"https:\/\/magison.si\/?s={search_term_string}"},"query-input":"required name=search_term_string"}],"inLanguage":"en-US"},{"@type":"Organization","@id":"https:\/\/magison.si\/#organization","name":"Magison Svetovanje","url":"https:\/\/magison.si\/","logo":{"@type":"ImageObject","inLanguage":"en-US","@id":"https:\/\/magison.si\/#\/schema\/logo\/image\/","url":"https:\/\/magison.si\/wp-content\/uploads\/2023\/01\/ZNAK-MAGISON.jpg","contentUrl":"https:\/\/magison.si\/wp-content\/uploads\/2023\/01\/ZNAK-MAGISON.jpg","width":1634,"height":542,"caption":"Magison Svetovanje"},"image":{"@id":"https:\/\/magison.si\/#\/schema\/logo\/image\/"}}]}},"uagb_featured_image_src":{"full":false,"thumbnail":false,"medium":false,"medium_large":false,"large":false,"1536x1536":false,"2048x2048":false},"uagb_author_info":{"display_name":"admin","author_link":"https:\/\/magison.si\/?author=1"},"uagb_comment_info":0,"uagb_excerpt":"Razvojni na\u010drt, Investicijski na\u010drt, Sanacijski na\u010drt poslovnega prestrukturiranja Ker imamo obse\u017eno strokovno znanje in bogate [&hellip;]","_links":{"self":[{"href":"https:\/\/magison.si\/index.php?rest_route=\/wp\/v2\/pages\/1398","targetHints":{"allow":["GET"]}}],"collection":[{"href":"https:\/\/magison.si\/index.php?rest_route=\/wp\/v2\/pages"}],"about":[{"href":"https:\/\/magison.si\/index.php?rest_route=\/wp\/v2\/types\/page"}],"author":[{"embeddable":true,"href":"https:\/\/magison.si\/index.php?rest_route=\/wp\/v2\/users\/1"}],"replies":[{"embeddable":true,"href":"https:\/\/magison.si\/index.php?rest_route=%2Fwp%2Fv2%2Fcomments&post=1398"}],"version-history":[{"count":4,"href":"https:\/\/magison.si\/index.php?rest_route=\/wp\/v2\/pages\/1398\/revisions"}],"predecessor-version":[{"id":1885,"href":"https:\/\/magison.si\/index.php?rest_route=\/wp\/v2\/pages\/1398\/revisions\/1885"}],"up":[{"embeddable":true,"href":"https:\/\/magison.si\/index.php?rest_route=\/wp\/v2\/pages\/1366"}],"wp:attachment":[{"href":"https:\/\/magison.si\/index.php?rest_route=%2Fwp%2Fv2%2Fmedia&parent=1398"}],"curies":[{"name":"wp","href":"https:\/\/api.w.org\/{rel}","templated":true}]}}