{"id":1396,"date":"2023-03-02T20:34:19","date_gmt":"2023-03-02T20:34:19","guid":{"rendered":"https:\/\/magison.si\/?page_id=1396"},"modified":"2023-04-03T20:09:23","modified_gmt":"2023-04-03T20:09:23","slug":"svetovanje-in-priprava-dokumentacije-v-predstecajnem-postopku-glede-odlozitve-odlocanja-o-zacetku-stecajnega-postopka","status":"publish","type":"page","link":"https:\/\/magison.si\/?page_id=1396","title":{"rendered":"Svetovanje in priprava dokumentacije v predste\u010dajnem postopku glede odlo\u017eitve odlo\u010danja o za\u010detku ste\u010dajnega postopka"},"content":{"rendered":"\n<h3 class=\"wp-block-heading has-text-align-center has-text-color\" style=\"color:#1583dd\"><strong>Svetovanje in priprava dokumentacije v predste\u010dajnem postopku glede odlo\u017eitve odlo\u010danja o za\u010detku ste\u010dajnega postopka<\/strong><\/h3>\n\n\n\n<div class=\"wp-block-group has-text-color is-layout-constrained wp-block-group-is-layout-constrained\" style=\"color:#000066\">\n<p class=\"justify\"><em>Upnik je sodi\u0161\u010du podal predlog za za\u010detek ste\u010dajnega postopka nad va\u0161im podjetjem. Sodi\u0161\u010de vam je poslalo <strong>Poziv dol\u017eniku<\/strong>, da se izre\u010dete o predlogu upnika.&nbsp; Zavedate se, da je rok za va\u0161a dejanja kratek \u2013 <strong>15 dni od prejema Poziva dol\u017eniku<\/strong>.<\/em><\/p>\n\n\n\n<ul class=\"justify wp-block-list\">\n<li><em>Ne veste, kaj to\u010dno morate ali <strong>kaj lahko v tej situaciji storite<\/strong>?<\/em><\/li>\n\n\n\n<li><em>Bi \u017eeleli, da se v va\u0161em imenu (ali skupaj z vami) <strong>pogovorimo z upnikom<\/strong>, ki je podal predlog?<\/em><\/li>\n\n\n\n<li><em>Se <strong>ne strinjate z navedbami upnika<\/strong> v predlogu?<\/em><\/li>\n\n\n\n<li><em>\u017delite, da vam <strong>svetujemo glede va\u0161ih mo\u017enosti in nadaljnjih postopkov<\/strong>?<\/em><\/li>\n\n\n\n<li><em>Vam <strong>pripravimo ustrezno dokumentacijo<\/strong>, na osnovi katere boste sodi\u0161\u010du sporo\u010dili va\u0161e namere glede morebitne insolventnosti?<\/em><\/li>\n\n\n\n<li><em>Boste izvedli ukrepe finan\u010dnega prestrukturiranja, s katerimi boste <strong>odpravili insolventnost<\/strong>, morda <strong>izvedli prisilno poravnavo<\/strong>? Potrebujete pri postopkih ali pa pri pripravi ustrezne dokumentacije na\u0161o strokovno pomo\u010d?<\/em><\/li>\n<\/ul>\n\n\n\n<p class=\"justify has-text-color\" style=\"color:#7030a0\">Ker imamo s tovrstnimi situacijami bogate prakti\u010dne izku\u0161nje, <strong>smo pravi naslov za pripravo ustreznih dokumentov ali pa za svetovanje glede dokumentov in postopkov v zvezi s Pozivom dol\u017eniku<\/strong>.<\/p>\n<\/div>\n\n\n\n<div class=\"wp-block-group has-text-color is-layout-constrained wp-block-group-is-layout-constrained\" style=\"color:#000066\">\n<figure class=\"wp-block-image alignleft size-full is-resized\"><img loading=\"lazy\" decoding=\"async\" src=\"https:\/\/magison.si\/wp-content\/uploads\/2023\/03\/400-19.jpg\" alt=\"\" class=\"wp-image-1449\" width=\"395\" height=\"262\" srcset=\"https:\/\/magison.si\/wp-content\/uploads\/2023\/03\/400-19.jpg 1010w, https:\/\/magison.si\/wp-content\/uploads\/2023\/03\/400-19-300x200.jpg 300w, https:\/\/magison.si\/wp-content\/uploads\/2023\/03\/400-19-768x512.jpg 768w\" sizes=\"auto, (max-width: 395px) 100vw, 395px\" \/><\/figure>\n\n\n\n<p class=\"justify\">ZFPPIPP opredeljuje situacijo in postopke v zvezi z upnikovim predlogom za za\u010detek ste\u010dajnega postopka in dolo\u010da tudi mo\u017ene odzive dol\u017enika na upnikov predlog. &nbsp;Mo\u017enih je ve\u010d alternativnih pristopov in izhodov iz navedene situacije, ki so odvisne od tega, \u010de je dol\u017enik dejansko insolventen, \u010de so upnikove trditve upravi\u010dene in \u010de namerava dol\u017enik morebitno insolventnost sanirati.<\/p>\n\n\n\n<p class=\"justify\">Klju\u010dna dejavnika pri ravnanju podjetja, ki je od sodi\u0161\u010da prejelo Poziv dol\u017eniku glede za\u010detka ste\u010dajnega postopka, pa sta<strong> \u010das in pravilen postopek. <\/strong>\u010casa je izjemno malo, samo 15 dni od prejema Poziva, postopki pa so to\u010dno dolo\u010deni. Zato je smotrno, da se poslovodstvo, v kolikor s tovrstnim postopkom nima izku\u0161enj ali ni prepri\u010dano v svoja ravnanja, obrne na izku\u0161enega svetovalca, ki mu bo svetoval v tej situaciji.<\/p>\n\n\n\n<p class=\"justify\"><strong>Namen <\/strong><strong>svetovanja<\/strong> je, da poslovodstvu pomagamo v izjemno te\u017eki in pomembni situaciji glede nadaljnjega&nbsp; obstoja podjetja ter poslovodstvo po potrebi vodimo tudi skozi postopek priprave potrebne dokumentacije v zvezi z upravi\u010dbo odlo\u017eitve odlo\u010danja o za\u010detku ste\u010daja in odprave morebitne insolventnosti.<\/p>\n\n\n\n<p class=\"justify\">Svetovanje je namenjeno <strong>tako malim kot ve\u010djim podjetjem, ko eden od upnikov uveljavlja&nbsp; insolventnost njihovega podjetja in predlaga za\u010detek ste\u010dajnega postopka.<\/strong><\/p>\n\n\n\n<p class=\"justify\"><strong>Na\u010din dela<\/strong> pri tovrstnem svetovanju je zelo pogojen s konkretno situacijo v podjetju in lahko zahteva razli\u010dne pristope \u2013 od razli\u010dnih analiz, priprave potrebne dokumentacije, do razgovorov z bankami, dobavitelji in drugimi klju\u010dnimi upniki ali pa zgolj strokovni posvet z vami. Na koncu pripravimo <strong>Poro\u010dilo o aktivnostih in rezultatih ter priporo\u010dilih<\/strong>, ki vam ga predstavimo, nato pa vam po potrebi pripravimo tudi potrebno dokumentacijo in vas vodimo skozi postopek.<\/p>\n<\/div>\n\n\n\n<div class=\"wp-block-group has-text-color is-layout-constrained wp-block-group-is-layout-constrained\" style=\"color:#7030a0\">\n<p><strong><em>Pi\u0161ite nam, pokli\u010dite nas, povpra\u0161ajte za ponudbo.<\/em><\/strong><\/p>\n\n\n\n<div style=\"height:100px\" aria-hidden=\"true\" class=\"wp-block-spacer\"><\/div>\n<\/div>\n","protected":false},"excerpt":{"rendered":"<p>Svetovanje in priprava dokumentacije v predste\u010dajnem postopku glede odlo\u017eitve odlo\u010danja o za\u010detku ste\u010dajnega postopka Upnik [&hellip;]<\/p>\n","protected":false},"author":1,"featured_media":0,"parent":1366,"menu_order":3,"comment_status":"closed","ping_status":"closed","template":"","meta":{"_uag_custom_page_level_css":"","footnotes":""},"class_list":["post-1396","page","type-page","status-publish","hentry"],"yoast_head":"<!-- This site is optimized with the Yoast SEO plugin v20.4 - https:\/\/yoast.com\/wordpress\/plugins\/seo\/ -->\n<title>Svetovanje in priprava dokumentacije v predste\u010dajnem postopku glede odlo\u017eitve odlo\u010danja o za\u010detku ste\u010dajnega postopka - Magison Svetovanje<\/title>\n<meta name=\"robots\" content=\"index, follow, max-snippet:-1, max-image-preview:large, max-video-preview:-1\" \/>\n<link rel=\"canonical\" href=\"https:\/\/magison.si\/?page_id=1396\" \/>\n<meta property=\"og:locale\" content=\"en_US\" \/>\n<meta property=\"og:type\" content=\"article\" \/>\n<meta property=\"og:title\" content=\"Svetovanje in priprava dokumentacije v predste\u010dajnem postopku glede odlo\u017eitve odlo\u010danja o za\u010detku ste\u010dajnega postopka - Magison Svetovanje\" \/>\n<meta property=\"og:description\" content=\"Svetovanje in priprava dokumentacije v predste\u010dajnem postopku glede odlo\u017eitve odlo\u010danja o za\u010detku ste\u010dajnega postopka Upnik [&hellip;]\" \/>\n<meta property=\"og:url\" content=\"https:\/\/magison.si\/?page_id=1396\" \/>\n<meta property=\"og:site_name\" content=\"Magison Svetovanje\" \/>\n<meta property=\"article:modified_time\" content=\"2023-04-03T20:09:23+00:00\" \/>\n<meta property=\"og:image\" content=\"https:\/\/magison.si\/wp-content\/uploads\/2023\/03\/400-19.jpg\" \/>\n<meta name=\"twitter:card\" content=\"summary_large_image\" \/>\n<meta name=\"twitter:label1\" content=\"Est. reading time\" \/>\n\t<meta name=\"twitter:data1\" content=\"3 minutes\" \/>\n<script type=\"application\/ld+json\" class=\"yoast-schema-graph\">{\"@context\":\"https:\/\/schema.org\",\"@graph\":[{\"@type\":\"WebPage\",\"@id\":\"https:\/\/magison.si\/?page_id=1396\",\"url\":\"https:\/\/magison.si\/?page_id=1396\",\"name\":\"Svetovanje in priprava dokumentacije v predste\u010dajnem postopku glede odlo\u017eitve odlo\u010danja o za\u010detku ste\u010dajnega postopka - Magison Svetovanje\",\"isPartOf\":{\"@id\":\"https:\/\/magison.si\/#website\"},\"datePublished\":\"2023-03-02T20:34:19+00:00\",\"dateModified\":\"2023-04-03T20:09:23+00:00\",\"breadcrumb\":{\"@id\":\"https:\/\/magison.si\/?page_id=1396#breadcrumb\"},\"inLanguage\":\"en-US\",\"potentialAction\":[{\"@type\":\"ReadAction\",\"target\":[\"https:\/\/magison.si\/?page_id=1396\"]}]},{\"@type\":\"BreadcrumbList\",\"@id\":\"https:\/\/magison.si\/?page_id=1396#breadcrumb\",\"itemListElement\":[{\"@type\":\"ListItem\",\"position\":1,\"name\":\"Home\",\"item\":\"https:\/\/magison.si\/\"},{\"@type\":\"ListItem\",\"position\":2,\"name\":\"Podjetje v finan\u010dnih te\u017eavah \u2013 svetovanje in storitve\",\"item\":\"https:\/\/magison.si\/?page_id=835\"},{\"@type\":\"ListItem\",\"position\":3,\"name\":\"Analize, poro\u010dila in ukrepi pri (groze\u010di) insolventnosti\",\"item\":\"https:\/\/magison.si\/?page_id=1366\"},{\"@type\":\"ListItem\",\"position\":4,\"name\":\"Svetovanje in priprava dokumentacije v predste\u010dajnem postopku glede odlo\u017eitve odlo\u010danja o za\u010detku ste\u010dajnega postopka\"}]},{\"@type\":\"WebSite\",\"@id\":\"https:\/\/magison.si\/#website\",\"url\":\"https:\/\/magison.si\/\",\"name\":\"Magison Svetovanje\",\"description\":\"\",\"publisher\":{\"@id\":\"https:\/\/magison.si\/#organization\"},\"potentialAction\":[{\"@type\":\"SearchAction\",\"target\":{\"@type\":\"EntryPoint\",\"urlTemplate\":\"https:\/\/magison.si\/?s={search_term_string}\"},\"query-input\":\"required name=search_term_string\"}],\"inLanguage\":\"en-US\"},{\"@type\":\"Organization\",\"@id\":\"https:\/\/magison.si\/#organization\",\"name\":\"Magison Svetovanje\",\"url\":\"https:\/\/magison.si\/\",\"logo\":{\"@type\":\"ImageObject\",\"inLanguage\":\"en-US\",\"@id\":\"https:\/\/magison.si\/#\/schema\/logo\/image\/\",\"url\":\"https:\/\/magison.si\/wp-content\/uploads\/2023\/01\/ZNAK-MAGISON.jpg\",\"contentUrl\":\"https:\/\/magison.si\/wp-content\/uploads\/2023\/01\/ZNAK-MAGISON.jpg\",\"width\":1634,\"height\":542,\"caption\":\"Magison Svetovanje\"},\"image\":{\"@id\":\"https:\/\/magison.si\/#\/schema\/logo\/image\/\"}}]}<\/script>\n<!-- \/ Yoast SEO plugin. -->","yoast_head_json":{"title":"Svetovanje in priprava dokumentacije v predste\u010dajnem postopku glede odlo\u017eitve odlo\u010danja o za\u010detku ste\u010dajnega postopka - Magison Svetovanje","robots":{"index":"index","follow":"follow","max-snippet":"max-snippet:-1","max-image-preview":"max-image-preview:large","max-video-preview":"max-video-preview:-1"},"canonical":"https:\/\/magison.si\/?page_id=1396","og_locale":"en_US","og_type":"article","og_title":"Svetovanje in priprava dokumentacije v predste\u010dajnem postopku glede odlo\u017eitve odlo\u010danja o za\u010detku ste\u010dajnega postopka - Magison Svetovanje","og_description":"Svetovanje in priprava dokumentacije v predste\u010dajnem postopku glede odlo\u017eitve odlo\u010danja o za\u010detku ste\u010dajnega postopka Upnik [&hellip;]","og_url":"https:\/\/magison.si\/?page_id=1396","og_site_name":"Magison Svetovanje","article_modified_time":"2023-04-03T20:09:23+00:00","og_image":[{"url":"https:\/\/magison.si\/wp-content\/uploads\/2023\/03\/400-19.jpg"}],"twitter_card":"summary_large_image","twitter_misc":{"Est. reading time":"3 minutes"},"schema":{"@context":"https:\/\/schema.org","@graph":[{"@type":"WebPage","@id":"https:\/\/magison.si\/?page_id=1396","url":"https:\/\/magison.si\/?page_id=1396","name":"Svetovanje in priprava dokumentacije v predste\u010dajnem postopku glede odlo\u017eitve odlo\u010danja o za\u010detku ste\u010dajnega postopka - Magison Svetovanje","isPartOf":{"@id":"https:\/\/magison.si\/#website"},"datePublished":"2023-03-02T20:34:19+00:00","dateModified":"2023-04-03T20:09:23+00:00","breadcrumb":{"@id":"https:\/\/magison.si\/?page_id=1396#breadcrumb"},"inLanguage":"en-US","potentialAction":[{"@type":"ReadAction","target":["https:\/\/magison.si\/?page_id=1396"]}]},{"@type":"BreadcrumbList","@id":"https:\/\/magison.si\/?page_id=1396#breadcrumb","itemListElement":[{"@type":"ListItem","position":1,"name":"Home","item":"https:\/\/magison.si\/"},{"@type":"ListItem","position":2,"name":"Podjetje v finan\u010dnih te\u017eavah \u2013 svetovanje in storitve","item":"https:\/\/magison.si\/?page_id=835"},{"@type":"ListItem","position":3,"name":"Analize, poro\u010dila in ukrepi pri (groze\u010di) insolventnosti","item":"https:\/\/magison.si\/?page_id=1366"},{"@type":"ListItem","position":4,"name":"Svetovanje in priprava dokumentacije v predste\u010dajnem postopku glede odlo\u017eitve odlo\u010danja o za\u010detku ste\u010dajnega postopka"}]},{"@type":"WebSite","@id":"https:\/\/magison.si\/#website","url":"https:\/\/magison.si\/","name":"Magison Svetovanje","description":"","publisher":{"@id":"https:\/\/magison.si\/#organization"},"potentialAction":[{"@type":"SearchAction","target":{"@type":"EntryPoint","urlTemplate":"https:\/\/magison.si\/?s={search_term_string}"},"query-input":"required name=search_term_string"}],"inLanguage":"en-US"},{"@type":"Organization","@id":"https:\/\/magison.si\/#organization","name":"Magison Svetovanje","url":"https:\/\/magison.si\/","logo":{"@type":"ImageObject","inLanguage":"en-US","@id":"https:\/\/magison.si\/#\/schema\/logo\/image\/","url":"https:\/\/magison.si\/wp-content\/uploads\/2023\/01\/ZNAK-MAGISON.jpg","contentUrl":"https:\/\/magison.si\/wp-content\/uploads\/2023\/01\/ZNAK-MAGISON.jpg","width":1634,"height":542,"caption":"Magison Svetovanje"},"image":{"@id":"https:\/\/magison.si\/#\/schema\/logo\/image\/"}}]}},"uagb_featured_image_src":{"full":false,"thumbnail":false,"medium":false,"medium_large":false,"large":false,"1536x1536":false,"2048x2048":false},"uagb_author_info":{"display_name":"admin","author_link":"https:\/\/magison.si\/?author=1"},"uagb_comment_info":0,"uagb_excerpt":"Svetovanje in priprava dokumentacije v predste\u010dajnem postopku glede odlo\u017eitve odlo\u010danja o za\u010detku ste\u010dajnega postopka Upnik [&hellip;]","_links":{"self":[{"href":"https:\/\/magison.si\/index.php?rest_route=\/wp\/v2\/pages\/1396","targetHints":{"allow":["GET"]}}],"collection":[{"href":"https:\/\/magison.si\/index.php?rest_route=\/wp\/v2\/pages"}],"about":[{"href":"https:\/\/magison.si\/index.php?rest_route=\/wp\/v2\/types\/page"}],"author":[{"embeddable":true,"href":"https:\/\/magison.si\/index.php?rest_route=\/wp\/v2\/users\/1"}],"replies":[{"embeddable":true,"href":"https:\/\/magison.si\/index.php?rest_route=%2Fwp%2Fv2%2Fcomments&post=1396"}],"version-history":[{"count":4,"href":"https:\/\/magison.si\/index.php?rest_route=\/wp\/v2\/pages\/1396\/revisions"}],"predecessor-version":[{"id":1884,"href":"https:\/\/magison.si\/index.php?rest_route=\/wp\/v2\/pages\/1396\/revisions\/1884"}],"up":[{"embeddable":true,"href":"https:\/\/magison.si\/index.php?rest_route=\/wp\/v2\/pages\/1366"}],"wp:attachment":[{"href":"https:\/\/magison.si\/index.php?rest_route=%2Fwp%2Fv2%2Fmedia&parent=1396"}],"curies":[{"name":"wp","href":"https:\/\/api.w.org\/{rel}","templated":true}]}}