{"id":1392,"date":"2023-03-02T20:33:37","date_gmt":"2023-03-02T20:33:37","guid":{"rendered":"https:\/\/magison.si\/?page_id=1392"},"modified":"2023-11-18T19:09:05","modified_gmt":"2023-11-18T19:09:05","slug":"analiza-izvedljivosti-poenostavljene-prisilne-poravnave","status":"publish","type":"page","link":"https:\/\/magison.si\/?page_id=1392","title":{"rendered":"Analiza izvedljivosti prisilne poravnave in postopkov zaradi odprave groze\u010de insolventnosti"},"content":{"rendered":"\n<h3 class=\"wp-block-heading has-text-align-center has-text-color\" style=\"color:#1583dd\"><strong>Analiza izvedljivosti prisilne poravnave<\/strong> in postopkov zaradi odprave groze\u010de insolventnosti<\/h3>\n\n\n\n<div class=\"wp-block-group has-text-color is-layout-constrained wp-block-group-is-layout-constrained\" style=\"color:#000066\">\n<p class=\"justify\"><em>Va\u0161emu podjetju grozi insolventnost, zato vam ZFPPIPP predpisuje sprejetje ustreznih ukrepov finan\u010dnega prestrukturiranja. Ugotovili ste vzroke groze\u010de insolventnosti in oblikujete ukrepe za odpravo groze\u010de insolventnosti. Ob tem niste prepri\u010dani, <strong>\u010de<\/strong> <strong>je primeren ukrep <\/strong>finan\u010dnega prestrukturiranja tudi <strong>Postopek <em><strong><em><em><strong>preventivnega <\/strong><\/em><\/em><\/strong><\/em>prestrukturiranja <\/strong>ali <strong>Postopek sodnega prestrukturiranja zaradi odprave groze\u010de insolventnosti<\/strong>?<\/em><\/p>\n\n\n\n<p class=\"justify\"><em>Morda je va\u0161e podjetje \u017ee postalo insolventno in vam ZFPPIPP v 30 dneh od nastanka insolventnosti narekuje bodisi sprejetje in izvedbo ukrepov finan\u010dnega prestrukturiranja bodisi vlo\u017eitev predloga za za\u010detek ste\u010dajnega postopka. Ugotovili ste vzroke insolventnosti in oblikujete ukrepe za odpravo insolventnosti. Niste pa prepri\u010dani, \u010de <strong>je primeren ukrep finan\u010dnega prestrukturiranja tudi prisilna poravnava<\/strong>?<\/em><\/p>\n\n\n\n<ul class=\"justify wp-block-list\">\n<li><em>Se ne morete opredeliti, \u010de <strong>lahko izvedete Postopek <em><strong><em><em><strong>preventivnega <\/strong><\/em><\/em><\/strong><\/em>prestrukturiranja <\/strong>ali <strong>Postopek sodnega prestrukturiranja zaradi odprave groze\u010de insolventnosti<\/strong> in kak\u0161ne <strong>zna\u010dilnosti,<\/strong> <strong>prednosti ter pomanjkljivosti<\/strong> teh dveh sodnih postopkov? <\/em><\/li>\n\n\n\n<li><em> So v va\u0161em primeru groze\u010de insolventnosti <strong>sodni postopki sploh primerni in potrebni<\/strong> ali lahko stanje sanirate z ukrepi v pristojnosti uprave in skup\u0161\u010dine?<\/em><\/li>\n\n\n\n<li><em>Se ne morete opredeliti, \u010de <strong>lahko izvedete prisilno<\/strong> <strong>poravnavo za malo gospodarstvo<\/strong> in kak\u0161ne <strong>prednosti ter pomanjkljivosti<\/strong> ima pred navadno prisilno poravnavo?<\/em><\/li>\n\n\n\n<li><em>Se spra\u0161ujete, <strong>kaj vse vpliva na izvedljivost<\/strong> prisilne poravnave?<\/em><\/li>\n\n\n\n<li><em>Se spra\u0161ujete, <strong>kaj vse vpliva na izvedljivost<\/strong> <em><strong>Postopka <em><strong><em><em><strong>preventivnega <\/strong><\/em><\/em><\/strong><\/em>prestrukturiranja <\/strong>ali <strong>Postopka sodnega prestrukturiranja zaradi odprave groze\u010de insolventnosti<\/strong><\/em>?<\/em><\/li>\n\n\n\n<li><em>\u017delite, da vam pomagamo pri <strong>analizi elementov, ki vplivajo na izvedljivost<\/strong>, kot tudi&nbsp; pri <strong>odlo\u010danju o izvedljivosti<\/strong> prisilne poravnave in sodnih postopkov zaradi odprave groze\u010de insolventnosti?<\/em><\/li>\n\n\n\n<li><em>\u017delite, da vam &nbsp;na pripravimo <strong>predlog ukrepov prisilne poravnave<\/strong>?<\/em><\/li>\n\n\n\n<li><em>\u017delite, da vam &nbsp;na pripravimo <strong>predlog ukrepov <em><em><strong>Postopka preventivnega prestrukturiranja <\/strong>ali <strong>Postopka sodnega prestrukturiranja zaradi odprave groze\u010de insolventnosti<\/strong><\/em><\/em><\/strong>?<\/em><\/li>\n<\/ul>\n\n\n\n<p class=\"justify has-text-color\" style=\"color:#7030a0\">Ker imamo s pripravo ukrepov finan\u010dnega prestrukturiranja, z oceno izvedljivosti prisilne poravnave in drugih sodnih postopkov finan\u010dnega prestrukturiranja ter s samim postopkom prisilne poravnave potrebna strokovna znanja in bogate prakti\u010dne izku\u0161nje, <strong>smo pravi naslov za pripravo tovrstnih analiz ali pa za svetovanje glede izvedljivosti postopkov<\/strong>.<\/p>\n<\/div>\n\n\n\n<div class=\"wp-block-group has-text-color is-layout-constrained wp-block-group-is-layout-constrained\" style=\"color:#000066\">\n<figure class=\"wp-block-image size-large\"><img loading=\"lazy\" decoding=\"async\" width=\"1024\" height=\"567\" src=\"https:\/\/magison.si\/wp-content\/uploads\/2023\/03\/400-17-1024x567.jpg\" alt=\"\" class=\"wp-image-1447\" srcset=\"https:\/\/magison.si\/wp-content\/uploads\/2023\/03\/400-17-1024x567.jpg 1024w, https:\/\/magison.si\/wp-content\/uploads\/2023\/03\/400-17-300x166.jpg 300w, https:\/\/magison.si\/wp-content\/uploads\/2023\/03\/400-17-768x425.jpg 768w, https:\/\/magison.si\/wp-content\/uploads\/2023\/03\/400-17.jpg 1258w\" sizes=\"auto, (max-width: 1024px) 100vw, 1024px\" \/><\/figure>\n\n\n\n<p class=\"justify\"><strong>Namen analize<\/strong> <strong>v primeru ugotovljene groze\u010de insolventnosti<\/strong> je, da poslovodstvu predstavimo problematiko <em><em><strong>Postopka preventivnega prestrukturiranja <\/strong>in <strong>Postopka sodnega prestrukturiranja zaradi odprave groze\u010de insolventnosti<\/strong><\/em><\/em> v va\u0161em konkretnem primeru, predvsem pa, da odgovorimo na vpra\u0161anje, \u010de je sploh mo\u017eno in smiselno izpeljati navedena postopka.<\/p>\n\n\n\n<p class=\"justify\"><strong>Namen analize<\/strong> <strong>v primeru ugotovljene insolventnosti<\/strong> je, da poslovodstvu predstavimo problematiko prisilne poravnave in\/ali  prisilne poravnave za malo gospodarstvo v va\u0161em konkretnem primeru, predvsem pa, da odgovorimo na vpra\u0161anje, \u010de je sploh mo\u017eno in smiselno izpeljati prisilno poravnavo.<\/p>\n\n\n\n<p class=\"justify\">Analiza je namenjena <strong>vsem podjetjem, ki se znajdejo v polo\u017eaju groze\u010de insolventnosti ali v polo\u017eaju insolventnosti<\/strong>.<\/p>\n<\/div>\n\n\n\n<div class=\"wp-block-group has-text-color is-layout-constrained wp-block-group-is-layout-constrained\" style=\"color:#000066\">\n<p class=\"justify\"><strong>Vsebina analize v primeru ugotovljene groze\u010de insolventnosti<\/strong>&nbsp;je prilagojena posebnostim konkretnega podjetja, na\u010deloma pa pokriva naslednja klju\u010dna podro\u010dja:<\/p>\n\n\n\n<ol style=\"color:#7030a0;list-style-type:1\" class=\"justify has-text-color wp-block-list\">\n<li><strong>Analiza potrebnih u\u010dinkov sodnih postopkov za odpravo groze\u010de insolventnosti<\/strong><\/li>\n\n\n\n<li><strong>Analiza mo\u017enih ukrepov v<\/strong> <strong>Postopku preventivnega prestrukturiranja<\/strong> in v <strong>Postopku sodnega prestrukturiranja zaradi odprave groze\u010de insolventnosti<\/strong><\/li>\n\n\n\n<li><strong>Analiza faktorjev izvedljivosti Postopka preventivnega prestrukturiranja<\/strong> in <strong>Postopka sodnega prestrukturiranja zaradi odprave groze\u010de insolventnosti <\/strong><\/li>\n<\/ol>\n\n\n\n<p class=\"justify\"><strong>Vsebina analize v primeru ugotovljene insolventnosti<\/strong>&nbsp;je prilagojena posebnostim konkretnega podjetja, na\u010deloma pa pokriva naslednja klju\u010dna podro\u010dja:<\/p>\n\n\n\n<ol style=\"color:#7030a0;list-style-type:1\" class=\"justify has-text-color wp-block-list\">\n<li><\/li>\n<\/ol>\n\n\n\n<ol style=\"color:#7030a0;list-style-type:1\" class=\"justify has-text-color wp-block-list\">\n<li><strong>Analiza potrebnih u\u010dinkov prisilne poravnave za odpravo insolventnosti<\/strong><\/li>\n\n\n\n<li><strong>Analiza mo\u017enosti za prisilno poravnavo<\/strong> <strong>za malo gospodarstvo<\/strong><\/li>\n\n\n\n<li><strong>Analiza ukrepov prisilne poravnave<\/strong><\/li>\n\n\n\n<li><strong>Analiza faktorjev izvedljivosti prisilne poravnave in prisilne poravnave<\/strong> <strong>za malo gospodarstvo<\/strong><\/li>\n<\/ol>\n\n\n\n<p class=\"justify\"><strong>Na\u010din dela. <\/strong>Skupaj definiramo namen in cilje naloge, izdelamo vpra\u0161alnik za nabor podatkov, ki jih pripravite v podjetju, nato pa skozi nekaj intervjujev raz\u010distimo morebitne nejasnosti. Na koncu pripravimo <strong>Poro\u010dilo o analizi<\/strong>, ki vam ga tudi predstavimo.<\/p>\n\n\n\n<p class=\"justify\">Glede na obseg problematike lahko <strong>priprava analize traja<\/strong> od 5 do 10 dni po prejemu zahtevanih podatkov.<\/p>\n<\/div>\n\n\n\n<div class=\"wp-block-group has-text-color is-layout-constrained wp-block-group-is-layout-constrained\" style=\"color:#7030a0\">\n<p><strong><em>Pi\u0161ite nam, pokli\u010dite nas, povpra\u0161ajte za ponudbo.<\/em><\/strong><\/p>\n\n\n\n<div style=\"height:100px\" aria-hidden=\"true\" class=\"wp-block-spacer\"><\/div>\n<\/div>\n","protected":false},"excerpt":{"rendered":"<p>Analiza izvedljivosti prisilne poravnave in postopkov zaradi odprave groze\u010de insolventnosti Va\u0161emu podjetju grozi insolventnost, zato [&hellip;]<\/p>\n","protected":false},"author":1,"featured_media":0,"parent":1366,"menu_order":1,"comment_status":"closed","ping_status":"closed","template":"","meta":{"_uag_custom_page_level_css":"","footnotes":""},"class_list":["post-1392","page","type-page","status-publish","hentry"],"yoast_head":"<!-- This site is optimized with the Yoast SEO plugin v20.4 - https:\/\/yoast.com\/wordpress\/plugins\/seo\/ -->\n<title>Analiza izvedljivosti prisilne poravnave in postopkov zaradi odprave groze\u010de insolventnosti - Magison Svetovanje<\/title>\n<meta name=\"robots\" content=\"index, follow, max-snippet:-1, max-image-preview:large, max-video-preview:-1\" \/>\n<link rel=\"canonical\" href=\"https:\/\/magison.si\/?page_id=1392\" \/>\n<meta property=\"og:locale\" content=\"en_US\" \/>\n<meta property=\"og:type\" content=\"article\" \/>\n<meta property=\"og:title\" content=\"Analiza izvedljivosti prisilne poravnave in postopkov zaradi odprave groze\u010de insolventnosti - Magison Svetovanje\" \/>\n<meta property=\"og:description\" content=\"Analiza izvedljivosti prisilne poravnave in postopkov zaradi odprave groze\u010de insolventnosti Va\u0161emu podjetju grozi insolventnost, zato [&hellip;]\" \/>\n<meta property=\"og:url\" content=\"https:\/\/magison.si\/?page_id=1392\" \/>\n<meta property=\"og:site_name\" content=\"Magison Svetovanje\" \/>\n<meta property=\"article:modified_time\" content=\"2023-11-18T19:09:05+00:00\" \/>\n<meta property=\"og:image\" content=\"https:\/\/magison.si\/wp-content\/uploads\/2023\/03\/400-17-1024x567.jpg\" \/>\n<meta name=\"twitter:card\" content=\"summary_large_image\" \/>\n<meta name=\"twitter:label1\" content=\"Est. reading time\" \/>\n\t<meta name=\"twitter:data1\" content=\"3 minutes\" \/>\n<script type=\"application\/ld+json\" class=\"yoast-schema-graph\">{\"@context\":\"https:\/\/schema.org\",\"@graph\":[{\"@type\":\"WebPage\",\"@id\":\"https:\/\/magison.si\/?page_id=1392\",\"url\":\"https:\/\/magison.si\/?page_id=1392\",\"name\":\"Analiza izvedljivosti prisilne poravnave in postopkov zaradi odprave groze\u010de insolventnosti - Magison Svetovanje\",\"isPartOf\":{\"@id\":\"https:\/\/magison.si\/#website\"},\"datePublished\":\"2023-03-02T20:33:37+00:00\",\"dateModified\":\"2023-11-18T19:09:05+00:00\",\"breadcrumb\":{\"@id\":\"https:\/\/magison.si\/?page_id=1392#breadcrumb\"},\"inLanguage\":\"en-US\",\"potentialAction\":[{\"@type\":\"ReadAction\",\"target\":[\"https:\/\/magison.si\/?page_id=1392\"]}]},{\"@type\":\"BreadcrumbList\",\"@id\":\"https:\/\/magison.si\/?page_id=1392#breadcrumb\",\"itemListElement\":[{\"@type\":\"ListItem\",\"position\":1,\"name\":\"Home\",\"item\":\"https:\/\/magison.si\/\"},{\"@type\":\"ListItem\",\"position\":2,\"name\":\"Podjetje v finan\u010dnih te\u017eavah \u2013 svetovanje in storitve\",\"item\":\"https:\/\/magison.si\/?page_id=835\"},{\"@type\":\"ListItem\",\"position\":3,\"name\":\"Analize, poro\u010dila in ukrepi pri (groze\u010di) insolventnosti\",\"item\":\"https:\/\/magison.si\/?page_id=1366\"},{\"@type\":\"ListItem\",\"position\":4,\"name\":\"Analiza izvedljivosti prisilne poravnave in postopkov zaradi odprave groze\u010de insolventnosti\"}]},{\"@type\":\"WebSite\",\"@id\":\"https:\/\/magison.si\/#website\",\"url\":\"https:\/\/magison.si\/\",\"name\":\"Magison Svetovanje\",\"description\":\"\",\"publisher\":{\"@id\":\"https:\/\/magison.si\/#organization\"},\"potentialAction\":[{\"@type\":\"SearchAction\",\"target\":{\"@type\":\"EntryPoint\",\"urlTemplate\":\"https:\/\/magison.si\/?s={search_term_string}\"},\"query-input\":\"required name=search_term_string\"}],\"inLanguage\":\"en-US\"},{\"@type\":\"Organization\",\"@id\":\"https:\/\/magison.si\/#organization\",\"name\":\"Magison Svetovanje\",\"url\":\"https:\/\/magison.si\/\",\"logo\":{\"@type\":\"ImageObject\",\"inLanguage\":\"en-US\",\"@id\":\"https:\/\/magison.si\/#\/schema\/logo\/image\/\",\"url\":\"https:\/\/magison.si\/wp-content\/uploads\/2023\/01\/ZNAK-MAGISON.jpg\",\"contentUrl\":\"https:\/\/magison.si\/wp-content\/uploads\/2023\/01\/ZNAK-MAGISON.jpg\",\"width\":1634,\"height\":542,\"caption\":\"Magison Svetovanje\"},\"image\":{\"@id\":\"https:\/\/magison.si\/#\/schema\/logo\/image\/\"}}]}<\/script>\n<!-- \/ Yoast SEO plugin. -->","yoast_head_json":{"title":"Analiza izvedljivosti prisilne poravnave in postopkov zaradi odprave groze\u010de insolventnosti - Magison Svetovanje","robots":{"index":"index","follow":"follow","max-snippet":"max-snippet:-1","max-image-preview":"max-image-preview:large","max-video-preview":"max-video-preview:-1"},"canonical":"https:\/\/magison.si\/?page_id=1392","og_locale":"en_US","og_type":"article","og_title":"Analiza izvedljivosti prisilne poravnave in postopkov zaradi odprave groze\u010de insolventnosti - Magison Svetovanje","og_description":"Analiza izvedljivosti prisilne poravnave in postopkov zaradi odprave groze\u010de insolventnosti Va\u0161emu podjetju grozi insolventnost, zato [&hellip;]","og_url":"https:\/\/magison.si\/?page_id=1392","og_site_name":"Magison Svetovanje","article_modified_time":"2023-11-18T19:09:05+00:00","og_image":[{"url":"https:\/\/magison.si\/wp-content\/uploads\/2023\/03\/400-17-1024x567.jpg"}],"twitter_card":"summary_large_image","twitter_misc":{"Est. reading time":"3 minutes"},"schema":{"@context":"https:\/\/schema.org","@graph":[{"@type":"WebPage","@id":"https:\/\/magison.si\/?page_id=1392","url":"https:\/\/magison.si\/?page_id=1392","name":"Analiza izvedljivosti prisilne poravnave in postopkov zaradi odprave groze\u010de insolventnosti - Magison Svetovanje","isPartOf":{"@id":"https:\/\/magison.si\/#website"},"datePublished":"2023-03-02T20:33:37+00:00","dateModified":"2023-11-18T19:09:05+00:00","breadcrumb":{"@id":"https:\/\/magison.si\/?page_id=1392#breadcrumb"},"inLanguage":"en-US","potentialAction":[{"@type":"ReadAction","target":["https:\/\/magison.si\/?page_id=1392"]}]},{"@type":"BreadcrumbList","@id":"https:\/\/magison.si\/?page_id=1392#breadcrumb","itemListElement":[{"@type":"ListItem","position":1,"name":"Home","item":"https:\/\/magison.si\/"},{"@type":"ListItem","position":2,"name":"Podjetje v finan\u010dnih te\u017eavah \u2013 svetovanje in storitve","item":"https:\/\/magison.si\/?page_id=835"},{"@type":"ListItem","position":3,"name":"Analize, poro\u010dila in ukrepi pri (groze\u010di) insolventnosti","item":"https:\/\/magison.si\/?page_id=1366"},{"@type":"ListItem","position":4,"name":"Analiza izvedljivosti prisilne poravnave in postopkov zaradi odprave groze\u010de insolventnosti"}]},{"@type":"WebSite","@id":"https:\/\/magison.si\/#website","url":"https:\/\/magison.si\/","name":"Magison Svetovanje","description":"","publisher":{"@id":"https:\/\/magison.si\/#organization"},"potentialAction":[{"@type":"SearchAction","target":{"@type":"EntryPoint","urlTemplate":"https:\/\/magison.si\/?s={search_term_string}"},"query-input":"required name=search_term_string"}],"inLanguage":"en-US"},{"@type":"Organization","@id":"https:\/\/magison.si\/#organization","name":"Magison Svetovanje","url":"https:\/\/magison.si\/","logo":{"@type":"ImageObject","inLanguage":"en-US","@id":"https:\/\/magison.si\/#\/schema\/logo\/image\/","url":"https:\/\/magison.si\/wp-content\/uploads\/2023\/01\/ZNAK-MAGISON.jpg","contentUrl":"https:\/\/magison.si\/wp-content\/uploads\/2023\/01\/ZNAK-MAGISON.jpg","width":1634,"height":542,"caption":"Magison Svetovanje"},"image":{"@id":"https:\/\/magison.si\/#\/schema\/logo\/image\/"}}]}},"uagb_featured_image_src":{"full":false,"thumbnail":false,"medium":false,"medium_large":false,"large":false,"1536x1536":false,"2048x2048":false},"uagb_author_info":{"display_name":"admin","author_link":"https:\/\/magison.si\/?author=1"},"uagb_comment_info":0,"uagb_excerpt":"Analiza izvedljivosti prisilne poravnave in postopkov zaradi odprave groze\u010de insolventnosti Va\u0161emu podjetju grozi insolventnost, zato [&hellip;]","_links":{"self":[{"href":"https:\/\/magison.si\/index.php?rest_route=\/wp\/v2\/pages\/1392","targetHints":{"allow":["GET"]}}],"collection":[{"href":"https:\/\/magison.si\/index.php?rest_route=\/wp\/v2\/pages"}],"about":[{"href":"https:\/\/magison.si\/index.php?rest_route=\/wp\/v2\/types\/page"}],"author":[{"embeddable":true,"href":"https:\/\/magison.si\/index.php?rest_route=\/wp\/v2\/users\/1"}],"replies":[{"embeddable":true,"href":"https:\/\/magison.si\/index.php?rest_route=%2Fwp%2Fv2%2Fcomments&post=1392"}],"version-history":[{"count":9,"href":"https:\/\/magison.si\/index.php?rest_route=\/wp\/v2\/pages\/1392\/revisions"}],"predecessor-version":[{"id":1991,"href":"https:\/\/magison.si\/index.php?rest_route=\/wp\/v2\/pages\/1392\/revisions\/1991"}],"up":[{"embeddable":true,"href":"https:\/\/magison.si\/index.php?rest_route=\/wp\/v2\/pages\/1366"}],"wp:attachment":[{"href":"https:\/\/magison.si\/index.php?rest_route=%2Fwp%2Fv2%2Fmedia&parent=1392"}],"curies":[{"name":"wp","href":"https:\/\/api.w.org\/{rel}","templated":true}]}}