{"id":1390,"date":"2023-03-02T20:33:21","date_gmt":"2023-03-02T20:33:21","guid":{"rendered":"https:\/\/magison.si\/?page_id=1390"},"modified":"2023-11-20T07:36:19","modified_gmt":"2023-11-20T07:36:19","slug":"porocilo-o-ukrepih-financnega-prestrukturiranja","status":"publish","type":"page","link":"https:\/\/magison.si\/?page_id=1390","title":{"rendered":"Analiza finan\u010dnega polo\u017eaja in poslovanja, (groze\u010de) insolventnosti in ukrepov finan\u010dnega prestrukturiranja"},"content":{"rendered":"\n<h3 class=\"wp-block-heading has-text-align-center has-text-color\" style=\"color:#1583dd\">Analiza finan\u010dnega polo\u017eaja in poslovanja, (groze\u010de) insolventnosti in<strong> ukrepov finan\u010dnega prestrukturiranja<\/strong><\/h3>\n\n\n\n<div class=\"wp-block-group has-text-color is-layout-constrained wp-block-group-is-layout-constrained\" style=\"color:#000066\">\n<p class=\"justify\"><em>Va\u0161emu podjetju grozi insolventnost. Ugotavljate, da je podjetje v polo\u017eaju, kjer bi nadaljnji verjetni razvoj poslovnih dogodkov<\/em><em> lahko ogrozil obstoj va\u0161ega podjetja in njegovo pla\u010dilno sposobnost. Ste pred sprejemom odlo\u010ditev o nadaljnjem obstoju podjetja in odlo\u010ditev o potrebnih ukrepih finan\u010dnega prestrukturiranja. O stanju morate poro\u010dati nadzornemu svetu. Za vse navedeno potrebujete kvalitetno in nepristransko analizo stanja pla\u010dilne sposobnosti ter analizo mo\u017enih alternativnih re\u0161itvah in ukrepih.<\/em><\/p>\n\n\n\n<ul class=\"wp-block-list\">\n<li><em>\u017delite, da vam potrebne analize <strong>izdelamo mi<\/strong>?<\/em><\/li>\n\n\n\n<li><em>Potrebujete pomo\u010d pri pripravi tistih <strong>delov analiz<\/strong>, ki jih sami ne zmorete?<\/em><\/li>\n\n\n\n<li><em>\u017delite, da vam zgolj <strong>svetujemo pri pripravi<\/strong> analiz?<\/em><\/li>\n<\/ul>\n\n\n\n<p class=\"justify has-text-color\" style=\"color:#7030a0\">Za pripravo tovrstnih analiz imamo bogato strokovno znanje in obse\u017ene prakti\u010dne izku\u0161nje, <strong>zato smo pravi naslov za pripravo Analize finan\u010dnega polo\u017eaja, (groze\u010de) insolventnosti in ukrepov finan\u010dnega prestrukturiranja<\/strong>.<\/p>\n<\/div>\n\n\n\n<div class=\"wp-block-group has-text-color is-layout-constrained wp-block-group-is-layout-constrained\" style=\"color:#000066\">\n<figure class=\"wp-block-image alignleft size-large is-resized\"><img loading=\"lazy\" decoding=\"async\" width=\"1024\" height=\"768\" src=\"https:\/\/magison.si\/wp-content\/uploads\/2023\/11\/20231117_101702-1024x768.jpg\" alt=\"\" class=\"wp-image-1981\" style=\"width:294px;height:auto\" srcset=\"https:\/\/magison.si\/wp-content\/uploads\/2023\/11\/20231117_101702-1024x768.jpg 1024w, https:\/\/magison.si\/wp-content\/uploads\/2023\/11\/20231117_101702-300x225.jpg 300w, https:\/\/magison.si\/wp-content\/uploads\/2023\/11\/20231117_101702-768x576.jpg 768w, https:\/\/magison.si\/wp-content\/uploads\/2023\/11\/20231117_101702-1536x1152.jpg 1536w, https:\/\/magison.si\/wp-content\/uploads\/2023\/11\/20231117_101702-2048x1536.jpg 2048w\" sizes=\"auto, (max-width: 1024px) 100vw, 1024px\" \/><\/figure>\n\n\n\n<p class=\"justify\"><strong>Namen izdelave <strong>Analize finan\u010dnega polo\u017eaja, (groze\u010de) insolventnosti in ukrepov finan\u010dnega prestrukturiranja<\/strong><\/strong> je po eni strani  ugotovitev realnega stanja, po drugi strani pa opredelitev ukrepov za odpravo (groze\u010de) insolventnosti. V kolikor bo poslovodstvo z Analizo ugotovilo, da je finan\u010dno stanje podjetja nere\u0161ljivo, mora vlo\u017eiti predlog za za\u010detek ste\u010dajnega postopka.<\/p>\n\n\n\n<p class=\"justify\">Analiza je namenjena <strong>tako malim kot ve\u010djim podjetjem, ki se znajdejo v te\u017ekem finan\u010dnem polo\u017eaju<\/strong>.<\/p>\n<\/div>\n\n\n\n<div class=\"wp-block-group has-text-color is-layout-constrained wp-block-group-is-layout-constrained\" style=\"color:#000066\">\n<p class=\"justify\"><strong>Vsebina Analize <\/strong>finan\u010dnega polo\u017eaja, (groze\u010de) insolventnosti in ukrepov finan\u010dnega prestrukturiranja pokriva naslednja klju\u010dna podro\u010dja:<\/p>\n\n\n\n<ol style=\"color:#7030a0;list-style-type:1\" class=\"has-text-color wp-block-list\">\n<li><strong>Analiza finan\u010dnega polo\u017eaja in poslovanja <\/strong>(vsebinska analiza bilance stanja, vsebinska analiza poslovanja, analiza obratnega kapitala, analiza finan\u010dnih kazalcev)<\/li>\n\n\n\n<li><strong>Analiza kapitalske ustreznosti, pla\u010dilne sposobnosti  in (groze\u010de) insolventnosti <\/strong>po kriterijih ZFPPIPP in Kodeksa poslovnofinan\u010dnih na\u010del <\/li>\n\n\n\n<li><strong>Analiza vzrokov za (groze\u010do) insolventnost<\/strong><\/li>\n\n\n\n<li><strong>Analiza obsega potrebnih ukrepov za odpravo (groze\u010de) insolventnost<\/strong>i<\/li>\n\n\n\n<li><strong>Analiza mo\u017enih ukrepov finan\u010dnega prestrukturiranja v pristojnosti uprave<\/strong><\/li>\n\n\n\n<li><strong>Analiza mo\u017enih ukrepov finan\u010dnega prestrukturiranja v pristojnosti skup\u0161\u010dine<\/strong><\/li>\n\n\n\n<li><strong>Analiza izvedljivosti postopka prisilne poravnave<\/strong><\/li>\n\n\n\n<li><strong>Analiza izvedljivosti Postopkov sodnega prestrukturiranja zaradi odprave groze\u010de insolventnosti<\/strong><\/li>\n\n\n\n<li><strong>Predlog ukrepov in izvedbe finan\u010dnega prestrukturiranja<\/strong><\/li>\n<\/ol>\n\n\n\n<p class=\"justify\">Navedena podro\u010dja se lahko spreminjajo v odvisnosti od mo\u017enosti za uspe\u0161no izvedbo finan\u010dnega prestrukturiranja in v odvisnosti od mo\u017enih in predvidenih ukrepov finan\u010dnega prestrukturiranja.<\/p>\n\n\n\n<p class=\"justify\"><strong>Na\u010din dela. <\/strong>Skupaj definiramo namen in cilje naloge, izdelamo vpra\u0161alnik za nabor podatkov, ki jih v podjetju pripravite, nato pa skozi nekaj intervjujev raz\u010distimo morebitne nejasnosti. Na koncu pripravimo <strong>poro\u010dilo o Analizi <\/strong>finan\u010dnega polo\u017eaja, (groze\u010de) insolventnosti in ukrepov finan\u010dnega prestrukturiranja, ki vam ga tudi predstavimo.<\/p>\n\n\n\n<p class=\"justify\">Glede na obseg problematike lahko <strong>priprava Analize traja<\/strong> od 10 do 15 dni po prejemu zahtevanih podatkov.<\/p>\n<\/div>\n\n\n\n<div class=\"wp-block-group is-layout-constrained wp-block-group-is-layout-constrained\">\n<p class=\"has-text-color\" style=\"color:#7030a0\"><strong><em>Pi\u0161ite nam, pokli\u010dite nas, povpra\u0161ajte za ponudbo.<\/em><\/strong><\/p>\n\n\n\n<div style=\"height:100px\" aria-hidden=\"true\" class=\"wp-block-spacer\"><\/div>\n<\/div>\n","protected":false},"excerpt":{"rendered":"<p>Analiza finan\u010dnega polo\u017eaja in poslovanja, (groze\u010de) insolventnosti in ukrepov finan\u010dnega prestrukturiranja Va\u0161emu podjetju grozi insolventnost. [&hellip;]<\/p>\n","protected":false},"author":1,"featured_media":0,"parent":1366,"menu_order":0,"comment_status":"closed","ping_status":"closed","template":"","meta":{"_uag_custom_page_level_css":"","footnotes":""},"class_list":["post-1390","page","type-page","status-publish","hentry"],"yoast_head":"<!-- This site is optimized with the Yoast SEO plugin v20.4 - https:\/\/yoast.com\/wordpress\/plugins\/seo\/ -->\n<title>Analiza finan\u010dnega polo\u017eaja in poslovanja, (groze\u010de) insolventnosti in ukrepov finan\u010dnega prestrukturiranja - Magison Svetovanje<\/title>\n<meta name=\"robots\" content=\"index, follow, max-snippet:-1, max-image-preview:large, max-video-preview:-1\" \/>\n<link rel=\"canonical\" href=\"https:\/\/magison.si\/?page_id=1390\" \/>\n<meta property=\"og:locale\" content=\"en_US\" \/>\n<meta property=\"og:type\" content=\"article\" \/>\n<meta property=\"og:title\" content=\"Analiza finan\u010dnega polo\u017eaja in poslovanja, (groze\u010de) insolventnosti in ukrepov finan\u010dnega prestrukturiranja - Magison Svetovanje\" \/>\n<meta property=\"og:description\" content=\"Analiza finan\u010dnega polo\u017eaja in poslovanja, (groze\u010de) insolventnosti in ukrepov finan\u010dnega prestrukturiranja Va\u0161emu podjetju grozi insolventnost. [&hellip;]\" \/>\n<meta property=\"og:url\" content=\"https:\/\/magison.si\/?page_id=1390\" \/>\n<meta property=\"og:site_name\" content=\"Magison Svetovanje\" \/>\n<meta property=\"article:modified_time\" content=\"2023-11-20T07:36:19+00:00\" \/>\n<meta property=\"og:image\" content=\"https:\/\/magison.si\/wp-content\/uploads\/2023\/11\/20231117_101702-1024x768.jpg\" \/>\n<meta name=\"twitter:card\" content=\"summary_large_image\" \/>\n<meta name=\"twitter:label1\" content=\"Est. reading time\" \/>\n\t<meta name=\"twitter:data1\" content=\"2 minutes\" \/>\n<script type=\"application\/ld+json\" class=\"yoast-schema-graph\">{\"@context\":\"https:\/\/schema.org\",\"@graph\":[{\"@type\":\"WebPage\",\"@id\":\"https:\/\/magison.si\/?page_id=1390\",\"url\":\"https:\/\/magison.si\/?page_id=1390\",\"name\":\"Analiza finan\u010dnega polo\u017eaja in poslovanja, (groze\u010de) insolventnosti in ukrepov finan\u010dnega prestrukturiranja - Magison Svetovanje\",\"isPartOf\":{\"@id\":\"https:\/\/magison.si\/#website\"},\"datePublished\":\"2023-03-02T20:33:21+00:00\",\"dateModified\":\"2023-11-20T07:36:19+00:00\",\"breadcrumb\":{\"@id\":\"https:\/\/magison.si\/?page_id=1390#breadcrumb\"},\"inLanguage\":\"en-US\",\"potentialAction\":[{\"@type\":\"ReadAction\",\"target\":[\"https:\/\/magison.si\/?page_id=1390\"]}]},{\"@type\":\"BreadcrumbList\",\"@id\":\"https:\/\/magison.si\/?page_id=1390#breadcrumb\",\"itemListElement\":[{\"@type\":\"ListItem\",\"position\":1,\"name\":\"Home\",\"item\":\"https:\/\/magison.si\/\"},{\"@type\":\"ListItem\",\"position\":2,\"name\":\"Podjetje v finan\u010dnih te\u017eavah \u2013 svetovanje in storitve\",\"item\":\"https:\/\/magison.si\/?page_id=835\"},{\"@type\":\"ListItem\",\"position\":3,\"name\":\"Analize, poro\u010dila in ukrepi pri (groze\u010di) insolventnosti\",\"item\":\"https:\/\/magison.si\/?page_id=1366\"},{\"@type\":\"ListItem\",\"position\":4,\"name\":\"Analiza finan\u010dnega polo\u017eaja in poslovanja, (groze\u010de) insolventnosti in ukrepov finan\u010dnega prestrukturiranja\"}]},{\"@type\":\"WebSite\",\"@id\":\"https:\/\/magison.si\/#website\",\"url\":\"https:\/\/magison.si\/\",\"name\":\"Magison Svetovanje\",\"description\":\"\",\"publisher\":{\"@id\":\"https:\/\/magison.si\/#organization\"},\"potentialAction\":[{\"@type\":\"SearchAction\",\"target\":{\"@type\":\"EntryPoint\",\"urlTemplate\":\"https:\/\/magison.si\/?s={search_term_string}\"},\"query-input\":\"required name=search_term_string\"}],\"inLanguage\":\"en-US\"},{\"@type\":\"Organization\",\"@id\":\"https:\/\/magison.si\/#organization\",\"name\":\"Magison Svetovanje\",\"url\":\"https:\/\/magison.si\/\",\"logo\":{\"@type\":\"ImageObject\",\"inLanguage\":\"en-US\",\"@id\":\"https:\/\/magison.si\/#\/schema\/logo\/image\/\",\"url\":\"https:\/\/magison.si\/wp-content\/uploads\/2023\/01\/ZNAK-MAGISON.jpg\",\"contentUrl\":\"https:\/\/magison.si\/wp-content\/uploads\/2023\/01\/ZNAK-MAGISON.jpg\",\"width\":1634,\"height\":542,\"caption\":\"Magison Svetovanje\"},\"image\":{\"@id\":\"https:\/\/magison.si\/#\/schema\/logo\/image\/\"}}]}<\/script>\n<!-- \/ Yoast SEO plugin. -->","yoast_head_json":{"title":"Analiza finan\u010dnega polo\u017eaja in poslovanja, (groze\u010de) insolventnosti in ukrepov finan\u010dnega prestrukturiranja - Magison Svetovanje","robots":{"index":"index","follow":"follow","max-snippet":"max-snippet:-1","max-image-preview":"max-image-preview:large","max-video-preview":"max-video-preview:-1"},"canonical":"https:\/\/magison.si\/?page_id=1390","og_locale":"en_US","og_type":"article","og_title":"Analiza finan\u010dnega polo\u017eaja in poslovanja, (groze\u010de) insolventnosti in ukrepov finan\u010dnega prestrukturiranja - Magison Svetovanje","og_description":"Analiza finan\u010dnega polo\u017eaja in poslovanja, (groze\u010de) insolventnosti in ukrepov finan\u010dnega prestrukturiranja Va\u0161emu podjetju grozi insolventnost. [&hellip;]","og_url":"https:\/\/magison.si\/?page_id=1390","og_site_name":"Magison Svetovanje","article_modified_time":"2023-11-20T07:36:19+00:00","og_image":[{"url":"https:\/\/magison.si\/wp-content\/uploads\/2023\/11\/20231117_101702-1024x768.jpg"}],"twitter_card":"summary_large_image","twitter_misc":{"Est. reading time":"2 minutes"},"schema":{"@context":"https:\/\/schema.org","@graph":[{"@type":"WebPage","@id":"https:\/\/magison.si\/?page_id=1390","url":"https:\/\/magison.si\/?page_id=1390","name":"Analiza finan\u010dnega polo\u017eaja in poslovanja, (groze\u010de) insolventnosti in ukrepov finan\u010dnega prestrukturiranja - Magison Svetovanje","isPartOf":{"@id":"https:\/\/magison.si\/#website"},"datePublished":"2023-03-02T20:33:21+00:00","dateModified":"2023-11-20T07:36:19+00:00","breadcrumb":{"@id":"https:\/\/magison.si\/?page_id=1390#breadcrumb"},"inLanguage":"en-US","potentialAction":[{"@type":"ReadAction","target":["https:\/\/magison.si\/?page_id=1390"]}]},{"@type":"BreadcrumbList","@id":"https:\/\/magison.si\/?page_id=1390#breadcrumb","itemListElement":[{"@type":"ListItem","position":1,"name":"Home","item":"https:\/\/magison.si\/"},{"@type":"ListItem","position":2,"name":"Podjetje v finan\u010dnih te\u017eavah \u2013 svetovanje in storitve","item":"https:\/\/magison.si\/?page_id=835"},{"@type":"ListItem","position":3,"name":"Analize, poro\u010dila in ukrepi pri (groze\u010di) insolventnosti","item":"https:\/\/magison.si\/?page_id=1366"},{"@type":"ListItem","position":4,"name":"Analiza finan\u010dnega polo\u017eaja in poslovanja, (groze\u010de) insolventnosti in ukrepov finan\u010dnega prestrukturiranja"}]},{"@type":"WebSite","@id":"https:\/\/magison.si\/#website","url":"https:\/\/magison.si\/","name":"Magison Svetovanje","description":"","publisher":{"@id":"https:\/\/magison.si\/#organization"},"potentialAction":[{"@type":"SearchAction","target":{"@type":"EntryPoint","urlTemplate":"https:\/\/magison.si\/?s={search_term_string}"},"query-input":"required name=search_term_string"}],"inLanguage":"en-US"},{"@type":"Organization","@id":"https:\/\/magison.si\/#organization","name":"Magison Svetovanje","url":"https:\/\/magison.si\/","logo":{"@type":"ImageObject","inLanguage":"en-US","@id":"https:\/\/magison.si\/#\/schema\/logo\/image\/","url":"https:\/\/magison.si\/wp-content\/uploads\/2023\/01\/ZNAK-MAGISON.jpg","contentUrl":"https:\/\/magison.si\/wp-content\/uploads\/2023\/01\/ZNAK-MAGISON.jpg","width":1634,"height":542,"caption":"Magison Svetovanje"},"image":{"@id":"https:\/\/magison.si\/#\/schema\/logo\/image\/"}}]}},"uagb_featured_image_src":{"full":false,"thumbnail":false,"medium":false,"medium_large":false,"large":false,"1536x1536":false,"2048x2048":false},"uagb_author_info":{"display_name":"admin","author_link":"https:\/\/magison.si\/?author=1"},"uagb_comment_info":0,"uagb_excerpt":"Analiza finan\u010dnega polo\u017eaja in poslovanja, (groze\u010de) insolventnosti in ukrepov finan\u010dnega prestrukturiranja Va\u0161emu podjetju grozi insolventnost. [&hellip;]","_links":{"self":[{"href":"https:\/\/magison.si\/index.php?rest_route=\/wp\/v2\/pages\/1390","targetHints":{"allow":["GET"]}}],"collection":[{"href":"https:\/\/magison.si\/index.php?rest_route=\/wp\/v2\/pages"}],"about":[{"href":"https:\/\/magison.si\/index.php?rest_route=\/wp\/v2\/types\/page"}],"author":[{"embeddable":true,"href":"https:\/\/magison.si\/index.php?rest_route=\/wp\/v2\/users\/1"}],"replies":[{"embeddable":true,"href":"https:\/\/magison.si\/index.php?rest_route=%2Fwp%2Fv2%2Fcomments&post=1390"}],"version-history":[{"count":9,"href":"https:\/\/magison.si\/index.php?rest_route=\/wp\/v2\/pages\/1390\/revisions"}],"predecessor-version":[{"id":1998,"href":"https:\/\/magison.si\/index.php?rest_route=\/wp\/v2\/pages\/1390\/revisions\/1998"}],"up":[{"embeddable":true,"href":"https:\/\/magison.si\/index.php?rest_route=\/wp\/v2\/pages\/1366"}],"wp:attachment":[{"href":"https:\/\/magison.si\/index.php?rest_route=%2Fwp%2Fv2%2Fmedia&parent=1390"}],"curies":[{"name":"wp","href":"https:\/\/api.w.org\/{rel}","templated":true}]}}