{"id":1388,"date":"2023-03-02T20:32:52","date_gmt":"2023-03-02T20:32:52","guid":{"rendered":"https:\/\/magison.si\/?page_id=1388"},"modified":"2023-04-03T20:04:17","modified_gmt":"2023-04-03T20:04:17","slug":"svetovanje-v-zvezi-z-insolventnostjo","status":"publish","type":"page","link":"https:\/\/magison.si\/?page_id=1388","title":{"rendered":"Svetovanje v zvezi z insolventnostjo"},"content":{"rendered":"\n<h3 class=\"wp-block-heading has-text-align-center has-text-color\" style=\"color:#1583dd\"><strong>Svetovanje v zvezi z insolventnostjo<\/strong><\/h3>\n\n\n\n<div class=\"wp-block-group is-layout-constrained wp-block-group-is-layout-constrained\">\n<ul class=\"justify has-text-color wp-block-list\" style=\"color:#000066\">\n<li><strong><em>Imate &nbsp;vpra\u0161anja<\/em><\/strong><em> v zvezi z insolventnostjo, postopki, odgovornostjo in \u017eelite na\u0161 strokovni nasvet?<\/em><\/li>\n\n\n\n<li><em>Potrebujete konkreten odgovor ali svetovanje na <strong>to\u010dno dolo\u010deno vpra\u0161anje v zvezi z insolventnostjo<\/strong>?<\/em><\/li>\n<\/ul>\n\n\n\n<figure class=\"wp-block-image aligncenter size-large is-resized\"><img loading=\"lazy\" decoding=\"async\" src=\"https:\/\/magison.si\/wp-content\/uploads\/2023\/03\/400-13-1024x683.jpg\" alt=\"\" class=\"wp-image-1443\" width=\"575\" height=\"383\" srcset=\"https:\/\/magison.si\/wp-content\/uploads\/2023\/03\/400-13-1024x683.jpg 1024w, https:\/\/magison.si\/wp-content\/uploads\/2023\/03\/400-13-300x200.jpg 300w, https:\/\/magison.si\/wp-content\/uploads\/2023\/03\/400-13-768x512.jpg 768w, https:\/\/magison.si\/wp-content\/uploads\/2023\/03\/400-13.jpg 1047w\" sizes=\"auto, (max-width: 575px) 100vw, 575px\" \/><\/figure>\n\n\n\n<p class=\"jusitfy has-text-color\" style=\"color:#7030a0\">Na\u0161e <strong>izku\u0161nje v zvezi z insolventnostjo so zelo celovite <\/strong>in <strong>med najbogatej\u0161imi v Sloveniji, <\/strong>o \u010demer pri\u010da<strong> 170 opravljenih projektov <\/strong>v zvezi z insolven\u010dnimi postopki. Tudi za vas bomo na\u0161li pravi nasvet ali odgovor.<\/p>\n<\/div>\n\n\n\n<div class=\"wp-block-group has-text-color is-layout-constrained wp-block-group-is-layout-constrained\" style=\"color:#7030a0\">\n<p><strong><em>Pi\u0161ite nam, pokli\u010dite nas, povpra\u0161ajte za ponudbo.<\/em><\/strong><\/p>\n\n\n\n<div style=\"height:100px\" aria-hidden=\"true\" class=\"wp-block-spacer\"><\/div>\n<\/div>\n","protected":false},"excerpt":{"rendered":"<p>Svetovanje v zvezi z insolventnostjo Na\u0161e izku\u0161nje v zvezi z insolventnostjo so zelo celovite in [&hellip;]<\/p>\n","protected":false},"author":1,"featured_media":0,"parent":1364,"menu_order":5,"comment_status":"closed","ping_status":"closed","template":"","meta":{"_uag_custom_page_level_css":"","footnotes":""},"class_list":["post-1388","page","type-page","status-publish","hentry"],"yoast_head":"<!-- This site is optimized with the Yoast SEO plugin v20.4 - https:\/\/yoast.com\/wordpress\/plugins\/seo\/ -->\n<title>Svetovanje v zvezi z insolventnostjo - Magison Svetovanje<\/title>\n<meta name=\"robots\" content=\"index, follow, max-snippet:-1, max-image-preview:large, max-video-preview:-1\" \/>\n<link rel=\"canonical\" href=\"https:\/\/magison.si\/?page_id=1388\" \/>\n<meta property=\"og:locale\" content=\"en_US\" \/>\n<meta property=\"og:type\" content=\"article\" \/>\n<meta property=\"og:title\" content=\"Svetovanje v zvezi z insolventnostjo - Magison Svetovanje\" \/>\n<meta property=\"og:description\" content=\"Svetovanje v zvezi z insolventnostjo Na\u0161e izku\u0161nje v zvezi z insolventnostjo so zelo celovite in [&hellip;]\" \/>\n<meta property=\"og:url\" content=\"https:\/\/magison.si\/?page_id=1388\" \/>\n<meta property=\"og:site_name\" content=\"Magison Svetovanje\" \/>\n<meta property=\"article:modified_time\" content=\"2023-04-03T20:04:17+00:00\" \/>\n<meta property=\"og:image\" content=\"https:\/\/magison.si\/wp-content\/uploads\/2023\/03\/400-13-1024x683.jpg\" \/>\n<meta name=\"twitter:card\" content=\"summary_large_image\" \/>\n<meta name=\"twitter:label1\" content=\"Est. reading time\" \/>\n\t<meta name=\"twitter:data1\" content=\"1 minute\" \/>\n<script type=\"application\/ld+json\" class=\"yoast-schema-graph\">{\"@context\":\"https:\/\/schema.org\",\"@graph\":[{\"@type\":\"WebPage\",\"@id\":\"https:\/\/magison.si\/?page_id=1388\",\"url\":\"https:\/\/magison.si\/?page_id=1388\",\"name\":\"Svetovanje v zvezi z insolventnostjo - Magison Svetovanje\",\"isPartOf\":{\"@id\":\"https:\/\/magison.si\/#website\"},\"datePublished\":\"2023-03-02T20:32:52+00:00\",\"dateModified\":\"2023-04-03T20:04:17+00:00\",\"breadcrumb\":{\"@id\":\"https:\/\/magison.si\/?page_id=1388#breadcrumb\"},\"inLanguage\":\"en-US\",\"potentialAction\":[{\"@type\":\"ReadAction\",\"target\":[\"https:\/\/magison.si\/?page_id=1388\"]}]},{\"@type\":\"BreadcrumbList\",\"@id\":\"https:\/\/magison.si\/?page_id=1388#breadcrumb\",\"itemListElement\":[{\"@type\":\"ListItem\",\"position\":1,\"name\":\"Home\",\"item\":\"https:\/\/magison.si\/\"},{\"@type\":\"ListItem\",\"position\":2,\"name\":\"Podjetje v finan\u010dnih te\u017eavah \u2013 svetovanje in storitve\",\"item\":\"https:\/\/magison.si\/?page_id=835\"},{\"@type\":\"ListItem\",\"position\":3,\"name\":\"Poslovodstvo, nadzorni svet in insolventnost\",\"item\":\"https:\/\/magison.si\/?page_id=1364\"},{\"@type\":\"ListItem\",\"position\":4,\"name\":\"Svetovanje v zvezi z insolventnostjo\"}]},{\"@type\":\"WebSite\",\"@id\":\"https:\/\/magison.si\/#website\",\"url\":\"https:\/\/magison.si\/\",\"name\":\"Magison Svetovanje\",\"description\":\"\",\"publisher\":{\"@id\":\"https:\/\/magison.si\/#organization\"},\"potentialAction\":[{\"@type\":\"SearchAction\",\"target\":{\"@type\":\"EntryPoint\",\"urlTemplate\":\"https:\/\/magison.si\/?s={search_term_string}\"},\"query-input\":\"required name=search_term_string\"}],\"inLanguage\":\"en-US\"},{\"@type\":\"Organization\",\"@id\":\"https:\/\/magison.si\/#organization\",\"name\":\"Magison Svetovanje\",\"url\":\"https:\/\/magison.si\/\",\"logo\":{\"@type\":\"ImageObject\",\"inLanguage\":\"en-US\",\"@id\":\"https:\/\/magison.si\/#\/schema\/logo\/image\/\",\"url\":\"https:\/\/magison.si\/wp-content\/uploads\/2023\/01\/ZNAK-MAGISON.jpg\",\"contentUrl\":\"https:\/\/magison.si\/wp-content\/uploads\/2023\/01\/ZNAK-MAGISON.jpg\",\"width\":1634,\"height\":542,\"caption\":\"Magison Svetovanje\"},\"image\":{\"@id\":\"https:\/\/magison.si\/#\/schema\/logo\/image\/\"}}]}<\/script>\n<!-- \/ Yoast SEO plugin. -->","yoast_head_json":{"title":"Svetovanje v zvezi z insolventnostjo - Magison Svetovanje","robots":{"index":"index","follow":"follow","max-snippet":"max-snippet:-1","max-image-preview":"max-image-preview:large","max-video-preview":"max-video-preview:-1"},"canonical":"https:\/\/magison.si\/?page_id=1388","og_locale":"en_US","og_type":"article","og_title":"Svetovanje v zvezi z insolventnostjo - Magison Svetovanje","og_description":"Svetovanje v zvezi z insolventnostjo Na\u0161e izku\u0161nje v zvezi z insolventnostjo so zelo celovite in [&hellip;]","og_url":"https:\/\/magison.si\/?page_id=1388","og_site_name":"Magison Svetovanje","article_modified_time":"2023-04-03T20:04:17+00:00","og_image":[{"url":"https:\/\/magison.si\/wp-content\/uploads\/2023\/03\/400-13-1024x683.jpg"}],"twitter_card":"summary_large_image","twitter_misc":{"Est. reading time":"1 minute"},"schema":{"@context":"https:\/\/schema.org","@graph":[{"@type":"WebPage","@id":"https:\/\/magison.si\/?page_id=1388","url":"https:\/\/magison.si\/?page_id=1388","name":"Svetovanje v zvezi z insolventnostjo - Magison Svetovanje","isPartOf":{"@id":"https:\/\/magison.si\/#website"},"datePublished":"2023-03-02T20:32:52+00:00","dateModified":"2023-04-03T20:04:17+00:00","breadcrumb":{"@id":"https:\/\/magison.si\/?page_id=1388#breadcrumb"},"inLanguage":"en-US","potentialAction":[{"@type":"ReadAction","target":["https:\/\/magison.si\/?page_id=1388"]}]},{"@type":"BreadcrumbList","@id":"https:\/\/magison.si\/?page_id=1388#breadcrumb","itemListElement":[{"@type":"ListItem","position":1,"name":"Home","item":"https:\/\/magison.si\/"},{"@type":"ListItem","position":2,"name":"Podjetje v finan\u010dnih te\u017eavah \u2013 svetovanje in storitve","item":"https:\/\/magison.si\/?page_id=835"},{"@type":"ListItem","position":3,"name":"Poslovodstvo, nadzorni svet in insolventnost","item":"https:\/\/magison.si\/?page_id=1364"},{"@type":"ListItem","position":4,"name":"Svetovanje v zvezi z insolventnostjo"}]},{"@type":"WebSite","@id":"https:\/\/magison.si\/#website","url":"https:\/\/magison.si\/","name":"Magison Svetovanje","description":"","publisher":{"@id":"https:\/\/magison.si\/#organization"},"potentialAction":[{"@type":"SearchAction","target":{"@type":"EntryPoint","urlTemplate":"https:\/\/magison.si\/?s={search_term_string}"},"query-input":"required name=search_term_string"}],"inLanguage":"en-US"},{"@type":"Organization","@id":"https:\/\/magison.si\/#organization","name":"Magison Svetovanje","url":"https:\/\/magison.si\/","logo":{"@type":"ImageObject","inLanguage":"en-US","@id":"https:\/\/magison.si\/#\/schema\/logo\/image\/","url":"https:\/\/magison.si\/wp-content\/uploads\/2023\/01\/ZNAK-MAGISON.jpg","contentUrl":"https:\/\/magison.si\/wp-content\/uploads\/2023\/01\/ZNAK-MAGISON.jpg","width":1634,"height":542,"caption":"Magison Svetovanje"},"image":{"@id":"https:\/\/magison.si\/#\/schema\/logo\/image\/"}}]}},"uagb_featured_image_src":{"full":false,"thumbnail":false,"medium":false,"medium_large":false,"large":false,"1536x1536":false,"2048x2048":false},"uagb_author_info":{"display_name":"admin","author_link":"https:\/\/magison.si\/?author=1"},"uagb_comment_info":0,"uagb_excerpt":"Svetovanje v zvezi z insolventnostjo Na\u0161e izku\u0161nje v zvezi z insolventnostjo so zelo celovite in [&hellip;]","_links":{"self":[{"href":"https:\/\/magison.si\/index.php?rest_route=\/wp\/v2\/pages\/1388","targetHints":{"allow":["GET"]}}],"collection":[{"href":"https:\/\/magison.si\/index.php?rest_route=\/wp\/v2\/pages"}],"about":[{"href":"https:\/\/magison.si\/index.php?rest_route=\/wp\/v2\/types\/page"}],"author":[{"embeddable":true,"href":"https:\/\/magison.si\/index.php?rest_route=\/wp\/v2\/users\/1"}],"replies":[{"embeddable":true,"href":"https:\/\/magison.si\/index.php?rest_route=%2Fwp%2Fv2%2Fcomments&post=1388"}],"version-history":[{"count":4,"href":"https:\/\/magison.si\/index.php?rest_route=\/wp\/v2\/pages\/1388\/revisions"}],"predecessor-version":[{"id":1870,"href":"https:\/\/magison.si\/index.php?rest_route=\/wp\/v2\/pages\/1388\/revisions\/1870"}],"up":[{"embeddable":true,"href":"https:\/\/magison.si\/index.php?rest_route=\/wp\/v2\/pages\/1364"}],"wp:attachment":[{"href":"https:\/\/magison.si\/index.php?rest_route=%2Fwp%2Fv2%2Fmedia&parent=1388"}],"curies":[{"name":"wp","href":"https:\/\/api.w.org\/{rel}","templated":true}]}}