{"id":1382,"date":"2023-03-02T20:32:00","date_gmt":"2023-03-02T20:32:00","guid":{"rendered":"https:\/\/magison.si\/?page_id=1382"},"modified":"2023-04-03T20:03:29","modified_gmt":"2023-04-03T20:03:29","slug":"redno-spremljanje-in-upravljanje-kapitalske-ustreznosti-placilne-sposobnosti-ter-tveganj","status":"publish","type":"page","link":"https:\/\/magison.si\/?page_id=1382","title":{"rendered":"Redno spremljanje in upravljanje kapitalske ustreznosti, pla\u010dilne sposobnosti ter tveganj"},"content":{"rendered":"\n<h3 class=\"wp-block-heading has-text-align-center has-text-color\" style=\"color:#1583dd\"><strong>Redno spremljanje in upravljanje kapitalske ustreznosti, pla\u010dilne sposobnosti ter tveganj<\/strong><\/h3>\n\n\n\n<div class=\"wp-block-group is-layout-constrained wp-block-group-is-layout-constrained\">\n<ul class=\"justify has-text-color wp-block-list\" style=\"color:#000066\">\n<li><em>V podjetju <strong>nimate kadra<\/strong>, ki bi mu lahko na redni osnovi (mese\u010dno, kvartalno, letno) zaupali strokovno oceno ter spremljanje pla\u010dilne sposobnosti, kapitalske ustreznosti in tveganj v zvezi s tem?<\/em><\/li>\n\n\n\n<li><em>Kljub temu, da vam va\u0161a strokovna slu\u017eba redno pripravlja poro\u010dila o pla\u010dilni sposobnosti, kapitalski ustreznosti in tveganjih, \u017eelite, da navedena <strong>poro\u010dila in stanje ob\u010dasno pregleda zunanji, strokovni in neodvisni strokovnjak<\/strong>?<\/em><em><\/em><\/li>\n\n\n\n<li><em>\u017delite zaradi poslab\u0161anja pogojev poslovanja <strong>skrbneje nadzirati kapitalsko ustreznost<\/strong> in pla\u010dilno sposobnost?<\/em><\/li>\n\n\n\n<li><em>Spra\u0161ujete se, <strong>kako najustrezneje ukrepati<\/strong> ob dejstvu, da zaznavate zaostrovanje finan\u010dnega stanja v podjetju?<\/em><\/li>\n<\/ul>\n<\/div>\n\n\n\n<div class=\"wp-block-group is-layout-constrained wp-block-group-is-layout-constrained\">\n<p class=\"justify has-text-color\" style=\"color:#7030a0\">Ker imamo strokovno znanje in bogate izku\u0161nje z analizo pla\u010dilne sposobnosti, kapitalske ustreznosti, tveganj in z ugotavljanjem insolventnosti,&nbsp; <strong>smo pravi naslov za redno spremljanje in upravljanje kapitalske ustreznosti in pla\u010dilne sposobnosti<\/strong>.<\/p>\n\n\n\n<figure class=\"wp-block-image alignleft size-full is-resized\"><img loading=\"lazy\" decoding=\"async\" src=\"https:\/\/magison.si\/wp-content\/uploads\/2023\/03\/400-10.jpg\" alt=\"\" class=\"wp-image-1440\" width=\"267\" height=\"264\" srcset=\"https:\/\/magison.si\/wp-content\/uploads\/2023\/03\/400-10.jpg 764w, https:\/\/magison.si\/wp-content\/uploads\/2023\/03\/400-10-300x296.jpg 300w\" sizes=\"auto, (max-width: 267px) 100vw, 267px\" \/><\/figure>\n\n\n\n<p class=\"justify has-text-color\" style=\"color:#000066\"><strong>Namen <\/strong><strong>spremljanja in upravljanja kapitalske ustreznosti, pla\u010dilne sposobnosti ter tveganj<\/strong> je, da si zagotovite reden vpogled in analizo klju\u010dnih elementov, ki vplivajo na stanje in razvoj obravnavane tematike v va\u0161em podjetju.<\/p>\n\n\n\n<p class=\"justify has-text-color\" style=\"color:#000066\"><strong>Namenjeno je predvsem manj\u0161im podjetjem, ki nimajo organiziranih ustreznih strokovnih slu\u017eb<\/strong> in podjetjem, katerih poslovanje zahteva skrbnej\u0161e spremljanje pla\u010dilne sposobnosti.<strong><\/strong><\/p>\n<\/div>\n\n\n\n<div class=\"wp-block-group is-layout-constrained wp-block-group-is-layout-constrained\">\n<p class=\"justify has-text-color\" style=\"color:#000066\"><strong>Vsebina spremljanja<\/strong> je prilagojena posebnostim konkretnega podjetja, na\u010deloma pa pokriva naslednje faze:<\/p>\n\n\n\n<ol class=\"has-text-color wp-block-list\" style=\"color:#7030a0\">\n<li><strong>Opredelitev klju\u010dnih dejavnikov pla\u010dilne sposobnosti in kapitalske ustreznosti ter tveganj<\/strong><\/li>\n\n\n\n<li><strong>Opredelitev obdobnosti spremljanja pla\u010dilne sposobnosti in kapitalske ustreznosti<\/strong><\/li>\n\n\n\n<li><strong>Opredelitev potrebnih podatkov<\/strong><\/li>\n\n\n\n<li><strong>Izdelava rednih obdobnih analiz kapitalske ustreznosti in pla\u010dilne sposobnosti podjetja s komentarjem<\/strong><\/li>\n<\/ol>\n\n\n\n<p class=\"justify has-text-color\" style=\"color:#000066\"><strong>Na\u010din dela. <\/strong>Pri rednem spremljanju skupaj definiramo namen in cilje ter obdobnost spremljanja (mese\u010dno, kvartalno, polletno). Nato opredelimo vrsto in obseg rednih potrebnih podatkov, izdelamo sistem kazalcev ter opredelimo obseg analize le-teh, da vam omogo\u010da jasno ter pregledno sliko kapitalske ustreznosti in pla\u010dilne sposobnosti v va\u0161em podjetju. V dogovorjenih obdobjih izdelamo ustrezna poro\u010dila, ki vsebujejo analizo, po potrebi pa tudi ustrezne ukrepe v zvezi z upravljanjem kapitalske ustreznosti in pla\u010dilne sposobnosti. Poro\u010dila lahko tudi predstavimo in razlo\u017eimo.<\/p>\n\n\n\n<p class=\"justify has-text-color\" style=\"color:#000066\">Glede na obseg problematike <strong>priprava rednih obdobnih analiz traja<\/strong> od 2 do 3 dni po prejemu zahtevanih podatkov.<\/p>\n<\/div>\n\n\n\n<div class=\"wp-block-group is-layout-constrained wp-block-group-is-layout-constrained\">\n<p class=\"has-text-color\" style=\"color:#7030a0\"><strong><em>Pi\u0161ite nam, pokli\u010dite nas, povpra\u0161ajte za ponudbo.<\/em><\/strong><\/p>\n\n\n\n<div style=\"height:100px\" aria-hidden=\"true\" class=\"wp-block-spacer\"><\/div>\n<\/div>\n","protected":false},"excerpt":{"rendered":"<p>Redno spremljanje in upravljanje kapitalske ustreznosti, pla\u010dilne sposobnosti ter tveganj Ker imamo strokovno znanje in [&hellip;]<\/p>\n","protected":false},"author":1,"featured_media":0,"parent":1364,"menu_order":2,"comment_status":"closed","ping_status":"closed","template":"","meta":{"_uag_custom_page_level_css":"","footnotes":""},"class_list":["post-1382","page","type-page","status-publish","hentry"],"yoast_head":"<!-- This site is optimized with the Yoast SEO plugin v20.4 - https:\/\/yoast.com\/wordpress\/plugins\/seo\/ -->\n<title>Redno spremljanje in upravljanje kapitalske ustreznosti, pla\u010dilne sposobnosti ter tveganj - Magison Svetovanje<\/title>\n<meta name=\"robots\" content=\"index, follow, max-snippet:-1, max-image-preview:large, max-video-preview:-1\" \/>\n<link rel=\"canonical\" href=\"https:\/\/magison.si\/?page_id=1382\" \/>\n<meta property=\"og:locale\" content=\"en_US\" \/>\n<meta property=\"og:type\" content=\"article\" \/>\n<meta property=\"og:title\" content=\"Redno spremljanje in upravljanje kapitalske ustreznosti, pla\u010dilne sposobnosti ter tveganj - Magison Svetovanje\" \/>\n<meta property=\"og:description\" content=\"Redno spremljanje in upravljanje kapitalske ustreznosti, pla\u010dilne sposobnosti ter tveganj Ker imamo strokovno znanje in [&hellip;]\" \/>\n<meta property=\"og:url\" content=\"https:\/\/magison.si\/?page_id=1382\" \/>\n<meta property=\"og:site_name\" content=\"Magison Svetovanje\" \/>\n<meta property=\"article:modified_time\" content=\"2023-04-03T20:03:29+00:00\" \/>\n<meta property=\"og:image\" content=\"https:\/\/magison.si\/wp-content\/uploads\/2023\/03\/400-10.jpg\" \/>\n<meta name=\"twitter:card\" content=\"summary_large_image\" \/>\n<meta name=\"twitter:label1\" content=\"Est. reading time\" \/>\n\t<meta name=\"twitter:data1\" content=\"2 minutes\" \/>\n<script type=\"application\/ld+json\" class=\"yoast-schema-graph\">{\"@context\":\"https:\/\/schema.org\",\"@graph\":[{\"@type\":\"WebPage\",\"@id\":\"https:\/\/magison.si\/?page_id=1382\",\"url\":\"https:\/\/magison.si\/?page_id=1382\",\"name\":\"Redno spremljanje in upravljanje kapitalske ustreznosti, pla\u010dilne sposobnosti ter tveganj - Magison Svetovanje\",\"isPartOf\":{\"@id\":\"https:\/\/magison.si\/#website\"},\"datePublished\":\"2023-03-02T20:32:00+00:00\",\"dateModified\":\"2023-04-03T20:03:29+00:00\",\"breadcrumb\":{\"@id\":\"https:\/\/magison.si\/?page_id=1382#breadcrumb\"},\"inLanguage\":\"en-US\",\"potentialAction\":[{\"@type\":\"ReadAction\",\"target\":[\"https:\/\/magison.si\/?page_id=1382\"]}]},{\"@type\":\"BreadcrumbList\",\"@id\":\"https:\/\/magison.si\/?page_id=1382#breadcrumb\",\"itemListElement\":[{\"@type\":\"ListItem\",\"position\":1,\"name\":\"Home\",\"item\":\"https:\/\/magison.si\/\"},{\"@type\":\"ListItem\",\"position\":2,\"name\":\"Podjetje v finan\u010dnih te\u017eavah \u2013 svetovanje in storitve\",\"item\":\"https:\/\/magison.si\/?page_id=835\"},{\"@type\":\"ListItem\",\"position\":3,\"name\":\"Poslovodstvo, nadzorni svet in insolventnost\",\"item\":\"https:\/\/magison.si\/?page_id=1364\"},{\"@type\":\"ListItem\",\"position\":4,\"name\":\"Redno spremljanje in upravljanje kapitalske ustreznosti, pla\u010dilne sposobnosti ter tveganj\"}]},{\"@type\":\"WebSite\",\"@id\":\"https:\/\/magison.si\/#website\",\"url\":\"https:\/\/magison.si\/\",\"name\":\"Magison Svetovanje\",\"description\":\"\",\"publisher\":{\"@id\":\"https:\/\/magison.si\/#organization\"},\"potentialAction\":[{\"@type\":\"SearchAction\",\"target\":{\"@type\":\"EntryPoint\",\"urlTemplate\":\"https:\/\/magison.si\/?s={search_term_string}\"},\"query-input\":\"required name=search_term_string\"}],\"inLanguage\":\"en-US\"},{\"@type\":\"Organization\",\"@id\":\"https:\/\/magison.si\/#organization\",\"name\":\"Magison Svetovanje\",\"url\":\"https:\/\/magison.si\/\",\"logo\":{\"@type\":\"ImageObject\",\"inLanguage\":\"en-US\",\"@id\":\"https:\/\/magison.si\/#\/schema\/logo\/image\/\",\"url\":\"https:\/\/magison.si\/wp-content\/uploads\/2023\/01\/ZNAK-MAGISON.jpg\",\"contentUrl\":\"https:\/\/magison.si\/wp-content\/uploads\/2023\/01\/ZNAK-MAGISON.jpg\",\"width\":1634,\"height\":542,\"caption\":\"Magison Svetovanje\"},\"image\":{\"@id\":\"https:\/\/magison.si\/#\/schema\/logo\/image\/\"}}]}<\/script>\n<!-- \/ Yoast SEO plugin. -->","yoast_head_json":{"title":"Redno spremljanje in upravljanje kapitalske ustreznosti, pla\u010dilne sposobnosti ter tveganj - Magison Svetovanje","robots":{"index":"index","follow":"follow","max-snippet":"max-snippet:-1","max-image-preview":"max-image-preview:large","max-video-preview":"max-video-preview:-1"},"canonical":"https:\/\/magison.si\/?page_id=1382","og_locale":"en_US","og_type":"article","og_title":"Redno spremljanje in upravljanje kapitalske ustreznosti, pla\u010dilne sposobnosti ter tveganj - Magison Svetovanje","og_description":"Redno spremljanje in upravljanje kapitalske ustreznosti, pla\u010dilne sposobnosti ter tveganj Ker imamo strokovno znanje in [&hellip;]","og_url":"https:\/\/magison.si\/?page_id=1382","og_site_name":"Magison Svetovanje","article_modified_time":"2023-04-03T20:03:29+00:00","og_image":[{"url":"https:\/\/magison.si\/wp-content\/uploads\/2023\/03\/400-10.jpg"}],"twitter_card":"summary_large_image","twitter_misc":{"Est. reading time":"2 minutes"},"schema":{"@context":"https:\/\/schema.org","@graph":[{"@type":"WebPage","@id":"https:\/\/magison.si\/?page_id=1382","url":"https:\/\/magison.si\/?page_id=1382","name":"Redno spremljanje in upravljanje kapitalske ustreznosti, pla\u010dilne sposobnosti ter tveganj - Magison Svetovanje","isPartOf":{"@id":"https:\/\/magison.si\/#website"},"datePublished":"2023-03-02T20:32:00+00:00","dateModified":"2023-04-03T20:03:29+00:00","breadcrumb":{"@id":"https:\/\/magison.si\/?page_id=1382#breadcrumb"},"inLanguage":"en-US","potentialAction":[{"@type":"ReadAction","target":["https:\/\/magison.si\/?page_id=1382"]}]},{"@type":"BreadcrumbList","@id":"https:\/\/magison.si\/?page_id=1382#breadcrumb","itemListElement":[{"@type":"ListItem","position":1,"name":"Home","item":"https:\/\/magison.si\/"},{"@type":"ListItem","position":2,"name":"Podjetje v finan\u010dnih te\u017eavah \u2013 svetovanje in storitve","item":"https:\/\/magison.si\/?page_id=835"},{"@type":"ListItem","position":3,"name":"Poslovodstvo, nadzorni svet in insolventnost","item":"https:\/\/magison.si\/?page_id=1364"},{"@type":"ListItem","position":4,"name":"Redno spremljanje in upravljanje kapitalske ustreznosti, pla\u010dilne sposobnosti ter tveganj"}]},{"@type":"WebSite","@id":"https:\/\/magison.si\/#website","url":"https:\/\/magison.si\/","name":"Magison Svetovanje","description":"","publisher":{"@id":"https:\/\/magison.si\/#organization"},"potentialAction":[{"@type":"SearchAction","target":{"@type":"EntryPoint","urlTemplate":"https:\/\/magison.si\/?s={search_term_string}"},"query-input":"required name=search_term_string"}],"inLanguage":"en-US"},{"@type":"Organization","@id":"https:\/\/magison.si\/#organization","name":"Magison Svetovanje","url":"https:\/\/magison.si\/","logo":{"@type":"ImageObject","inLanguage":"en-US","@id":"https:\/\/magison.si\/#\/schema\/logo\/image\/","url":"https:\/\/magison.si\/wp-content\/uploads\/2023\/01\/ZNAK-MAGISON.jpg","contentUrl":"https:\/\/magison.si\/wp-content\/uploads\/2023\/01\/ZNAK-MAGISON.jpg","width":1634,"height":542,"caption":"Magison Svetovanje"},"image":{"@id":"https:\/\/magison.si\/#\/schema\/logo\/image\/"}}]}},"uagb_featured_image_src":{"full":false,"thumbnail":false,"medium":false,"medium_large":false,"large":false,"1536x1536":false,"2048x2048":false},"uagb_author_info":{"display_name":"admin","author_link":"https:\/\/magison.si\/?author=1"},"uagb_comment_info":0,"uagb_excerpt":"Redno spremljanje in upravljanje kapitalske ustreznosti, pla\u010dilne sposobnosti ter tveganj Ker imamo strokovno znanje in [&hellip;]","_links":{"self":[{"href":"https:\/\/magison.si\/index.php?rest_route=\/wp\/v2\/pages\/1382","targetHints":{"allow":["GET"]}}],"collection":[{"href":"https:\/\/magison.si\/index.php?rest_route=\/wp\/v2\/pages"}],"about":[{"href":"https:\/\/magison.si\/index.php?rest_route=\/wp\/v2\/types\/page"}],"author":[{"embeddable":true,"href":"https:\/\/magison.si\/index.php?rest_route=\/wp\/v2\/users\/1"}],"replies":[{"embeddable":true,"href":"https:\/\/magison.si\/index.php?rest_route=%2Fwp%2Fv2%2Fcomments&post=1382"}],"version-history":[{"count":8,"href":"https:\/\/magison.si\/index.php?rest_route=\/wp\/v2\/pages\/1382\/revisions"}],"predecessor-version":[{"id":1867,"href":"https:\/\/magison.si\/index.php?rest_route=\/wp\/v2\/pages\/1382\/revisions\/1867"}],"up":[{"embeddable":true,"href":"https:\/\/magison.si\/index.php?rest_route=\/wp\/v2\/pages\/1364"}],"wp:attachment":[{"href":"https:\/\/magison.si\/index.php?rest_route=%2Fwp%2Fv2%2Fmedia&parent=1382"}],"curies":[{"name":"wp","href":"https:\/\/api.w.org\/{rel}","templated":true}]}}