{"id":1378,"date":"2023-03-02T20:31:12","date_gmt":"2023-03-02T20:31:12","guid":{"rendered":"https:\/\/magison.si\/?page_id=1378"},"modified":"2023-11-20T09:22:07","modified_gmt":"2023-11-20T09:22:07","slug":"svetovanje-pri-vodenju-insolventnega-podjetja-2","status":"publish","type":"page","link":"https:\/\/magison.si\/?page_id=1378","title":{"rendered":"Svetovanje pri vodenju insolventnega podjetja"},"content":{"rendered":"\n<figure class=\"wp-block-image aligncenter size-full is-resized\"><img decoding=\"async\" src=\"https:\/\/magison.si\/wp-content\/uploads\/2023\/03\/PentljaT.png\" alt=\"\" class=\"wp-image-1797\" width=\"170\"\/><\/figure>\n\n\n\n<h2 class=\"has-text-align-center has-text-color wp-block-heading\" style=\"color:#7030a0\"><strong>Svetovanje pri vodenju insolventnega podjetja<\/strong><\/h2>\n\n\n\n<div class=\"wp-block-group has-text-color is-layout-constrained wp-block-group-is-layout-constrained\" style=\"color:#000066\">\n<p class=\"justify\">V praksi se pojavljajo situacije, ko, zaradi najrazli\u010dnej\u0161ih razlogov, obstoje\u010de <strong>poslovodstvo, ne zmore ali ne \u017eeli voditi podjetja v kriznih razmerah<\/strong>, \u0161e posebej v postopkih prisilne poravnave.<\/p>\n\n\n\n<figure class=\"wp-block-image aligncenter size-large is-resized\"><img loading=\"lazy\" decoding=\"async\" src=\"https:\/\/magison.si\/wp-content\/uploads\/2023\/03\/400-36-1024x684.jpg\" alt=\"\" class=\"wp-image-1465\" width=\"452\" height=\"301\" srcset=\"https:\/\/magison.si\/wp-content\/uploads\/2023\/03\/400-36-1024x684.jpg 1024w, https:\/\/magison.si\/wp-content\/uploads\/2023\/03\/400-36-300x200.jpg 300w, https:\/\/magison.si\/wp-content\/uploads\/2023\/03\/400-36-768x513.jpg 768w, https:\/\/magison.si\/wp-content\/uploads\/2023\/03\/400-36.jpg 1237w\" sizes=\"auto, (max-width: 452px) 100vw, 452px\" \/><\/figure>\n\n\n\n<p class=\"justify\">V postopkih prisilne poravnave je ravnanje poslovodstva oziroma podjetja pod drobnogledom upravitelja, sodi\u0161\u010da, upnikov. Pri tem \u017ee manj\u0161a napaka ali nehote izvedeno (ne)ravnanje lahko pomeni <strong>avtomati\u010dno prekinitev postopka prisilne poravnave in za\u010detek ste\u010dajnega postopka<\/strong>. Seveda je to stresna situacija, ki za marsikoga, ki ni ve\u0161\u010d zakonodaje in postopkov v zvezi s prisilno poravnavo in v zvezi s tem nima izku\u0161enj, pomeni prevelik pritisk. Potrebna je namre\u010d polna predanost postopku prisilne poravnave, \u010desar pa si marsikateri poslovodja iz povsem prakti\u010dnih razlogov ne more privo\u0161\u010diti. Enostavno mu zmanjkuje \u010dasa \u017ee za nujne poslovne aktivnosti za ohranitev poslovanja podjetja, ki jih je v primeru insolven\u010dnega postopka ponavadi \u0161e ve\u010d. Zato je potrebno o tem v primeru prisilne poravnave razmisliti in se na tovrstne izzive ustrezno predhodno pripraviti.<\/p>\n\n\n\n<p class=\"justify\">Na osnovi bogatih strokovnih in osebnih poslovodnih izku\u0161enj, vam lahko ponudimo svetovanje pri vodenju insolventnega podjetja.<\/p>\n<\/div>\n\n\n\n<div class=\"wp-block-group has-text-color is-layout-constrained wp-block-group-is-layout-constrained\" style=\"color:#7030a0\">\n<p><strong><em>Imate dodatna vpra\u0161anja? Vas zanima ve\u010d?<\/em><\/strong><\/p>\n\n\n\n<p><strong><em>Pi\u0161ite nam, pokli\u010dite nas in potrudili se bomo najti ustrezne strokovne re\u0161itve za vas.<\/em><\/strong><em><\/em><\/p>\n\n\n\n<div style=\"height:100px\" aria-hidden=\"true\" class=\"wp-block-spacer\"><\/div>\n<\/div>\n","protected":false},"excerpt":{"rendered":"<p>Svetovanje pri vodenju insolventnega podjetja V praksi se pojavljajo situacije, ko, zaradi najrazli\u010dnej\u0161ih razlogov, obstoje\u010de [&hellip;]<\/p>\n","protected":false},"author":1,"featured_media":0,"parent":835,"menu_order":6,"comment_status":"closed","ping_status":"closed","template":"","meta":{"_uag_custom_page_level_css":"","footnotes":""},"class_list":["post-1378","page","type-page","status-publish","hentry"],"yoast_head":"<!-- This site is optimized with the Yoast SEO plugin v20.4 - https:\/\/yoast.com\/wordpress\/plugins\/seo\/ -->\n<title>Svetovanje pri vodenju insolventnega podjetja - Magison Svetovanje<\/title>\n<meta name=\"robots\" content=\"index, follow, max-snippet:-1, max-image-preview:large, max-video-preview:-1\" \/>\n<link rel=\"canonical\" href=\"https:\/\/magison.si\/?page_id=1378\" \/>\n<meta property=\"og:locale\" content=\"en_US\" \/>\n<meta property=\"og:type\" content=\"article\" \/>\n<meta property=\"og:title\" content=\"Svetovanje pri vodenju insolventnega podjetja - Magison Svetovanje\" \/>\n<meta property=\"og:description\" content=\"Svetovanje pri vodenju insolventnega podjetja V praksi se pojavljajo situacije, ko, zaradi najrazli\u010dnej\u0161ih razlogov, obstoje\u010de [&hellip;]\" \/>\n<meta property=\"og:url\" content=\"https:\/\/magison.si\/?page_id=1378\" \/>\n<meta property=\"og:site_name\" content=\"Magison Svetovanje\" \/>\n<meta property=\"article:modified_time\" content=\"2023-11-20T09:22:07+00:00\" \/>\n<meta property=\"og:image\" content=\"https:\/\/magison.si\/wp-content\/uploads\/2023\/03\/PentljaT.png\" \/>\n<meta name=\"twitter:card\" content=\"summary_large_image\" \/>\n<meta name=\"twitter:label1\" content=\"Est. reading time\" \/>\n\t<meta name=\"twitter:data1\" content=\"2 minutes\" \/>\n<script type=\"application\/ld+json\" class=\"yoast-schema-graph\">{\"@context\":\"https:\/\/schema.org\",\"@graph\":[{\"@type\":\"WebPage\",\"@id\":\"https:\/\/magison.si\/?page_id=1378\",\"url\":\"https:\/\/magison.si\/?page_id=1378\",\"name\":\"Svetovanje pri vodenju insolventnega podjetja - Magison Svetovanje\",\"isPartOf\":{\"@id\":\"https:\/\/magison.si\/#website\"},\"datePublished\":\"2023-03-02T20:31:12+00:00\",\"dateModified\":\"2023-11-20T09:22:07+00:00\",\"breadcrumb\":{\"@id\":\"https:\/\/magison.si\/?page_id=1378#breadcrumb\"},\"inLanguage\":\"en-US\",\"potentialAction\":[{\"@type\":\"ReadAction\",\"target\":[\"https:\/\/magison.si\/?page_id=1378\"]}]},{\"@type\":\"BreadcrumbList\",\"@id\":\"https:\/\/magison.si\/?page_id=1378#breadcrumb\",\"itemListElement\":[{\"@type\":\"ListItem\",\"position\":1,\"name\":\"Home\",\"item\":\"https:\/\/magison.si\/\"},{\"@type\":\"ListItem\",\"position\":2,\"name\":\"Podjetje v finan\u010dnih te\u017eavah \u2013 svetovanje in storitve\",\"item\":\"https:\/\/magison.si\/?page_id=835\"},{\"@type\":\"ListItem\",\"position\":3,\"name\":\"Svetovanje pri vodenju insolventnega podjetja\"}]},{\"@type\":\"WebSite\",\"@id\":\"https:\/\/magison.si\/#website\",\"url\":\"https:\/\/magison.si\/\",\"name\":\"Magison Svetovanje\",\"description\":\"\",\"publisher\":{\"@id\":\"https:\/\/magison.si\/#organization\"},\"potentialAction\":[{\"@type\":\"SearchAction\",\"target\":{\"@type\":\"EntryPoint\",\"urlTemplate\":\"https:\/\/magison.si\/?s={search_term_string}\"},\"query-input\":\"required name=search_term_string\"}],\"inLanguage\":\"en-US\"},{\"@type\":\"Organization\",\"@id\":\"https:\/\/magison.si\/#organization\",\"name\":\"Magison Svetovanje\",\"url\":\"https:\/\/magison.si\/\",\"logo\":{\"@type\":\"ImageObject\",\"inLanguage\":\"en-US\",\"@id\":\"https:\/\/magison.si\/#\/schema\/logo\/image\/\",\"url\":\"https:\/\/magison.si\/wp-content\/uploads\/2023\/01\/ZNAK-MAGISON.jpg\",\"contentUrl\":\"https:\/\/magison.si\/wp-content\/uploads\/2023\/01\/ZNAK-MAGISON.jpg\",\"width\":1634,\"height\":542,\"caption\":\"Magison Svetovanje\"},\"image\":{\"@id\":\"https:\/\/magison.si\/#\/schema\/logo\/image\/\"}}]}<\/script>\n<!-- \/ Yoast SEO plugin. -->","yoast_head_json":{"title":"Svetovanje pri vodenju insolventnega podjetja - Magison Svetovanje","robots":{"index":"index","follow":"follow","max-snippet":"max-snippet:-1","max-image-preview":"max-image-preview:large","max-video-preview":"max-video-preview:-1"},"canonical":"https:\/\/magison.si\/?page_id=1378","og_locale":"en_US","og_type":"article","og_title":"Svetovanje pri vodenju insolventnega podjetja - Magison Svetovanje","og_description":"Svetovanje pri vodenju insolventnega podjetja V praksi se pojavljajo situacije, ko, zaradi najrazli\u010dnej\u0161ih razlogov, obstoje\u010de [&hellip;]","og_url":"https:\/\/magison.si\/?page_id=1378","og_site_name":"Magison Svetovanje","article_modified_time":"2023-11-20T09:22:07+00:00","og_image":[{"url":"https:\/\/magison.si\/wp-content\/uploads\/2023\/03\/PentljaT.png"}],"twitter_card":"summary_large_image","twitter_misc":{"Est. reading time":"2 minutes"},"schema":{"@context":"https:\/\/schema.org","@graph":[{"@type":"WebPage","@id":"https:\/\/magison.si\/?page_id=1378","url":"https:\/\/magison.si\/?page_id=1378","name":"Svetovanje pri vodenju insolventnega podjetja - Magison Svetovanje","isPartOf":{"@id":"https:\/\/magison.si\/#website"},"datePublished":"2023-03-02T20:31:12+00:00","dateModified":"2023-11-20T09:22:07+00:00","breadcrumb":{"@id":"https:\/\/magison.si\/?page_id=1378#breadcrumb"},"inLanguage":"en-US","potentialAction":[{"@type":"ReadAction","target":["https:\/\/magison.si\/?page_id=1378"]}]},{"@type":"BreadcrumbList","@id":"https:\/\/magison.si\/?page_id=1378#breadcrumb","itemListElement":[{"@type":"ListItem","position":1,"name":"Home","item":"https:\/\/magison.si\/"},{"@type":"ListItem","position":2,"name":"Podjetje v finan\u010dnih te\u017eavah \u2013 svetovanje in storitve","item":"https:\/\/magison.si\/?page_id=835"},{"@type":"ListItem","position":3,"name":"Svetovanje pri vodenju insolventnega podjetja"}]},{"@type":"WebSite","@id":"https:\/\/magison.si\/#website","url":"https:\/\/magison.si\/","name":"Magison Svetovanje","description":"","publisher":{"@id":"https:\/\/magison.si\/#organization"},"potentialAction":[{"@type":"SearchAction","target":{"@type":"EntryPoint","urlTemplate":"https:\/\/magison.si\/?s={search_term_string}"},"query-input":"required name=search_term_string"}],"inLanguage":"en-US"},{"@type":"Organization","@id":"https:\/\/magison.si\/#organization","name":"Magison Svetovanje","url":"https:\/\/magison.si\/","logo":{"@type":"ImageObject","inLanguage":"en-US","@id":"https:\/\/magison.si\/#\/schema\/logo\/image\/","url":"https:\/\/magison.si\/wp-content\/uploads\/2023\/01\/ZNAK-MAGISON.jpg","contentUrl":"https:\/\/magison.si\/wp-content\/uploads\/2023\/01\/ZNAK-MAGISON.jpg","width":1634,"height":542,"caption":"Magison Svetovanje"},"image":{"@id":"https:\/\/magison.si\/#\/schema\/logo\/image\/"}}]}},"uagb_featured_image_src":{"full":false,"thumbnail":false,"medium":false,"medium_large":false,"large":false,"1536x1536":false,"2048x2048":false},"uagb_author_info":{"display_name":"admin","author_link":"https:\/\/magison.si\/?author=1"},"uagb_comment_info":0,"uagb_excerpt":"Svetovanje pri vodenju insolventnega podjetja V praksi se pojavljajo situacije, ko, zaradi najrazli\u010dnej\u0161ih razlogov, obstoje\u010de [&hellip;]","_links":{"self":[{"href":"https:\/\/magison.si\/index.php?rest_route=\/wp\/v2\/pages\/1378","targetHints":{"allow":["GET"]}}],"collection":[{"href":"https:\/\/magison.si\/index.php?rest_route=\/wp\/v2\/pages"}],"about":[{"href":"https:\/\/magison.si\/index.php?rest_route=\/wp\/v2\/types\/page"}],"author":[{"embeddable":true,"href":"https:\/\/magison.si\/index.php?rest_route=\/wp\/v2\/users\/1"}],"replies":[{"embeddable":true,"href":"https:\/\/magison.si\/index.php?rest_route=%2Fwp%2Fv2%2Fcomments&post=1378"}],"version-history":[{"count":5,"href":"https:\/\/magison.si\/index.php?rest_route=\/wp\/v2\/pages\/1378\/revisions"}],"predecessor-version":[{"id":1817,"href":"https:\/\/magison.si\/index.php?rest_route=\/wp\/v2\/pages\/1378\/revisions\/1817"}],"up":[{"embeddable":true,"href":"https:\/\/magison.si\/index.php?rest_route=\/wp\/v2\/pages\/835"}],"wp:attachment":[{"href":"https:\/\/magison.si\/index.php?rest_route=%2Fwp%2Fv2%2Fmedia&parent=1378"}],"curies":[{"name":"wp","href":"https:\/\/api.w.org\/{rel}","templated":true}]}}