{"id":1368,"date":"2023-03-02T20:28:19","date_gmt":"2023-03-02T20:28:19","guid":{"rendered":"https:\/\/magison.si\/?page_id=1368"},"modified":"2023-11-30T20:44:38","modified_gmt":"2023-11-30T20:44:38","slug":"postopek-poenostavljene-prisilne-poravnave","status":"publish","type":"page","link":"https:\/\/magison.si\/?page_id=1368","title":{"rendered":"Postopek prisilne poravnave"},"content":{"rendered":"\n<figure class=\"wp-block-image aligncenter size-full is-resized\"><img loading=\"lazy\" decoding=\"async\" width=\"210\" height=\"49\" src=\"https:\/\/magison.si\/wp-content\/uploads\/2023\/03\/PentljaT.png\" alt=\"\" class=\"wp-image-1797\"\/><\/figure>\n\n\n\n<h2 class=\"wp-block-heading has-text-align-center has-text-color\" style=\"color:#7030a0\"><strong>Postopek prisilne poravnave<\/strong><\/h2>\n\n\n<p><style>\n.sidenav {\nbackground:#ffff;  \n  z-index:0;\n  margin:0 auto;\n  \/*border:1px solid red;*\/\n  width:20%;\npadding-right:3em;\n  position:fixed;  \n  right:0;\n  top: 35%;\n}\n\nli a{color: #1583DD}\nli a:hover {\n  color: #000066 !important;\n}\nul.check {\n  list-style: none;\n}\nul.check li:before {\n  content: '\\2714\\0020';\n}\n\n@media screen and (max-width: 1200px)  \n{     \n.sidenav { display: none; }  \n}\n<\/style><\/p>\n<div class=\"sidenav\">\n<ul class=\"Bcheck\">\n<li><a href=\"https:\/\/magison.si\/?page_id=1402\">Priprava Poro\u010dila o finan\u010dnem polo\u017eaju in poslovanju <\/a><\/li>\n<li><a href=\"https:\/\/magison.si\/?page_id=1404\">Priprava razli\u010dnih Na\u010drtov finan\u010dnega prestrukturiranja<\/a><\/li>\n<li><a href=\"https:\/\/magison.si\/?page_id=1406\">Priprava Poro\u010dila poobla\u0161\u010denega ocenjevalca vrednosti podjetij<\/a><\/li>\n<li><a href=\"https:\/\/magison.si\/?page_id=1408\">Priprava Izjave dol\u017enika v primeru Ugovora upnika proti vodenju postopka prisilne poravnave in pomo\u010d zastopnikom dol\u017enika pri narokih pred sodi\u0161\u010di<\/a><\/li>\n<li><a href=\"https:\/\/magison.si\/?page_id=1412\">Priprava druge potrebne dokumentacije in strokovnih mnenj v postopku prisilne poravnave<\/a><\/li>\n<li><a href=\"https:\/\/magison.si\/?page_id=1414\">Svetovanje poslovodstvu v postopkih prisilne poravnave, pogajanja z bankami in drugimi upniki v postopku prisilne poravnave<\/a><\/li>\n<\/ul>\n<\/div>\n\n\n<div class=\"wp-block-group has-text-color is-layout-constrained wp-block-group-is-layout-constrained\" style=\"color:#000066\">\n<p class=\"justify\">Takoj po nastanku insolventnosti mora poslovodstvo sprejeti pomembno odlo\u010ditev o tem ali bo lahko finan\u010dne te\u017eave podjetja re\u0161ilo s poslovno-finan\u010dnimi ukrepi, ki so v pristojnosti poslovodstva in skup\u0161\u010dine ali pa <strong>bo med ukrepe finan\u010dnega prestrukturiranja vklju\u010dilo tudi sodni postopek  prisilne poravnave.<\/strong><\/p>\n\n\n\n<figure class=\"wp-block-image aligncenter size-full is-resized\"><img loading=\"lazy\" decoding=\"async\" width=\"862\" height=\"646\" src=\"https:\/\/magison.si\/wp-content\/uploads\/2023\/03\/400-25.jpg\" alt=\"\" class=\"wp-image-1455\" style=\"width:432px;height:324px\" srcset=\"https:\/\/magison.si\/wp-content\/uploads\/2023\/03\/400-25.jpg 862w, https:\/\/magison.si\/wp-content\/uploads\/2023\/03\/400-25-300x225.jpg 300w, https:\/\/magison.si\/wp-content\/uploads\/2023\/03\/400-25-768x576.jpg 768w\" sizes=\"auto, (max-width: 862px) 100vw, 862px\" \/><\/figure>\n\n\n\n<p class=\"justify\">Prisilna poravnava  je postopek zaradi insolventnosti, ki predstavljata <strong>mo\u017een ukrep finan\u010dnega prestrukturiranja<\/strong>. Poslovodstvo ob nastanku insolventnosti na osnovi ustreznih analiz predvidi ukrepe finan\u010dnega prestrukturiranja v svoji pristojnosti in pristojnosti skup\u0161\u010dine, s katerimi predlaga odpravo insolventnosti. V kolikor ti ukrepi ne zado\u0161\u010dajo za odpravo insolventnosti, potem se  mora poslovodstvo opredeliti tudi glede prisilne poravnave:<\/p>\n\n\n\n<ul class=\"wp-block-list\">\n<li><strong>kak\u0161no prisilno poravnavo<\/strong> predlagati, da bi odpravili insolventnost in<\/li>\n\n\n\n<li>ali je tako prisilno poravnavo <strong>mo\u017eno izpeljati<\/strong>.<\/li>\n<\/ul>\n\n\n\n<p class=\"justify\">Poslovodstvo je <strong>prisilno poravnavo dol\u017eno predlagati<\/strong> in izvesti v primerih, ko odprava insolventnosti ni mo\u017ena brez prisilne poravnave, le-to pa je mo\u017eno izpeljati v obsegu, ki je potreben za zagotovitev odprave insolventnosti.&nbsp;Rok za predlaganje za\u010detka postopka prisilne poravnave je zgolj 30 dni od nastanka insolventnosti.<\/p>\n\n\n\n<p class=\"justify\">Prisilna poravnava in prisilna poravnava za malo gospodarstvo sta natan\u010dno predpisana sodna postopka, ki ju ureja ZFPPIPP, katerih osnovni namen je <strong>zni\u017eanje in odlog roka pla\u010dila terjatev<\/strong> upnikov ter\/ali <strong>prenos terjatev upnikov na dol\u017enika\/podjetje <\/strong>do take mere, da bo podjetje odpravilo insolventnost. Na ta na\u010din poslovodstvo zagotovi obstoj podjetja ter dolo\u010dene bodo\u010de koristi upnikom, ki so vi\u0161je od tistih v primeru ste\u010dajnega postopka.<\/p>\n\n\n\n<p class=\"justify\">Prisilna poravnava je postopek, v katerem se <strong>kri\u017eajo interesi upnikov in dol\u017enika<\/strong>. V tem postopku insolventno podjetje poda upnikom predlog za odpis in odlog pla\u010dila terjatev ali prenos terjatev na dol\u017enika, za potrditev takega predloga pa mora nato pridobiti ve\u010dino glasov upnikov, da se s takim predlogom strinjajo.<\/p>\n<\/div>\n\n\n\n<div class=\"wp-block-group has-text-color is-layout-constrained wp-block-group-is-layout-constrained\" style=\"color:#000066\">\n<figure class=\"wp-block-image size-large\"><img loading=\"lazy\" decoding=\"async\" width=\"1024\" height=\"409\" src=\"https:\/\/magison.si\/wp-content\/uploads\/2023\/03\/400-23-1024x409.jpg\" alt=\"\" class=\"wp-image-1453\" srcset=\"https:\/\/magison.si\/wp-content\/uploads\/2023\/03\/400-23-1024x409.jpg 1024w, https:\/\/magison.si\/wp-content\/uploads\/2023\/03\/400-23-300x120.jpg 300w, https:\/\/magison.si\/wp-content\/uploads\/2023\/03\/400-23-768x307.jpg 768w, https:\/\/magison.si\/wp-content\/uploads\/2023\/03\/400-23.jpg 1463w\" sizes=\"auto, (max-width: 1024px) 100vw, 1024px\" \/><\/figure>\n\n\n\n<p class=\"justify\">Priprava in izvedba tovrstnih postopkov je <strong>ekonomsko in pravno gledano izjemno zahtevno strokovno opravilo<\/strong>. Potrebno je predvideti izvedljivost postopkov, pripraviti \u0161tevilne dokumente v sodelovanju s strokovnjaki kot so revizorji, poobla\u0161\u010deni ocenjevalci (vrednosti podjetij, nepremi\u010dnin, opreme), usklajevati interese z upniki in upraviteljem prisilne poravnave, izvajati dol\u017ena ravnanja, upo\u0161tevati \u0161tevilne prepovedi, izvesti postopke pred sodi\u0161\u010dem, ter vse skupaj usklajevati in izpeljati tako, da bo v korist podjetja. S postopkom prisilne poravnave se podjetje navadno sre\u010da zgolj enkrat, zato poslovodstvo nanj praviloma ni pripravljeno do te mere, da bi ga bilo samo sposobno kvalitetno izpeljati. Ponavadi nima znanj in izku\u0161enj o poteku postopkov, vzro\u010dno-posledi\u010dnih povezavah in s pripravo potrebnih gradiv. To podro\u010dje je izjemno kompleksno in zahteva polno predanost ter natan\u010dnost, saj lahko \u017ee majhna napaka pomeni ste\u010daj in s tem prenehanje dru\u017ebe. Ve\u010dinoma brez strokovne pomo\u010di izku\u0161enih svetovalcev ne gre.<\/p>\n\n\n\n<p class=\"justify\">V primerih, ko je smotrno in potrebno insolventnost \u00bbzdraviti\u00ab s postopki prisilne poravnave, vam bomo nudili <strong>kvalitetne nasvete<\/strong> v zvezi s postopki, stro\u0161ki, izvedljivostjo, dol\u017enostmi, omejitvami in pozitivnimi ter negativnimi stranmi postopka prisilne poravnave. Prav tako vas bomo <strong>vodili skozi postopke<\/strong>, pripravili ustrezno dokumentacijo in koordinirali aktivnosti z drugimi udele\u017eenci postopkov (upravitelj, sodi\u0161\u010de, revizorji, ocenjevalci, odvetniki\u2026).<\/p>\n\n\n\n<p class=\"justify\">V zvezi s postopki prisilne poravnave so <strong>na\u0161e izku\u0161nje med najcelovitej\u0161imi in najobse\u017enej\u0161imi v Sloveniji<\/strong>. S prisilno poravnavo kot metodo finan\u010dnega prestrukturiranja se <strong>ukvarjamo profesionalno \u017ee ve\u010d kot 25 let<\/strong> in smo v praksi spoznali \u0161tevilne prednosti, slabosti in pasti razli\u010dnih faz tega postopka. Zato vam lahko ponudimo svetovanje in storitve pri usklajevanju mnogih dejavnikov v postopku prisilne poravnave, ki bodo zagotavljali optimalen obseg koristi tako za podjetje in lastnike kot tudi upnike.<\/p>\n\n\n\n<p class=\"justify\">V kolikor je prisilna poravnava pravi na\u010din in ukrep za finan\u010dno sanacijo podjetja, vam lahko ponudimo <strong>strokovno<\/strong> <strong>pomo\u010d pri vseh fazah postopka prisilne poravnave<\/strong>.<\/p>\n<\/div>\n\n\n\n<div class=\"wp-block-group has-text-color is-layout-constrained wp-block-group-is-layout-constrained\" style=\"color:#7030a0\">\n<ul class=\"check justify wp-block-list\">\n<li>Svetovanje in storitve pri odlo\u010danju o izvedljivosti prisilne poravnave (prednosti, slabosti, obveznosti, pravice, stro\u0161ki, kontrola nad poslovanjem, postopki, roki, vplivi na poslovanje, izvedljivost\u2026)<\/li>\n\n\n\n<li>Svetovanje glede izvedbe prisilne poravnave za malo gospodarstvo in primerjave med ukrepi in u\u010dinki prisilne poravnave za malo gospodarstvo in prisilne poravnave<\/li>\n\n\n\n<li>Priprava Poro\u010dila o finan\u010dnem polo\u017eaju in poslovanju ali svetovanje pri pripravi in koordinacija z izbranim poobla\u0161\u010denim revizorjem<\/li>\n\n\n\n<li>Priprava razli\u010dnih Na\u010drtov finan\u010dnega prestrukturiranja po ZFPPIPP:<br>&#8211; za prisilno poravnavo,<br>&#8211; za prisilno poravnavo za malo gospodarstvo,<br>&#8211; priprava Spremenjenega Na\u010drta finan\u010dnega prestrukturiranja,<br>&#8211; priprava Na\u010drta finan\u010dnega prestrukturiranja za upni\u0161ko prisilno poravnavo (po 221.j. in     221.k. \u010dlenu ZFPPIPP)<\/li>\n\n\n\n<li>Usklajevanje aktivnosti pri pripravi Na\u010drta finan\u010dnega prestrukturiranja z ostalimi dele\u017eniki (revizorji, poobla\u0161\u010deni ocenjevalci\u2026)<\/li>\n\n\n\n<li>Priprava Poro\u010dila poobla\u0161\u010denega ocenjevalca vrednosti podjetij (po 146. in 181. \u010dlenu ZFPPIPP)<\/li>\n\n\n\n<li>Priprava Izjave dol\u017enika v primeru Ugovora upnika proti vodenju postopka prisilne poravnave (po 172. in 176. \u010dlenu ZFPPIPP)<\/li>\n\n\n\n<li>Pomo\u010d zastopnikom dol\u017enika glede ekonomsko-finan\u010dnih in proceduralnih vpra\u0161anj pri narokih pred sodi\u0161\u010di v zvezi s prisilno poravnavo (priprava vlog, izjav, mnenj, nastopi na narokih\u2026)<\/li>\n\n\n\n<li>Priprava druge potrebne dokumentacije za prisilno poravnavo (vloge, dopolnitve, sklepi za poenostavljeno zmanj\u0161anje in pove\u010danje kapitala, prodaja premo\u017eenja&#8230;)<\/li>\n\n\n\n<li>Svetovanje poslovodstvu v postopkih prisilne poravnave (proceduralna vpra\u0161anja, odgovornosti, dol\u017enosti pri poslovanju, odnosi z upniki, z upraviteljem prisilne poravnave, s sodi\u0161\u010dem\u2026)<\/li>\n\n\n\n<li>Pogajanja z bankami in drugimi upniki v postopku prisilne poravnave<\/li>\n\n\n\n<li>Strokovna mnenja v postopku prisilne poravnave<\/li>\n<\/ul>\n<\/div>\n\n\n\n<div class=\"wp-block-group is-layout-constrained wp-block-group-is-layout-constrained\">\n<p class=\"justify has-text-color\" style=\"color:#000066\">Zgoraj navedene storitve so <strong>namenjene insolventnim podjetjem, <\/strong>ki svojih te\u017eav v finan\u010dnem poslovanju ne morejo re\u0161iti z obi\u010dajnimi ukrepi finan\u010dnega prestrukturiranja, temve\u010d s postopkom  prisilne poravnave, ali pa se \u017ee nahajajo v postopku prisilne poravnave in potrebujejo strokovno pomo\u010d.<\/p>\n<\/div>\n\n\n\n<div class=\"wp-block-group has-text-color is-layout-constrained wp-block-group-is-layout-constrained\" style=\"color:#7030a0\">\n<p><strong><em>Imate dodatna vpra\u0161anja? Vas zanima ve\u010d?<\/em><\/strong><\/p>\n\n\n\n<p><strong><em>Pi\u0161ite nam, pokli\u010dite nas in potrudili se bomo najti ustrezne strokovne re\u0161itve za vas.<\/em><\/strong><strong><\/strong><\/p>\n\n\n\n<div style=\"height:100px\" aria-hidden=\"true\" class=\"wp-block-spacer\"><\/div>\n<\/div>\n","protected":false},"excerpt":{"rendered":"<p>Postopek prisilne poravnave Priprava Poro\u010dila o finan\u010dnem polo\u017eaju in poslovanju Priprava razli\u010dnih Na\u010drtov finan\u010dnega prestrukturiranja [&hellip;]<\/p>\n","protected":false},"author":1,"featured_media":0,"parent":835,"menu_order":2,"comment_status":"closed","ping_status":"closed","template":"","meta":{"_uag_custom_page_level_css":"","footnotes":""},"class_list":["post-1368","page","type-page","status-publish","hentry"],"yoast_head":"<!-- This site is optimized with the Yoast SEO plugin v20.4 - https:\/\/yoast.com\/wordpress\/plugins\/seo\/ -->\n<title>Postopek prisilne poravnave - Magison Svetovanje<\/title>\n<meta name=\"robots\" content=\"index, follow, max-snippet:-1, max-image-preview:large, max-video-preview:-1\" \/>\n<link rel=\"canonical\" href=\"https:\/\/magison.si\/?page_id=1368\" \/>\n<meta property=\"og:locale\" content=\"en_US\" \/>\n<meta property=\"og:type\" content=\"article\" \/>\n<meta property=\"og:title\" content=\"Postopek prisilne poravnave - Magison Svetovanje\" \/>\n<meta property=\"og:description\" content=\"Postopek prisilne poravnave Priprava Poro\u010dila o finan\u010dnem polo\u017eaju in poslovanju Priprava razli\u010dnih Na\u010drtov finan\u010dnega prestrukturiranja [&hellip;]\" \/>\n<meta property=\"og:url\" content=\"https:\/\/magison.si\/?page_id=1368\" \/>\n<meta property=\"og:site_name\" content=\"Magison Svetovanje\" \/>\n<meta property=\"article:modified_time\" content=\"2023-11-30T20:44:38+00:00\" \/>\n<meta property=\"og:image\" content=\"https:\/\/magison.si\/wp-content\/uploads\/2023\/03\/PentljaT.png\" \/>\n<meta name=\"twitter:card\" content=\"summary_large_image\" \/>\n<meta name=\"twitter:label1\" content=\"Est. reading time\" \/>\n\t<meta name=\"twitter:data1\" content=\"5 minutes\" \/>\n<script type=\"application\/ld+json\" class=\"yoast-schema-graph\">{\"@context\":\"https:\/\/schema.org\",\"@graph\":[{\"@type\":\"WebPage\",\"@id\":\"https:\/\/magison.si\/?page_id=1368\",\"url\":\"https:\/\/magison.si\/?page_id=1368\",\"name\":\"Postopek prisilne poravnave - Magison Svetovanje\",\"isPartOf\":{\"@id\":\"https:\/\/magison.si\/#website\"},\"datePublished\":\"2023-03-02T20:28:19+00:00\",\"dateModified\":\"2023-11-30T20:44:38+00:00\",\"breadcrumb\":{\"@id\":\"https:\/\/magison.si\/?page_id=1368#breadcrumb\"},\"inLanguage\":\"en-US\",\"potentialAction\":[{\"@type\":\"ReadAction\",\"target\":[\"https:\/\/magison.si\/?page_id=1368\"]}]},{\"@type\":\"BreadcrumbList\",\"@id\":\"https:\/\/magison.si\/?page_id=1368#breadcrumb\",\"itemListElement\":[{\"@type\":\"ListItem\",\"position\":1,\"name\":\"Home\",\"item\":\"https:\/\/magison.si\/\"},{\"@type\":\"ListItem\",\"position\":2,\"name\":\"Podjetje v finan\u010dnih te\u017eavah \u2013 svetovanje in storitve\",\"item\":\"https:\/\/magison.si\/?page_id=835\"},{\"@type\":\"ListItem\",\"position\":3,\"name\":\"Postopek prisilne poravnave\"}]},{\"@type\":\"WebSite\",\"@id\":\"https:\/\/magison.si\/#website\",\"url\":\"https:\/\/magison.si\/\",\"name\":\"Magison Svetovanje\",\"description\":\"\",\"publisher\":{\"@id\":\"https:\/\/magison.si\/#organization\"},\"potentialAction\":[{\"@type\":\"SearchAction\",\"target\":{\"@type\":\"EntryPoint\",\"urlTemplate\":\"https:\/\/magison.si\/?s={search_term_string}\"},\"query-input\":\"required name=search_term_string\"}],\"inLanguage\":\"en-US\"},{\"@type\":\"Organization\",\"@id\":\"https:\/\/magison.si\/#organization\",\"name\":\"Magison Svetovanje\",\"url\":\"https:\/\/magison.si\/\",\"logo\":{\"@type\":\"ImageObject\",\"inLanguage\":\"en-US\",\"@id\":\"https:\/\/magison.si\/#\/schema\/logo\/image\/\",\"url\":\"https:\/\/magison.si\/wp-content\/uploads\/2023\/01\/ZNAK-MAGISON.jpg\",\"contentUrl\":\"https:\/\/magison.si\/wp-content\/uploads\/2023\/01\/ZNAK-MAGISON.jpg\",\"width\":1634,\"height\":542,\"caption\":\"Magison Svetovanje\"},\"image\":{\"@id\":\"https:\/\/magison.si\/#\/schema\/logo\/image\/\"}}]}<\/script>\n<!-- \/ Yoast SEO plugin. -->","yoast_head_json":{"title":"Postopek prisilne poravnave - Magison Svetovanje","robots":{"index":"index","follow":"follow","max-snippet":"max-snippet:-1","max-image-preview":"max-image-preview:large","max-video-preview":"max-video-preview:-1"},"canonical":"https:\/\/magison.si\/?page_id=1368","og_locale":"en_US","og_type":"article","og_title":"Postopek prisilne poravnave - Magison Svetovanje","og_description":"Postopek prisilne poravnave Priprava Poro\u010dila o finan\u010dnem polo\u017eaju in poslovanju Priprava razli\u010dnih Na\u010drtov finan\u010dnega prestrukturiranja [&hellip;]","og_url":"https:\/\/magison.si\/?page_id=1368","og_site_name":"Magison Svetovanje","article_modified_time":"2023-11-30T20:44:38+00:00","og_image":[{"url":"https:\/\/magison.si\/wp-content\/uploads\/2023\/03\/PentljaT.png"}],"twitter_card":"summary_large_image","twitter_misc":{"Est. reading time":"5 minutes"},"schema":{"@context":"https:\/\/schema.org","@graph":[{"@type":"WebPage","@id":"https:\/\/magison.si\/?page_id=1368","url":"https:\/\/magison.si\/?page_id=1368","name":"Postopek prisilne poravnave - Magison Svetovanje","isPartOf":{"@id":"https:\/\/magison.si\/#website"},"datePublished":"2023-03-02T20:28:19+00:00","dateModified":"2023-11-30T20:44:38+00:00","breadcrumb":{"@id":"https:\/\/magison.si\/?page_id=1368#breadcrumb"},"inLanguage":"en-US","potentialAction":[{"@type":"ReadAction","target":["https:\/\/magison.si\/?page_id=1368"]}]},{"@type":"BreadcrumbList","@id":"https:\/\/magison.si\/?page_id=1368#breadcrumb","itemListElement":[{"@type":"ListItem","position":1,"name":"Home","item":"https:\/\/magison.si\/"},{"@type":"ListItem","position":2,"name":"Podjetje v finan\u010dnih te\u017eavah \u2013 svetovanje in storitve","item":"https:\/\/magison.si\/?page_id=835"},{"@type":"ListItem","position":3,"name":"Postopek prisilne poravnave"}]},{"@type":"WebSite","@id":"https:\/\/magison.si\/#website","url":"https:\/\/magison.si\/","name":"Magison Svetovanje","description":"","publisher":{"@id":"https:\/\/magison.si\/#organization"},"potentialAction":[{"@type":"SearchAction","target":{"@type":"EntryPoint","urlTemplate":"https:\/\/magison.si\/?s={search_term_string}"},"query-input":"required name=search_term_string"}],"inLanguage":"en-US"},{"@type":"Organization","@id":"https:\/\/magison.si\/#organization","name":"Magison Svetovanje","url":"https:\/\/magison.si\/","logo":{"@type":"ImageObject","inLanguage":"en-US","@id":"https:\/\/magison.si\/#\/schema\/logo\/image\/","url":"https:\/\/magison.si\/wp-content\/uploads\/2023\/01\/ZNAK-MAGISON.jpg","contentUrl":"https:\/\/magison.si\/wp-content\/uploads\/2023\/01\/ZNAK-MAGISON.jpg","width":1634,"height":542,"caption":"Magison Svetovanje"},"image":{"@id":"https:\/\/magison.si\/#\/schema\/logo\/image\/"}}]}},"uagb_featured_image_src":{"full":false,"thumbnail":false,"medium":false,"medium_large":false,"large":false,"1536x1536":false,"2048x2048":false},"uagb_author_info":{"display_name":"admin","author_link":"https:\/\/magison.si\/?author=1"},"uagb_comment_info":0,"uagb_excerpt":"Postopek prisilne poravnave Priprava Poro\u010dila o finan\u010dnem polo\u017eaju in poslovanju Priprava razli\u010dnih Na\u010drtov finan\u010dnega prestrukturiranja [&hellip;]","_links":{"self":[{"href":"https:\/\/magison.si\/index.php?rest_route=\/wp\/v2\/pages\/1368","targetHints":{"allow":["GET"]}}],"collection":[{"href":"https:\/\/magison.si\/index.php?rest_route=\/wp\/v2\/pages"}],"about":[{"href":"https:\/\/magison.si\/index.php?rest_route=\/wp\/v2\/types\/page"}],"author":[{"embeddable":true,"href":"https:\/\/magison.si\/index.php?rest_route=\/wp\/v2\/users\/1"}],"replies":[{"embeddable":true,"href":"https:\/\/magison.si\/index.php?rest_route=%2Fwp%2Fv2%2Fcomments&post=1368"}],"version-history":[{"count":38,"href":"https:\/\/magison.si\/index.php?rest_route=\/wp\/v2\/pages\/1368\/revisions"}],"predecessor-version":[{"id":2049,"href":"https:\/\/magison.si\/index.php?rest_route=\/wp\/v2\/pages\/1368\/revisions\/2049"}],"up":[{"embeddable":true,"href":"https:\/\/magison.si\/index.php?rest_route=\/wp\/v2\/pages\/835"}],"wp:attachment":[{"href":"https:\/\/magison.si\/index.php?rest_route=%2Fwp%2Fv2%2Fmedia&parent=1368"}],"curies":[{"name":"wp","href":"https:\/\/api.w.org\/{rel}","templated":true}]}}