{"id":1366,"date":"2023-03-02T20:27:51","date_gmt":"2023-03-02T20:27:51","guid":{"rendered":"https:\/\/magison.si\/?page_id=1366"},"modified":"2023-11-30T21:31:44","modified_gmt":"2023-11-30T21:31:44","slug":"analize-porocila-in-ukrepi-pri-insolventnosti","status":"publish","type":"page","link":"https:\/\/magison.si\/?page_id=1366","title":{"rendered":"Analize, poro\u010dila in ukrepi pri (groze\u010di) insolventnosti"},"content":{"rendered":"\n<figure class=\"wp-block-image aligncenter size-full is-resized\"><img loading=\"lazy\" decoding=\"async\" width=\"210\" height=\"49\" src=\"https:\/\/magison.si\/wp-content\/uploads\/2023\/03\/PentljaT.png\" alt=\"\" class=\"wp-image-1797\" style=\"width:170px\"\/><\/figure>\n\n\n\n<h2 class=\"wp-block-heading has-text-align-center has-text-color\" style=\"color:#7030a0\"><strong>Analize, poro\u010dila in ukrepi pri (groze\u010di) insolventnosti<\/strong><\/h2>\n\n\n<style>\n.sidenav {\nbackground:#ffff;  \n  z-index:0;\n  margin:0 auto;\n  \/*border:1px solid red;*\/\n  width:20%;\npadding-right:3em;\n  position:fixed;  \n  right:0;\n  top: 35%;\n}\n\nli a{color: #1583DD}\nli a:hover {\n  color: #000066 !important;\n}\nul.check {\n  list-style: none;\n}\nul.check li:before {\n  content: '\\2714\\0020';\n}\n\n@media screen and (max-width: 1200px)  \n{     \n.sidenav { display: none; }  \n}\n<\/style>\n<div class=\"sidenav\">\n<ul class=\"Bcheck\">\n<li><a href=\"https:\/\/magison.si\/?page_id=1390\">Analiza finan\u010dnega polo\u017eaja in poslovanja, (groze\u010de) insolventnosti in ukrepov finan\u010dnega prestrukturiranja <\/a><\/li>\n<li><a href=\"https:\/\/magison.si\/?page_id=1392\">Analiza izvedljivosti prisilne poravnave in postopkov zaradi odprave groze\u010de insolventnosti\u00a0<\/a><\/li>\n<li><a href=\"https:\/\/magison.si\/?page_id=1394\">Svetovanje pri pripravi in podaji predloga za za\u010detek ste\u010dajnega postopka<\/a><\/li>\n<li><a href=\"https:\/\/magison.si\/?page_id=1396\">Svetovanje in priprava dokumentacije v predste\u010dajnem postopku glede odlo\u017eitve odlo\u010danja o za\u010detku ste\u010dajnega postopka<\/a><\/li>\n<li><a href=\"https:\/\/magison.si\/?page_id=1398\">Razvojni na\u010drt, Investicijski na\u010drt in Sanacijski na\u010drt poslovnega prestrukturiranja<\/a><\/li>\n<li><a href=\"https:\/\/magison.si\/?page_id=1400\">Svetovanja pri groze\u010di insolventnosti in pri insolventnosti<br \/><\/a><\/li>\n<\/ul>\n<\/div>\n\n\n<div class=\"wp-block-group has-text-color is-layout-constrained wp-block-group-is-layout-constrained\" style=\"color:#000066\">\n<p class=\"justify\">Ko se pojavijo te\u017eave v poslovanju (upad prihodkov, problemi z zagotavljanjem pla\u010d, ob\u010dasna blokada TRR, podalj\u0161evanje roka pla\u010dil dobaviteljem, neizpolnitev drugih obveznosti, negativno poslovanje\u2026), je poslovodstvo \u0161e posebej dol\u017eno <strong>spremljati poslovnofinan\u010dne elemente in kazalnike<\/strong>, ki ka\u017eejo kapitalsko ustreznost, pla\u010dilno sposobnost, morebitno ogro\u017eenost obstoja podjetja, groze\u010do insolventnost ali insolventnost.<\/p>\n\n\n\n<p class=\"justify\">Poslovodstvo mora kot dober gospodar predvsem <strong>pravo\u010dasno zaznati in ugotoviti groze\u010do insolventnost in insolventnost podjetja<\/strong>. Groze\u010da insolventnost in insolventnost sta polo\u017eaja, za katera <strong>ZFPPIPP poslovodstvom in drugim organom podjetja natan\u010dno predpisuje dol\u017ena ravnanja, roke in njihovo odgovornost.<\/strong> <\/p>\n\n\n\n<figure class=\"wp-block-image size-large\"><img loading=\"lazy\" decoding=\"async\" width=\"1024\" height=\"682\" src=\"https:\/\/magison.si\/wp-content\/uploads\/2023\/03\/400-14-1024x682.jpg\" alt=\"\" class=\"wp-image-1444\" srcset=\"https:\/\/magison.si\/wp-content\/uploads\/2023\/03\/400-14-1024x682.jpg 1024w, https:\/\/magison.si\/wp-content\/uploads\/2023\/03\/400-14-300x200.jpg 300w, https:\/\/magison.si\/wp-content\/uploads\/2023\/03\/400-14-768x512.jpg 768w, https:\/\/magison.si\/wp-content\/uploads\/2023\/03\/400-14.jpg 1163w\" sizes=\"auto, (max-width: 1024px) 100vw, 1024px\" \/><\/figure>\n\n\n\n<p class=\"justify\"><strong>Groze\u010da insolventnost <\/strong>je polo\u017eaj, ki nastane, \u010de je verjetno, da bo podjetje v roku enega leta postalo insolventno. ZFPPIPP usmerja poslovodstvo v zgodnje odkrivanje groze\u010de insolventnosti. Ko poslovodstvo ugotovi stanje groze\u010de insolventnosti mu ZFPPIPP nalaga naslednje:<\/p>\n\n\n\n<ol class=\"wp-block-list\">\n<li><strong>sprejetje ustreznih ukrepov <\/strong>finan\u010dnega prestrukturiranja s ciljem odprave vzrokov groze\u010de insolventnosti,<\/li>\n\n\n\n<li>takoj\u0161nje <strong>poro\u010danje<\/strong> organom nadzora,<\/li>\n\n\n\n<li>zagotavljanje <strong>enakopravne obravnave upnikov<\/strong>,<\/li>\n\n\n\n<li><strong>upo\u0161tevanje interesov<\/strong> upnikov, lastnikov in drugih dele\u017enikov,<\/li>\n\n\n\n<li><strong>izogibanje ravnanjem<\/strong>, ki bi zmanj\u0161evala premo\u017eenje ali ogro\u017eala pre\u017eivetje dru\u017ebe.<\/li>\n<\/ol>\n\n\n\n<p class=\"justify\">Zakonodaja te\u017ei\u0161\u010de aktivnosti poslovodstev glede insolventnosti usmerja predvsem &nbsp;zaznavanje groze\u010de insolventnosti in ukrepanje za prepre\u010ditev nastanka insolventnosti. V tem smislu je klju\u010dno zgodnje predvidevanje te\u017eav ter odpravljanje vzrokov&nbsp;&nbsp; te\u017eav v finan\u010dnem poslovanju, v smislu, da do resnih finan\u010dnih problemov sploh ne pride. Klju\u010dno orodje pri tem pa so analize finan\u010dnega polo\u017eaja in poslovanja ter finan\u010dno na\u010drtovanje, katerim naj poslovodstva v podjetjih namenijo ustrezno pozornost. Za odpravo polo\u017eaja groze\u010de insolventnosti zakonodaja, poleg \u00bbinternih\u00ab ukrepov finan\u010dnega prestrukturiranja podjetij, podjetjem omogo\u010da tudi dva sodna postopka: Postopek preventivnega prestrukturiranja in Postopek sodnega prestrukturiranja zaradi odprave groze\u010de insolventnosti.<\/p>\n\n\n\n<p class=\"justify\"><strong>Insolventnost <\/strong>pa je polo\u017eaj , ki za\u010dne z nastopom pla\u010dilne nesposobnosti ali kapitalske neustreznosti ali z izpolnitvijo pogojev, ki jih v zvezi z insolventnostjo dolo\u010da ZFPPIPP. Ugotovitev insolventnosti je namre\u010d izjemno pomemben trenutek v \u017eivljenju podjetja, saj stanje insolventnosti pomeni, da podjetje ne izpolnjuje ve\u010d minimalnega standarda za nastopanje na trgu, kot ga dolo\u010da ZFPPIPP \u2013 pla\u010dilne sposobnosti.<\/p>\n\n\n\n<p class=\"justify\"><strong>ZFPPIPP daje pla\u010dilno nesposobnemu podjetju mo\u017enost, da si z ukrepi finan\u010dnega prestrukturiranja pla\u010dilno sposobnost povrne in posluje naprej<\/strong>. V kolikor pa poslovodstvo ne vidi mo\u017enosti za ponovno vzpostavitev pla\u010dilne sposobnosti podjetja, ZFPPIPP poslovodstvu nalaga dol\u017enost, da za podjetje predlaga za\u010detek ste\u010dajnega postopka torej prenehanje delovanja podjetja.<\/p>\n<\/div>\n\n\n\n<div class=\"wp-block-group has-text-color is-layout-constrained wp-block-group-is-layout-constrained\" style=\"color:#000066\">\n<p class=\"justify\">Ko poslovodstvo ugotovi, da je podjetje postalo insolventno, je potrebno ukrepati zelo odlo\u010dno in skladno s predpisanimi postopki po ZFPPIPP, saj v tem primeru za ravnanja in dol\u017enosti&nbsp; poslovodstva te\u010dejo tudi roki, ki so izjemno kratki. <strong>V stanju insolventnosti podjetja ima poslovodstvo na osnovi ustreznih analiz mo\u017enost ukrepanja v treh smereh<\/strong>:<\/p>\n\n\n\n<ol style=\"list-style-type:1\" class=\"justify wp-block-list\">\n<li> v kolikor &nbsp;poslovodstvo ocenjuje, da je v podjetju mo\u017eno zagotoviti odpravo vzrokov insolventnosti z ukrepi finan\u010dnega prestrukturiranja \u00bbinterne\u00ab narave, mora <strong>ukrepe finan\u010dnega prestrukturiranja v 30 dneh od nastanka insolventnosti izvesti in odpraviti insolventnost<\/strong>. <\/li>\n\n\n\n<li>v kolikor&nbsp; poslovodstvo ocenjuje, da je v podjetju mo\u017eno zagotoviti odpravo vzrokov insolventnosti, vendar ukrepi finan\u010dnega prestrukturiranja \u00bbinterne\u00ab narave niso zadostni, pri \u010demer obenem poslovodstvo ocenjuje, da je mo\u017eno izvesti prisilno poravnavo (in z ukrepi v prisilni poravnavi, skupaj z internimi ukrepi\u00ab odpraviti vzroke za insolventnost), mora <strong>v 30 dneh od nastanka insolventnosti vlo\u017eiti predlog za za\u010detek postopka prisilne poravnave<\/strong>. <\/li>\n\n\n\n<li>v kolikor poslovodstvo oceni, da re\u0161itev nastalih te\u017eav in odprava insolventnosti ni realna, je dol\u017eno <strong>v 30 dneh od nastanka insolventnosti vlo\u017eiti predlog za za\u010detek ste\u010dajnega postopka<\/strong>.<\/li>\n<\/ol>\n\n\n\n<p class=\"justify\">V vmesnem \u010dasu od ugotovitve insolventnosti do odprave insolventnosti&nbsp; ali do vlo\u017eitve predloga za za\u010detek ste\u010dajnega postopka pa je poslovodstvo dol\u017eno zagotoviti <strong>enako obravnavo vseh upnikov<\/strong>, ki so v enakem polo\u017eaju, zagotoviti neopravljanje pla\u010dil za obveznosti, ki so nastale pred ugotovitvijo insolventnosti, zagotoviti opravljanje samo rednega poslovanja in prevzemanje obveznosti ter pla\u010dil za redno poslovanje. <\/p>\n\n\n\n<p class=\"justify\">V kolikor podjetje na insolventnost ne bo vnaprej pripravljeno z ustreznimi analizami ter tudi na\u010delnimi odlo\u010ditvami, potem bo zelo verjetno ob ugotovitvi insolventnosti lahko ukrepalo le v smeri vlo\u017eitve predloga za za\u010detek ste\u010dajnega postopka, saj bo za izvedbo ukrepov finan\u010dnega prestrukturiranja (interni ukrepi, predlog prisilne poravnave) 30 dni &nbsp;pogosto  premalo \u010dasa.<\/p>\n\n\n\n<p class=\"justify\">V praksi ugotavljamo, da je obdobje, ko se te\u017eave v poslovanju pojavijo, (pre)pogosto <strong>\u010das zamujenih prilo\u017enosti<\/strong>.<\/p>\n<\/div>\n\n\n\n<div class=\"wp-block-group has-text-color is-layout-constrained wp-block-group-is-layout-constrained\" style=\"color:#000066\">\n<figure class=\"wp-block-image alignleft size-full is-resized\"><img loading=\"lazy\" decoding=\"async\" width=\"857\" height=\"643\" src=\"https:\/\/magison.si\/wp-content\/uploads\/2023\/03\/400-15.jpg\" alt=\"\" class=\"wp-image-1445\" style=\"width:294px;height:220px\" srcset=\"https:\/\/magison.si\/wp-content\/uploads\/2023\/03\/400-15.jpg 857w, https:\/\/magison.si\/wp-content\/uploads\/2023\/03\/400-15-300x225.jpg 300w, https:\/\/magison.si\/wp-content\/uploads\/2023\/03\/400-15-768x576.jpg 768w\" sizes=\"auto, (max-width: 857px) 100vw, 857px\" \/><\/figure>\n\n\n\n<p class=\"justify\">Poslovodstva se velikokrat ne zavedajo dejanske razse\u017enosti te\u017eav v podjetju, ne spremljajo pla\u010dilne sposobnosti in kapitalske ustreznosti, ne izvedejo potrebnih analiz stanja v podjetju, ne izvedejo dol\u017enih ravnanj v zvezi z ugotovitvijo (groze\u010de) insolventnosti, ali pa reagirajo prepozno, nestrokovno in neustrezno, zaradi \u010desar po nepotrebnem <strong>\u00bbugasne\u00ab marsikatero podjetje<\/strong>, poslovodstva pa si nakopljejo od\u0161kodninske in druge to\u017ebe upnikov, upraviteljev in podjetja. To se pogosto zgodi zaradi neznanja,&nbsp; vpetosti vpletenih v vsakdanjo rutino,  ali pa zaradi nezmo\u017enosti strokovnega, nepristranskega in celovitega pogleda na stanje v podjetju. Najve\u010dkrat tako podjetje ni izvedlo predhodnih priprav ali izobra\u017eevanj v zvezi s te\u017eavami v podjetju in insolventnostjo, niti ni sistemati\u010dno spremljalo pomembnej\u0161ih podro\u010dij poslovanja z namenom pravo\u010dasne ugotovitve (groze\u010de) insolventnosti.<\/p>\n\n\n\n<p class=\"justify\">Poznavanje zakonsko predpisanih postopkov pri groze\u010di insolventnosti in pri insolventnosti, poznavanje omejitev in dol\u017enih ravnanj ter njihova pravo\u010dasna izvedba, obenem pa tudi vsebinsko kvalitetna analiza te\u017eav, vzrokov in mo\u017enih ukrepov za re\u0161itev stanja, so mnogokrat <strong>prehud zalogaj za zaposlene znotraj podjetij<\/strong>, saj s takimi situacijami in kompleksno zakonodajo na tem podro\u010dju nimajo izku\u0161enj, ali pa ustreznega kadra za to v podjetju preprosto ni.<\/p>\n\n\n\n<p class=\"justify\">Prepoznavanje pravih te\u017eav, \u0161ir\u0161i pogled na problematiko in mo\u017ene re\u0161itve, neobremenjenost z dnevnimi problemi v poslovanju, nepristranskost in objektivnost so tiste prednosti, ki jih, na osnovi obse\u017enega strokovnega znanja s podro\u010dja insolventnosti in izjemno bogatih prakti\u010dnih izku\u0161enj, lahko ponudimo ob ugotovitvi insolventnosti \u2013 v izjemno te\u017ekem in odlo\u010dilnem \u010dasu za obstoj in razvoj va\u0161ega podjetja.<\/p>\n<\/div>\n\n\n\n<div class=\"wp-block-group has-text-color is-layout-constrained wp-block-group-is-layout-constrained\" style=\"color:#000066\">\n<p class=\"justify\">Ob zaznavi znakov groze\u010de insolventnosti oziroma pred ugotovitvijo insolventnosti vam lahko ponudimo naslednje storitve:<\/p>\n\n\n\n<ul style=\"color:#7030a0\" class=\"check justify has-text-color wp-block-list\">\n<li>Analiza finan\u010dnega polo\u017eaja in poslovanja, (groze\u010de) insolventnosti in ukrepov finan\u010dnega prestrukturiranja <\/li>\n\n\n\n<li>Analiza izvedljivosti postopka prisilne poravnave in drugih postopkov sodnega prestrukturiranja zaradi odprave groze\u010de insolventnosti <\/li>\n<\/ul>\n\n\n\n<p class=\"justify\">V kolikor, na osnovi ustreznih analiz, poslovodstvo ugotavlja, da je <strong>sanacija (groze\u010de) insolventnosti mo\u017ena<\/strong>, potem bo poslovodstvo praviloma pristopilo k temeljiti pripravi sanacijsko razvojnih dokumentov. Lahko vam izdelamo:&nbsp;<\/p>\n\n\n\n<ul style=\"color:#7030a0\" class=\"check justify has-text-color wp-block-list\">\n<li>Razvojni na\u010drt, Investicijski na\u010drt, Sanacijski na\u010drt poslovnega prestrukturiranja<\/li>\n<\/ul>\n\n\n\n<p class=\"justify\">V kolikor poslovodstvo oceni, da <strong>insolventnosti ni mogo\u010de sanirati<\/strong>, vam lahko pomagamo tudi pri predlogu za za\u010detek ste\u010dajnega postopka.<\/p>\n\n\n\n<ul style=\"color:#7030a0\" class=\"check justify has-text-color wp-block-list\">\n<li>Svetovanje pri pripravi in podaji predloga za za\u010detek ste\u010dajnega postopka<\/li>\n<\/ul>\n\n\n\n<p class=\"justify\">Pogosto pride do situacije, da <strong>nekdo od upnikov predlaga za\u010detek ste\u010dajnega postopka<\/strong>. V kolikor ste mnenja, da niste insolventni, oziroma da lahko insolventnost odpravite sami, ali pa preprosto ne veste, kako se znajti v taki situaciji, v kateri so roki izjemno kratki, potem se obrnite na nas in vam bomo pomagali z na\u0161imi izku\u0161njami v tovrstnih situacijah.<\/p>\n\n\n\n<ul style=\"color:#7030a0\" class=\"check justify has-text-color wp-block-list\">\n<li>Svetovanje in priprava dokumentacije v predste\u010dajnem postopku glede odlo\u017eitve odlo\u010danja o za\u010detku ste\u010dajnega postopka (235. do 238 \u010dlen ZFPPIPP; Zahteva za odlo\u017eitev odlo\u010danja o upnikovem predlogu za za\u010detek ste\u010dajnega postopka; Opravi\u010dba zahteve za odlo\u017eitev odlo\u010danja)<\/li>\n<\/ul>\n\n\n\n<p class=\"justify\">Na osnovi na\u0161ih izku\u0161enj in veljavne zakonodaje vam ob ugotovitvi insolventnosti lahko <strong>svetujemo na naslednjih podro\u010djih<\/strong>.<\/p>\n\n\n\n<ul style=\"color:#7030a0\" class=\"check justify has-text-color wp-block-list\">\n<li>Svetovanja v zvezi z dol\u017enimi ravnanji, roki, postopki in prepovedmi pri (groze\u010di) insolventnosti po ZFPPIPP<\/li>\n\n\n\n<li>Svetovanja v zvezi s postopki prisilne poravnave in drugimi postopki sodnega prestrukturiranja zaradi odprave groze\u010de insolventnosti<\/li>\n\n\n\n<li>Svetovanja v zvezi z od\u0161kodninskimi odgovornostmi poslovodstva in nadzornega sveta pri insolventnosti<\/li>\n<\/ul>\n\n\n\n<p class=\"justify\">Zgoraj navedena svetovanja in storitve so <strong>namenjena podjetjem, ki so ugotovila groze\u010do insolventnost ali insolventnost<\/strong>, nimajo pa ustreznega kadra,&nbsp; potrebnih znanj ali izku\u0161enj za analizo stanja, postavitev diagnoze in oblikovanje ukrepov za odpravo insolventnosti.<\/p>\n<\/div>\n\n\n\n<div class=\"wp-block-group has-text-color is-layout-constrained wp-block-group-is-layout-constrained\" style=\"color:#7030a0\">\n<p><strong><em>Imate dodatna vpra\u0161anja? Vas zanima ve\u010d?<\/em><\/strong><\/p>\n\n\n\n<p><strong><em>Pi\u0161ite nam, pokli\u010dite nas in potrudili se bomo najti ustrezne strokovne re\u0161itve za vas.<\/em><\/strong><\/p>\n\n\n\n<div style=\"height:100px\" aria-hidden=\"true\" class=\"wp-block-spacer\"><\/div>\n<\/div>\n","protected":false},"excerpt":{"rendered":"<p>Analize, poro\u010dila in ukrepi pri (groze\u010di) insolventnosti Analiza finan\u010dnega polo\u017eaja in poslovanja, (groze\u010de) insolventnosti in [&hellip;]<\/p>\n","protected":false},"author":1,"featured_media":0,"parent":835,"menu_order":2,"comment_status":"closed","ping_status":"closed","template":"","meta":{"_uag_custom_page_level_css":"","footnotes":""},"class_list":["post-1366","page","type-page","status-publish","hentry"],"yoast_head":"<!-- This site is optimized with the Yoast SEO plugin v20.4 - https:\/\/yoast.com\/wordpress\/plugins\/seo\/ -->\n<title>Analize, poro\u010dila in ukrepi pri (groze\u010di) insolventnosti - Magison Svetovanje<\/title>\n<meta name=\"robots\" content=\"index, follow, max-snippet:-1, max-image-preview:large, max-video-preview:-1\" \/>\n<link rel=\"canonical\" href=\"https:\/\/magison.si\/?page_id=1366\" \/>\n<meta property=\"og:locale\" content=\"en_US\" \/>\n<meta property=\"og:type\" content=\"article\" \/>\n<meta property=\"og:title\" content=\"Analize, poro\u010dila in ukrepi pri (groze\u010di) insolventnosti - Magison Svetovanje\" \/>\n<meta property=\"og:description\" content=\"Analize, poro\u010dila in ukrepi pri (groze\u010di) insolventnosti Analiza finan\u010dnega polo\u017eaja in poslovanja, (groze\u010de) insolventnosti in [&hellip;]\" \/>\n<meta property=\"og:url\" content=\"https:\/\/magison.si\/?page_id=1366\" \/>\n<meta property=\"og:site_name\" content=\"Magison Svetovanje\" \/>\n<meta property=\"article:modified_time\" content=\"2023-11-30T21:31:44+00:00\" \/>\n<meta property=\"og:image\" content=\"https:\/\/magison.si\/wp-content\/uploads\/2023\/03\/PentljaT.png\" \/>\n<meta name=\"twitter:card\" content=\"summary_large_image\" \/>\n<meta name=\"twitter:label1\" content=\"Est. reading time\" \/>\n\t<meta name=\"twitter:data1\" content=\"7 minutes\" \/>\n<script type=\"application\/ld+json\" class=\"yoast-schema-graph\">{\"@context\":\"https:\/\/schema.org\",\"@graph\":[{\"@type\":\"WebPage\",\"@id\":\"https:\/\/magison.si\/?page_id=1366\",\"url\":\"https:\/\/magison.si\/?page_id=1366\",\"name\":\"Analize, poro\u010dila in ukrepi pri (groze\u010di) insolventnosti - Magison Svetovanje\",\"isPartOf\":{\"@id\":\"https:\/\/magison.si\/#website\"},\"datePublished\":\"2023-03-02T20:27:51+00:00\",\"dateModified\":\"2023-11-30T21:31:44+00:00\",\"breadcrumb\":{\"@id\":\"https:\/\/magison.si\/?page_id=1366#breadcrumb\"},\"inLanguage\":\"en-US\",\"potentialAction\":[{\"@type\":\"ReadAction\",\"target\":[\"https:\/\/magison.si\/?page_id=1366\"]}]},{\"@type\":\"BreadcrumbList\",\"@id\":\"https:\/\/magison.si\/?page_id=1366#breadcrumb\",\"itemListElement\":[{\"@type\":\"ListItem\",\"position\":1,\"name\":\"Home\",\"item\":\"https:\/\/magison.si\/\"},{\"@type\":\"ListItem\",\"position\":2,\"name\":\"Podjetje v finan\u010dnih te\u017eavah \u2013 svetovanje in storitve\",\"item\":\"https:\/\/magison.si\/?page_id=835\"},{\"@type\":\"ListItem\",\"position\":3,\"name\":\"Analize, poro\u010dila in ukrepi pri (groze\u010di) insolventnosti\"}]},{\"@type\":\"WebSite\",\"@id\":\"https:\/\/magison.si\/#website\",\"url\":\"https:\/\/magison.si\/\",\"name\":\"Magison Svetovanje\",\"description\":\"\",\"publisher\":{\"@id\":\"https:\/\/magison.si\/#organization\"},\"potentialAction\":[{\"@type\":\"SearchAction\",\"target\":{\"@type\":\"EntryPoint\",\"urlTemplate\":\"https:\/\/magison.si\/?s={search_term_string}\"},\"query-input\":\"required name=search_term_string\"}],\"inLanguage\":\"en-US\"},{\"@type\":\"Organization\",\"@id\":\"https:\/\/magison.si\/#organization\",\"name\":\"Magison Svetovanje\",\"url\":\"https:\/\/magison.si\/\",\"logo\":{\"@type\":\"ImageObject\",\"inLanguage\":\"en-US\",\"@id\":\"https:\/\/magison.si\/#\/schema\/logo\/image\/\",\"url\":\"https:\/\/magison.si\/wp-content\/uploads\/2023\/01\/ZNAK-MAGISON.jpg\",\"contentUrl\":\"https:\/\/magison.si\/wp-content\/uploads\/2023\/01\/ZNAK-MAGISON.jpg\",\"width\":1634,\"height\":542,\"caption\":\"Magison Svetovanje\"},\"image\":{\"@id\":\"https:\/\/magison.si\/#\/schema\/logo\/image\/\"}}]}<\/script>\n<!-- \/ Yoast SEO plugin. -->","yoast_head_json":{"title":"Analize, poro\u010dila in ukrepi pri (groze\u010di) insolventnosti - Magison Svetovanje","robots":{"index":"index","follow":"follow","max-snippet":"max-snippet:-1","max-image-preview":"max-image-preview:large","max-video-preview":"max-video-preview:-1"},"canonical":"https:\/\/magison.si\/?page_id=1366","og_locale":"en_US","og_type":"article","og_title":"Analize, poro\u010dila in ukrepi pri (groze\u010di) insolventnosti - Magison Svetovanje","og_description":"Analize, poro\u010dila in ukrepi pri (groze\u010di) insolventnosti Analiza finan\u010dnega polo\u017eaja in poslovanja, (groze\u010de) insolventnosti in [&hellip;]","og_url":"https:\/\/magison.si\/?page_id=1366","og_site_name":"Magison Svetovanje","article_modified_time":"2023-11-30T21:31:44+00:00","og_image":[{"url":"https:\/\/magison.si\/wp-content\/uploads\/2023\/03\/PentljaT.png"}],"twitter_card":"summary_large_image","twitter_misc":{"Est. reading time":"7 minutes"},"schema":{"@context":"https:\/\/schema.org","@graph":[{"@type":"WebPage","@id":"https:\/\/magison.si\/?page_id=1366","url":"https:\/\/magison.si\/?page_id=1366","name":"Analize, poro\u010dila in ukrepi pri (groze\u010di) insolventnosti - Magison Svetovanje","isPartOf":{"@id":"https:\/\/magison.si\/#website"},"datePublished":"2023-03-02T20:27:51+00:00","dateModified":"2023-11-30T21:31:44+00:00","breadcrumb":{"@id":"https:\/\/magison.si\/?page_id=1366#breadcrumb"},"inLanguage":"en-US","potentialAction":[{"@type":"ReadAction","target":["https:\/\/magison.si\/?page_id=1366"]}]},{"@type":"BreadcrumbList","@id":"https:\/\/magison.si\/?page_id=1366#breadcrumb","itemListElement":[{"@type":"ListItem","position":1,"name":"Home","item":"https:\/\/magison.si\/"},{"@type":"ListItem","position":2,"name":"Podjetje v finan\u010dnih te\u017eavah \u2013 svetovanje in storitve","item":"https:\/\/magison.si\/?page_id=835"},{"@type":"ListItem","position":3,"name":"Analize, poro\u010dila in ukrepi pri (groze\u010di) insolventnosti"}]},{"@type":"WebSite","@id":"https:\/\/magison.si\/#website","url":"https:\/\/magison.si\/","name":"Magison Svetovanje","description":"","publisher":{"@id":"https:\/\/magison.si\/#organization"},"potentialAction":[{"@type":"SearchAction","target":{"@type":"EntryPoint","urlTemplate":"https:\/\/magison.si\/?s={search_term_string}"},"query-input":"required name=search_term_string"}],"inLanguage":"en-US"},{"@type":"Organization","@id":"https:\/\/magison.si\/#organization","name":"Magison Svetovanje","url":"https:\/\/magison.si\/","logo":{"@type":"ImageObject","inLanguage":"en-US","@id":"https:\/\/magison.si\/#\/schema\/logo\/image\/","url":"https:\/\/magison.si\/wp-content\/uploads\/2023\/01\/ZNAK-MAGISON.jpg","contentUrl":"https:\/\/magison.si\/wp-content\/uploads\/2023\/01\/ZNAK-MAGISON.jpg","width":1634,"height":542,"caption":"Magison Svetovanje"},"image":{"@id":"https:\/\/magison.si\/#\/schema\/logo\/image\/"}}]}},"uagb_featured_image_src":{"full":false,"thumbnail":false,"medium":false,"medium_large":false,"large":false,"1536x1536":false,"2048x2048":false},"uagb_author_info":{"display_name":"admin","author_link":"https:\/\/magison.si\/?author=1"},"uagb_comment_info":0,"uagb_excerpt":"Analize, poro\u010dila in ukrepi pri (groze\u010di) insolventnosti Analiza finan\u010dnega polo\u017eaja in poslovanja, (groze\u010de) insolventnosti in [&hellip;]","_links":{"self":[{"href":"https:\/\/magison.si\/index.php?rest_route=\/wp\/v2\/pages\/1366","targetHints":{"allow":["GET"]}}],"collection":[{"href":"https:\/\/magison.si\/index.php?rest_route=\/wp\/v2\/pages"}],"about":[{"href":"https:\/\/magison.si\/index.php?rest_route=\/wp\/v2\/types\/page"}],"author":[{"embeddable":true,"href":"https:\/\/magison.si\/index.php?rest_route=\/wp\/v2\/users\/1"}],"replies":[{"embeddable":true,"href":"https:\/\/magison.si\/index.php?rest_route=%2Fwp%2Fv2%2Fcomments&post=1366"}],"version-history":[{"count":19,"href":"https:\/\/magison.si\/index.php?rest_route=\/wp\/v2\/pages\/1366\/revisions"}],"predecessor-version":[{"id":2074,"href":"https:\/\/magison.si\/index.php?rest_route=\/wp\/v2\/pages\/1366\/revisions\/2074"}],"up":[{"embeddable":true,"href":"https:\/\/magison.si\/index.php?rest_route=\/wp\/v2\/pages\/835"}],"wp:attachment":[{"href":"https:\/\/magison.si\/index.php?rest_route=%2Fwp%2Fv2%2Fmedia&parent=1366"}],"curies":[{"name":"wp","href":"https:\/\/api.w.org\/{rel}","templated":true}]}}