{"id":1265,"date":"2023-02-27T23:21:13","date_gmt":"2023-02-27T23:21:13","guid":{"rendered":"https:\/\/magison.si\/?page_id=1265"},"modified":"2023-03-26T18:14:38","modified_gmt":"2023-03-26T18:14:38","slug":"ocenitev-vrednosti-podjetja-za-razlicne-namene","status":"publish","type":"page","link":"https:\/\/magison.si\/?page_id=1265","title":{"rendered":"Ocenitev vrednosti podjetja za razli\u010dne namene"},"content":{"rendered":"\n<figure class=\"wp-block-image aligncenter size-full is-resized\"><img decoding=\"async\" src=\"https:\/\/magison.si\/wp-content\/uploads\/2023\/03\/PentljaT.png\" alt=\"\" class=\"wp-image-1797\" width=\"170\"\/><\/figure>\n\n\n\n<h2 class=\"has-text-align-center has-text-color wp-block-heading\" style=\"color:#7030a0\"><strong>Ocenitev vrednosti podjetja za razli\u010dne namene<\/strong><\/h2>\n\n\n\n<div class=\"wp-block-group is-layout-constrained wp-block-group-is-layout-constrained\">\n<div class=\"wp-block-columns is-layout-flex wp-container-core-columns-is-layout-28f84493 wp-block-columns-is-layout-flex\">\n<div class=\"wp-block-column is-layout-flow wp-block-column-is-layout-flow\">\n<figure class=\"wp-block-image aligncenter size-full is-resized\"><img loading=\"lazy\" decoding=\"async\" src=\"https:\/\/magison.si\/wp-content\/uploads\/2023\/03\/300-3.jpg\" alt=\"\" class=\"wp-image-1316\" width=\"408\" height=\"186\" srcset=\"https:\/\/magison.si\/wp-content\/uploads\/2023\/03\/300-3.jpg 815w, https:\/\/magison.si\/wp-content\/uploads\/2023\/03\/300-3-300x137.jpg 300w, https:\/\/magison.si\/wp-content\/uploads\/2023\/03\/300-3-768x351.jpg 768w\" sizes=\"auto, (max-width: 408px) 100vw, 408px\" \/><\/figure>\n<\/div>\n\n\n\n<div class=\"wp-block-column is-layout-flow wp-block-column-is-layout-flow\">\n<figure class=\"wp-block-image size-full is-resized\"><img loading=\"lazy\" decoding=\"async\" src=\"https:\/\/magison.si\/wp-content\/uploads\/2023\/03\/300-4.jpg\" alt=\"\" class=\"wp-image-1317\" width=\"435\" height=\"265\" srcset=\"https:\/\/magison.si\/wp-content\/uploads\/2023\/03\/300-4.jpg 869w, https:\/\/magison.si\/wp-content\/uploads\/2023\/03\/300-4-300x183.jpg 300w, https:\/\/magison.si\/wp-content\/uploads\/2023\/03\/300-4-768x468.jpg 768w\" sizes=\"auto, (max-width: 435px) 100vw, 435px\" \/><\/figure>\n<\/div>\n<\/div>\n<\/div>\n\n\n\n<div class=\"wp-block-group has-text-color is-layout-constrained wp-block-group-is-layout-constrained\" style=\"color:#000066\">\n<ul class=\"check wp-block-list\">\n<li>Nakupi in prodaje podjetij<\/li>\n\n\n\n<li>Zdru\u017eitev ali razdelitev podjetja (dolo\u010ditev menjalnega razmerja delnic ali dele\u017eev)<\/li>\n\n\n\n<li>Izstop, izklju\u010ditev, iztisnitev delni\u010darjev\/dru\u017ebenikov<\/li>\n\n\n\n<li>Ra\u010dunovodsko poro\u010danje<\/li>\n\n\n\n<li>Pove\u010danje kapitala<\/li>\n\n\n\n<li>Dedovanje<\/li>\n\n\n\n<li>Likvidacija podjetja<\/li>\n\n\n\n<li>Dav\u010dne potrebe<\/li>\n\n\n\n<li>Izvedba razli\u010dnih strategij podjetja<\/li>\n<\/ul>\n<\/div>\n\n\n\n<div class=\"wp-block-group has-text-color is-layout-constrained wp-block-group-is-layout-constrained\" style=\"color:#7030a0\">\n<p><strong><em>Imate dodatna vpra\u0161anja? Vas zanima ve\u010d? <\/em><\/strong><\/p>\n\n\n\n<p><strong><em>Pi\u0161ite nam, pokli\u010dite nas in potrudili se bomo najti ustrezne strokovne re\u0161itve za vas.<\/em><\/strong><\/p>\n<\/div>\n\n\n\n<div style=\"height:100px\" aria-hidden=\"true\" class=\"wp-block-spacer\"><\/div>\n","protected":false},"excerpt":{"rendered":"<p>Ocenitev vrednosti podjetja za razli\u010dne namene Imate dodatna vpra\u0161anja? Vas zanima ve\u010d? Pi\u0161ite nam, pokli\u010dite [&hellip;]<\/p>\n","protected":false},"author":1,"featured_media":0,"parent":833,"menu_order":0,"comment_status":"closed","ping_status":"closed","template":"","meta":{"_uag_custom_page_level_css":"","footnotes":""},"class_list":["post-1265","page","type-page","status-publish","hentry"],"yoast_head":"<!-- This site is optimized with the Yoast SEO plugin v20.4 - https:\/\/yoast.com\/wordpress\/plugins\/seo\/ -->\n<title>Ocenitev vrednosti podjetja za razli\u010dne namene - Magison Svetovanje<\/title>\n<meta name=\"robots\" content=\"index, follow, max-snippet:-1, max-image-preview:large, max-video-preview:-1\" \/>\n<link rel=\"canonical\" href=\"https:\/\/magison.si\/?page_id=1265\" \/>\n<meta property=\"og:locale\" content=\"en_US\" \/>\n<meta property=\"og:type\" content=\"article\" \/>\n<meta property=\"og:title\" content=\"Ocenitev vrednosti podjetja za razli\u010dne namene - Magison Svetovanje\" \/>\n<meta property=\"og:description\" content=\"Ocenitev vrednosti podjetja za razli\u010dne namene Imate dodatna vpra\u0161anja? Vas zanima ve\u010d? Pi\u0161ite nam, pokli\u010dite [&hellip;]\" \/>\n<meta property=\"og:url\" content=\"https:\/\/magison.si\/?page_id=1265\" \/>\n<meta property=\"og:site_name\" content=\"Magison Svetovanje\" \/>\n<meta property=\"article:modified_time\" content=\"2023-03-26T18:14:38+00:00\" \/>\n<meta property=\"og:image\" content=\"https:\/\/magison.si\/wp-content\/uploads\/2023\/03\/PentljaT.png\" \/>\n<meta name=\"twitter:card\" content=\"summary_large_image\" \/>\n<script type=\"application\/ld+json\" class=\"yoast-schema-graph\">{\"@context\":\"https:\/\/schema.org\",\"@graph\":[{\"@type\":\"WebPage\",\"@id\":\"https:\/\/magison.si\/?page_id=1265\",\"url\":\"https:\/\/magison.si\/?page_id=1265\",\"name\":\"Ocenitev vrednosti podjetja za razli\u010dne namene - Magison Svetovanje\",\"isPartOf\":{\"@id\":\"https:\/\/magison.si\/#website\"},\"datePublished\":\"2023-02-27T23:21:13+00:00\",\"dateModified\":\"2023-03-26T18:14:38+00:00\",\"breadcrumb\":{\"@id\":\"https:\/\/magison.si\/?page_id=1265#breadcrumb\"},\"inLanguage\":\"en-US\",\"potentialAction\":[{\"@type\":\"ReadAction\",\"target\":[\"https:\/\/magison.si\/?page_id=1265\"]}]},{\"@type\":\"BreadcrumbList\",\"@id\":\"https:\/\/magison.si\/?page_id=1265#breadcrumb\",\"itemListElement\":[{\"@type\":\"ListItem\",\"position\":1,\"name\":\"Home\",\"item\":\"https:\/\/magison.si\/\"},{\"@type\":\"ListItem\",\"position\":2,\"name\":\"Ocenitev vrednosti podjetja\",\"item\":\"https:\/\/magison.si\/?page_id=833\"},{\"@type\":\"ListItem\",\"position\":3,\"name\":\"Ocenitev vrednosti podjetja za razli\u010dne namene\"}]},{\"@type\":\"WebSite\",\"@id\":\"https:\/\/magison.si\/#website\",\"url\":\"https:\/\/magison.si\/\",\"name\":\"Magison Svetovanje\",\"description\":\"\",\"publisher\":{\"@id\":\"https:\/\/magison.si\/#organization\"},\"potentialAction\":[{\"@type\":\"SearchAction\",\"target\":{\"@type\":\"EntryPoint\",\"urlTemplate\":\"https:\/\/magison.si\/?s={search_term_string}\"},\"query-input\":\"required name=search_term_string\"}],\"inLanguage\":\"en-US\"},{\"@type\":\"Organization\",\"@id\":\"https:\/\/magison.si\/#organization\",\"name\":\"Magison Svetovanje\",\"url\":\"https:\/\/magison.si\/\",\"logo\":{\"@type\":\"ImageObject\",\"inLanguage\":\"en-US\",\"@id\":\"https:\/\/magison.si\/#\/schema\/logo\/image\/\",\"url\":\"https:\/\/magison.si\/wp-content\/uploads\/2023\/01\/ZNAK-MAGISON.jpg\",\"contentUrl\":\"https:\/\/magison.si\/wp-content\/uploads\/2023\/01\/ZNAK-MAGISON.jpg\",\"width\":1634,\"height\":542,\"caption\":\"Magison Svetovanje\"},\"image\":{\"@id\":\"https:\/\/magison.si\/#\/schema\/logo\/image\/\"}}]}<\/script>\n<!-- \/ Yoast SEO plugin. -->","yoast_head_json":{"title":"Ocenitev vrednosti podjetja za razli\u010dne namene - Magison Svetovanje","robots":{"index":"index","follow":"follow","max-snippet":"max-snippet:-1","max-image-preview":"max-image-preview:large","max-video-preview":"max-video-preview:-1"},"canonical":"https:\/\/magison.si\/?page_id=1265","og_locale":"en_US","og_type":"article","og_title":"Ocenitev vrednosti podjetja za razli\u010dne namene - Magison Svetovanje","og_description":"Ocenitev vrednosti podjetja za razli\u010dne namene Imate dodatna vpra\u0161anja? Vas zanima ve\u010d? Pi\u0161ite nam, pokli\u010dite [&hellip;]","og_url":"https:\/\/magison.si\/?page_id=1265","og_site_name":"Magison Svetovanje","article_modified_time":"2023-03-26T18:14:38+00:00","og_image":[{"url":"https:\/\/magison.si\/wp-content\/uploads\/2023\/03\/PentljaT.png"}],"twitter_card":"summary_large_image","schema":{"@context":"https:\/\/schema.org","@graph":[{"@type":"WebPage","@id":"https:\/\/magison.si\/?page_id=1265","url":"https:\/\/magison.si\/?page_id=1265","name":"Ocenitev vrednosti podjetja za razli\u010dne namene - Magison Svetovanje","isPartOf":{"@id":"https:\/\/magison.si\/#website"},"datePublished":"2023-02-27T23:21:13+00:00","dateModified":"2023-03-26T18:14:38+00:00","breadcrumb":{"@id":"https:\/\/magison.si\/?page_id=1265#breadcrumb"},"inLanguage":"en-US","potentialAction":[{"@type":"ReadAction","target":["https:\/\/magison.si\/?page_id=1265"]}]},{"@type":"BreadcrumbList","@id":"https:\/\/magison.si\/?page_id=1265#breadcrumb","itemListElement":[{"@type":"ListItem","position":1,"name":"Home","item":"https:\/\/magison.si\/"},{"@type":"ListItem","position":2,"name":"Ocenitev vrednosti podjetja","item":"https:\/\/magison.si\/?page_id=833"},{"@type":"ListItem","position":3,"name":"Ocenitev vrednosti podjetja za razli\u010dne namene"}]},{"@type":"WebSite","@id":"https:\/\/magison.si\/#website","url":"https:\/\/magison.si\/","name":"Magison Svetovanje","description":"","publisher":{"@id":"https:\/\/magison.si\/#organization"},"potentialAction":[{"@type":"SearchAction","target":{"@type":"EntryPoint","urlTemplate":"https:\/\/magison.si\/?s={search_term_string}"},"query-input":"required name=search_term_string"}],"inLanguage":"en-US"},{"@type":"Organization","@id":"https:\/\/magison.si\/#organization","name":"Magison Svetovanje","url":"https:\/\/magison.si\/","logo":{"@type":"ImageObject","inLanguage":"en-US","@id":"https:\/\/magison.si\/#\/schema\/logo\/image\/","url":"https:\/\/magison.si\/wp-content\/uploads\/2023\/01\/ZNAK-MAGISON.jpg","contentUrl":"https:\/\/magison.si\/wp-content\/uploads\/2023\/01\/ZNAK-MAGISON.jpg","width":1634,"height":542,"caption":"Magison Svetovanje"},"image":{"@id":"https:\/\/magison.si\/#\/schema\/logo\/image\/"}}]}},"uagb_featured_image_src":{"full":false,"thumbnail":false,"medium":false,"medium_large":false,"large":false,"1536x1536":false,"2048x2048":false},"uagb_author_info":{"display_name":"admin","author_link":"https:\/\/magison.si\/?author=1"},"uagb_comment_info":0,"uagb_excerpt":"Ocenitev vrednosti podjetja za razli\u010dne namene Imate dodatna vpra\u0161anja? Vas zanima ve\u010d? Pi\u0161ite nam, pokli\u010dite [&hellip;]","_links":{"self":[{"href":"https:\/\/magison.si\/index.php?rest_route=\/wp\/v2\/pages\/1265","targetHints":{"allow":["GET"]}}],"collection":[{"href":"https:\/\/magison.si\/index.php?rest_route=\/wp\/v2\/pages"}],"about":[{"href":"https:\/\/magison.si\/index.php?rest_route=\/wp\/v2\/types\/page"}],"author":[{"embeddable":true,"href":"https:\/\/magison.si\/index.php?rest_route=\/wp\/v2\/users\/1"}],"replies":[{"embeddable":true,"href":"https:\/\/magison.si\/index.php?rest_route=%2Fwp%2Fv2%2Fcomments&post=1265"}],"version-history":[{"count":10,"href":"https:\/\/magison.si\/index.php?rest_route=\/wp\/v2\/pages\/1265\/revisions"}],"predecessor-version":[{"id":1808,"href":"https:\/\/magison.si\/index.php?rest_route=\/wp\/v2\/pages\/1265\/revisions\/1808"}],"up":[{"embeddable":true,"href":"https:\/\/magison.si\/index.php?rest_route=\/wp\/v2\/pages\/833"}],"wp:attachment":[{"href":"https:\/\/magison.si\/index.php?rest_route=%2Fwp%2Fv2%2Fmedia&parent=1265"}],"curies":[{"name":"wp","href":"https:\/\/api.w.org\/{rel}","templated":true}]}}